{"id":7078,"date":"2010-10-19T00:00:00","date_gmt":"2010-10-19T05:00:00","guid":{"rendered":"https:\/\/relofirm.com\/countries_list_visa_free\/"},"modified":"2020-01-22T10:31:48","modified_gmt":"2020-01-22T15:31:48","slug":"los-siguientes-paises-no-necesitan-visa-de-turista-para-panama","status":"publish","type":"page","link":"https:\/\/www.relofirm.com\/es\/los-siguientes-paises-no-necesitan-visa-de-turista-para-panama\/","title":{"rendered":"Los Siguientes Pa\u00edses No Necesitan Visa de Turista para  Panam\u00e1"},"content":{"rendered":"<p>01. Argentina <br \/>02. Austria <br \/>03. B\u00e9lgica <br \/>04. Brasil <br \/>05. Chile <br \/>06. Costa Rica <br \/>07. Chipre <br \/>08. Egipto <br \/>09. El Salvador <br \/>10. Inglaterra <br \/>11. Finlandia <br \/>12. Francia <br \/>13. Alemania <br \/>14. Grecia <br \/>15. Guatemala <br \/>16. Holanda (Pa\u00edses Bajos) <br \/>17. Honduras <br \/>18. Hungr\u00eda <br \/>19. Israel <br \/>20. Italia <br \/>21. Luxemburgo <br \/>22. Nicaragua <br \/>23. Paraguay <br \/>24. Polonia <br \/>25. Portugal <br \/>26. Singapur <br \/>27. Espa\u00f1a <br \/>28. Suiza <br \/>29. Uruguay <br \/>30. El Vaticano<\/p>\n<p>*** La lista de anterior se verific\u00f3 a partir de febrero de 2004. Nosotros no garantizamos la exactitud de esta informaci\u00f3n, ya que puede cambiar en cualquier momento sin previo aviso. <br \/>*** Es bastante f\u00e1cil obtener visas a otros pa\u00edses que no aparecen en la lista anterior. <br \/>*** Viajar sin visados puede estar sujeto a cambios por modificaciones en las pol\u00edticas gubernamentales, etc. Contacte su agencia de viajes o embajada para m\u00e1s informaci\u00f3n antes de viajar.<\/p>\n<hr \/>\n<p><strong>La Visa M\u00faltiple de Entrada &amp; Salida (Opcional):<\/strong> La Visa M\u00faltiple de Entrada &amp; Salida debe ser aplicada despu\u00e9s o al mismo tiempo que aplica para cualquier otro tipo de visa. La Visa M\u00faltiple de Entrada y Salida le permite entrar y salir del pa\u00eds cuantas veces sea necesario. Para m\u00e1s informaci\u00f3n acerca de la Visa M\u00faltiple de Entrada &amp; Salida, por favor <a href=\"multiple_entry_visa\">OPRIMA AQU\u00cd<\/a>. Si usted est\u00e1 interesado en reubicarse en Panam\u00e1 u obtener una residencia legal en Panam\u00e1, favor contactarnos para una consulta personalizada. <\/p>\n<hr \/>\n","protected":false},"excerpt":{"rendered":"<p>01. Argentina 02. Austria 03. B\u00e9lgica 04. Brasil 05. Chile 06. Costa Rica 07. Chipre 08. Egipto 09. El Salvador 10. Inglaterra 11. Finlandia 12. Francia 13. Alemania 14. Grecia 15. Guatemala 16. Holanda (Pa\u00edses Bajos) 17. Honduras 18. Hungr\u00eda 19. Israel 20. Italia 21. Luxemburgo 22. Nicaragua 23. Paraguay 24. Polonia 25. Portugal 26. [&hellip;]<\/p>\n","protected":false},"author":10,"featured_media":0,"parent":0,"menu_order":0,"comment_status":"closed","ping_status":"closed","template":"","meta":{"_et_pb_use_builder":"","_et_pb_old_content":"","_et_gb_content_width":"","inline_featured_image":false},"yoast_head":"<!-- This site is optimized with the Yoast SEO plugin v18.5.1 - https:\/\/yoast.com\/wordpress\/plugins\/seo\/ -->\n<title>Los Siguientes Pa\u00edses No Necesitan Visa de Turista para Panam\u00e1 - International Relocation Firm<\/title>\n<meta name=\"robots\" content=\"index, follow, max-snippet:-1, max-image-preview:large, max-video-preview:-1\" \/>\n<link rel=\"canonical\" href=\"https:\/\/www.relofirm.com\/es\/los-siguientes-paises-no-necesitan-visa-de-turista-para-panama\/\" \/>\n<meta property=\"og:locale\" content=\"es_ES\" \/>\n<meta property=\"og:type\" content=\"article\" \/>\n<meta property=\"og:title\" content=\"Los Siguientes Pa\u00edses No Necesitan Visa de Turista para Panam\u00e1 - International Relocation Firm\" \/>\n<meta property=\"og:description\" content=\"01. Argentina 02. Austria 03. B\u00e9lgica 04. Brasil 05. Chile 06. Costa Rica 07. Chipre 08. Egipto 09. El Salvador 10. Inglaterra 11. Finlandia 12. Francia 13. Alemania 14. Grecia 15. Guatemala 16. Holanda (Pa\u00edses Bajos) 17. Honduras 18. Hungr\u00eda 19. Israel 20. Italia 21. Luxemburgo 22. Nicaragua 23. Paraguay 24. Polonia 25. Portugal 26. [&hellip;]\" \/>\n<meta property=\"og:url\" content=\"https:\/\/www.relofirm.com\/es\/los-siguientes-paises-no-necesitan-visa-de-turista-para-panama\/\" \/>\n<meta property=\"og:site_name\" content=\"International Relocation Firm\" \/>\n<meta property=\"article:publisher\" content=\"https:\/\/www.facebook.com\/ReloFirm\/\" \/>\n<meta property=\"article:modified_time\" content=\"2020-01-22T15:31:48+00:00\" \/>\n<meta name=\"twitter:label1\" content=\"Tiempo de lectura\" \/>\n\t<meta name=\"twitter:data1\" content=\"1 minuto\" \/>\n<!-- \/ Yoast SEO plugin. -->","yoast_head_json":{"title":"Los Siguientes Pa\u00edses No Necesitan Visa de Turista para Panam\u00e1 - International Relocation Firm","robots":{"index":"index","follow":"follow","max-snippet":"max-snippet:-1","max-image-preview":"max-image-preview:large","max-video-preview":"max-video-preview:-1"},"canonical":"https:\/\/www.relofirm.com\/es\/los-siguientes-paises-no-necesitan-visa-de-turista-para-panama\/","og_locale":"es_ES","og_type":"article","og_title":"Los Siguientes Pa\u00edses No Necesitan Visa de Turista para Panam\u00e1 - International Relocation Firm","og_description":"01. Argentina 02. Austria 03. B\u00e9lgica 04. Brasil 05. Chile 06. Costa Rica 07. Chipre 08. Egipto 09. El Salvador 10. Inglaterra 11. Finlandia 12. Francia 13. Alemania 14. Grecia 15. Guatemala 16. Holanda (Pa\u00edses Bajos) 17. Honduras 18. Hungr\u00eda 19. Israel 20. Italia 21. Luxemburgo 22. Nicaragua 23. Paraguay 24. Polonia 25. Portugal 26. [&hellip;]","og_url":"https:\/\/www.relofirm.com\/es\/los-siguientes-paises-no-necesitan-visa-de-turista-para-panama\/","og_site_name":"International Relocation Firm","article_publisher":"https:\/\/www.facebook.com\/ReloFirm\/","article_modified_time":"2020-01-22T15:31:48+00:00","twitter_misc":{"Tiempo de lectura":"1 minuto"},"schema":{"@context":"https:\/\/schema.org","@graph":[{"@type":"Organization","@id":"https:\/\/www.relofirm.com\/#organization","name":"International Relocation Firm","url":"https:\/\/www.relofirm.com\/","sameAs":["https:\/\/www.facebook.com\/ReloFirm\/","https:\/\/www.linkedin.com\/company\/relo-firm","https:\/\/twitter.com\/polslegal"],"logo":{"@type":"ImageObject","@id":"https:\/\/www.relofirm.com\/#logo","inLanguage":"es","url":"https:\/\/www.relofirm.com\/wp-content\/uploads\/2021\/11\/relofirm-logo.svg","contentUrl":"https:\/\/www.relofirm.com\/wp-content\/uploads\/2021\/11\/relofirm-logo.svg","width":1485,"height":516,"caption":"International Relocation Firm"},"image":{"@id":"https:\/\/www.relofirm.com\/#logo"}},{"@type":"WebSite","@id":"https:\/\/www.relofirm.com\/#website","url":"https:\/\/www.relofirm.com\/","name":"International Relocation Firm","description":"","publisher":{"@id":"https:\/\/www.relofirm.com\/#organization"},"potentialAction":[{"@type":"SearchAction","target":{"@type":"EntryPoint","urlTemplate":"https:\/\/www.relofirm.com\/?s={search_term_string}"},"query-input":"required name=search_term_string"}],"inLanguage":"es"},{"@type":"WebPage","@id":"https:\/\/www.relofirm.com\/es\/los-siguientes-paises-no-necesitan-visa-de-turista-para-panama\/#webpage","url":"https:\/\/www.relofirm.com\/es\/los-siguientes-paises-no-necesitan-visa-de-turista-para-panama\/","name":"Los Siguientes Pa\u00edses No Necesitan Visa de Turista para Panam\u00e1 - International Relocation Firm","isPartOf":{"@id":"https:\/\/www.relofirm.com\/#website"},"datePublished":"2010-10-19T05:00:00+00:00","dateModified":"2020-01-22T15:31:48+00:00","breadcrumb":{"@id":"https:\/\/www.relofirm.com\/es\/los-siguientes-paises-no-necesitan-visa-de-turista-para-panama\/#breadcrumb"},"inLanguage":"es","potentialAction":[{"@type":"ReadAction","target":["https:\/\/www.relofirm.com\/es\/los-siguientes-paises-no-necesitan-visa-de-turista-para-panama\/"]}]},{"@type":"BreadcrumbList","@id":"https:\/\/www.relofirm.com\/es\/los-siguientes-paises-no-necesitan-visa-de-turista-para-panama\/#breadcrumb","itemListElement":[{"@type":"ListItem","position":1,"name":"Home","item":"https:\/\/www.relofirm.com\/es\/"},{"@type":"ListItem","position":2,"name":"Los Siguientes Pa\u00edses No Necesitan Visa de Turista para Panam\u00e1"}]}]}},"_links":{"self":[{"href":"https:\/\/www.relofirm.com\/es\/wp-json\/wp\/v2\/pages\/7078"}],"collection":[{"href":"https:\/\/www.relofirm.com\/es\/wp-json\/wp\/v2\/pages"}],"about":[{"href":"https:\/\/www.relofirm.com\/es\/wp-json\/wp\/v2\/types\/page"}],"author":[{"embeddable":true,"href":"https:\/\/www.relofirm.com\/es\/wp-json\/wp\/v2\/users\/10"}],"replies":[{"embeddable":true,"href":"https:\/\/www.relofirm.com\/es\/wp-json\/wp\/v2\/comments?post=7078"}],"version-history":[{"count":1,"href":"https:\/\/www.relofirm.com\/es\/wp-json\/wp\/v2\/pages\/7078\/revisions"}],"predecessor-version":[{"id":7982,"href":"https:\/\/www.relofirm.com\/es\/wp-json\/wp\/v2\/pages\/7078\/revisions\/7982"}],"wp:attachment":[{"href":"https:\/\/www.relofirm.com\/es\/wp-json\/wp\/v2\/media?parent=7078"}],"curies":[{"name":"wp","href":"https:\/\/api.w.org\/{rel}","templated":true}]}}