{"id":7069,"date":"2010-10-19T00:00:00","date_gmt":"2010-10-19T05:00:00","guid":{"rendered":"https:\/\/relofirm.com\/antispam_policy\/"},"modified":"2020-01-22T10:32:28","modified_gmt":"2020-01-22T15:32:28","slug":"nuestra-politica-anti-spam","status":"publish","type":"page","link":"https:\/\/www.relofirm.com\/es\/nuestra-politica-anti-spam\/","title":{"rendered":"Nuestra Pol\u00edtica Anti-Spam"},"content":{"rendered":"<p>Cada correo electr\u00f3nico contiene un enlace obligatorio de cancelaci\u00f3n de suscripci\u00f3n que no puede ser puede quitar.<\/p>\n<p> <strong>\u00bfQu\u00e9 es el spam?<\/strong><br \/> El spam es un env\u00edo masivo de correos electr\u00f3nicos no solicitados, tambi\u00e9n conocido como correo basura o UCE (Correos Comerciales No Solicitados).  Mediante el env\u00edo de correos electr\u00f3nicos a solo a aquellos que hayan solicitado recibirlo, usted est\u00e1 siguiendo pautas de correos electr\u00f3nicos basadas en permisos aceptados.<\/p>\n<p> <strong>\u00bfC\u00f3mo nuestro bolet\u00edn informativo lo protege de los spam?<\/strong><br \/> Nuestro bolet\u00edn es una herramienta de mercadeo por correo electr\u00f3nico basado en permisos que sigue las m\u00e1s estrictas filosof\u00edas basadas en permisos:<\/p>\n<ul>\n<li><strong>Verificaci\u00f3n<\/strong> &#8211; Nuestro bolet\u00edn env\u00eda autom\u00e1ticamente a todos sus nuevos suscriptores un correo electr\u00f3nico confirmando su inter\u00e9s en recibir emails de usted. Adem\u00e1s, si su suscriptor cambia su inter\u00e9s o cancela la suscripci\u00f3n, nuestro bolet\u00edn le env\u00eda autom\u00e1ticamente un correo electr\u00f3nico de confirmaci\u00f3n.<\/li>\n<p><\/p>\n<li><strong>Cancelaci\u00f3n de la Suscripci\u00f3n<\/strong> &#8211; Cada correo electr\u00f3nico generado por nuestro bolet\u00edn contiene un enlace para cancelar la suscripci\u00f3n lo que autom\u00e1ticamente actualiza sus listas de suscriptores para evitar la posibilidad de enviar correos electr\u00f3nicos no deseados a los visitantes que hayan suspendido su suscripci\u00f3n.<\/li>\n<p><\/p>\n<li><strong>Listas de Correos<\/strong> \u2013 nosotros no vendemos o proporcionamos a tercera partes acceso a las listas de direcciones de correos de nuestro Bolet\u00edn Informativo.<\/li>\n<\/ul>\n","protected":false},"excerpt":{"rendered":"<p>Cada correo electr\u00f3nico contiene un enlace obligatorio de cancelaci\u00f3n de suscripci\u00f3n que no puede ser puede quitar. \u00bfQu\u00e9 es el spam? El spam es un env\u00edo masivo de correos electr\u00f3nicos no solicitados, tambi\u00e9n conocido como correo basura o UCE (Correos Comerciales No Solicitados). Mediante el env\u00edo de correos electr\u00f3nicos a solo a aquellos que hayan [&hellip;]<\/p>\n","protected":false},"author":10,"featured_media":0,"parent":0,"menu_order":0,"comment_status":"closed","ping_status":"closed","template":"","meta":{"_et_pb_use_builder":"","_et_pb_old_content":"","_et_gb_content_width":"","inline_featured_image":false},"yoast_head":"<!-- This site is optimized with the Yoast SEO plugin v18.5.1 - https:\/\/yoast.com\/wordpress\/plugins\/seo\/ -->\n<title>Nuestra Pol\u00edtica Anti-Spam - International Relocation Firm<\/title>\n<meta name=\"robots\" content=\"index, follow, max-snippet:-1, max-image-preview:large, max-video-preview:-1\" \/>\n<link rel=\"canonical\" href=\"https:\/\/www.relofirm.com\/es\/nuestra-politica-anti-spam\/\" \/>\n<meta property=\"og:locale\" content=\"es_ES\" \/>\n<meta property=\"og:type\" content=\"article\" \/>\n<meta property=\"og:title\" content=\"Nuestra Pol\u00edtica Anti-Spam - International Relocation Firm\" \/>\n<meta property=\"og:description\" content=\"Cada correo electr\u00f3nico contiene un enlace obligatorio de cancelaci\u00f3n de suscripci\u00f3n que no puede ser puede quitar. \u00bfQu\u00e9 es el spam? El spam es un env\u00edo masivo de correos electr\u00f3nicos no solicitados, tambi\u00e9n conocido como correo basura o UCE (Correos Comerciales No Solicitados). Mediante el env\u00edo de correos electr\u00f3nicos a solo a aquellos que hayan [&hellip;]\" \/>\n<meta property=\"og:url\" content=\"https:\/\/www.relofirm.com\/es\/nuestra-politica-anti-spam\/\" \/>\n<meta property=\"og:site_name\" content=\"International Relocation Firm\" \/>\n<meta property=\"article:publisher\" content=\"https:\/\/www.facebook.com\/ReloFirm\/\" \/>\n<meta property=\"article:modified_time\" content=\"2020-01-22T15:32:28+00:00\" \/>\n<meta name=\"twitter:label1\" content=\"Tiempo de lectura\" \/>\n\t<meta name=\"twitter:data1\" content=\"1 minuto\" \/>\n<!-- \/ Yoast SEO plugin. -->","yoast_head_json":{"title":"Nuestra Pol\u00edtica Anti-Spam - International Relocation Firm","robots":{"index":"index","follow":"follow","max-snippet":"max-snippet:-1","max-image-preview":"max-image-preview:large","max-video-preview":"max-video-preview:-1"},"canonical":"https:\/\/www.relofirm.com\/es\/nuestra-politica-anti-spam\/","og_locale":"es_ES","og_type":"article","og_title":"Nuestra Pol\u00edtica Anti-Spam - International Relocation Firm","og_description":"Cada correo electr\u00f3nico contiene un enlace obligatorio de cancelaci\u00f3n de suscripci\u00f3n que no puede ser puede quitar. \u00bfQu\u00e9 es el spam? El spam es un env\u00edo masivo de correos electr\u00f3nicos no solicitados, tambi\u00e9n conocido como correo basura o UCE (Correos Comerciales No Solicitados). Mediante el env\u00edo de correos electr\u00f3nicos a solo a aquellos que hayan [&hellip;]","og_url":"https:\/\/www.relofirm.com\/es\/nuestra-politica-anti-spam\/","og_site_name":"International Relocation Firm","article_publisher":"https:\/\/www.facebook.com\/ReloFirm\/","article_modified_time":"2020-01-22T15:32:28+00:00","twitter_misc":{"Tiempo de lectura":"1 minuto"},"schema":{"@context":"https:\/\/schema.org","@graph":[{"@type":"Organization","@id":"https:\/\/www.relofirm.com\/#organization","name":"International Relocation Firm","url":"https:\/\/www.relofirm.com\/","sameAs":["https:\/\/www.facebook.com\/ReloFirm\/","https:\/\/www.linkedin.com\/company\/relo-firm","https:\/\/twitter.com\/polslegal"],"logo":{"@type":"ImageObject","@id":"https:\/\/www.relofirm.com\/#logo","inLanguage":"es","url":"https:\/\/www.relofirm.com\/wp-content\/uploads\/2021\/11\/relofirm-logo.svg","contentUrl":"https:\/\/www.relofirm.com\/wp-content\/uploads\/2021\/11\/relofirm-logo.svg","width":1485,"height":516,"caption":"International Relocation Firm"},"image":{"@id":"https:\/\/www.relofirm.com\/#logo"}},{"@type":"WebSite","@id":"https:\/\/www.relofirm.com\/#website","url":"https:\/\/www.relofirm.com\/","name":"International Relocation Firm","description":"","publisher":{"@id":"https:\/\/www.relofirm.com\/#organization"},"potentialAction":[{"@type":"SearchAction","target":{"@type":"EntryPoint","urlTemplate":"https:\/\/www.relofirm.com\/?s={search_term_string}"},"query-input":"required name=search_term_string"}],"inLanguage":"es"},{"@type":"WebPage","@id":"https:\/\/www.relofirm.com\/es\/nuestra-politica-anti-spam\/#webpage","url":"https:\/\/www.relofirm.com\/es\/nuestra-politica-anti-spam\/","name":"Nuestra Pol\u00edtica Anti-Spam - International Relocation Firm","isPartOf":{"@id":"https:\/\/www.relofirm.com\/#website"},"datePublished":"2010-10-19T05:00:00+00:00","dateModified":"2020-01-22T15:32:28+00:00","breadcrumb":{"@id":"https:\/\/www.relofirm.com\/es\/nuestra-politica-anti-spam\/#breadcrumb"},"inLanguage":"es","potentialAction":[{"@type":"ReadAction","target":["https:\/\/www.relofirm.com\/es\/nuestra-politica-anti-spam\/"]}]},{"@type":"BreadcrumbList","@id":"https:\/\/www.relofirm.com\/es\/nuestra-politica-anti-spam\/#breadcrumb","itemListElement":[{"@type":"ListItem","position":1,"name":"Home","item":"https:\/\/www.relofirm.com\/es\/"},{"@type":"ListItem","position":2,"name":"Nuestra Pol\u00edtica Anti-Spam"}]}]}},"_links":{"self":[{"href":"https:\/\/www.relofirm.com\/es\/wp-json\/wp\/v2\/pages\/7069"}],"collection":[{"href":"https:\/\/www.relofirm.com\/es\/wp-json\/wp\/v2\/pages"}],"about":[{"href":"https:\/\/www.relofirm.com\/es\/wp-json\/wp\/v2\/types\/page"}],"author":[{"embeddable":true,"href":"https:\/\/www.relofirm.com\/es\/wp-json\/wp\/v2\/users\/10"}],"replies":[{"embeddable":true,"href":"https:\/\/www.relofirm.com\/es\/wp-json\/wp\/v2\/comments?post=7069"}],"version-history":[{"count":1,"href":"https:\/\/www.relofirm.com\/es\/wp-json\/wp\/v2\/pages\/7069\/revisions"}],"predecessor-version":[{"id":7986,"href":"https:\/\/www.relofirm.com\/es\/wp-json\/wp\/v2\/pages\/7069\/revisions\/7986"}],"wp:attachment":[{"href":"https:\/\/www.relofirm.com\/es\/wp-json\/wp\/v2\/media?parent=7069"}],"curies":[{"name":"wp","href":"https:\/\/api.w.org\/{rel}","templated":true}]}}