{"id":7065,"date":"2010-10-19T00:00:00","date_gmt":"2010-10-19T05:00:00","guid":{"rendered":"https:\/\/relofirm.com\/newsletter\/"},"modified":"2020-09-25T00:39:05","modified_gmt":"2020-09-25T05:39:05","slug":"the-asset-protection-newsletter","status":"publish","type":"page","link":"https:\/\/www.relofirm.com\/es\/the-asset-protection-newsletter\/","title":{"rendered":"The Asset Protection Newsletter"},"content":{"rendered":"<p><strong>The Asset Protection Newsletter<\/strong><br \/>\n<span style=\"font-family: Tahoma; color: #666666;\">By International Relocation Firm<\/span><\/p>\n<p>&nbsp;<\/p>\n<p><span style=\"font-family: Tahoma; color: #666666;\">Obtenga <strong><span style=\"color: #ff6600;\">informaci\u00f3n exclusiva<\/span><\/strong> sobre Panam\u00e1&#8230;<\/span><\/p>\n<table border=\"0\" cellspacing=\"1\" cellpadding=\"1\" width=\"100%\">\n<tbody>\n<tr>\n<td>\n<ul>\n<li><span style=\"font-family: Tahoma; color: #666666;\">Alertas sobre nuevas y especiales ofertas de inversi\u00f3n en bienes ra\u00edces.<\/span><\/li>\n<li><span style=\"font-family: Tahoma; color: #666666;\">Alertas para nuevas leyes importantes que puedan ofrecerle fant\u00e1sticas oportunidades.<\/span><\/li>\n<li><span style=\"font-family: Tahoma; color: #666666;\">Alertas sobre importantes eventos recientes que pueden afectarle favorablemente.<\/span><\/li>\n<li><span style=\"font-family: Tahoma; color: #666666;\">Informaci\u00f3n invaluable en protecci\u00f3n de activos.<\/span><\/li>\n<li><span style=\"font-family: Tahoma; color: #666666;\">Alertas sobre promociones especiales en hoteles, viajes, y m\u00e1s&#8230;<\/span><\/li>\n<\/ul>\n<\/td>\n<\/tr>\n<\/tbody>\n<\/table>\n<p><span style=\"font-family: Tahoma; color: #666666;\"> <strong><span style=\"color: #cc0000;\">\u00a1Es F\u00e1cil!<\/span><br \/>\n<\/strong><br \/>\nLlega a su direcci\u00f3n de email una vez al mes.<br \/>\nL\u00e9ala a su conveniencia.<\/span><\/p>\n<p>Reciba todo esto <strong>GRATIS<\/strong>, por un tiempo limitado.<\/p>\n<form action=\"http:\/\/www.listcast.com\/x\" method=\"post\">\n<table border=\"0\" cellpadding=\"2\">\n<tbody>\n<tr>\n<td colspan=\"2\"><input name=\"owner_id_enc\" type=\"hidden\" value=\"1003288d-3971debe\" \/><em>*<\/em> indica un campo obligatorio<\/td>\n<\/tr>\n<tr>\n<td style=\"white-space: nowrap;\" width=\"34%\"><strong><span style=\"font-family: Tahoma; color: #666666;\">Nombre:<\/span><\/strong><\/td>\n<td style=\"white-space: nowrap;\" width=\"66%\"><input maxlength=\"100\" name=\"user_fname\" size=\"40\" type=\"text\" \/> <em>*<\/em><\/td>\n<\/tr>\n<tr>\n<td style=\"white-space: nowrap;\"><strong><span style=\"font-family: Tahoma; color: #666666;\">Apellido:<\/span><\/strong><\/td>\n<td style=\"white-space: nowrap;\"><input maxlength=\"100\" name=\"user_lname\" size=\"40\" type=\"text\" \/> <em>*<\/em><\/td>\n<\/tr>\n<tr>\n<td style=\"white-space: nowrap;\"><strong><span style=\"font-family: Tahoma; color: #666666;\">Su email:<\/span><\/strong><\/td>\n<td style=\"white-space: nowrap;\"><input maxlength=\"100\" name=\"user_email\" size=\"40\" type=\"text\" \/> <em>*<\/em><\/td>\n<\/tr>\n<tr>\n<td><\/td>\n<td><input name=\"function\" type=\"hidden\" value=\"Subscribe\" \/> <input name=\"Submit\" type=\"submit\" value=\"     Suscribirse     \" \/><\/td>\n<\/tr>\n<\/tbody>\n<\/table>\n<\/form>\n<p><span style=\"font-family: Tahoma; color: #666666;\">CONTINUAR<\/span><\/p>\n<p><span style=\"font-family: Tahoma; color: #666666;\"><a href=\"https:\/\/www.relofirm.com\/es\/privacy_policy\" target=\"_blank\" rel=\"noopener noreferrer\">Pol\u00edtica de Privacidad<\/a> | <a href=\"https:\/\/www.relofirm.com\/es\/antispam_policy\">Pol\u00edtica Anti-Spam<\/a><\/span><\/p>\n","protected":false},"excerpt":{"rendered":"<p>The Asset Protection Newsletter By International Relocation Firm &nbsp; Obtenga informaci\u00f3n exclusiva sobre Panam\u00e1&#8230; Alertas sobre nuevas y especiales ofertas de inversi\u00f3n en bienes ra\u00edces. Alertas para nuevas leyes importantes que puedan ofrecerle fant\u00e1sticas oportunidades. Alertas sobre importantes eventos recientes que pueden afectarle favorablemente. Informaci\u00f3n invaluable en protecci\u00f3n de activos. Alertas sobre promociones especiales en [&hellip;]<\/p>\n","protected":false},"author":10,"featured_media":0,"parent":0,"menu_order":0,"comment_status":"closed","ping_status":"closed","template":"","meta":{"_et_pb_use_builder":"off","_et_pb_old_content":"","_et_gb_content_width":"","inline_featured_image":false},"yoast_head":"<!-- This site is optimized with the Yoast SEO plugin v18.5.1 - https:\/\/yoast.com\/wordpress\/plugins\/seo\/ -->\n<title>Gesti\u00f3n de Activos Newsletter - Panama Offshore Legal Services<\/title>\n<meta name=\"description\" content=\"Obtenga informaci\u00f3n exclusiva sobre Panam\u00e1 y Gesti\u00f3n de Activos en Panama.\" \/>\n<meta name=\"robots\" content=\"index, follow, max-snippet:-1, max-image-preview:large, max-video-preview:-1\" \/>\n<link rel=\"canonical\" href=\"https:\/\/www.relofirm.com\/es\/the-asset-protection-newsletter\/\" \/>\n<meta property=\"og:locale\" content=\"es_ES\" \/>\n<meta property=\"og:type\" content=\"article\" \/>\n<meta property=\"og:title\" content=\"Gesti\u00f3n de Activos Newsletter - Panama Offshore Legal Services\" \/>\n<meta property=\"og:description\" content=\"Obtenga informaci\u00f3n exclusiva sobre Panam\u00e1 y Gesti\u00f3n de Activos en Panama.\" \/>\n<meta property=\"og:url\" content=\"https:\/\/www.relofirm.com\/es\/the-asset-protection-newsletter\/\" \/>\n<meta property=\"og:site_name\" content=\"International Relocation Firm\" \/>\n<meta property=\"article:publisher\" content=\"https:\/\/www.facebook.com\/ReloFirm\/\" \/>\n<meta property=\"article:modified_time\" content=\"2020-09-25T05:39:05+00:00\" \/>\n<meta name=\"twitter:label1\" content=\"Tiempo de lectura\" \/>\n\t<meta name=\"twitter:data1\" content=\"1 minuto\" \/>\n<!-- \/ Yoast SEO plugin. -->","yoast_head_json":{"title":"Gesti\u00f3n de Activos Newsletter - Panama Offshore Legal Services","description":"Obtenga informaci\u00f3n exclusiva sobre Panam\u00e1 y Gesti\u00f3n de Activos en Panama.","robots":{"index":"index","follow":"follow","max-snippet":"max-snippet:-1","max-image-preview":"max-image-preview:large","max-video-preview":"max-video-preview:-1"},"canonical":"https:\/\/www.relofirm.com\/es\/the-asset-protection-newsletter\/","og_locale":"es_ES","og_type":"article","og_title":"Gesti\u00f3n de Activos Newsletter - Panama Offshore Legal Services","og_description":"Obtenga informaci\u00f3n exclusiva sobre Panam\u00e1 y Gesti\u00f3n de Activos en Panama.","og_url":"https:\/\/www.relofirm.com\/es\/the-asset-protection-newsletter\/","og_site_name":"International Relocation Firm","article_publisher":"https:\/\/www.facebook.com\/ReloFirm\/","article_modified_time":"2020-09-25T05:39:05+00:00","twitter_misc":{"Tiempo de lectura":"1 minuto"},"schema":{"@context":"https:\/\/schema.org","@graph":[{"@type":"Organization","@id":"https:\/\/www.relofirm.com\/#organization","name":"International Relocation Firm","url":"https:\/\/www.relofirm.com\/","sameAs":["https:\/\/www.facebook.com\/ReloFirm\/","https:\/\/www.linkedin.com\/company\/relo-firm","https:\/\/twitter.com\/polslegal"],"logo":{"@type":"ImageObject","@id":"https:\/\/www.relofirm.com\/#logo","inLanguage":"es","url":"https:\/\/www.relofirm.com\/wp-content\/uploads\/2021\/11\/relofirm-logo.svg","contentUrl":"https:\/\/www.relofirm.com\/wp-content\/uploads\/2021\/11\/relofirm-logo.svg","width":1485,"height":516,"caption":"International Relocation Firm"},"image":{"@id":"https:\/\/www.relofirm.com\/#logo"}},{"@type":"WebSite","@id":"https:\/\/www.relofirm.com\/#website","url":"https:\/\/www.relofirm.com\/","name":"International Relocation Firm","description":"","publisher":{"@id":"https:\/\/www.relofirm.com\/#organization"},"potentialAction":[{"@type":"SearchAction","target":{"@type":"EntryPoint","urlTemplate":"https:\/\/www.relofirm.com\/?s={search_term_string}"},"query-input":"required name=search_term_string"}],"inLanguage":"es"},{"@type":"WebPage","@id":"https:\/\/www.relofirm.com\/es\/the-asset-protection-newsletter\/#webpage","url":"https:\/\/www.relofirm.com\/es\/the-asset-protection-newsletter\/","name":"Gesti\u00f3n de Activos Newsletter - Panama Offshore Legal Services","isPartOf":{"@id":"https:\/\/www.relofirm.com\/#website"},"datePublished":"2010-10-19T05:00:00+00:00","dateModified":"2020-09-25T05:39:05+00:00","description":"Obtenga informaci\u00f3n exclusiva sobre Panam\u00e1 y Gesti\u00f3n de Activos en Panama.","breadcrumb":{"@id":"https:\/\/www.relofirm.com\/es\/the-asset-protection-newsletter\/#breadcrumb"},"inLanguage":"es","potentialAction":[{"@type":"ReadAction","target":["https:\/\/www.relofirm.com\/es\/the-asset-protection-newsletter\/"]}]},{"@type":"BreadcrumbList","@id":"https:\/\/www.relofirm.com\/es\/the-asset-protection-newsletter\/#breadcrumb","itemListElement":[{"@type":"ListItem","position":1,"name":"Home","item":"https:\/\/www.relofirm.com\/es\/"},{"@type":"ListItem","position":2,"name":"The Asset Protection Newsletter"}]}]}},"_links":{"self":[{"href":"https:\/\/www.relofirm.com\/es\/wp-json\/wp\/v2\/pages\/7065"}],"collection":[{"href":"https:\/\/www.relofirm.com\/es\/wp-json\/wp\/v2\/pages"}],"about":[{"href":"https:\/\/www.relofirm.com\/es\/wp-json\/wp\/v2\/types\/page"}],"author":[{"embeddable":true,"href":"https:\/\/www.relofirm.com\/es\/wp-json\/wp\/v2\/users\/10"}],"replies":[{"embeddable":true,"href":"https:\/\/www.relofirm.com\/es\/wp-json\/wp\/v2\/comments?post=7065"}],"version-history":[{"count":1,"href":"https:\/\/www.relofirm.com\/es\/wp-json\/wp\/v2\/pages\/7065\/revisions"}],"predecessor-version":[{"id":7768,"href":"https:\/\/www.relofirm.com\/es\/wp-json\/wp\/v2\/pages\/7065\/revisions\/7768"}],"wp:attachment":[{"href":"https:\/\/www.relofirm.com\/es\/wp-json\/wp\/v2\/media?parent=7065"}],"curies":[{"name":"wp","href":"https:\/\/api.w.org\/{rel}","templated":true}]}}