{"id":7054,"date":"2010-10-18T00:00:00","date_gmt":"2010-10-18T05:00:00","guid":{"rendered":"https:\/\/relofirm.com\/real_estate_property_types\/"},"modified":"2020-01-22T10:31:21","modified_gmt":"2020-01-22T15:31:21","slug":"los-diferentes-tipos-de-propiedades-en-panama","status":"publish","type":"page","link":"https:\/\/www.relofirm.com\/es\/los-diferentes-tipos-de-propiedades-en-panama\/","title":{"rendered":"Los Diferentes Tipos de Propiedades en Panam\u00e1"},"content":{"rendered":"<div class=\"menu-real-estate-es-container\"><ul id=\"menu-real-estate-es\" class=\"menu\"><li id=\"menu-item-7587\" class=\"menu-item menu-item-type-post_type menu-item-object-page menu-item-has-children menu-item-7587\"><a href=\"https:\/\/www.relofirm.com\/es\/informacion-sobre-bienes-raices-en-panama\/\">Informaci\u00f3n sobre Bienes Ra\u00edces en Panam\u00e1<\/a>\n<ul class=\"sub-menu\">\n\t<li id=\"menu-item-7588\" class=\"menu-item menu-item-type-post_type menu-item-object-page menu-item-7588\"><a href=\"https:\/\/www.relofirm.com\/es\/compra-de-bienes-raices-en-panama\/\">Compra de Bienes Ra\u00edces en Panam\u00e1<\/a><\/li>\n\t<li id=\"menu-item-7589\" class=\"menu-item menu-item-type-post_type menu-item-object-page menu-item-7589\"><a href=\"https:\/\/www.relofirm.com\/es\/como-comprar-un-condo-en-panama\/\">Como Comprar un Condo en Panama<\/a><\/li>\n\t<li id=\"menu-item-239341\" class=\"menu-item menu-item-type-post_type menu-item-object-page menu-item-239341\"><a href=\"https:\/\/www.relofirm.com\/es\/comprar-propiedad-en-panama\/\">Como Comprar Propiedad en Panam\u00e1<\/a><\/li>\n\t<li id=\"menu-item-7591\" class=\"menu-item menu-item-type-post_type menu-item-object-page menu-item-7591\"><a href=\"https:\/\/www.relofirm.com\/es\/como-alquilar-una-casa-en-panama\/\">Como Alquilar una Casa en Panama<\/a><\/li>\n\t<li id=\"menu-item-7592\" class=\"menu-item menu-item-type-post_type menu-item-object-page menu-item-7592\"><a href=\"https:\/\/www.relofirm.com\/es\/consejos-para-aquilar-un-apartamento-en-ciudada-de-panama\/\">Consejos para Aquilar un Apartamento en Ciudada de Panama<\/a><\/li>\n\t<li id=\"menu-item-7594\" class=\"menu-item menu-item-type-post_type menu-item-object-page menu-item-7594\"><a href=\"https:\/\/www.relofirm.com\/es\/como-obtener-una-hipoteca-residencial-en-panama\/\">Como Obtener una Hipoteca Residencial en Panama<\/a><\/li>\n\t<li id=\"menu-item-7595\" class=\"menu-item menu-item-type-post_type menu-item-object-page menu-item-7595\"><a href=\"https:\/\/www.relofirm.com\/es\/como-desarrollar-bienes-raices-en-panama\/\">Como Desarrollar Bienes Raices en Panama<\/a><\/li>\n\t<li id=\"menu-item-7596\" class=\"menu-item menu-item-type-post_type menu-item-object-page menu-item-7596\"><a href=\"https:\/\/www.relofirm.com\/es\/como-construir-una-casa-en-panama\/\">Como Construir una Casa en Panama<\/a><\/li>\n\t<li id=\"menu-item-7597\" class=\"menu-item menu-item-type-post_type menu-item-object-page menu-item-7597\"><a href=\"https:\/\/www.relofirm.com\/es\/como-contratar-a-un-constructor-en-panama\/\">Como Contratar a un Constructor en Panama<\/a><\/li>\n\t<li id=\"menu-item-7598\" class=\"menu-item menu-item-type-post_type menu-item-object-page menu-item-7598\"><a href=\"https:\/\/www.relofirm.com\/es\/como-corregir-problemas-en-contrators-de-pre-construccion-en-panama\/\">Como Corregir Problemas en Contrators de Pre-Construccion en Panama<\/a><\/li>\n\t<li id=\"menu-item-7599\" class=\"menu-item menu-item-type-post_type menu-item-object-page menu-item-7599\"><a href=\"https:\/\/www.relofirm.com\/es\/como-presentar-una-demanda-contra-un-promotor-de-bienes-racies-en-panama\/\">Como Presentar una Demanda Contra un Promotor de Bienes Racies en Panama<\/a><\/li>\n\t<li id=\"menu-item-7600\" class=\"menu-item menu-item-type-post_type menu-item-object-page menu-item-7600\"><a href=\"https:\/\/www.relofirm.com\/es\/entendiendo-la-zonificacion-en-panama\/\">Entendiendo La Zonificacion en Panama<\/a><\/li>\n\t<li id=\"menu-item-7601\" class=\"menu-item menu-item-type-post_type menu-item-object-page menu-item-7601\"><a href=\"https:\/\/www.relofirm.com\/es\/servicios-de-administracion-de-alquileres-en-panama\/\">Servicios de Administracion de Alquileres en Panama<\/a><\/li>\n\t<li id=\"menu-item-7602\" class=\"menu-item menu-item-type-post_type menu-item-object-page menu-item-7602\"><a href=\"https:\/\/www.relofirm.com\/es\/los-diferentes-tipos-de-propiedades-en-panama\/\">Los Diferentes Tipos de Propiedades en Panam\u00e1<\/a><\/li>\n\t<li id=\"menu-item-7603\" class=\"menu-item menu-item-type-post_type menu-item-object-page menu-item-7603\"><a href=\"https:\/\/www.relofirm.com\/es\/procesamiento-de-adquisicion-de-titulos\/\">Procesamiento de Adquisicion de Titulos<\/a><\/li>\n\t<li id=\"menu-item-7604\" class=\"menu-item menu-item-type-post_type menu-item-object-page menu-item-7604\"><a href=\"https:\/\/www.relofirm.com\/es\/derechos-de-posesion-en-panama\/\">Derechos de Posesion en Panama<\/a><\/li>\n\t<li id=\"menu-item-7605\" class=\"menu-item menu-item-type-post_type menu-item-object-page menu-item-7605\"><a href=\"https:\/\/www.relofirm.com\/es\/documentos-requeridos-de-nuestro-cliente\/\">Documentos Requeridos de Nuestro Cliente<\/a><\/li>\n\t<li id=\"menu-item-7606\" class=\"menu-item menu-item-type-post_type menu-item-object-page menu-item-7606\"><a href=\"https:\/\/www.relofirm.com\/es\/preguntas-frecuentes-sobre-bienes-raices-en-panama\/\">Preguntas Frecuentes Sobre Bienes Ra\u00edces en Panam\u00e1<\/a><\/li>\n\t<li id=\"menu-item-7607\" class=\"menu-item menu-item-type-post_type menu-item-object-page menu-item-7607\"><a href=\"https:\/\/www.relofirm.com\/es\/leyes-para-el-desarrollo-de-bienes-raices-en-panama\/\">Leyes para el Desarrollo de Bienes Ra\u00edces en Panama<\/a><\/li>\n\t<li id=\"menu-item-7608\" class=\"menu-item menu-item-type-post_type menu-item-object-page menu-item-7608\"><a href=\"https:\/\/www.relofirm.com\/es\/ley-de-tasa-de-interes-preferencial-en-panama\/\">Ley de Tasa de Interes Preferencial en Panama<\/a><\/li>\n\t<li id=\"menu-item-7609\" class=\"menu-item menu-item-type-post_type menu-item-object-page menu-item-7609\"><a href=\"https:\/\/www.relofirm.com\/es\/como-protegerse-usted-mismo-al-comprar-una-propiedad-de-bienes-raices-en-panama\/\">Como Protegerse usted Mismo al Comprar una Propiedad de Bienes Raices en Panama<\/a><\/li>\n<\/ul>\n<\/li>\n<\/ul><\/div>\n<hr \/>\n<p>Panam\u00e1 tiene <strong>3 tipos diferentes de propiedades y leyes<\/strong> que las regulan.<\/p>\n<p>A continuaci\u00f3n cubriremos los diferentes tipos de propiedad y las leyes que regulan el negocio de bienes ra\u00edces.<\/p>\n<h2>T\u00edtulos de Propiedad en Panam\u00e1:<\/h2>\n<p>Los t\u00edtulos de propiedad de Panam\u00e1 son muy similares a los de \u201cpleno dominio\u201d en Estados Unidos.<br \/>\nPanam\u00e1 tiene un Registro P\u00fablico muy sofisticado con un Departamento de Catastro que supervisa el registro de los t\u00edtulos de propiedad en las nueve provincias del Pa\u00eds. El t\u00edtulo de propiedad es el tipo preferido ya que es f\u00e1cilmente verificable en el Sistema de Registro P\u00fablico, as\u00ed como tambi\u00e9n proporciona la mayor seguridad de las leyes paname\u00f1as de bienes ra\u00edces, as\u00ed como un punto de vista exacto sobre las inversiones, pues la propiedad privada est\u00e1 garantizada por la Constituci\u00f3n de la Rep\u00fablica de Panam\u00e1.<\/p>\n<p>Generalmente, los bancos otorgan pr\u00e9stamos hipotecarios sobre propiedades tituladas, registrando derechos de retenci\u00f3n o grav\u00e1menes sobre el t\u00edtulo como garant\u00eda del pr\u00e9stamo. Las propiedades tituladas por lo general son sujetas a pagos de impuestos anuales sobre la propiedad cuando el valor registrado es superior a los treinta mil (US$30.000) D\u00f3lares Americanos.<\/p>\n<p>Comprar una propiedad titulada o de navegaci\u00f3n en Panam\u00e1 atado a las leyes que regulan \u00e9stas transacciones resulta muy simple y requiere generalmente la realizaci\u00f3n de los siguientes procedimientos:<\/p>\n<h3>1. Contrato de Promesa de Compra:<\/h3>\n<p>Generalmente, el pago de la cuota inicial de la propiedad es realizado al momento de la firma del contrato de promesa de compra y su prop\u00f3sito es asegurar la propiedad y proporcionar suficiente tiempo para efectuar la b\u00fasqueda del t\u00edtulo, as\u00ed como la coordinaci\u00f3n de los mecanismos de pago para el cierre y la configuraci\u00f3n de una estructura de propiedad corporativa o \u201cholding\u201d (en caso de que sea aplicable). Este contrato debe ser Registrado en el Registro P\u00fablico de Panam\u00e1 para garantizar que la propiedad no podr\u00e1 ser vendida a una tercera parte previo al momento del cierre final.<\/p>\n<h3>2. B\u00fasqueda de T\u00edtulo:<\/h3>\n<p>Usted debe contratar los servicios de un abogado competente en Panam\u00e1, especializado en tr\u00e1mites de bienes ra\u00edces para que efect\u00fae la investigaci\u00f3n sobre el t\u00edtulo de propiedad, la cual consiste en:<\/p>\n<ul>\n<li>Verificaci\u00f3n en el Registro P\u00fablico que el t\u00edtulo se encuentra a nombre del vendedor y se encuentra libre de grav\u00e1menes, embargos u otros problemas que pudieran afectar la libre disposici\u00f3n o transferencia del t\u00edtulo.<\/li>\n<li>La Constancia de Catastro debe ser revisada, y en algunos casos se recomienda tener una inspecci\u00f3n f\u00edsica realizada por un especialista en topograf\u00eda que verifique exhaustivamente todos los puntos de la propiedad para evitar futuros conflictos de l\u00edmites y linderos con los vecinos.<\/li>\n<li>Verificaci\u00f3n de los pagos de los Servicios P\u00fablicos (agua, alcantarillado, electricidad, tel\u00e9fono, etc).<\/li>\n<\/ul>\n<h3>3. Contrato de Compra-Venta:<\/h3>\n<p>Este contrato debe ser registrado en la oficina del Registro P\u00fablico de Panam\u00e1, y el saldo final se pagar\u00e1 al vendedor, o en algunos casos, si se hubiese contratado la figura de la compa\u00f1\u00eda de garant\u00edas de fondos, el pago ser\u00e1 realizado una vez que se haya efectuado la transferencia del t\u00edtulo de propiedad a nombre del comprador.<\/p>\n<h3>4. Transferencia de T\u00edtulo:<\/h3>\n<p>La propiedad ser\u00e1 oficialmente transferida al comprador una vez que el t\u00edtulo de propiedad se transfiera a nombre de \u00e9ste, lo cual se realizar\u00e1 inmediatamente despu\u00e9s de que el contrato de compra-venta sea firmado por cada una de las partes y registrado en la oficina del Registro P\u00fablico de Panam\u00e1. En algunos casos, si el t\u00edtulo se encuentra a nombre de una Corporaci\u00f3n, y el vendedor acuerda la venta de las acciones de la corporaci\u00f3n, se har\u00e1 solo una transferencia de las acciones.<\/p>\n<h2><span style=\"line-height: 1.5em;\">Posesion de los Derechos de Propiedad<\/span><\/h2>\n<p>La posesi\u00f3n de los derechos de propiedad es similar a los derechos de ocupaci\u00f3n, tal como era com\u00fan en Am\u00e9rica del Norte hace muchos a\u00f1os y se rigen por un conjunto de leyes distintas en Panam\u00e1 que la de los t\u00edtulos de propiedad.\u00a0Los derechos de posesi\u00f3n de propiedad son emitidos por el Gobierno de Panam\u00e1 sobre propiedades que posee el Estado, los cuales estan ocupados o usados por una persona u organizaci\u00f3n a lo largo del tiempo. Los derechos de posesi\u00f3n son emitidos a los poseedores a trav\u00e9s de documentos simples de certificaci\u00f3n emitidos ya sea por el alcalde municipal, u otra organizaci\u00f3n gubernamental, tales como la Autoridad Nacional de Administraci\u00f3n de Tierras (ANATI).<\/p>\n<p>Los derechos de posesi\u00f3n no son aplicables del cobro de impuestos a la propiedad, sin embargo, las mejoras registradas realizadas a la propiedad, si podr\u00edan ser objeto de la aplicaci\u00f3n del cobro de los impuestos municipales o nacionales.<\/p>\n<p>Por favor tenga en cuenta que la mayor\u00eda de las propiedades con derechos de posesi\u00f3n, podr\u00edan convertirse en tituladas a trav\u00e9s de un procedimiento de compra de la tierra al Gobierno, sin embargo, la ley proh\u00edbe la titulaci\u00f3n de propiedades con derechos de posesi\u00f3n en algunas \u00e1reas tales como zonas costeras y parques nacionales. En estos casos, y como una alternativa, el poseedor podr\u00e1 aplicar a una concesi\u00f3n administrativa sobre la tierra para garantizar el uso espec\u00edfico de la misma.<\/p>\n<p><em><strong>Para adquirir los derechos de posesi\u00f3n sobre propiedades, es importante seguir los siguientes pasos:<\/strong><\/em><\/p>\n<h3>Contrato de Promesa de Compra:<\/h3>\n<p>En general, se efectuar\u00e1 un peque\u00f1o pago al momento de la firma del contrato de promesa de pago y su prop\u00f3sito es asegurar la propiedad y proporcionar el tiempo suficiente para la debida diligencia as\u00ed como coordinar los mecanismos de pagos para el cierre. Los contratos relacionados con la compra de los derechos de posesi\u00f3n no pueden ser registrados en el Registro P\u00fablico, por lo tanto, deber\u00edan simplemente ser autenticados por un Notario P\u00fablico.<\/p>\n<h3>Debida Diligencia:<\/h3>\n<p>A diferencia de los t\u00edtulos de propiedad, cuya verificaci\u00f3n es mucho m\u00e1s sencilla de hacer en el Registro P\u00fablico, el procedimiento de la debida diligencia sobre los derechos de posesi\u00f3n es mucho m\u00e1s complejo, ya que no hay una base de datos centralizada donde se consigan todos los derechos de posesi\u00f3n de propiedades. Por lo tanto, los compradores de los derechos de posesi\u00f3n deben tener una precauci\u00f3n adicional durante el proceso de debida diligencia. Generalmente, el alcance de la investigaci\u00f3n que alguien puede realizar sobre el derecho de posesi\u00f3n sobre una propiedad es:<\/p>\n<p><strong>a) Verificaci\u00f3n de la Certificaci\u00f3n del Derecho de Posesi\u00f3n:<\/strong><\/p>\n<p>La emisi\u00f3n de la Certificaci\u00f3n del Derecho de Posesi\u00f3n debe ser validada con la autoridad gubernamental competente y deber\u00eda contener: nombre del poseedor, descripci\u00f3n completa de la propiedad en t\u00e9rminos de localizaci\u00f3n, superficie, l\u00edmites, linderos y vecinos (norte, sur, este y oeste)<\/p>\n<p><strong>b) Verificaci\u00f3n de los Planos:<\/strong><\/p>\n<p>Los planos deben ser sellados y firmados por ingeniero o especialista en topograf\u00eda con licencia, el cual deber\u00e1 identificar el nombre del poseedor, ubicaci\u00f3n, as\u00ed como tambi\u00e9n reflejar la misma informaci\u00f3n de acuerdo a lo establecido en el Certificado de Derecho de Posesi\u00f3n.<\/p>\n<p><strong>c) Inspecci\u00f3n:<\/strong><\/p>\n<p>Es de los principales elementos para verificar la ocupaci\u00f3n de la propiedad, sin oposici\u00f3n de terceras personas y con buena fe. La inspecci\u00f3n f\u00edsica debe ser realizada por su top\u00f3grafo para identificar y marcar los puntos de la propiedad, as\u00ed como confirmar esos puntos con los vecinos, con la finalidad de asegurarse que no existan conflictos futuros de l\u00edmites con sus vecinos. Adicionalmente, la propiedad real en Panam\u00e1 debe ser mantenida y cercada para delimitar claramente los l\u00edmites.<\/p>\n<p><strong>d) Permitiendo la Verificaci\u00f3n:<\/strong><\/p>\n<p>En algunos casos, los compradores tienen intenciones de construir cierto tipo de estructuras o proyecto en la propiedad objeto del Derecho de Posesi\u00f3n, (por ejemplo, una marina, un puerto, un hotel, una pista de aterrizaje, etc.), por tanto, se recomienda verificar debidamente si existe alguna regulaci\u00f3n municipal o nacional que pueda prohibir esas actividades en la zona.<\/p>\n<h3>Contrato de Compra-Venta:<\/h3>\n<p>El Saldo final ser\u00e1 pagado en el momento de la firma del contrato definitivo de compra-venta, o en algunos casos, si se contrata los servicios de una compa\u00f1\u00eda de custodia de fondos, una vez que sea transferido el Certificado de Derecho de Posesi\u00f3n o cambiado a nombre del comprador. Los contratos relacionados con la compra de Derechos de Posesi\u00f3n no podr\u00e1n ser registrados en el Registro P\u00fablico, por lo tanto, ellos deber\u00edan ser simplemente autenticados ante un Notario P\u00fablico.<\/p>\n<h3>Transferencia de Certificados de Derechos de Posesi\u00f3n:<\/h3>\n<p>El Derecho de Posesi\u00f3n sobre la propiedad ser\u00e1 oficialmente transferido al comprador una vez que el Certificado de Derecho de Posesi\u00f3n se transfiera a nombre de \u00e9ste, lo cual ocurrir\u00e1 inmediatamente despu\u00e9s de que el contrato de compra-venta sea firmado por cada una de las partes. En algunos casos, cuando los derechos de la propiedad est\u00e1n a nombre de una Corporaci\u00f3n, y el vendedor acuerda vender las acciones de la Corporaci\u00f3n, entonces en ese caso no habr\u00e1 una transferencia del Certificado del Derecho de Posesi\u00f3n, sino solamente una transferencia de las acciones de la Corporaci\u00f3n.<\/p>\n<h2>Concesion Sobre la Propiedad<\/h2>\n<p>La concesi\u00f3n de la propiedad es muy similar a un contrato de arrendamiento de tierras, tal como es muy com\u00fan en M\u00e9xico o Hawai (Por ejemplo). Es una propiedad gubernamental, por tanto, el Estado emite una concesi\u00f3n a un individuo u organizaci\u00f3n para un prop\u00f3sito espec\u00edfico, tal como un desarrollo inmobiliario, un hotel, una marina, u otro proyecto.<\/p>\n<p>Las concesiones en Panam\u00e1 son emitidas generalmente por un plazo de 20 a\u00f1os (en per\u00edodos renovables), sin embargo, algunas concesiones son emitidas a un plazo de 40 a\u00f1os (renovables), en algunas \u00e1reas dise\u00f1adas especialmente, tales como la Calzada de Amador, donde hay proyectos de comercios y desarrollos de condominios que est\u00e1n siendo vendidos actualmente (Naos Harbor, por ejemplo).<\/p>\n<p>Las concesiones de propiedades se encuentran generalmente en zonas costeras o en otras \u00e1reas protegidas por el Gobierno, donde la ley no permite la titularidad.\u00a0En muchos casos los desarrollos inmobiliarios sobre propiedades en concesi\u00f3n, ofrecen inversiones de propiedad compartida o acuerdos de propiedad fraccionada, lo cual es muy com\u00fan en M\u00e9xico y otras \u00e1reas costeras donde se desarrollan complejos tur\u00edsticos tipo \u201cresorts\u201d alrededor del mundo.<\/p>\n<p>A diferencia de los Derechos de Posesi\u00f3n de Propiedades, la concesi\u00f3n sobre una propiedad est\u00e1 garantizada por el Gobierno a trav\u00e9s de un Acuerdo Contractual espec\u00edfico, lo cual implica un riesgo muy peque\u00f1o para el inversionista y generalmente las compa\u00f1\u00edas aseguradoras ofrecen p\u00f3lizas para asegurar los t\u00edtulos o garant\u00edas para la tranquilidad del inversionista.<\/p>\n<h2>Seguros de T\u00edtulos<\/h2>\n<p>A pesar de que las leyes paname\u00f1as est\u00e1n dise\u00f1adas para proteger las inversiones extranjeras, Usted deber\u00eda siempre tomar medidas de precauci\u00f3n para asegurar su inversi\u00f3n. Un seguro de t\u00edtulos es altamente recomendado para todas las transacciones de propiedades reales en Panam\u00e1, y se encuentran disponibles f\u00e1cilmente a trav\u00e9s de las compa\u00f1\u00edas aseguradoras internacionales m\u00e1s grandes con presencia en Panam\u00e1. Los costos de las p\u00f3lizas de t\u00edtulos son m\u00ednimos y la tranquilidad que le proporcionan paga su costo.<\/p>\n<p>A continuaci\u00f3n mostramos una tabla que resume algunos de \u00e9stos derechos:<\/p>\n<table class=\"fee_schedule\" width=\"100%\" border=\"0\" align=\"center\">\n<tbody>\n<tr class=\"table_header\">\n<td width=\"21%\"><strong>Descripci\u00f3n<\/strong><\/td>\n<td width=\"38%\"><strong>T\u00edtulo<\/strong><\/td>\n<td width=\"41%\"><strong>Derecho de Posesi\u00f3n<\/strong><\/td>\n<\/tr>\n<tr class=\"table_header_minor\">\n<td>Propiedad<\/td>\n<td>Propiedad Privada<\/td>\n<td>*El due\u00f1o es el Estado, solamente se adquiere la posesi\u00f3n.<\/td>\n<\/tr>\n<tr>\n<td>Concesi\u00f3n<\/td>\n<td>*V\u00eda Administrativa<\/td>\n<td>Puede proteger su inversi\u00f3n<\/td>\n<\/tr>\n<tr class=\"table_header_minor\">\n<td>Registro<\/td>\n<td>*Inspecci\u00f3n de Catastro-Aprobaci\u00f3n<\/td>\n<td>*Cualquier autoridad gubernamental del \u00e1rea puede certificar los Derechos Posesorios (Catastro, Reforma Agraria, Mayor \/ Alcalde, Jefe de Polic\u00eda\/ Corregidor).<\/td>\n<\/tr>\n<tr>\n<td>Instituci\u00f3n del Estado<\/td>\n<td>Registro del T\u00edtulo en el Registro P\u00fablico<\/td>\n<td>*Registro de la Transferencia del T\u00edtulo<\/td>\n<\/tr>\n<tr class=\"table_header_minor\">\n<td>Requisitos Necesarios<\/td>\n<td>*Registro de la Transferencia del T\u00edtulo<\/td>\n<td>*Registro de la Transferencia de los Derechos Posesorios, mantiene la posesi\u00f3n, buena f\u00e9<\/td>\n<\/tr>\n<\/tbody>\n<\/table>\n<p>Por favor Cont\u00e1ctenos si requiere asistencia para sus tr\u00e1mites legales de bienes ra\u00edces y necesidades de reubicaci\u00f3n en Panam\u00e1.<\/p>\n","protected":false},"excerpt":{"rendered":"<p>Panam\u00e1 tiene 3 tipos diferentes de propiedades y leyes que las regulan. A continuaci\u00f3n cubriremos los diferentes tipos de propiedad y las leyes que regulan el negocio de bienes ra\u00edces. T\u00edtulos de Propiedad en Panam\u00e1: Los t\u00edtulos de propiedad de Panam\u00e1 son muy similares a los de \u201cpleno dominio\u201d en Estados Unidos. Panam\u00e1 tiene un [&hellip;]<\/p>\n","protected":false},"author":10,"featured_media":0,"parent":0,"menu_order":0,"comment_status":"closed","ping_status":"closed","template":"","meta":{"_et_pb_use_builder":"","_et_pb_old_content":"","_et_gb_content_width":"","inline_featured_image":false},"yoast_head":"<!-- This site is optimized with the Yoast SEO plugin v18.5.1 - https:\/\/yoast.com\/wordpress\/plugins\/seo\/ -->\n<title>Los Diferentes Tipos de Propiedades en Panam\u00e1 - International Relocation Firm<\/title>\n<meta name=\"robots\" content=\"index, follow, max-snippet:-1, max-image-preview:large, max-video-preview:-1\" \/>\n<link rel=\"canonical\" href=\"https:\/\/www.relofirm.com\/es\/los-diferentes-tipos-de-propiedades-en-panama\/\" \/>\n<meta property=\"og:locale\" content=\"es_ES\" \/>\n<meta property=\"og:type\" content=\"article\" \/>\n<meta property=\"og:title\" content=\"Los Diferentes Tipos de Propiedades en Panam\u00e1 - International Relocation Firm\" \/>\n<meta property=\"og:description\" content=\"Panam\u00e1 tiene 3 tipos diferentes de propiedades y leyes que las regulan. A continuaci\u00f3n cubriremos los diferentes tipos de propiedad y las leyes que regulan el negocio de bienes ra\u00edces. T\u00edtulos de Propiedad en Panam\u00e1: Los t\u00edtulos de propiedad de Panam\u00e1 son muy similares a los de \u201cpleno dominio\u201d en Estados Unidos. Panam\u00e1 tiene un [&hellip;]\" \/>\n<meta property=\"og:url\" content=\"https:\/\/www.relofirm.com\/es\/los-diferentes-tipos-de-propiedades-en-panama\/\" \/>\n<meta property=\"og:site_name\" content=\"International Relocation Firm\" \/>\n<meta property=\"article:publisher\" content=\"https:\/\/www.facebook.com\/ReloFirm\/\" \/>\n<meta property=\"article:modified_time\" content=\"2020-01-22T15:31:21+00:00\" \/>\n<meta name=\"twitter:label1\" content=\"Tiempo de lectura\" \/>\n\t<meta name=\"twitter:data1\" content=\"10 minutos\" \/>\n<!-- \/ Yoast SEO plugin. -->","yoast_head_json":{"title":"Los Diferentes Tipos de Propiedades en Panam\u00e1 - International Relocation Firm","robots":{"index":"index","follow":"follow","max-snippet":"max-snippet:-1","max-image-preview":"max-image-preview:large","max-video-preview":"max-video-preview:-1"},"canonical":"https:\/\/www.relofirm.com\/es\/los-diferentes-tipos-de-propiedades-en-panama\/","og_locale":"es_ES","og_type":"article","og_title":"Los Diferentes Tipos de Propiedades en Panam\u00e1 - International Relocation Firm","og_description":"Panam\u00e1 tiene 3 tipos diferentes de propiedades y leyes que las regulan. A continuaci\u00f3n cubriremos los diferentes tipos de propiedad y las leyes que regulan el negocio de bienes ra\u00edces. T\u00edtulos de Propiedad en Panam\u00e1: Los t\u00edtulos de propiedad de Panam\u00e1 son muy similares a los de \u201cpleno dominio\u201d en Estados Unidos. Panam\u00e1 tiene un [&hellip;]","og_url":"https:\/\/www.relofirm.com\/es\/los-diferentes-tipos-de-propiedades-en-panama\/","og_site_name":"International Relocation Firm","article_publisher":"https:\/\/www.facebook.com\/ReloFirm\/","article_modified_time":"2020-01-22T15:31:21+00:00","twitter_misc":{"Tiempo de lectura":"10 minutos"},"schema":{"@context":"https:\/\/schema.org","@graph":[{"@type":"Organization","@id":"https:\/\/www.relofirm.com\/#organization","name":"International Relocation Firm","url":"https:\/\/www.relofirm.com\/","sameAs":["https:\/\/www.facebook.com\/ReloFirm\/","https:\/\/www.linkedin.com\/company\/relo-firm","https:\/\/twitter.com\/polslegal"],"logo":{"@type":"ImageObject","@id":"https:\/\/www.relofirm.com\/#logo","inLanguage":"es","url":"https:\/\/www.relofirm.com\/wp-content\/uploads\/2021\/11\/relofirm-logo.svg","contentUrl":"https:\/\/www.relofirm.com\/wp-content\/uploads\/2021\/11\/relofirm-logo.svg","width":1485,"height":516,"caption":"International Relocation Firm"},"image":{"@id":"https:\/\/www.relofirm.com\/#logo"}},{"@type":"WebSite","@id":"https:\/\/www.relofirm.com\/#website","url":"https:\/\/www.relofirm.com\/","name":"International Relocation Firm","description":"","publisher":{"@id":"https:\/\/www.relofirm.com\/#organization"},"potentialAction":[{"@type":"SearchAction","target":{"@type":"EntryPoint","urlTemplate":"https:\/\/www.relofirm.com\/?s={search_term_string}"},"query-input":"required name=search_term_string"}],"inLanguage":"es"},{"@type":"WebPage","@id":"https:\/\/www.relofirm.com\/es\/los-diferentes-tipos-de-propiedades-en-panama\/#webpage","url":"https:\/\/www.relofirm.com\/es\/los-diferentes-tipos-de-propiedades-en-panama\/","name":"Los Diferentes Tipos de Propiedades en Panam\u00e1 - International Relocation Firm","isPartOf":{"@id":"https:\/\/www.relofirm.com\/#website"},"datePublished":"2010-10-18T05:00:00+00:00","dateModified":"2020-01-22T15:31:21+00:00","breadcrumb":{"@id":"https:\/\/www.relofirm.com\/es\/los-diferentes-tipos-de-propiedades-en-panama\/#breadcrumb"},"inLanguage":"es","potentialAction":[{"@type":"ReadAction","target":["https:\/\/www.relofirm.com\/es\/los-diferentes-tipos-de-propiedades-en-panama\/"]}]},{"@type":"BreadcrumbList","@id":"https:\/\/www.relofirm.com\/es\/los-diferentes-tipos-de-propiedades-en-panama\/#breadcrumb","itemListElement":[{"@type":"ListItem","position":1,"name":"Home","item":"https:\/\/www.relofirm.com\/es\/"},{"@type":"ListItem","position":2,"name":"Los Diferentes Tipos de Propiedades en Panam\u00e1"}]}]}},"_links":{"self":[{"href":"https:\/\/www.relofirm.com\/es\/wp-json\/wp\/v2\/pages\/7054"}],"collection":[{"href":"https:\/\/www.relofirm.com\/es\/wp-json\/wp\/v2\/pages"}],"about":[{"href":"https:\/\/www.relofirm.com\/es\/wp-json\/wp\/v2\/types\/page"}],"author":[{"embeddable":true,"href":"https:\/\/www.relofirm.com\/es\/wp-json\/wp\/v2\/users\/10"}],"replies":[{"embeddable":true,"href":"https:\/\/www.relofirm.com\/es\/wp-json\/wp\/v2\/comments?post=7054"}],"version-history":[{"count":1,"href":"https:\/\/www.relofirm.com\/es\/wp-json\/wp\/v2\/pages\/7054\/revisions"}],"predecessor-version":[{"id":7980,"href":"https:\/\/www.relofirm.com\/es\/wp-json\/wp\/v2\/pages\/7054\/revisions\/7980"}],"wp:attachment":[{"href":"https:\/\/www.relofirm.com\/es\/wp-json\/wp\/v2\/media?parent=7054"}],"curies":[{"name":"wp","href":"https:\/\/api.w.org\/{rel}","templated":true}]}}