{"id":7049,"date":"2010-10-08T00:00:00","date_gmt":"2010-10-08T05:00:00","guid":{"rendered":"https:\/\/relofirm.com\/investments_offshore_mutual_funds\/"},"modified":"2020-01-22T10:29:26","modified_gmt":"2020-01-22T15:29:26","slug":"introduccion-a-fondos-mutuos-offshore","status":"publish","type":"page","link":"https:\/\/www.relofirm.com\/es\/introduccion-a-fondos-mutuos-offshore\/","title":{"rendered":"Introducci\u00f3n a Fondos Mutuos Offshore"},"content":{"rendered":"<div class=\"menu-investments-en-container\"><ul id=\"menu-investments-en\" class=\"menu\"><li id=\"menu-item-7684\" class=\"menu-item menu-item-type-post_type menu-item-object-page menu-item-has-children menu-item-7684\"><a href=\"https:\/\/www.relofirm.com\/es\/invertir-en-panama-y-offshore\/\">Invierta en Panam\u00e1<\/a>\n<ul class=\"sub-menu\">\n\t<li id=\"menu-item-10472\" class=\"menu-item menu-item-type-post_type menu-item-object-page menu-item-10472\"><a href=\"https:\/\/www.relofirm.com\/es\/inversion-agricola-en-panama\/\">Inversi\u00f3n Agr\u00edcola en Panam\u00e1<\/a><\/li>\n\t<li id=\"menu-item-7686\" class=\"menu-item menu-item-type-post_type menu-item-object-page menu-item-7686\"><a href=\"https:\/\/www.relofirm.com\/es\/certificados-de-depositos-en-panama\/\">Certificados de Dep\u00f3sitos en Panama<\/a><\/li>\n\t<li id=\"menu-item-7690\" class=\"menu-item menu-item-type-post_type menu-item-object-page menu-item-7690\"><a href=\"https:\/\/www.relofirm.com\/es\/inversiones-residenciales-especiales-en-bienes-raices-en-panama\/\">Inversiones Residenciales Especiales en Bienes Raices en Panama<\/a><\/li>\n<\/ul>\n<\/li>\n<\/ul><\/div>\n<hr \/>\n<p><em>CLA\u00daSULA DE EXENCI\u00d3N DE RESPONSABILIDAD: International Relocation Firm (International Relocation Firm) es una firma de abogados que ofrece introducciones a bancos autorizados, casas de bolsa (o tambien puede ser firmas de corretaje), asesores de inversi\u00f3n, fondos de divisas, fondos de inversi\u00f3n y a otras compa\u00f1\u00edas de inversi\u00f3n con licencia o profesionales.<\/em><\/p>\n<p>Los fondos de inversi\u00f3n o fondos mutuos proporcionan varias ventajas. Algunos pa\u00edses tienen leyes de seguridad que restringen a sus ciudadanos de invertir en fondos offshore (en el extranjero), o los fondos que no est\u00e9n registrados en su propio pa\u00eds. Esta es otra raz\u00f3n por la que muchos inversionistas prefieren estructurar sus activos a trav\u00e9s de fundaciones o sociedades an\u00f3nimas offshore, de modo que puedan tener la libertad de invertir como lo deseen sin ning<span lang=\"ES\">\u00fa<\/span>n tipo de restricciones legales.<\/p>\n<p><strong>Los fondos mutuos Offshore ofrecen varias ventajas clave:<\/strong><\/p>\n<p>-Dividendos libres de impuesto offshore<br \/>\n-Ganancias sobre Capital libres de impuesto offshore<br \/>\n-Opciones de Inversi\u00f3n diversas y sin restricciones<br \/>\n-Bajos costos en la Administraci\u00f3n del Fondo<br \/>\n-Un mayor rendimiento de las inversiones.<\/p>\n<p>Nuestra firma de corretaje recomendada\u00a0 de inversi\u00f3n esta actualmente ofreciendo lo que nosotros consideramos unos de los mejores fondos mutuos offshore disponibles hoy en d\u00eda.<\/p>\n<p><strong>Estos fondos particulares ofrecen las siguientes ventajas:<\/strong><\/p>\n<p>-La inversion principal es 100% garantizada y asegurada,<br \/>\n-Los Fondos son administrados por una de las firmas de inversi\u00f3n m\u00e1s antiguas y prestigiosas del mundo.<br \/>\n-Los rendimientos hist\u00f3ricos anuales oscilan entre 11% a 21% (dependiendo del fondo que usted elija),<br \/>\n-El dep\u00f3sito m\u00ednimo inicial es de US$ 50,000.<br \/>\n-Se requiere un compromiso de dep\u00f3sito m\u00ednimo de 5 a\u00f1os (retiros anticipados se permiten con una peque\u00f1a multa por retiro).<\/p>\n<p>Nuestra firma de inversi\u00f3n recomendada tambien ofrece varios otros fondos de inversi\u00f3n offshore, con rendimientos variables en funci\u00f3n de la elecci\u00f3n de fondo en particular.<\/p>\n<p>Si usted esta interesado en invertir en fondos mutuos offshore, por favor contactenos para una introducci\u00f3n a nuestra firma de inversi\u00f3n recomenda.<\/p>\n<hr \/>\n","protected":false},"excerpt":{"rendered":"<p>CLA\u00daSULA DE EXENCI\u00d3N DE RESPONSABILIDAD: International Relocation Firm (International Relocation Firm) es una firma de abogados que ofrece introducciones a bancos autorizados, casas de bolsa (o tambien puede ser firmas de corretaje), asesores de inversi\u00f3n, fondos de divisas, fondos de inversi\u00f3n y a otras compa\u00f1\u00edas de inversi\u00f3n con licencia o profesionales. Los fondos de inversi\u00f3n [&hellip;]<\/p>\n","protected":false},"author":10,"featured_media":0,"parent":0,"menu_order":0,"comment_status":"closed","ping_status":"closed","template":"","meta":{"_et_pb_use_builder":"","_et_pb_old_content":"","_et_gb_content_width":"","inline_featured_image":false},"yoast_head":"<!-- This site is optimized with the Yoast SEO plugin v18.5.1 - https:\/\/yoast.com\/wordpress\/plugins\/seo\/ -->\n<title>Introducci\u00f3n a Fondos Mutuos Offshore - International Relocation Firm<\/title>\n<meta name=\"robots\" content=\"index, follow, max-snippet:-1, max-image-preview:large, max-video-preview:-1\" \/>\n<link rel=\"canonical\" href=\"https:\/\/www.relofirm.com\/es\/introduccion-a-fondos-mutuos-offshore\/\" \/>\n<meta property=\"og:locale\" content=\"es_ES\" \/>\n<meta property=\"og:type\" content=\"article\" \/>\n<meta property=\"og:title\" content=\"Introducci\u00f3n a Fondos Mutuos Offshore - International Relocation Firm\" \/>\n<meta property=\"og:description\" content=\"CLA\u00daSULA DE EXENCI\u00d3N DE RESPONSABILIDAD: International Relocation Firm (International Relocation Firm) es una firma de abogados que ofrece introducciones a bancos autorizados, casas de bolsa (o tambien puede ser firmas de corretaje), asesores de inversi\u00f3n, fondos de divisas, fondos de inversi\u00f3n y a otras compa\u00f1\u00edas de inversi\u00f3n con licencia o profesionales. Los fondos de inversi\u00f3n [&hellip;]\" \/>\n<meta property=\"og:url\" content=\"https:\/\/www.relofirm.com\/es\/introduccion-a-fondos-mutuos-offshore\/\" \/>\n<meta property=\"og:site_name\" content=\"International Relocation Firm\" \/>\n<meta property=\"article:publisher\" content=\"https:\/\/www.facebook.com\/ReloFirm\/\" \/>\n<meta property=\"article:modified_time\" content=\"2020-01-22T15:29:26+00:00\" \/>\n<meta name=\"twitter:label1\" content=\"Tiempo de lectura\" \/>\n\t<meta name=\"twitter:data1\" content=\"2 minutos\" \/>\n<!-- \/ Yoast SEO plugin. -->","yoast_head_json":{"title":"Introducci\u00f3n a Fondos Mutuos Offshore - International Relocation Firm","robots":{"index":"index","follow":"follow","max-snippet":"max-snippet:-1","max-image-preview":"max-image-preview:large","max-video-preview":"max-video-preview:-1"},"canonical":"https:\/\/www.relofirm.com\/es\/introduccion-a-fondos-mutuos-offshore\/","og_locale":"es_ES","og_type":"article","og_title":"Introducci\u00f3n a Fondos Mutuos Offshore - International Relocation Firm","og_description":"CLA\u00daSULA DE EXENCI\u00d3N DE RESPONSABILIDAD: International Relocation Firm (International Relocation Firm) es una firma de abogados que ofrece introducciones a bancos autorizados, casas de bolsa (o tambien puede ser firmas de corretaje), asesores de inversi\u00f3n, fondos de divisas, fondos de inversi\u00f3n y a otras compa\u00f1\u00edas de inversi\u00f3n con licencia o profesionales. Los fondos de inversi\u00f3n [&hellip;]","og_url":"https:\/\/www.relofirm.com\/es\/introduccion-a-fondos-mutuos-offshore\/","og_site_name":"International Relocation Firm","article_publisher":"https:\/\/www.facebook.com\/ReloFirm\/","article_modified_time":"2020-01-22T15:29:26+00:00","twitter_misc":{"Tiempo de lectura":"2 minutos"},"schema":{"@context":"https:\/\/schema.org","@graph":[{"@type":"Organization","@id":"https:\/\/www.relofirm.com\/#organization","name":"International Relocation Firm","url":"https:\/\/www.relofirm.com\/","sameAs":["https:\/\/www.facebook.com\/ReloFirm\/","https:\/\/www.linkedin.com\/company\/relo-firm","https:\/\/twitter.com\/polslegal"],"logo":{"@type":"ImageObject","@id":"https:\/\/www.relofirm.com\/#logo","inLanguage":"es","url":"https:\/\/www.relofirm.com\/wp-content\/uploads\/2021\/11\/relofirm-logo.svg","contentUrl":"https:\/\/www.relofirm.com\/wp-content\/uploads\/2021\/11\/relofirm-logo.svg","width":1485,"height":516,"caption":"International Relocation Firm"},"image":{"@id":"https:\/\/www.relofirm.com\/#logo"}},{"@type":"WebSite","@id":"https:\/\/www.relofirm.com\/#website","url":"https:\/\/www.relofirm.com\/","name":"International Relocation Firm","description":"","publisher":{"@id":"https:\/\/www.relofirm.com\/#organization"},"potentialAction":[{"@type":"SearchAction","target":{"@type":"EntryPoint","urlTemplate":"https:\/\/www.relofirm.com\/?s={search_term_string}"},"query-input":"required name=search_term_string"}],"inLanguage":"es"},{"@type":"WebPage","@id":"https:\/\/www.relofirm.com\/es\/introduccion-a-fondos-mutuos-offshore\/#webpage","url":"https:\/\/www.relofirm.com\/es\/introduccion-a-fondos-mutuos-offshore\/","name":"Introducci\u00f3n a Fondos Mutuos Offshore - International Relocation Firm","isPartOf":{"@id":"https:\/\/www.relofirm.com\/#website"},"datePublished":"2010-10-08T05:00:00+00:00","dateModified":"2020-01-22T15:29:26+00:00","breadcrumb":{"@id":"https:\/\/www.relofirm.com\/es\/introduccion-a-fondos-mutuos-offshore\/#breadcrumb"},"inLanguage":"es","potentialAction":[{"@type":"ReadAction","target":["https:\/\/www.relofirm.com\/es\/introduccion-a-fondos-mutuos-offshore\/"]}]},{"@type":"BreadcrumbList","@id":"https:\/\/www.relofirm.com\/es\/introduccion-a-fondos-mutuos-offshore\/#breadcrumb","itemListElement":[{"@type":"ListItem","position":1,"name":"Home","item":"https:\/\/www.relofirm.com\/es\/"},{"@type":"ListItem","position":2,"name":"Introducci\u00f3n a Fondos Mutuos Offshore"}]}]}},"_links":{"self":[{"href":"https:\/\/www.relofirm.com\/es\/wp-json\/wp\/v2\/pages\/7049"}],"collection":[{"href":"https:\/\/www.relofirm.com\/es\/wp-json\/wp\/v2\/pages"}],"about":[{"href":"https:\/\/www.relofirm.com\/es\/wp-json\/wp\/v2\/types\/page"}],"author":[{"embeddable":true,"href":"https:\/\/www.relofirm.com\/es\/wp-json\/wp\/v2\/users\/10"}],"replies":[{"embeddable":true,"href":"https:\/\/www.relofirm.com\/es\/wp-json\/wp\/v2\/comments?post=7049"}],"version-history":[{"count":1,"href":"https:\/\/www.relofirm.com\/es\/wp-json\/wp\/v2\/pages\/7049\/revisions"}],"predecessor-version":[{"id":7966,"href":"https:\/\/www.relofirm.com\/es\/wp-json\/wp\/v2\/pages\/7049\/revisions\/7966"}],"wp:attachment":[{"href":"https:\/\/www.relofirm.com\/es\/wp-json\/wp\/v2\/media?parent=7049"}],"curies":[{"name":"wp","href":"https:\/\/api.w.org\/{rel}","templated":true}]}}