{"id":7046,"date":"2010-10-07T00:00:00","date_gmt":"2010-10-07T05:00:00","guid":{"rendered":"https:\/\/relofirm.com\/multiple_entry_visa\/"},"modified":"2020-09-25T00:33:06","modified_gmt":"2020-09-25T05:33:06","slug":"inmigracion-panamena-visa-de-multiples-entradas-y-salidas","status":"publish","type":"page","link":"https:\/\/www.relofirm.com\/es\/inmigracion-panamena-visa-de-multiples-entradas-y-salidas\/","title":{"rendered":"Inmigracion Panamena Visa de M\u00faltiples Entradas y Salidas"},"content":{"rendered":"<div class=\"menu-immigration-en-container\"><ul id=\"menu-immigration-en\" class=\"menu\"><li id=\"menu-item-7642\" class=\"menu-item menu-item-type-post_type menu-item-object-page menu-item-has-children menu-item-7642\"><a href=\"https:\/\/www.relofirm.com\/es\/visas-para-panama-panama-inmigracion\/\">Visas para Panam\u00e1: Panam\u00e1 Inmigraci\u00f3n<\/a>\n<ul class=\"sub-menu\">\n\t<li id=\"menu-item-7643\" class=\"menu-item menu-item-type-post_type menu-item-object-page menu-item-7643\"><a href=\"https:\/\/www.relofirm.com\/es\/como-obtener-residencia-permanente-en-panama\/\">Como Obtener Residencia Permanente en Panam\u00e1<\/a><\/li>\n\t<li id=\"menu-item-237536\" class=\"menu-item menu-item-type-post_type menu-item-object-page menu-item-237536\"><a href=\"https:\/\/www.relofirm.com\/es\/visas-para-panama-panama-inmigracion\/naturalizacion\/\">Naturalizaci\u00f3n en Panam\u00e1<\/a><\/li>\n\t<li id=\"menu-item-7644\" class=\"menu-item menu-item-type-post_type menu-item-object-page menu-item-7644\"><a href=\"https:\/\/www.relofirm.com\/es\/visas-de-paises-amigos-de-panama\/\">Visas de Paises Amigos de Panama<\/a><\/li>\n\t<li id=\"menu-item-7645\" class=\"menu-item menu-item-type-post_type menu-item-object-page menu-item-7645\"><a href=\"https:\/\/www.relofirm.com\/es\/visas-de-pensionado-en-panama-visa-jubilados\/\">Visa de Pensionado en Panam\u00e1 (Visa Jubilados)<\/a><\/li>\n\t<li id=\"menu-item-10943\" class=\"menu-item menu-item-type-post_type menu-item-object-page menu-item-10943\"><a href=\"https:\/\/www.relofirm.com\/es\/residente-permanente-en-calidad-de-inversionista-calificado\/\">Residente Permanente en Calidad de Inversionista Calificado<\/a><\/li>\n\t<li id=\"menu-item-7646\" class=\"menu-item menu-item-type-post_type menu-item-object-page menu-item-7646\"><a href=\"https:\/\/www.relofirm.com\/es\/visa-de-auto-solvencia-economica-en-panama\/\">Visa de Auto Solvencia Econ\u00f3mica en Panama<\/a><\/li>\n\t<li id=\"menu-item-7647\" class=\"menu-item menu-item-type-post_type menu-item-object-page menu-item-7647\"><a href=\"https:\/\/www.relofirm.com\/es\/visa-de-reforestacion\/\">Visa de Reforestaci\u00f3n<\/a><\/li>\n\t<li id=\"menu-item-7648\" class=\"menu-item menu-item-type-post_type menu-item-object-page menu-item-7648\"><a href=\"https:\/\/www.relofirm.com\/es\/programa-de-inversionista-agricola\/\">Programa de Inversionista Agr\u00edcola<\/a><\/li>\n\t<li id=\"menu-item-7649\" class=\"menu-item menu-item-type-post_type menu-item-object-page menu-item-7649\"><a href=\"https:\/\/www.relofirm.com\/es\/programa-de-inversionista-en-zona-procesadora-libre-de-impuestos\/\">Programa de Inversionista en Zona Procesadora Libre de Impuestos<\/a><\/li>\n\t<li id=\"menu-item-7650\" class=\"menu-item menu-item-type-post_type menu-item-object-page menu-item-7650\"><a href=\"https:\/\/www.relofirm.com\/es\/visa-de-trabajo-para-la-ciudad-del-saber\/\">Visa de Trabajo para la Ciudad del Saber<\/a><\/li>\n\t<li id=\"menu-item-7651\" class=\"menu-item menu-item-type-post_type menu-item-object-page menu-item-7651\"><a href=\"https:\/\/www.relofirm.com\/es\/visa-de-misionero\/\">Visa de Misionero<\/a><\/li>\n\t<li id=\"menu-item-7652\" class=\"menu-item menu-item-type-post_type menu-item-object-page menu-item-7652\"><a href=\"https:\/\/www.relofirm.com\/es\/visa-de-estudiante-panama\/\">Visa de Estudiante Panama<\/a><\/li>\n\t<li id=\"menu-item-7653\" class=\"menu-item menu-item-type-post_type menu-item-object-page menu-item-7653\"><a href=\"https:\/\/www.relofirm.com\/es\/inmigracion-panamena-visa-de-multiples-entradas-y-salidas\/\">Inmigracion Panamena Visa de M\u00faltiples Entradas y Salidas<\/a><\/li>\n\t<li id=\"menu-item-7654\" class=\"menu-item menu-item-type-post_type menu-item-object-page menu-item-7654\"><a href=\"https:\/\/www.relofirm.com\/es\/visa-de-turista-en-panama\/\">Visa de Turista en Panam\u00e1<\/a><\/li>\n\t<li id=\"menu-item-7655\" class=\"menu-item menu-item-type-post_type menu-item-object-page menu-item-7655\"><a href=\"https:\/\/www.relofirm.com\/es\/autorizacion-de-visa-de-turista-en-panama\/\">Autorizacion de visa de Turista en Panama<\/a><\/li>\n\t<li id=\"menu-item-7656\" class=\"menu-item menu-item-type-post_type menu-item-object-page menu-item-7656\"><a href=\"https:\/\/www.relofirm.com\/es\/visa-de-marino-en-panama\/\">Visa de Marino en Panama<\/a><\/li>\n\t<li id=\"menu-item-7657\" class=\"menu-item menu-item-type-post_type menu-item-object-page menu-item-7657\"><a href=\"https:\/\/www.relofirm.com\/es\/visa-de-trabajadores-especialistas-en-panama\/\">Visa de Trabajadores Especialistas en Panama<\/a><\/li>\n\t<li id=\"menu-item-7658\" class=\"menu-item menu-item-type-post_type menu-item-object-page menu-item-7658\"><a href=\"https:\/\/www.relofirm.com\/es\/visa-de-residencia-en-panama-para-ciudadanos-italianos\/\">Visa de Residencia en Panama para Ciudadanos Italianos<\/a><\/li>\n\t<li id=\"menu-item-7659\" class=\"menu-item menu-item-type-post_type menu-item-object-page menu-item-7659\"><a href=\"https:\/\/www.relofirm.com\/es\/visa-para-trabajadores-eventuales-en-la-cultura-deporte-o-educacion\/\">Visa para Trabajadores Eventuales en la Cultura, Deporte o Educacion<\/a><\/li>\n\t<li id=\"menu-item-7660\" class=\"menu-item menu-item-type-post_type menu-item-object-page menu-item-7660\"><a href=\"https:\/\/www.relofirm.com\/es\/visa-de-trabajadores-domesticos-en-panama\/\">Visa de Trabajadores Dom\u00e9sticos en Panam\u00e1<\/a><\/li>\n\t<li id=\"menu-item-7661\" class=\"menu-item menu-item-type-post_type menu-item-object-page menu-item-7661\"><a href=\"https:\/\/www.relofirm.com\/es\/visas-de-corta-estancia-en-panama\/\">Visas de Corta Estancia en Panama<\/a><\/li>\n\t<li id=\"menu-item-7662\" class=\"menu-item menu-item-type-post_type menu-item-object-page menu-item-7662\"><a href=\"https:\/\/www.relofirm.com\/es\/visa-de-pasajeros-y-tripulantes-de-naves-con-fines-de-recreo-o-turismo-en-panama\/\">Visa de Pasajeros y Tripulantes de Naves con Fines de Recreo o Turismo en Panam\u00e1<\/a><\/li>\n\t<li id=\"menu-item-7663\" class=\"menu-item menu-item-type-post_type menu-item-object-page menu-item-7663\"><a href=\"https:\/\/www.relofirm.com\/es\/visa-de-trabajo-en-panama-para-residencia-temporal\/\">Visa de Trabajo en Panama para Residencia Temporal<\/a><\/li>\n\t<li id=\"menu-item-7664\" class=\"menu-item menu-item-type-post_type menu-item-object-page menu-item-7664\"><a href=\"https:\/\/www.relofirm.com\/es\/visas-de-residencia-temporal-en-panama-por-razones-especiales\/\">Visas de Residencia Temporal en Panama por Razones Especiales<\/a><\/li>\n\t<li id=\"menu-item-7665\" class=\"menu-item menu-item-type-post_type menu-item-object-page menu-item-7665\"><a href=\"https:\/\/www.relofirm.com\/es\/permisos-temporales-por-razones-humanitarias-en-panama\/\">Permisos Temporales por Razones Humanitarias en Panam\u00e1<\/a><\/li>\n\t<li id=\"menu-item-7666\" class=\"menu-item menu-item-type-post_type menu-item-object-page menu-item-7666\"><a href=\"https:\/\/www.relofirm.com\/es\/visas-por-politicas-especiales-en-panama\/\">Visas por Pol\u00edticas Especiales en Panam\u00e1<\/a><\/li>\n\t<li id=\"menu-item-7667\" class=\"menu-item menu-item-type-post_type menu-item-object-page menu-item-7667\"><a href=\"https:\/\/www.relofirm.com\/es\/visas-de-residencia-permanente-de-reagrupacion-familiar-en-panama\/\">Visas de Residencia Permanente de Reagrupaci\u00f3n Familiar en Panam\u00e1<\/a><\/li>\n\t<li id=\"menu-item-7668\" class=\"menu-item menu-item-type-post_type menu-item-object-page menu-item-7668\"><a href=\"https:\/\/www.relofirm.com\/es\/visas-para-extranjeros-bajo-proteccion-del-estado-refugiados\/\">Visas para Extranjeros Bajo Protecci\u00f3n del Estado (Refugiados)<\/a><\/li>\n\t<li id=\"menu-item-7669\" class=\"menu-item menu-item-type-post_type menu-item-object-page menu-item-7669\"><a href=\"https:\/\/www.relofirm.com\/es\/cambio-del-estatus-migratorio-de-panama\/\">Cambio del Estatus Migratorio de Panama<\/a><\/li>\n\t<li id=\"menu-item-7670\" class=\"menu-item menu-item-type-post_type menu-item-object-page menu-item-7670\"><a href=\"https:\/\/www.relofirm.com\/es\/control-migratorio-de-panama\/\">Control Migratorio de Panam\u00e1<\/a><\/li>\n\t<li id=\"menu-item-7672\" class=\"menu-item menu-item-type-post_type menu-item-object-page menu-item-7672\"><a href=\"https:\/\/www.relofirm.com\/es\/introduccion-de-mascotas-a-panama\/\">Introducci\u00f3n de Mascotas a Panam\u00e1<\/a><\/li>\n\t<li id=\"menu-item-7673\" class=\"menu-item menu-item-type-post_type menu-item-object-page menu-item-7673\"><a href=\"https:\/\/www.relofirm.com\/es\/verificacion-de-antecedentes-penales-en-panama\/\">Verificacion de Antecedentes Penales en Panama<\/a><\/li>\n\t<li id=\"menu-item-7674\" class=\"menu-item menu-item-type-post_type menu-item-object-page menu-item-7674\"><a href=\"https:\/\/www.relofirm.com\/es\/los-padres-de-ninos-nacidos-en-panama-podran-convertirse-en-residentes-permanentes\/\">Los Padres de Ninos Nacidos en Panama Podran Convertirse en Residentes Permanentes<\/a><\/li>\n\t<li id=\"menu-item-7675\" class=\"menu-item menu-item-type-post_type menu-item-object-page menu-item-7675\"><a href=\"https:\/\/www.relofirm.com\/es\/como-obetener-un-certificado-de-nacimiento-defuncion\/\">Certificado de Nacimiento o de Defuncion de Personas Nacidas en el Area del Canal<\/a><\/li>\n<\/ul>\n<\/li>\n<\/ul><\/div>\n<hr \/>\n<p>El Servicio Nacional de Migraci\u00f3n de Panam\u00e1 ha eliminado el tr\u00e1mite de la Visa de Entrada y Salida Multiple para todas aquellas personas a quienes les ha sido aprobada la Visa de Residencia Temporal y la Visa de Residencia Permanente. La Visa de Entrada y Salida Multiple es requerida \u00fanicamente para aquellos solicitantes del Permiso de Residencia Provisional, la cual tiene una vigencia de tres (3) meses y renovable por el mismo per\u00edodo hasta un (1) a\u00f1o, que se encuentran en tr\u00e1mite de la Residencia Legal en Panam\u00e1.<\/p>\n<p>Para ser m\u00e1s precisos, todo aquel solicitante de Visa de Residencia Legal en Panam\u00e1, bien sea Temporal o Permanente, y antes de que su Visa sea formalmente aprobada mediante una resoluci\u00f3n, requerir\u00e1 tramitar la solicitud de un Permiso Provisional de Residencia ante el Servicio Nacional de Migraci\u00f3n, el cual es v\u00e1lido por un per\u00edodo de tres (3) meses y prorrogable hasta un (1) a\u00f1o, y le permitir\u00e1 al solicitante residir legalmente en Panam\u00e1 por ese per\u00edodo y hasta que su Visa de Residencia Temporal o Permanente sea formalmente aprobada.<\/p>\n<p>Si el tr\u00e1mite de la aprobaci\u00f3n de la residencia temporal demora entre tres (3) meses y un (1) a\u00f1o, entonces se debe renovar y deber\u00e1 extenderse el permiso provisional. Todos los extranjeros que tengan la tarjeta de Permiso Provisional, deben solicitar la Visa de M\u00faltiples Entradas y Salidas si desean abandonar Panam\u00e1 y volver a ingresar durante el tiempo que dure en obtener la aprobaci\u00f3n de su Visa de Residencia.<\/p>\n<h2>PROGRAMA DE VISA DE ENTRADA Y SALIDA M\u00daLTIPLE<\/h2>\n<p>International Relocation Firm puede asistir a los extranjeros en el tr\u00e1mite de adquisici\u00f3n de su Visa de M\u00faltiples Entradas y Salidas.<\/p>\n<p>El gobierno de la Rep\u00fablica de Panam\u00e1 proporciona Visas de Residencia para que los extranjeros que deseen residenciarse en Panam\u00e1 puedan hacerlo legalmente.<\/p>\n<p>Un \u201cinmigrante\u201d, es un extranjero o turista que ha aplicado por la Visa de Residencia en Panam\u00e1.<\/p>\n<p>Un \u201cresidente\u201d es un extranjero o turista que ha completado el Programa de Solicitud de Visa de Residencia en Panam\u00e1 y que ha obtenido su tarjeta de residencia permanente.<\/p>\n<p>El art\u00edculo 264 del Decreto Ejecutivo 320 del 8 de Agosto de 2008, aboli\u00f3 el requisito de la Visa de Entrada y Salida M\u00faltiple para los extranjeros que son residentes en Panam\u00e1, a saber:<\/p>\n<ul>\n<li>Aquellas personas que actualmente poseen C\u00e9dula Paname\u00f1a.<\/li>\n<li>Aquellas personas que poseen un permiso de residencia provisional en Panam\u00e1 por un (1) a\u00f1o.<\/li>\n<li>Aquellas personas que poseen una Residencia Temporal por uno (1) o dos (2) a\u00f1os.<\/li>\n<li>Aquellas personas que poseen un carnet de pensionado o jubilado.<\/li>\n<\/ul>\n<p>Al ingresar a Panam\u00e1 por el Aeropuerto Internacional, las autoridades de Migraci\u00f3n honrar\u00e1n la C\u00e9dula (Documento de Identificaci\u00f3n Nacional) o el respectivo Carnet de Residencia.<\/p>\n<p>Nota: Las \u00fanicas personas que necesitar\u00e1n solicitar un permiso de m\u00faltiples entradas y salidas en Panam\u00e1, ser\u00e1n aquellos que se encuentran en la fase inicial del tr\u00e1mite de residencia legal y que poseen un permiso provisional de residencia con una vigencia de entre tres (3) meses y un (1) a\u00f1o. La tarifa fijada por el gobierno para \u00e9ste tr\u00e1mite se sit\u00faa en cincuenta ($50.00) D\u00f3lares Americanos.<\/p>\n<h2>VISA MULTIPLE PANAMA<\/h2>\n<p>La Visa de M\u00faltiples Entradas y Salidas de Panam\u00e1, se otorgar\u00e1 por el tiempo de vigencia del permiso provisional de residencia, lo cual depender\u00e1 de la evaluaci\u00f3n de la solicitud, el cumplimiento de los requisitos y la petici\u00f3n del solicitante.<\/p>\n<p>La solicitud de la Visa de M\u00faltiples Entradas y Salidas debe ser presentada personalmente o a trav\u00e9s de un abogado autorizado y se requerir\u00e1 entregar la siguiente documentaci\u00f3n:<\/p>\n<ul>\n<li>Solicitud de la Visa de M\u00faltiples Entradas y Salidas.<\/li>\n<li>Original y copia de su pasaporte vigente, lo cual dar\u00e1 constancia de que su estad\u00eda en Panam\u00e1 satisface los t\u00e9rminos legales.<\/li>\n<li>Original y copia de la tarjeta de identidad de inmigraci\u00f3n de Panam\u00e1. (Si aplica)<\/li>\n<li>Prueba de solvencia econ\u00f3mica (Solo para los no-residentes)<\/li>\n<li>Certificaci\u00f3n como comerciante o empresario o las razones por las cuales requiere \u00e9sta autorizaci\u00f3n. Si el extranjero es invitado por alguna empresa, deber\u00e1 entregar:\n<ul>\n<li>\u00a0Carta de invitaci\u00f3n de la empresa, debidamente firmada por el Gerente o representante legal con la copia del respectivo documento de identificaci\u00f3n.<\/li>\n<li>\u00a0Copia del Certificado de Registro P\u00fablico de la empresa.<\/li>\n<li>Carta de referencia bancaria de la empresa.<\/li>\n<\/ul>\n<\/li>\n<\/ul>\n<p>Nota: Todos quienes poseen la residencia temporal o permanente en Panam\u00e1, disponen de la posibilidad de entrar y salir de Panam\u00e1 sin necesidad de requerir previamente de \u00e9ste permiso emitido por el Servicio Nacional de Migraci\u00f3n de Panam\u00e1, excepto para aquellos casos en los que las autoridades competentes interpongan medidas preventivas o restricciones de entrada y salida.<\/p>\n<p><strong>Vigencia<\/strong>: La Visa de m\u00faltiples entradas y salidas de Panam\u00e1 por el t\u00e9rmino del permiso provisional de residencia (Tarjeta Provisional de Procesamiento)<\/p>\n<p><strong>Per\u00edodo de Tiempo<\/strong>: El tr\u00e1mite de la solicitud de la Visa de M\u00faltiples Entradas y Salidas en las oficinas del Servicio Nacional de Migraci\u00f3n en Panam\u00e1 puede llevar entre tres (3) y cinco (5) d\u00edas h\u00e1biles.<\/p>\n<h2>DOCUMENTOS REQUERIDOS PARA EL PROCESAMIENTO<\/h2>\n<ul>\n<li>Original y fotocopia del pasaporte vigente del solicitante, incluyendo la p\u00e1gina donde aparece la fotograf\u00eda, nombre, fecha de nacimiento, n\u00famero de pasaporte, lugar de emisi\u00f3n, etc.; as\u00ed como el resto de las p\u00e1ginas donde se muestran los sellos de entradas y salidas a los distintos pa\u00edses visitados.<\/li>\n<li>Dos (2) fotograf\u00edas tama\u00f1o pasaporte del solicitante.<\/li>\n<li>Copia del Permiso Provisional de Residencia (Tarjeta Provisional de Procesamiento)<\/li>\n<\/ul>\n<h3>DOCUMENTOS QUE NUESTRA FIRMA LEGAL LE PROPORCIONARA<\/h3>\n<p>Poder especial debidamente firmado por el solicitante y otorgado a un abogado de nuestra firma, mediante el cual se autoriza el procesamiento de la documentaci\u00f3n de inmigraci\u00f3n para el tr\u00e1mite de Visa de M\u00faltiples Entradas y Salidas.<\/p>\n<h3>HONORARIOS DE International Relocation Firm<\/h3>\n<p>Honorarios por Gesti\u00f3n de Tr\u00e1mite de Visa de Entrada y Salida Multiple: Doscientos ($200.00) D\u00f3lares Americanos.<\/p>\n<p>Honorarios Gubernamentales y Otros Costos (Un a\u00f1o o menos): Cincuenta ($50.00) D\u00f3lares Americanos.<\/p>\n<p>Si Usted est\u00e1 interesado en reubicarse o en obtener la residencia legal en Panam\u00e1, por favor p\u00f3ngase en contacto con nuestra firma International Relocation Firm, y gustosamente lo atenderemos brind\u00e1ndole una atenci\u00f3n personalizada.<\/p>\n<hr \/>\n","protected":false},"excerpt":{"rendered":"<p>El Servicio Nacional de Migraci\u00f3n de Panam\u00e1 ha eliminado el tr\u00e1mite de la Visa de Entrada y Salida Multiple para todas aquellas personas a quienes les ha sido aprobada la Visa de Residencia Temporal y la Visa de Residencia Permanente. La Visa de Entrada y Salida Multiple es requerida \u00fanicamente para aquellos solicitantes del Permiso [&hellip;]<\/p>\n","protected":false},"author":10,"featured_media":0,"parent":0,"menu_order":0,"comment_status":"closed","ping_status":"closed","template":"","meta":{"_et_pb_use_builder":"","_et_pb_old_content":"","_et_gb_content_width":"","inline_featured_image":false},"yoast_head":"<!-- This site is optimized with the Yoast SEO plugin v18.5.1 - https:\/\/yoast.com\/wordpress\/plugins\/seo\/ -->\n<title>Inmigracion Panamena Visa de M\u00faltiples Entradas y Salidas<\/title>\n<meta name=\"description\" content=\"El Servicio de Migraci\u00f3n de Panam\u00e1 ha eliminado el requisito de una Visa de Entrada y Salida M\u00faltiple para todas las visas temporales de 1 a\u00f1o o residentes ...\" \/>\n<meta name=\"robots\" content=\"index, follow, max-snippet:-1, max-image-preview:large, max-video-preview:-1\" \/>\n<link rel=\"canonical\" href=\"https:\/\/www.relofirm.com\/es\/inmigracion-panamena-visa-de-multiples-entradas-y-salidas\/\" \/>\n<meta property=\"og:locale\" content=\"es_ES\" \/>\n<meta property=\"og:type\" content=\"article\" \/>\n<meta property=\"og:title\" content=\"Inmigracion Panamena Visa de M\u00faltiples Entradas y Salidas\" \/>\n<meta property=\"og:description\" content=\"El Servicio de Migraci\u00f3n de Panam\u00e1 ha eliminado el requisito de una Visa de Entrada y Salida M\u00faltiple para todas las visas temporales de 1 a\u00f1o o residentes ...\" \/>\n<meta property=\"og:url\" content=\"https:\/\/www.relofirm.com\/es\/inmigracion-panamena-visa-de-multiples-entradas-y-salidas\/\" \/>\n<meta property=\"og:site_name\" content=\"International Relocation Firm\" \/>\n<meta property=\"article:publisher\" content=\"https:\/\/www.facebook.com\/ReloFirm\/\" \/>\n<meta property=\"article:modified_time\" content=\"2020-09-25T05:33:06+00:00\" \/>\n<meta name=\"twitter:label1\" content=\"Tiempo de lectura\" \/>\n\t<meta name=\"twitter:data1\" content=\"5 minutos\" \/>\n<!-- \/ Yoast SEO plugin. -->","yoast_head_json":{"title":"Inmigracion Panamena Visa de M\u00faltiples Entradas y Salidas","description":"El Servicio de Migraci\u00f3n de Panam\u00e1 ha eliminado el requisito de una Visa de Entrada y Salida M\u00faltiple para todas las visas temporales de 1 a\u00f1o o residentes ...","robots":{"index":"index","follow":"follow","max-snippet":"max-snippet:-1","max-image-preview":"max-image-preview:large","max-video-preview":"max-video-preview:-1"},"canonical":"https:\/\/www.relofirm.com\/es\/inmigracion-panamena-visa-de-multiples-entradas-y-salidas\/","og_locale":"es_ES","og_type":"article","og_title":"Inmigracion Panamena Visa de M\u00faltiples Entradas y Salidas","og_description":"El Servicio de Migraci\u00f3n de Panam\u00e1 ha eliminado el requisito de una Visa de Entrada y Salida M\u00faltiple para todas las visas temporales de 1 a\u00f1o o residentes ...","og_url":"https:\/\/www.relofirm.com\/es\/inmigracion-panamena-visa-de-multiples-entradas-y-salidas\/","og_site_name":"International Relocation Firm","article_publisher":"https:\/\/www.facebook.com\/ReloFirm\/","article_modified_time":"2020-09-25T05:33:06+00:00","twitter_misc":{"Tiempo de lectura":"5 minutos"},"schema":{"@context":"https:\/\/schema.org","@graph":[{"@type":"Organization","@id":"https:\/\/www.relofirm.com\/#organization","name":"International Relocation Firm","url":"https:\/\/www.relofirm.com\/","sameAs":["https:\/\/www.facebook.com\/ReloFirm\/","https:\/\/www.linkedin.com\/company\/relo-firm","https:\/\/twitter.com\/polslegal"],"logo":{"@type":"ImageObject","@id":"https:\/\/www.relofirm.com\/#logo","inLanguage":"es","url":"https:\/\/www.relofirm.com\/wp-content\/uploads\/2021\/11\/relofirm-logo.svg","contentUrl":"https:\/\/www.relofirm.com\/wp-content\/uploads\/2021\/11\/relofirm-logo.svg","width":1485,"height":516,"caption":"International Relocation Firm"},"image":{"@id":"https:\/\/www.relofirm.com\/#logo"}},{"@type":"WebSite","@id":"https:\/\/www.relofirm.com\/#website","url":"https:\/\/www.relofirm.com\/","name":"International Relocation Firm","description":"","publisher":{"@id":"https:\/\/www.relofirm.com\/#organization"},"potentialAction":[{"@type":"SearchAction","target":{"@type":"EntryPoint","urlTemplate":"https:\/\/www.relofirm.com\/?s={search_term_string}"},"query-input":"required name=search_term_string"}],"inLanguage":"es"},{"@type":"WebPage","@id":"https:\/\/www.relofirm.com\/es\/inmigracion-panamena-visa-de-multiples-entradas-y-salidas\/#webpage","url":"https:\/\/www.relofirm.com\/es\/inmigracion-panamena-visa-de-multiples-entradas-y-salidas\/","name":"Inmigracion Panamena Visa de M\u00faltiples Entradas y Salidas","isPartOf":{"@id":"https:\/\/www.relofirm.com\/#website"},"datePublished":"2010-10-07T05:00:00+00:00","dateModified":"2020-09-25T05:33:06+00:00","description":"El Servicio de Migraci\u00f3n de Panam\u00e1 ha eliminado el requisito de una Visa de Entrada y Salida M\u00faltiple para todas las visas temporales de 1 a\u00f1o o residentes ...","breadcrumb":{"@id":"https:\/\/www.relofirm.com\/es\/inmigracion-panamena-visa-de-multiples-entradas-y-salidas\/#breadcrumb"},"inLanguage":"es","potentialAction":[{"@type":"ReadAction","target":["https:\/\/www.relofirm.com\/es\/inmigracion-panamena-visa-de-multiples-entradas-y-salidas\/"]}]},{"@type":"BreadcrumbList","@id":"https:\/\/www.relofirm.com\/es\/inmigracion-panamena-visa-de-multiples-entradas-y-salidas\/#breadcrumb","itemListElement":[{"@type":"ListItem","position":1,"name":"Home","item":"https:\/\/www.relofirm.com\/es\/"},{"@type":"ListItem","position":2,"name":"Inmigracion Panamena Visa de M\u00faltiples Entradas y Salidas"}]}]}},"_links":{"self":[{"href":"https:\/\/www.relofirm.com\/es\/wp-json\/wp\/v2\/pages\/7046"}],"collection":[{"href":"https:\/\/www.relofirm.com\/es\/wp-json\/wp\/v2\/pages"}],"about":[{"href":"https:\/\/www.relofirm.com\/es\/wp-json\/wp\/v2\/types\/page"}],"author":[{"embeddable":true,"href":"https:\/\/www.relofirm.com\/es\/wp-json\/wp\/v2\/users\/10"}],"replies":[{"embeddable":true,"href":"https:\/\/www.relofirm.com\/es\/wp-json\/wp\/v2\/comments?post=7046"}],"version-history":[{"count":1,"href":"https:\/\/www.relofirm.com\/es\/wp-json\/wp\/v2\/pages\/7046\/revisions"}],"predecessor-version":[{"id":7965,"href":"https:\/\/www.relofirm.com\/es\/wp-json\/wp\/v2\/pages\/7046\/revisions\/7965"}],"wp:attachment":[{"href":"https:\/\/www.relofirm.com\/es\/wp-json\/wp\/v2\/media?parent=7046"}],"curies":[{"name":"wp","href":"https:\/\/api.w.org\/{rel}","templated":true}]}}