{"id":7045,"date":"2010-10-07T00:00:00","date_gmt":"2010-10-07T05:00:00","guid":{"rendered":"https:\/\/relofirm.com\/student_visa\/"},"modified":"2020-09-25T00:40:12","modified_gmt":"2020-09-25T05:40:12","slug":"visa-de-estudiante-panama","status":"publish","type":"page","link":"https:\/\/www.relofirm.com\/es\/visa-de-estudiante-panama\/","title":{"rendered":"Visa de Estudiante Panama"},"content":{"rendered":"<div class=\"menu-immigration-en-container\"><ul id=\"menu-immigration-en\" class=\"menu\"><li id=\"menu-item-7642\" class=\"menu-item menu-item-type-post_type menu-item-object-page menu-item-has-children menu-item-7642\"><a href=\"https:\/\/www.relofirm.com\/es\/visas-para-panama-panama-inmigracion\/\">Visas para Panam\u00e1: Panam\u00e1 Inmigraci\u00f3n<\/a>\n<ul class=\"sub-menu\">\n\t<li id=\"menu-item-7643\" class=\"menu-item menu-item-type-post_type menu-item-object-page menu-item-7643\"><a href=\"https:\/\/www.relofirm.com\/es\/como-obtener-residencia-permanente-en-panama\/\">Como Obtener Residencia Permanente en Panam\u00e1<\/a><\/li>\n\t<li id=\"menu-item-237536\" class=\"menu-item menu-item-type-post_type menu-item-object-page menu-item-237536\"><a href=\"https:\/\/www.relofirm.com\/es\/visas-para-panama-panama-inmigracion\/naturalizacion\/\">Naturalizaci\u00f3n en Panam\u00e1<\/a><\/li>\n\t<li id=\"menu-item-7644\" class=\"menu-item menu-item-type-post_type menu-item-object-page menu-item-7644\"><a href=\"https:\/\/www.relofirm.com\/es\/visas-de-paises-amigos-de-panama\/\">Visas de Paises Amigos de Panama<\/a><\/li>\n\t<li id=\"menu-item-7645\" class=\"menu-item menu-item-type-post_type menu-item-object-page menu-item-7645\"><a href=\"https:\/\/www.relofirm.com\/es\/visas-de-pensionado-en-panama-visa-jubilados\/\">Visa de Pensionado en Panam\u00e1 (Visa Jubilados)<\/a><\/li>\n\t<li id=\"menu-item-10943\" class=\"menu-item menu-item-type-post_type menu-item-object-page menu-item-10943\"><a href=\"https:\/\/www.relofirm.com\/es\/residente-permanente-en-calidad-de-inversionista-calificado\/\">Residente Permanente en Calidad de Inversionista Calificado<\/a><\/li>\n\t<li id=\"menu-item-7646\" class=\"menu-item menu-item-type-post_type menu-item-object-page menu-item-7646\"><a href=\"https:\/\/www.relofirm.com\/es\/visa-de-auto-solvencia-economica-en-panama\/\">Visa de Auto Solvencia Econ\u00f3mica en Panama<\/a><\/li>\n\t<li id=\"menu-item-7647\" class=\"menu-item menu-item-type-post_type menu-item-object-page menu-item-7647\"><a href=\"https:\/\/www.relofirm.com\/es\/visa-de-reforestacion\/\">Visa de Reforestaci\u00f3n<\/a><\/li>\n\t<li id=\"menu-item-7648\" class=\"menu-item menu-item-type-post_type menu-item-object-page menu-item-7648\"><a href=\"https:\/\/www.relofirm.com\/es\/programa-de-inversionista-agricola\/\">Programa de Inversionista Agr\u00edcola<\/a><\/li>\n\t<li id=\"menu-item-7649\" class=\"menu-item menu-item-type-post_type menu-item-object-page menu-item-7649\"><a href=\"https:\/\/www.relofirm.com\/es\/programa-de-inversionista-en-zona-procesadora-libre-de-impuestos\/\">Programa de Inversionista en Zona Procesadora Libre de Impuestos<\/a><\/li>\n\t<li id=\"menu-item-7650\" class=\"menu-item menu-item-type-post_type menu-item-object-page menu-item-7650\"><a href=\"https:\/\/www.relofirm.com\/es\/visa-de-trabajo-para-la-ciudad-del-saber\/\">Visa de Trabajo para la Ciudad del Saber<\/a><\/li>\n\t<li id=\"menu-item-7651\" class=\"menu-item menu-item-type-post_type menu-item-object-page menu-item-7651\"><a href=\"https:\/\/www.relofirm.com\/es\/visa-de-misionero\/\">Visa de Misionero<\/a><\/li>\n\t<li id=\"menu-item-7652\" class=\"menu-item menu-item-type-post_type menu-item-object-page menu-item-7652\"><a href=\"https:\/\/www.relofirm.com\/es\/visa-de-estudiante-panama\/\">Visa de Estudiante Panama<\/a><\/li>\n\t<li id=\"menu-item-7653\" class=\"menu-item menu-item-type-post_type menu-item-object-page menu-item-7653\"><a href=\"https:\/\/www.relofirm.com\/es\/inmigracion-panamena-visa-de-multiples-entradas-y-salidas\/\">Inmigracion Panamena Visa de M\u00faltiples Entradas y Salidas<\/a><\/li>\n\t<li id=\"menu-item-7654\" class=\"menu-item menu-item-type-post_type menu-item-object-page menu-item-7654\"><a href=\"https:\/\/www.relofirm.com\/es\/visa-de-turista-en-panama\/\">Visa de Turista en Panam\u00e1<\/a><\/li>\n\t<li id=\"menu-item-7655\" class=\"menu-item menu-item-type-post_type menu-item-object-page menu-item-7655\"><a href=\"https:\/\/www.relofirm.com\/es\/autorizacion-de-visa-de-turista-en-panama\/\">Autorizacion de visa de Turista en Panama<\/a><\/li>\n\t<li id=\"menu-item-7656\" class=\"menu-item menu-item-type-post_type menu-item-object-page menu-item-7656\"><a href=\"https:\/\/www.relofirm.com\/es\/visa-de-marino-en-panama\/\">Visa de Marino en Panama<\/a><\/li>\n\t<li id=\"menu-item-7657\" class=\"menu-item menu-item-type-post_type menu-item-object-page menu-item-7657\"><a href=\"https:\/\/www.relofirm.com\/es\/visa-de-trabajadores-especialistas-en-panama\/\">Visa de Trabajadores Especialistas en Panama<\/a><\/li>\n\t<li id=\"menu-item-7658\" class=\"menu-item menu-item-type-post_type menu-item-object-page menu-item-7658\"><a href=\"https:\/\/www.relofirm.com\/es\/visa-de-residencia-en-panama-para-ciudadanos-italianos\/\">Visa de Residencia en Panama para Ciudadanos Italianos<\/a><\/li>\n\t<li id=\"menu-item-7659\" class=\"menu-item menu-item-type-post_type menu-item-object-page menu-item-7659\"><a href=\"https:\/\/www.relofirm.com\/es\/visa-para-trabajadores-eventuales-en-la-cultura-deporte-o-educacion\/\">Visa para Trabajadores Eventuales en la Cultura, Deporte o Educacion<\/a><\/li>\n\t<li id=\"menu-item-7660\" class=\"menu-item menu-item-type-post_type menu-item-object-page menu-item-7660\"><a href=\"https:\/\/www.relofirm.com\/es\/visa-de-trabajadores-domesticos-en-panama\/\">Visa de Trabajadores Dom\u00e9sticos en Panam\u00e1<\/a><\/li>\n\t<li id=\"menu-item-7661\" class=\"menu-item menu-item-type-post_type menu-item-object-page menu-item-7661\"><a href=\"https:\/\/www.relofirm.com\/es\/visas-de-corta-estancia-en-panama\/\">Visas de Corta Estancia en Panama<\/a><\/li>\n\t<li id=\"menu-item-7662\" class=\"menu-item menu-item-type-post_type menu-item-object-page menu-item-7662\"><a href=\"https:\/\/www.relofirm.com\/es\/visa-de-pasajeros-y-tripulantes-de-naves-con-fines-de-recreo-o-turismo-en-panama\/\">Visa de Pasajeros y Tripulantes de Naves con Fines de Recreo o Turismo en Panam\u00e1<\/a><\/li>\n\t<li id=\"menu-item-7663\" class=\"menu-item menu-item-type-post_type menu-item-object-page menu-item-7663\"><a href=\"https:\/\/www.relofirm.com\/es\/visa-de-trabajo-en-panama-para-residencia-temporal\/\">Visa de Trabajo en Panama para Residencia Temporal<\/a><\/li>\n\t<li id=\"menu-item-7664\" class=\"menu-item menu-item-type-post_type menu-item-object-page menu-item-7664\"><a href=\"https:\/\/www.relofirm.com\/es\/visas-de-residencia-temporal-en-panama-por-razones-especiales\/\">Visas de Residencia Temporal en Panama por Razones Especiales<\/a><\/li>\n\t<li id=\"menu-item-7665\" class=\"menu-item menu-item-type-post_type menu-item-object-page menu-item-7665\"><a href=\"https:\/\/www.relofirm.com\/es\/permisos-temporales-por-razones-humanitarias-en-panama\/\">Permisos Temporales por Razones Humanitarias en Panam\u00e1<\/a><\/li>\n\t<li id=\"menu-item-7666\" class=\"menu-item menu-item-type-post_type menu-item-object-page menu-item-7666\"><a href=\"https:\/\/www.relofirm.com\/es\/visas-por-politicas-especiales-en-panama\/\">Visas por Pol\u00edticas Especiales en Panam\u00e1<\/a><\/li>\n\t<li id=\"menu-item-7667\" class=\"menu-item menu-item-type-post_type menu-item-object-page menu-item-7667\"><a href=\"https:\/\/www.relofirm.com\/es\/visas-de-residencia-permanente-de-reagrupacion-familiar-en-panama\/\">Visas de Residencia Permanente de Reagrupaci\u00f3n Familiar en Panam\u00e1<\/a><\/li>\n\t<li id=\"menu-item-7668\" class=\"menu-item menu-item-type-post_type menu-item-object-page menu-item-7668\"><a href=\"https:\/\/www.relofirm.com\/es\/visas-para-extranjeros-bajo-proteccion-del-estado-refugiados\/\">Visas para Extranjeros Bajo Protecci\u00f3n del Estado (Refugiados)<\/a><\/li>\n\t<li id=\"menu-item-7669\" class=\"menu-item menu-item-type-post_type menu-item-object-page menu-item-7669\"><a href=\"https:\/\/www.relofirm.com\/es\/cambio-del-estatus-migratorio-de-panama\/\">Cambio del Estatus Migratorio de Panama<\/a><\/li>\n\t<li id=\"menu-item-7670\" class=\"menu-item menu-item-type-post_type menu-item-object-page menu-item-7670\"><a href=\"https:\/\/www.relofirm.com\/es\/control-migratorio-de-panama\/\">Control Migratorio de Panam\u00e1<\/a><\/li>\n\t<li id=\"menu-item-7672\" class=\"menu-item menu-item-type-post_type menu-item-object-page menu-item-7672\"><a href=\"https:\/\/www.relofirm.com\/es\/introduccion-de-mascotas-a-panama\/\">Introducci\u00f3n de Mascotas a Panam\u00e1<\/a><\/li>\n\t<li id=\"menu-item-7673\" class=\"menu-item menu-item-type-post_type menu-item-object-page menu-item-7673\"><a href=\"https:\/\/www.relofirm.com\/es\/verificacion-de-antecedentes-penales-en-panama\/\">Verificacion de Antecedentes Penales en Panama<\/a><\/li>\n\t<li id=\"menu-item-7674\" class=\"menu-item menu-item-type-post_type menu-item-object-page menu-item-7674\"><a href=\"https:\/\/www.relofirm.com\/es\/los-padres-de-ninos-nacidos-en-panama-podran-convertirse-en-residentes-permanentes\/\">Los Padres de Ninos Nacidos en Panama Podran Convertirse en Residentes Permanentes<\/a><\/li>\n\t<li id=\"menu-item-7675\" class=\"menu-item menu-item-type-post_type menu-item-object-page menu-item-7675\"><a href=\"https:\/\/www.relofirm.com\/es\/como-obetener-un-certificado-de-nacimiento-defuncion\/\">Certificado de Nacimiento o de Defuncion de Personas Nacidas en el Area del Canal<\/a><\/li>\n<\/ul>\n<\/li>\n<\/ul><\/div>\n<hr \/>\n<p>International Relocation Firm\u00a0puede asistirlo en el tr\u00e1mite para la obtenci\u00f3n de una visa de estudiante.<\/p>\n<p>El programa de Visa de Estudiante en permite a los estudiantes extranjeros obtener la residencia legal bajo la condici\u00f3n de que vivir\u00e1 en Panam\u00e1 con prop\u00f3sitos educativos, tales como asistir a una Universidad Paname\u00f1a. Esta es una excelente oportunidad para reubicarse en Panam\u00e1 con la finalidad de obtener la residencia legal.<\/p>\n<p>Existen varias universidades internacionales acreditadas internacionalmente que poseen sucursales en Panam\u00e1, lo cual permitir\u00eda a estudiantes extranjeros reubicarse; algunas de ellas las citamos a continuaci\u00f3n:<\/p>\n<ul>\n<li><a href=\"http:\/\/panama.fsu.edu\/\">Universidad del Estado de Florida<\/a><\/li>\n<li><a href=\"http:\/\/www.nova.edu\/\">Universidad NOVA<\/a><\/li>\n<li><a href=\"qlu.ac.pa\/\">Universidad de Louisville<\/a><\/li>\n<li><a href=\"http:\/\/www.uip.edu.pa\/\">Universidad Interamericana<\/a><\/li>\n<li><a href=\"http:\/\/www.ulat.ac.pa\/\">Universidad Latina de Panam\u00e1<\/a><\/li>\n<li><a href=\"http:\/\/usmapanama.com\/\">Universidad Santa Mar\u00eda La Antigua (USMA)<\/a><\/li>\n<li><a href=\"http:\/\/www.uip.edu.pa\">ULACIT<\/a>.<\/li>\n<\/ul>\n<p>Tenga en cuenta que el Servicio Nacional de Migraci\u00f3n requiere que el solicitante de cualquier tipo de visa, se encuentre presente f\u00edsicamente al momento de introducir la solicitud a Inmigraci\u00f3n.<\/p>\n<p>La oficina del Servicio Nacional de Migraci\u00f3n en Panam\u00e1 no permitir\u00e1 la visita de personas vistiendo pantalones cortos, camisetas o sandalias.<\/p>\n<h2>VISAS TEMPORALES DE RESIDENCIA POR MOTIVOS EDUCATIVOS<\/h2>\n<p>Los extranjeros que deseen cursar estudio regular a tiempo completo en Instituciones Educativas p\u00fablicas o privadas del nivel b\u00e1sico, intermedio, superior y especializado reconocido por el Ministerio de Educaci\u00f3n, podr\u00e1n solicitar la Visa de Estudiante en Panam\u00e1.<br \/>\nLo solicitantes deber\u00e1n inscribir todas las asignaturas correspondientes al plan de estudios, ya sea para un per\u00edodo bimensual, trimestral, semestral o m\u00f3dulo a cursar.<\/p>\n<p>Estar\u00e1n exentos aquellos que se matriculen en horarios nocturnos, establecidos as\u00ed por el Plan de Estudios, para lo cual ser\u00e1 necesaria la certificaci\u00f3n del Instituto Educativo.<\/p>\n<p>Podr\u00e1n optar a la visa de estudio solamente aquellas personas que se dediquen exclusivamente a estudiar. Por lo tanto, durante la vigencia de sus estudios, se les proh\u00edbe trabajar, a excepci\u00f3n de las pr\u00e1cticas profesionales y los cursos requeridos por el Centro Educativo.<\/p>\n<p>Adicional a los requisitos b\u00e1sicos establecidos en el art\u00edculo 28 del Decreto Ley No. 3 del 22 de Febrero de 2008 (Excepto el Dep\u00f3sito de Repatriaci\u00f3n), y la presentaci\u00f3n por medio de un apoderado o representante legal, <strong>el solicitante debe entregar los siguientes documentos:<\/strong><\/p>\n<ul>\n<li>Carta de Admisi\u00f3n emitida por el Centro Educativo donde cursar\u00e1 estudios el solicitante.<\/li>\n<li>Comprobante del pago de la inscripci\u00f3n.<\/li>\n<li>Certificaci\u00f3n emitida por el Centro Educativo, informando lo siguiente: Informaci\u00f3n b\u00e1sica del solicitante, duraci\u00f3n de los estudios, asignaturas o cursos que se han inscrito y el grado m\u00e1ximo a obtener.<\/li>\n<li>Si los estudios se realizar\u00e1n exclusivamente en horarios nocturnos, el Centro Educativo deber\u00e1 certificar que tales cursos se impartir\u00e1n solo en ese horario.<\/li>\n<li>Constancia de Solvencia Econ\u00f3mica, la cual se verificar\u00e1 mediante la consignaci\u00f3n de:\n<ul>\n<li>Documento probatorio de que el estudiante es titular o beneficiario de una Beca de Estudios.<\/li>\n<li>Certificaci\u00f3n autenticada por los padres del estudiante, mediante la cual se hacen responsables por los gastos de estudio de su representado. Deber\u00e1n entregar documento probatorio de su parentesco.<\/li>\n<li>Carta bancaria emitida a favor del solicitante o de la persona financieramente responsable de los gastos de estudio, indicando que la persona posee la solvencia correspondiente para hacer frente a los gastos de educaci\u00f3n y manutenci\u00f3n del solicitante.<\/li>\n<li>En el caso de que el estudiante posea una persona residente que lo patrocine, el patrocinador debe entregar una carta que certifique: el compromiso de asumir los gastos de estudio y sus necesidades b\u00e1sicas, copia de la c\u00e9dula de identidad nacional o tarjeta de residencia del patrocinador.<\/li>\n<\/ul>\n<\/li>\n<li>Si el solicitante es menor de edad, deber\u00e1 entregar\n<ul>\n<li>Copia del Certificado de Nacimiento<\/li>\n<li>Carta de autorizaci\u00f3n escrita por los padres a favor del patrocinador residente (en caso de que ninguno de los padres resida en Panam\u00e1).<\/li>\n<\/ul>\n<\/li>\n<\/ul>\n<p>Para solicitar una <strong>extensi\u00f3n de la Visa de Estudiante en Panam\u00e1<\/strong>, adem\u00e1s de los requisitos mencionados en los numerales anteriores, el solicitante deber\u00e1 entregar:<\/p>\n<ul>\n<li>Cr\u00e9ditos aprobados del a\u00f1o anterior cursado<\/li>\n<\/ul>\n<p>Este permiso se otorga a un plazo de un (1) a\u00f1o, prorrogable anualmente hasta un plazo de seis (6) a\u00f1os. Antes de que el plazo de los seis (6) a\u00f1os expire, el solicitante deber\u00e1 evaluar otra alternativa de Visa para adquirir la residencia legal en Panam\u00e1.<\/p>\n<h2>PROCEDIMIENTO A SEGUIR PARA SOLICITAR LA RESIDENCIA LEGAL EN PANAMA<\/h2>\n<ol>\n<li>Registro del Pasaporte en Inmigraci\u00f3n.<\/li>\n<li>Entregar en el Servicio Nacional de Migraci\u00f3n la solicitud con todos los documentos solicitados incluyendo los comprobantes de pago de los honorarios gubernamentales y el dep\u00f3sito de repatriaci\u00f3n (Si aplica)<\/li>\n<li>El Servicio Nacional de Migraci\u00f3n emite a favor del solicitante el permiso de residencia provisional por un lapso de tres (3) meses y la Visa de M\u00faltiples Entradas y Salidas.<\/li>\n<li>El Departamento de Inmigraci\u00f3n emite a favor del solicitante la Visa de Residencia Temporal por un per\u00edodo de dos (02) a\u00f1os. (Los pasos 3 y 4 se repetir\u00e1n cada vez que sea necesario realizar la renovaci\u00f3n del Permiso Temporal)<\/li>\n<\/ol>\n<h3>HONORARIOS DE International Relocation Firm<\/h3>\n<p><strong>Para solicitante principal<\/strong><\/p>\n<p><strong>Etapa 1.-<\/strong><\/p>\n<ul>\n<li>Honorario por servicios legales para tr\u00e1mite de Visa de Inmigraci\u00f3n y Residencia Temporal por dos (2) a\u00f1os en Panam\u00e1: Dos mil D\u00f3lares Americanos (US$2000)<\/li>\n<li>Impuestos Gubernamentales y otros gastos:\n<ul>\n<li>Tesoro Nacional: Doscientos cincuenta D\u00f3lares Americanos (US$250)<\/li>\n<li>Dep\u00f3sito de Repatriaci\u00f3n: Ochocientos D\u00f3lares Americanos (US$800). (Los cuales ser\u00e1n reembolsados una vez que se apruebe la residencia permanente.)<\/li>\n<li>Otros cargos: Trescientos cincuenta D\u00f3lares Americanos (US$350)<\/li>\n<\/ul>\n<\/li>\n<\/ul>\n<p>Total Importe del Gobierno y Dep\u00f3sito de Repatriaci\u00f3n: Mil cuatrocientos D\u00f3lares Americanos (US$1400)<\/p>\n<p><strong>Para dependientes (C\u00f3nyuges e Hijos menores de 18 a\u00f1os)<\/strong><\/p>\n<p><strong>Etapa 1.-<\/strong><\/p>\n<ul>\n<li>Honorario por servicios legales para tr\u00e1mite de Inmigraci\u00f3n de Visa de Residencia Temporal en Panam\u00e1: Mil quinientos D\u00f3lares Americanos (US$1500)<\/li>\n<li>Impuestos Gubernamentales y otros gastos:\n<ul>\n<li>Tesoro Nacional: Doscientos cincuenta D\u00f3lares Americanos (US$250)<\/li>\n<li>Dep\u00f3sito de Repatriaci\u00f3n: Ochocientos D\u00f3lares Americanos (US$800). (Los cuales ser\u00e1n reembolsados una vez que se apruebe la residencia permanente.)<\/li>\n<li>Otros cargos: Trescientos cincuenta D\u00f3lares Americanos (US$350)<\/li>\n<\/ul>\n<\/li>\n<\/ul>\n<p>Total Importe del Gobierno y Dep\u00f3sito de Repatriaci\u00f3n: Mil cuatrocientos D\u00f3lares Americanos (US$1400)<\/p>\n<p>Si Usted est\u00e1 interesado en reubicarse o en obtener la residencia legal en Panam\u00e1, por favor contacte nuestra firma International Relocation Firm y gustosamente le brindaremos una consulta personalizada.<\/p>\n<hr \/>\n","protected":false},"excerpt":{"rendered":"<p>International Relocation Firm\u00a0puede asistirlo en el tr\u00e1mite para la obtenci\u00f3n de una visa de estudiante. El programa de Visa de Estudiante en permite a los estudiantes extranjeros obtener la residencia legal bajo la condici\u00f3n de que vivir\u00e1 en Panam\u00e1 con prop\u00f3sitos educativos, tales como asistir a una Universidad Paname\u00f1a. Esta es una excelente oportunidad para [&hellip;]<\/p>\n","protected":false},"author":10,"featured_media":0,"parent":0,"menu_order":0,"comment_status":"closed","ping_status":"closed","template":"","meta":{"_et_pb_use_builder":"","_et_pb_old_content":"","_et_gb_content_width":"","inline_featured_image":false},"yoast_head":"<!-- This site is optimized with the Yoast SEO plugin v18.5.1 - https:\/\/yoast.com\/wordpress\/plugins\/seo\/ -->\n<title>Visa de Estudiante Panama: Requisitos &amp; Processo<\/title>\n<meta name=\"description\" content=\"Panama Offshore Legal Services puede asistirlo en el tr\u00e1mite para la obtenci\u00f3n de una visa de estudiante - obtener la residencia en Panam\u00e1 con prop\u00f3sitos educativos.\" \/>\n<meta name=\"robots\" content=\"index, follow, max-snippet:-1, max-image-preview:large, max-video-preview:-1\" \/>\n<link rel=\"canonical\" href=\"https:\/\/www.relofirm.com\/es\/visa-de-estudiante-panama\/\" \/>\n<meta property=\"og:locale\" content=\"es_ES\" \/>\n<meta property=\"og:type\" content=\"article\" \/>\n<meta property=\"og:title\" content=\"Visa de Estudiante Panama: Requisitos &amp; Processo\" \/>\n<meta property=\"og:description\" content=\"Panama Offshore Legal Services puede asistirlo en el tr\u00e1mite para la obtenci\u00f3n de una visa de estudiante - obtener la residencia en Panam\u00e1 con prop\u00f3sitos educativos.\" \/>\n<meta property=\"og:url\" content=\"https:\/\/www.relofirm.com\/es\/visa-de-estudiante-panama\/\" \/>\n<meta property=\"og:site_name\" content=\"International Relocation Firm\" \/>\n<meta property=\"article:publisher\" content=\"https:\/\/www.facebook.com\/ReloFirm\/\" \/>\n<meta property=\"article:modified_time\" content=\"2020-09-25T05:40:12+00:00\" \/>\n<meta name=\"twitter:label1\" content=\"Tiempo de lectura\" \/>\n\t<meta name=\"twitter:data1\" content=\"5 minutos\" \/>\n<!-- \/ Yoast SEO plugin. -->","yoast_head_json":{"title":"Visa de Estudiante Panama: Requisitos & Processo","description":"Panama Offshore Legal Services puede asistirlo en el tr\u00e1mite para la obtenci\u00f3n de una visa de estudiante - obtener la residencia en Panam\u00e1 con prop\u00f3sitos educativos.","robots":{"index":"index","follow":"follow","max-snippet":"max-snippet:-1","max-image-preview":"max-image-preview:large","max-video-preview":"max-video-preview:-1"},"canonical":"https:\/\/www.relofirm.com\/es\/visa-de-estudiante-panama\/","og_locale":"es_ES","og_type":"article","og_title":"Visa de Estudiante Panama: Requisitos & Processo","og_description":"Panama Offshore Legal Services puede asistirlo en el tr\u00e1mite para la obtenci\u00f3n de una visa de estudiante - obtener la residencia en Panam\u00e1 con prop\u00f3sitos educativos.","og_url":"https:\/\/www.relofirm.com\/es\/visa-de-estudiante-panama\/","og_site_name":"International Relocation Firm","article_publisher":"https:\/\/www.facebook.com\/ReloFirm\/","article_modified_time":"2020-09-25T05:40:12+00:00","twitter_misc":{"Tiempo de lectura":"5 minutos"},"schema":{"@context":"https:\/\/schema.org","@graph":[{"@type":"Organization","@id":"https:\/\/www.relofirm.com\/#organization","name":"International Relocation Firm","url":"https:\/\/www.relofirm.com\/","sameAs":["https:\/\/www.facebook.com\/ReloFirm\/","https:\/\/www.linkedin.com\/company\/relo-firm","https:\/\/twitter.com\/polslegal"],"logo":{"@type":"ImageObject","@id":"https:\/\/www.relofirm.com\/#logo","inLanguage":"es","url":"https:\/\/www.relofirm.com\/wp-content\/uploads\/2021\/11\/relofirm-logo.svg","contentUrl":"https:\/\/www.relofirm.com\/wp-content\/uploads\/2021\/11\/relofirm-logo.svg","width":1485,"height":516,"caption":"International Relocation Firm"},"image":{"@id":"https:\/\/www.relofirm.com\/#logo"}},{"@type":"WebSite","@id":"https:\/\/www.relofirm.com\/#website","url":"https:\/\/www.relofirm.com\/","name":"International Relocation Firm","description":"","publisher":{"@id":"https:\/\/www.relofirm.com\/#organization"},"potentialAction":[{"@type":"SearchAction","target":{"@type":"EntryPoint","urlTemplate":"https:\/\/www.relofirm.com\/?s={search_term_string}"},"query-input":"required name=search_term_string"}],"inLanguage":"es"},{"@type":"WebPage","@id":"https:\/\/www.relofirm.com\/es\/visa-de-estudiante-panama\/#webpage","url":"https:\/\/www.relofirm.com\/es\/visa-de-estudiante-panama\/","name":"Visa de Estudiante Panama: Requisitos & Processo","isPartOf":{"@id":"https:\/\/www.relofirm.com\/#website"},"datePublished":"2010-10-07T05:00:00+00:00","dateModified":"2020-09-25T05:40:12+00:00","description":"Panama Offshore Legal Services puede asistirlo en el tr\u00e1mite para la obtenci\u00f3n de una visa de estudiante - obtener la residencia en Panam\u00e1 con prop\u00f3sitos educativos.","breadcrumb":{"@id":"https:\/\/www.relofirm.com\/es\/visa-de-estudiante-panama\/#breadcrumb"},"inLanguage":"es","potentialAction":[{"@type":"ReadAction","target":["https:\/\/www.relofirm.com\/es\/visa-de-estudiante-panama\/"]}]},{"@type":"BreadcrumbList","@id":"https:\/\/www.relofirm.com\/es\/visa-de-estudiante-panama\/#breadcrumb","itemListElement":[{"@type":"ListItem","position":1,"name":"Home","item":"https:\/\/www.relofirm.com\/es\/"},{"@type":"ListItem","position":2,"name":"Visa de Estudiante Panama"}]}]}},"_links":{"self":[{"href":"https:\/\/www.relofirm.com\/es\/wp-json\/wp\/v2\/pages\/7045"}],"collection":[{"href":"https:\/\/www.relofirm.com\/es\/wp-json\/wp\/v2\/pages"}],"about":[{"href":"https:\/\/www.relofirm.com\/es\/wp-json\/wp\/v2\/types\/page"}],"author":[{"embeddable":true,"href":"https:\/\/www.relofirm.com\/es\/wp-json\/wp\/v2\/users\/10"}],"replies":[{"embeddable":true,"href":"https:\/\/www.relofirm.com\/es\/wp-json\/wp\/v2\/comments?post=7045"}],"version-history":[{"count":1,"href":"https:\/\/www.relofirm.com\/es\/wp-json\/wp\/v2\/pages\/7045\/revisions"}],"predecessor-version":[{"id":8025,"href":"https:\/\/www.relofirm.com\/es\/wp-json\/wp\/v2\/pages\/7045\/revisions\/8025"}],"wp:attachment":[{"href":"https:\/\/www.relofirm.com\/es\/wp-json\/wp\/v2\/media?parent=7045"}],"curies":[{"name":"wp","href":"https:\/\/api.w.org\/{rel}","templated":true}]}}