{"id":7033,"date":"2010-10-07T00:00:00","date_gmt":"2010-10-07T05:00:00","guid":{"rendered":"https:\/\/relofirm.com\/personal_panama_bank_account\/"},"modified":"2021-08-05T10:17:17","modified_gmt":"2021-08-05T15:17:17","slug":"cuenta-bancaria-personal-en-panama","status":"publish","type":"page","link":"https:\/\/www.relofirm.com\/es\/cuenta-bancaria-personal-en-panama\/","title":{"rendered":"Cuenta bancaria personal en Panam\u00e1"},"content":{"rendered":"<div class=\"menu-bank-accounts-es-container\"><ul id=\"menu-bank-accounts-es\" class=\"menu\"><li id=\"menu-item-7677\" class=\"menu-item menu-item-type-post_type menu-item-object-page menu-item-has-children menu-item-7677\"><a href=\"https:\/\/www.relofirm.com\/es\/cuentas-bancarias\/\">Cuentas Bancarias<\/a>\n<ul class=\"sub-menu\">\n\t<li id=\"menu-item-7340\" class=\"menu-item menu-item-type-post_type menu-item-object-page menu-item-7340\"><a href=\"https:\/\/www.relofirm.com\/es\/cuenta-bancaria-personal-en-panama\/\">Cuenta bancaria personal en Panam\u00e1<\/a><\/li>\n\t<li id=\"menu-item-7341\" class=\"menu-item menu-item-type-post_type menu-item-object-page menu-item-7341\"><a href=\"https:\/\/www.relofirm.com\/es\/cuenta-bancaria-corporativa-en-panama\/\">Cuenta bancaria corporativa en Panam\u00e1<\/a><\/li>\n<\/ul>\n<\/li>\n<\/ul><\/div>\n<hr \/>\n<h3>Honorarios de Establecimiento:<\/h3>\n<p>Para la introducci\u00f3n y asistencia en la creaci\u00f3n de una cuenta bancaria personal en Panam\u00e1 con nuestros principales bancos corresponsales en Panam\u00e1, International Relocation Firm cobra una cuota de apertura de 700 d\u00f3lares.<\/p>\n<p>Por la introducci\u00f3n y asistencia en la creaci\u00f3n de una cuenta bancaria personal en Panam\u00e1 con otros bancos en Panam\u00e1, cobramos una cuota de apertura de 1.000 d\u00f3lares. Si usted conoce un banco paname\u00f1o en particular en el que le gustar\u00eda establecer una cuenta bancaria personal en Panam\u00e1, simplemente notif\u00edquenoslo y nosotros podemos asistirlo en el proceso de solicitud, completando los formularios, y todo el proceso de diligencia debida.<\/p>\n<p>* Los plazos para establecer cuentas con bancos paname\u00f1os que no sean nuestros principales bancos corresponsales pueden tomar m\u00e1s tiempo debido a la documentaci\u00f3n adicional que puede ser requerida.<\/p>\n<h3>Acerca de los bancos paname\u00f1os:<\/h3>\n<p>Los bancos paname\u00f1os se encuentran entre los bancos m\u00e1s estables de la regi\u00f3n, proporcionando servicios a la econom\u00eda local paname\u00f1a, as\u00ed como a las empresas internacionales y a la clientela que ha elegido Panam\u00e1 para ser su sede regional o su hogar. Los bancos paname\u00f1os tambi\u00e9n ofrecen cuentas en d\u00f3lares estadounidenses, que es la moneda que circula en Panam\u00e1 y que est\u00e1 vinculada al balboa paname\u00f1o. Los bancos paname\u00f1os son muy conservadores y selectivos, tanto en sus pr\u00e1cticas de pr\u00e9stamo como en las personas y empresas con las que aceptan hacer negocios. El Canal de Panam\u00e1, los m\u00faltiples puertos internacionales, las zonas econ\u00f3micas especiales y las zonas de libre comercio combinadas crean una cantidad masiva de comercio internacional hacia y desde Panam\u00e1, que es una de las principales razones por las que hay tantas empresas multinacionales establecidas en Panam\u00e1, por lo tanto un gran centro bancario. Hay aproximadamente 100 bancos en Panam\u00e1. Tenemos relaciones con una variedad de bancos locales e internacionales en Panam\u00e1 a trav\u00e9s de los cuales ayudamos a nuestros clientes a abrir cuentas bancarias personales en Panam\u00e1. Sin embargo, principalmente ayudamos a nuestros clientes a abrir cuentas bancarias en Panam\u00e1 a trav\u00e9s de nuestros principales bancos corresponsales en Panam\u00e1, con los que tenemos excelentes relaciones.<\/p>\n<p>Al igual que otros centros bancarios internacionales, los bancos paname\u00f1os ofrecen varios tipos de cuentas, con diferentes niveles de servicio, diferentes ofertas de productos financieros o de dep\u00f3sito, y diferentes cantidades m\u00ednimas de dep\u00f3sito. La mayor\u00eda de nuestros clientes son manejados por los Departamentos de Banca Privada de nuestros principales bancos corresponsales en Panam\u00e1, donde un Oficial de Banca Privada biling\u00fce, que habla ingl\u00e9s y espa\u00f1ol, es asignado a cada cuenta, y nuestro cliente es provisto con la informaci\u00f3n de contacto de esa persona para la comunicaci\u00f3n directa para ejecutar transacciones bancarias en Panam\u00e1. Sin embargo, para aquellos que no necesitan un nivel de servicio tan alto, y prefieren comisiones bancarias m\u00e1s bajas, el servicio bancario est\u00e1ndar tambi\u00e9n es una opci\u00f3n, donde el servicio es menos personalizado, y los clientes tratan con cualquier banquero disponible en el momento en las diferentes sucursales disponibles al p\u00fablico.<\/p>\n<p><a href=\"https:\/\/www.relofirm.com\/es\/aviso-importante-para-nosotros-personas\/\">AVISO IMPORTANTE PARA LAS PERSONAS ESTADOUNIDENSES<\/a>: Las personas estadounidenses (ciudadanos o residentes de los Estados Unidos) est\u00e1n obligadas por las leyes de los Estados Unidos a reportar sus cuentas bancarias en sus declaraciones anuales de impuestos en los Estados Unidos, adem\u00e1s, los bancos en Panam\u00e1 requerir\u00e1n que todas las personas estadounidenses firmen los formularios de reporte requeridos por el IRS, para que puedan reportar autom\u00e1ticamente todas las cuentas de propiedad estadounidense a las autoridades fiscales de los Estados Unidos. Los bancos en Panam\u00e1 tambi\u00e9n pueden solicitar pruebas de que sus clientes de EE.UU. han declarado dichas cuentas bancarias en Panam\u00e1 a las autoridades fiscales de EE.UU., para garantizar el cumplimiento.<\/p>\n<h3>Tipos de inter\u00e9s:<\/h3>\n<p>Los bancos de Panam\u00e1 ofrecen tipos de inter\u00e9s muy atractivos*. Los tipos de inter\u00e9s var\u00edan de un banco a otro en las cuentas de ahorro en USD, y en los dep\u00f3sitos a plazo fijo en USD (Certificados de Dep\u00f3sito), as\u00ed que consulte con nuestro personal de servicio para conocer las actualizaciones.<\/p>\n<p>*Los tipos de inter\u00e9s de las cuentas corrientes y de ahorro pueden cambiar sin previo aviso, variar en funci\u00f3n de la tasa LIBOR (London InterBank Offering Rate), estar sujetos a dep\u00f3sitos m\u00ednimos y\/o a requisitos de saldo m\u00ednimo y\/o a determinadas condiciones para los certificados de dep\u00f3sito.<\/p>\n<h3>Banca en l\u00ednea en Panam\u00e1:<\/h3>\n<p>La mayor\u00eda de los bancos paname\u00f1os ofrecen acceso por Internet a su cuenta bancaria en Panam\u00e1. Los bancos paname\u00f1os utilizan la tecnolog\u00eda de seguridad en l\u00ednea m\u00e1s actualizada para que su informaci\u00f3n bancaria est\u00e9 100% segura.<\/p>\n<h3>Tarjeta de cr\u00e9dito:<\/h3>\n<p>Los bancos paname\u00f1os tambi\u00e9n ofrecen tarjetas de cr\u00e9dito garantizadas (Visa o MasterCard). Nuestra empresa cobra una tasa de tramitaci\u00f3n de 200 d\u00f3lares por asistir en la creaci\u00f3n de tarjetas de cr\u00e9dito garantizadas, sin embargo, la asistencia no suele ser necesaria, ya que este servicio puede solicitarse directamente al banquero, que puede ayudar a rellenar los formularios necesarios.<\/p>\n<p>Las tarjetas de cr\u00e9dito garantizadas requieren que el cliente haga un dep\u00f3sito de seguridad por un importe igual al 125% del l\u00edmite de cr\u00e9dito elegido para su tarjeta de cr\u00e9dito. El dep\u00f3sito de seguridad se congela en la cuenta bancaria corporativa o personal (o en un CD\/dep\u00f3sito a plazo fijo) hasta que se cierra la tarjeta, aunque los fondos siguen devengando intereses mientras est\u00e1n en el dep\u00f3sito de seguridad. A medida que se utiliza la tarjeta de cr\u00e9dito, el banco paname\u00f1o cargar\u00e1 autom\u00e1ticamente la totalidad del saldo mensual de los cargos de la tarjeta de cr\u00e9dito del saldo restante de la cuenta bancaria al final del ciclo de facturaci\u00f3n mensual de la tarjeta de cr\u00e9dito.<\/p>\n<p>Las cuotas anuales de las tarjetas de cr\u00e9dito empiezan a ser de 50 d\u00f3lares o m\u00e1s seg\u00fan el tipo de tarjeta de cr\u00e9dito elegida. Las tarjetas de cr\u00e9dito Silver, Gold, Platinum y Airline Miles est\u00e1n disponibles para ganar millas de vuelo por el uso de la tarjeta de cr\u00e9dito.<\/p>\n<h3>Tarjetas de d\u00e9bito:<\/h3>\n<p>Las tarjetas de d\u00e9bito se ofrecen para las cuentas bancarias de Panam\u00e1 a trav\u00e9s de la mayor\u00eda de los bancos en Panam\u00e1. Las tarjetas de d\u00e9bito llevan el s\u00edmbolo de Visa, MasterCard o \u00abClave\u00bb y pueden utilizarse en cualquier punto de venta o cajero autom\u00e1tico que acepte tarjetas \u00abPlus\u00bb o \u00abInterlink\u00bb (aceptadas en todo el mundo). Las comisiones anuales de los bancos por las tarjetas de d\u00e9bito oscilan entre 15 y 30 d\u00f3lares. No se cobran comisiones por transacci\u00f3n por retirar dinero en efectivo en los cajeros autom\u00e1ticos del banco, aunque puede haber peque\u00f1as comisiones por retirar dinero en cajeros autom\u00e1ticos de otros bancos, o por transacciones en puntos de venta, dependiendo del comerciante en el que se compre.<\/p>\n<h3>Dep\u00f3sitos a plazo:<\/h3>\n<p>La mayor\u00eda de los bancos en Panam\u00e1 ofrecen dep\u00f3sitos a plazo (certificados de dep\u00f3sitos, o \u00abCD&#8217;s\u00bb), que se conocen como \u00abPlazo Fijo\u00bb, en espa\u00f1ol. Las tasas de los bancos paname\u00f1os var\u00edan de acuerdo a sus regulaciones bancarias, pr\u00e1cticas comerciales, etc. Bajo la ley paname\u00f1a, la cantidad m\u00ednima para un dep\u00f3sito a plazo fijo en un banco paname\u00f1o es de 10.000 d\u00f3lares. Algunos bancos paname\u00f1os ofrecen un atractivo inter\u00e9s anual para los dep\u00f3sitos a plazo fijo en USD (Certificados de Dep\u00f3sito), as\u00ed que consulte con nuestro personal de servicio sobre las tasas actualizadas. En el caso de dep\u00f3sitos de gran cuant\u00eda, los tipos son a veces negociables, dependiendo del importe y el plazo del dep\u00f3sito.<\/p>\n<h3>Cuentas de Ahorro en Bancos de Panam\u00e1:<\/h3>\n<p>Las cuentas de ahorro est\u00e1n disponibles en la mayor\u00eda de los bancos de Panam\u00e1. Las tasas de inter\u00e9s var\u00edan dependiendo del monto depositado.<\/p>\n<p>*Las tasas cotizadas en las cuentas de cheques y de ahorro pueden cambiar sin previo aviso, variar dependiendo de la tasa LIBOR (London InterBank Offering Rate), estar sujetas a dep\u00f3sitos m\u00ednimos y\/o requisitos de saldo m\u00ednimo y\/o ciertos t\u00e9rminos para los CD.<\/p>\n<h3>Cuentas corrientes bancarias en Panam\u00e1:<\/h3>\n<p>Los bancos de Panam\u00e1 actualmente s\u00f3lo ofrecen cuentas corrientes locales:<\/p>\n<p>La cuenta corriente local del banco de Panam\u00e1 es \u00fatil para aquellos que necesitan una cuenta para hacer pagos en USD a cualquier persona o negocio local en Panam\u00e1. Sin embargo, los cheques de esta cuenta corriente bancaria de Panam\u00e1 s\u00f3lo son v\u00e1lidos para depositar o compensar localmente dentro de la Rep\u00fablica de Panam\u00e1.<\/p>\n<p>&#8211; Dep\u00f3sito m\u00ednimo inicial: US$5000.<br \/>\n&#8211; Tasa de Inter\u00e9s: No se pagan intereses en esta cuenta.<br \/>\n&#8211; Saldo m\u00ednimo requerido: 1.000 D\u00d3LARES.<br \/>\n&#8211; Comisi\u00f3n mensual si el saldo es inferior a 1000 d\u00f3lares: 10 d\u00f3lares.<br \/>\n&#8211; Cargo por cheque devuelto: 35 D\u00d3LARES.<br \/>\n&#8211; Los extractos de cuenta pueden enviarse por correo electr\u00f3nico o postal.<br \/>\n&#8211; Talonario de cheques con 50 cheques: US$5.<br \/>\n&#8211; Cargo por cheque local certificado: US$5.<br \/>\n&#8211; Cheque de caja: US$10.<\/p>\n<h3>Tasas diversas (en US$):<\/h3>\n<p>Cargo por cheque local certificado: $5.00<br \/>\nTarifa de entrada de transferencia bancaria: 30 &#8211; 50 d\u00f3lares (depende del importe)<br \/>\nComisi\u00f3n por transferencia bancaria de salida: 50$ &#8211; 100$ o m\u00e1s (depende del importe)<\/p>\n<p>*Las tarifas bancarias mencionadas anteriormente son las indicadas por el banco y est\u00e1n sujetas a cambios sin previo aviso. No garantizamos la exactitud de las tarifas publicadas arriba, son s\u00f3lo una estimaci\u00f3n de lo que actualmente ofrecen la mayor\u00eda de los bancos paname\u00f1os.<\/p>\n<p>** Los dep\u00f3sitos aceptables son monedas en Balboas, o efectivo en USD (se aplican ciertos l\u00edmites para los dep\u00f3sitos en efectivo), cheques en USD (personales o certificados por el banco), o transferencias bancarias. Los dep\u00f3sitos inaceptables son los giros postales, los cheques de viaje, los cheques con doble endoso, los art\u00edculos extranjeros\/\u00f3rdenes de retirada de fondos, los cheques devueltos y los cheques que hacen referencia a m\u00e1s de un n\u00famero de cuenta.<\/p>\n<h3>Requisitos de la documentaci\u00f3n: (Documentos bancarios)<\/h3>\n<p>Para la creaci\u00f3n de cuentas bancarias personales en Panam\u00e1, los bancos paname\u00f1os requieren la siguiente documentaci\u00f3n para cada firmante:<\/p>\n<p><strong>A. Prueba de identidad:<\/strong> Cuando el cliente se presente en el banco para la entrevista personal, el banquero solicitar\u00e1 el pasaporte original del cliente, junto con un segundo documento de identidad como la licencia de conducir o la tarjeta de identificaci\u00f3n del pa\u00eds (en Panam\u00e1 se llama \u00abc\u00e9dula\u00bb). El banquero har\u00e1 una copia del documento de identidad original.<\/p>\n<p><strong>B. Carta de referencia financiera.<\/strong> La carta de referencia financiera puede ser de cualquier banco, casa de bolsa o cooperativa de cr\u00e9dito. La carta debe llevar el membrete de la instituci\u00f3n financiera y debe incluir la firma de un funcionario, as\u00ed como la informaci\u00f3n de contacto (direcci\u00f3n, tel\u00e9fono, fax, correo electr\u00f3nico, etc.). No hay un formato espec\u00edfico en el que deba redactarse la carta de referencia.<\/p>\n<p><strong>Ejemplo de carta de referencia financiera<\/strong><\/p>\n<p><strong>C. Prueba de la fuente de fondos o prueba de ingresos:<\/strong> La prueba de la fuente de fondos es generalmente copias de sus \u00faltimos a\u00f1os de declaraciones de impuestos personales \/ declaraciones, o estados financieros auditados.<\/p>\n<p><strong>D. Prueba de la direcci\u00f3n de residencia:<\/strong> Debe presentar una prueba de su direcci\u00f3n residencial donde vive actualmente, por ejemplo, una factura de servicios p\u00fablicos que muestre su nombre y direcci\u00f3n personal.<\/p>\n<p>* Los requisitos de documentaci\u00f3n est\u00e1n sujetos a cambios sin previo aviso.<br \/>\n** Algunos bancos de Panam\u00e1 pueden requerir documentaci\u00f3n adicional.<\/p>\n<h3>Procedimientos de apertura:<\/h3>\n<p>A continuaci\u00f3n hemos incluido los procedimientos de configuraci\u00f3n de cuentas bancarias en Panam\u00e1 para nuestro principal banco corresponsal en Panam\u00e1 (Por favor, tenga en cuenta que los procedimientos de configuraci\u00f3n pueden ser diferentes si se trata de otros bancos):<\/p>\n<p><strong>A. P\u00f3ngase en contacto con nosotros<\/strong> &#8211; P\u00f3ngase en contacto con nuestro bufete de abogados y concierte una reuni\u00f3n con uno de nuestros abogados para entender todo el proceso y obtener un presupuesto formal.<\/p>\n<p><strong>B. Env\u00ede el pago<\/strong> &#8211; pague nuestros honorarios legales para la introducci\u00f3n del banco y los gastos.<\/p>\n<p><strong>C. Entrevista<\/strong> &#8211; Una vez que recibamos el pago, coordinaremos y programaremos la entrevista con el banco. Por favor, tenga en cuenta que debe venir a Panam\u00e1 para una entrevista personal con el banco seleccionado, y todas las solicitudes de cuenta ser\u00e1n completadas y firmadas durante la entrevista.<\/p>\n<p><strong>D. Se establece la cuenta<\/strong> &#8211; Cuando usted tenga la documentaci\u00f3n de debida diligencia, las aplicaciones de la cuenta bancaria en Panam\u00e1 ser\u00e1n completadas y enviadas al banco. El n\u00famero de la cuenta bancaria en Panam\u00e1 generalmente se proporcionar\u00e1 dentro del mismo d\u00eda de la entrevista bancaria para las cuentas personales, y dentro de 15 a 60 d\u00edas h\u00e1biles a partir de la fecha de presentaci\u00f3n de los documentos al banco para las cuentas corporativas (las cuentas corporativas requieren un proceso de diligencia debida mucho m\u00e1s extenso).<\/p>\n<p><strong>E. Comenzar a usar la cuenta<\/strong> &#8211; Una vez que reciba la notificaci\u00f3n del banco de que el n\u00famero de cuenta ha sido emitido, el funcionario del banco le enviar\u00e1 el protocolo completo de la cuenta para hacer dep\u00f3sitos, ejecutar transferencias electr\u00f3nicas, informaci\u00f3n de contacto del banco de Panam\u00e1, etc.<\/p>\n<hr \/>\n","protected":false},"excerpt":{"rendered":"<p>Honorarios de Establecimiento: Para la introducci\u00f3n y asistencia en la creaci\u00f3n de una cuenta bancaria personal en Panam\u00e1 con nuestros principales bancos corresponsales en Panam\u00e1, International Relocation Firm cobra una cuota de apertura de 700 d\u00f3lares. Por la introducci\u00f3n y asistencia en la creaci\u00f3n de una cuenta bancaria personal en Panam\u00e1 con otros bancos en [&hellip;]<\/p>\n","protected":false},"author":10,"featured_media":0,"parent":0,"menu_order":0,"comment_status":"closed","ping_status":"closed","template":"","meta":{"_et_pb_use_builder":"","_et_pb_old_content":"","_et_gb_content_width":"","inline_featured_image":false,"footnotes":""},"class_list":["post-7033","page","type-page","status-publish","hentry"],"yoast_head":"<!-- This site is optimized with the Yoast SEO plugin v27.5 - https:\/\/yoast.com\/product\/yoast-seo-wordpress\/ -->\n<title>Apertura una Cuenta Bancaria Personal en Panam\u00e1<\/title>\n<meta name=\"description\" content=\"Toda la informaci\u00f3n que necesita para abrir una cuenta bancaria en Panam\u00e1. Hemos ayudado a 1,000 s de la gente cuentas en el extranjero abiertas.\" \/>\n<meta name=\"robots\" content=\"index, follow, max-snippet:-1, max-image-preview:large, max-video-preview:-1\" \/>\n<link rel=\"canonical\" href=\"https:\/\/www.relofirm.com\/es\/cuenta-bancaria-personal-en-panama\/\" \/>\n<meta name=\"twitter:label1\" content=\"Tiempo de lectura\" \/>\n\t<meta name=\"twitter:data1\" content=\"10 minutos\" \/>\n<!-- \/ Yoast SEO plugin. -->","yoast_head_json":{"title":"Apertura una Cuenta Bancaria Personal en Panam\u00e1","description":"Toda la informaci\u00f3n que necesita para abrir una cuenta bancaria en Panam\u00e1. Hemos ayudado a 1,000 s de la gente cuentas en el extranjero abiertas.","robots":{"index":"index","follow":"follow","max-snippet":"max-snippet:-1","max-image-preview":"max-image-preview:large","max-video-preview":"max-video-preview:-1"},"canonical":"https:\/\/www.relofirm.com\/es\/cuenta-bancaria-personal-en-panama\/","twitter_misc":{"Tiempo de lectura":"10 minutos"},"schema":{"@context":"https:\/\/schema.org","@graph":[{"@type":"WebPage","@id":"https:\/\/www.relofirm.com\/es\/cuenta-bancaria-personal-en-panama\/","url":"https:\/\/www.relofirm.com\/es\/cuenta-bancaria-personal-en-panama\/","name":"Apertura una Cuenta Bancaria Personal en Panam\u00e1","isPartOf":{"@id":"https:\/\/www.relofirm.com\/#website"},"datePublished":"2010-10-07T05:00:00+00:00","dateModified":"2021-08-05T15:17:17+00:00","description":"Toda la informaci\u00f3n que necesita para abrir una cuenta bancaria en Panam\u00e1. Hemos ayudado a 1,000 s de la gente cuentas en el extranjero abiertas.","breadcrumb":{"@id":"https:\/\/www.relofirm.com\/es\/cuenta-bancaria-personal-en-panama\/#breadcrumb"},"inLanguage":"es","potentialAction":[{"@type":"ReadAction","target":["https:\/\/www.relofirm.com\/es\/cuenta-bancaria-personal-en-panama\/"]}]},{"@type":"BreadcrumbList","@id":"https:\/\/www.relofirm.com\/es\/cuenta-bancaria-personal-en-panama\/#breadcrumb","itemListElement":[{"@type":"ListItem","position":1,"name":"Home","item":"https:\/\/www.relofirm.com\/es\/"},{"@type":"ListItem","position":2,"name":"Cuenta bancaria personal en Panam\u00e1"}]},{"@type":"WebSite","@id":"https:\/\/www.relofirm.com\/#website","url":"https:\/\/www.relofirm.com\/","name":"International Relocation Firm","description":"","publisher":{"@id":"https:\/\/www.relofirm.com\/#organization"},"potentialAction":[{"@type":"SearchAction","target":{"@type":"EntryPoint","urlTemplate":"https:\/\/www.relofirm.com\/?s={search_term_string}"},"query-input":{"@type":"PropertyValueSpecification","valueRequired":true,"valueName":"search_term_string"}}],"inLanguage":"es"},{"@type":"Organization","@id":"https:\/\/www.relofirm.com\/#organization","name":"International Relocation Firm","url":"https:\/\/www.relofirm.com\/","logo":{"@type":"ImageObject","inLanguage":"es","@id":"https:\/\/www.relofirm.com\/#\/schema\/logo\/image\/","url":"https:\/\/www.relofirm.com\/wp-content\/uploads\/2021\/11\/relofirm-logo.svg","contentUrl":"https:\/\/www.relofirm.com\/wp-content\/uploads\/2021\/11\/relofirm-logo.svg","width":1485,"height":516,"caption":"International Relocation Firm"},"image":{"@id":"https:\/\/www.relofirm.com\/#\/schema\/logo\/image\/"},"sameAs":["https:\/\/www.facebook.com\/PanamaOffshoreLegalServices","https:\/\/x.com\/polslegal"]}]}},"_links":{"self":[{"href":"https:\/\/www.relofirm.com\/es\/wp-json\/wp\/v2\/pages\/7033","targetHints":{"allow":["GET"]}}],"collection":[{"href":"https:\/\/www.relofirm.com\/es\/wp-json\/wp\/v2\/pages"}],"about":[{"href":"https:\/\/www.relofirm.com\/es\/wp-json\/wp\/v2\/types\/page"}],"author":[{"embeddable":true,"href":"https:\/\/www.relofirm.com\/es\/wp-json\/wp\/v2\/users\/10"}],"replies":[{"embeddable":true,"href":"https:\/\/www.relofirm.com\/es\/wp-json\/wp\/v2\/comments?post=7033"}],"version-history":[{"count":3,"href":"https:\/\/www.relofirm.com\/es\/wp-json\/wp\/v2\/pages\/7033\/revisions"}],"predecessor-version":[{"id":11605,"href":"https:\/\/www.relofirm.com\/es\/wp-json\/wp\/v2\/pages\/7033\/revisions\/11605"}],"wp:attachment":[{"href":"https:\/\/www.relofirm.com\/es\/wp-json\/wp\/v2\/media?parent=7033"}],"curies":[{"name":"wp","href":"https:\/\/api.w.org\/{rel}","templated":true}]}}