{"id":7032,"date":"2010-10-07T00:00:00","date_gmt":"2010-10-07T05:00:00","guid":{"rendered":"https:\/\/relofirm.com\/personal_online_discount_brokerage_account\/"},"modified":"2020-01-16T14:44:00","modified_gmt":"2020-01-16T19:44:00","slug":"cuenta-online-de-discuento","status":"publish","type":"page","link":"https:\/\/www.relofirm.com\/es\/cuenta-online-de-discuento\/","title":{"rendered":"Cuenta Online de Discuento"},"content":{"rendered":"<p><strong>Cuenta Personal de Corretaje en L\u00e9nea: <a name=\"top\"><\/a><\/strong><\/p>\n<ul>\n<li> <strong><a href=\"#1\">Cargo de Apertura<\/a><\/strong> <\/li>\n<li> <a href=\"#2\"><strong>Acerca de la Firma de Corretaje<\/strong><\/a> <\/li>\n<li> <strong><a href=\"#3\">Cargos Comerciales<\/a><\/strong> <\/li>\n<li> <strong><a href=\"#4\">Caracter<\/a><\/strong><a href=\"#4\">\u00ed<\/a><strong><a href=\"#4\">sticas de la Cuenta<\/a><\/strong> <\/li>\n<li> <strong><a href=\"#5\">Tarjeta de D<\/a><\/strong><a href=\"#5\"><span lang=\"ES\">\u00e9<\/span><\/a><strong><a href=\"#5\">bito<\/a><\/strong> <\/li>\n<li> <strong><a href=\"#6\">Chequera en D\u00f3lares<\/a><\/strong> <\/li>\n<li> <strong><a href=\"#7\">Acceso a Internet<\/a><\/strong> <\/li>\n<li> <a href=\"#8\"><strong>Moneda<\/strong><\/a> <\/li>\n<li> <strong><a href=\"#9\">Documentaci\u00f3n Requerida<\/a><\/strong> <\/li>\n<li> <a href=\"#10\"><strong>Dep\u00f3sito M<\/strong>\u00ed<strong>nimo Requerido<\/strong><\/a> <\/li>\n<li> <strong><a href=\"#11\">Cargos Miscel\u00e1neos<\/a><\/strong> <\/li>\n<li> <strong><a href=\"#12\">Procedimiento de Apertura<\/a><\/strong> <\/li>\n<\/ul>\n<hr \/>\n<p><strong>Cargo de Apertura: <a name=\"1\"><\/a> <\/strong> <\/p>\n<p>El cargo de apertura es de US$500. <\/p>\n<p><strong><a href=\"#top\">VOLVER<\/a><\/strong><\/p>\n<hr \/>\n<p><strong>Acerca de la Firma de Corretaje: <a id=\"2\" name=\"2\"><\/a><\/strong> <\/p>\n<p>Las cuentas de corretaje corporativas con descuento en l\u00ednea son establecidas a trav<span lang=\"ES\">\u00e9<\/span>s de nuestra firma de corretaje de descuento en l\u00ednea en la Ciudad de Panam\u00e1, Rep\u00fablica de Panam\u00e1. La firma de corretaje tiene registro y licencia de la NASD. Todos los valores y dep\u00f3sitos en efectivo son mantenidos y custodiados por una de las m\u00e1s grandes instituciones financieras internacionales. Cada cuenta est\u00e1 asegurada a trav<span lang=\"ES\">\u00e9<\/span>s de SIPC (Securities Investor Protection Corporation) hasta por US$500,000.00 y lleva un seguro adicional hasta por US$99.5 millones a trav<span lang=\"ES\">\u00e9<\/span>s de una importante aseguradora internacional. <\/p>\n<p>Los asesores de corretaje\/financieros hablan Ingl<span lang=\"ES\">\u00e9<\/span>s o Espa\u00f1ol, registrados en NASD, corredores autorizados quienes pueden proporcionarles asesor\u00e9a sobre inversiones seguras en fondos mutuos, acciones, bonos, opciones, mercado de valores, etc. Ellos negocian principalmente en Bolsa de Valores de EEUU y Canad\u00e1 (NYSE, NASDAQ, AMEX, Toronto, etc.), sin embargo, ellos pueden negociar con las m\u00e1s grandes bolsas de valores alrededor del mundo.  <\/p>\n<p><strong><a href=\"#top\">VOLVER<\/a><\/strong><\/p>\n<hr \/>\n<p><strong>Cargos Comerciales: <a id=\"3\" name=\"3\"><\/a><\/strong> <br \/>Los cargos comerciales dependen del monto de la transacci\u00f3n, tipo de valor negociado, y la bolsa de valores sobre la que se est\u00e1 negociando. No podemos proporcionarle una lista de honorarios, ya que los cargos var\u00e9an mucho seg\u00fan los tipos de valores y de una bolsa a otra, sin embargo, podemos decir que los cargos por corretaje var\u00e9an en un rango de entre US$50.00 a US$75.00 por transacci\u00f3n dependiendo de los valores negociados y de la bolsa de valores en la que se negocia. Sin embargo, cuando negociamos los fondos mutuos sin cargo, la compa\u00f1\u00eda del fondo usualmente cubrir\u00e1 los gastos de negociaci\u00f3n. <\/p>\n<p><strong><a href=\"#top\">VOLVER<\/a><\/strong><\/p>\n<hr \/>\n<p><strong>Caracter\u00edsticas de la Cuenta:<a id=\"4\" name=\"4\"><\/a><\/strong> <br \/>Cada cuenta incluye una chequera opcional en USD, acceso a Internet, y tarjetas de d<span lang=\"ES\">\u00e9<\/span>bito MasterCard. <\/p>\n<p><strong><a href=\"#top\">VOLVER<\/a><\/strong><\/p>\n<hr \/>\n<p><strong>Tarjeta de D\u00e9bito: <a id=\"5\" name=\"5\"><\/a><\/strong> <\/p>\n<p>El costo anual por la tarjeta de d<span lang=\"ES\">\u00e9<\/span>bito Visa, es de US$75. No hay cargos por transacciones de retiro hechas desde un cajero autom\u00e1tico. Usted debe tener un balance de US$25,000 para poder calificar para una tarjeta de d<span lang=\"ES\">\u00e9<\/span>bito, sin embargo, usted no necesita mantener US$25,000 en la cuenta durante el uso de su tarjeta de d<span lang=\"ES\">\u00e9<\/span>bito. <\/p>\n<p><strong><a href=\"#top\">VOLVER<\/a><\/strong><\/p>\n<hr \/>\n<p><strong>Chequera en D\u00f3lares:<a id=\"6\" name=\"6\"><\/a><\/strong> <\/p>\n<p>La chequera en d\u00f3lares es usada para hacer pagos por medio de cheques a cualquiera alrededor del globo. Los cheques son aceptados a nivel internacional por la mayor\u00eda de los bancos alrededor del globo. La chequera ser\u00e1 proporcionada una vez que el dep\u00f3sito m\u00ednimo de US$3,000 sea efectuado. <\/p>\n<p><strong><a href=\"#top\">VOLVER<\/a><\/strong><\/p>\n<hr \/>\n<p><strong>Acceso a Internet:<a id=\"7\" name=\"7\"><\/a><\/strong> <\/p>\n<p>El acceso a internet es proporcionado para que usted pueda tener acceso a la informaci\u00f3n de su cuenta en l\u00ednea y pueda comenzar a intercambiar usando una clave y una identificaci\u00f3n de usuario seguras. <\/p>\n<p><strong><a href=\"#top\">VOLVER<\/a><\/strong><\/p>\n<hr \/>\n<p><strong>Moneda: <a id=\"8\" name=\"8\"><\/a><\/strong> <\/p>\n<p>Los fondos solamente se pueden mantener en USD (moneda estadounidense). Cualquier transferencia recibida en otras denominaciones, ser\u00e1n inmediatamente convertidos en USD, antes de que entren a la cuenta. <\/p>\n<p><strong><a href=\"#top\">VOLVER<\/a><\/strong><\/p>\n<hr \/>\n<p><strong><br \/>Documentaci\u00f3n Requerida: <a id=\"9\" name=\"9\"><\/a><\/strong> <\/p>\n<p><strong>La siguiente documentaci\u00f3n es requerida:<\/strong> <\/p>\n<p><strong>A. Fotocopia del pasaporte para cada firmante.<\/strong> La copia del pasaporte o de la licencia de conducir debe incluir foto de la persona, datos personales (nombre, fecha de nacimiento, n\u00famero de pasaporte, etc.), y la firma. La fotocopia debe ser clara y legible. <\/p>\n<p><strong>Nota:<\/strong> Si el pasaporte no est\u00e1 disponible, una fotocopia notarizada de la licencia de conducir v\u00e1lida emitida por el gobierno, puede utilizarse como substituto, siempre y cuando la misma muestre su firma, detalles personales y foto. <\/p>\n<p><strong>B. Una (1) Carta de Referencia Financiera.<\/strong> La carta de referencia financiera puede ser de cualquier banco, firma de corretaje, instituci\u00f3n de crdito, compa\u00f1\u00e9a de serguro, compa\u00f1\u00eda fiduciaria o instituci\u00f3n financiera. La carta debe tener el membrete de la instituci\u00f3n financiera, debe incluir la firma de un oficial y su informaci\u00f3n de contacto (direcci\u00f3n, tel<span lang=\"ES\">\u00e9<\/span>fono, fax, direcci\u00f3n de correo electr\u00f3nico, etc.). No hay un formato espec\u00edfico en que la carta de referencia debe estar escrita, sin embargo, hemos proporcionado un ejemplo para su referencia a continuaci\u00f3n. <\/p>\n<p><strong><a href=\"reference_letter\" target=\"_blank\" rel=\"noopener noreferrer\">Ejemplo de una Carta de Referencia Financiera<\/a><\/strong> <\/p>\n<p>* La documentaci\u00f3n requerida est\u00e1 sujeta a cambio sin previo aviso. <br \/>** Las firmas de corretaje distintas a nuestras firmas corresponsales pueden requerir otra documentaci\u00f3n. <\/p>\n<p><strong>C. Solicitudes de Cuentas.<\/strong> Usted debe firmar todas las solicitudes de la cuenta de corretaje. <\/p>\n<p><strong><a href=\"#top\">VOLVER<\/a><\/strong><\/p>\n<hr \/>\n<p><strong>Dep\u00f3sito M\u00ed<\/strong><strong>nimo Requerido: <a id=\"10\" name=\"10\"><\/a><\/strong> <\/p>\n<p>El monto de dep\u00f3sito m\u00ednimo para abrir una cuenta es de US$3000.00, el cual debe ser efectuado por medio de cheque en D\u00f3lares americanos o transferencia. Despu<span lang=\"ES\">\u00e9<\/span>s que la cuenta ha sido establecida, se pueden realizar dep\u00f3sitos adicionales por medio de cheques en D\u00f3lares americanos, transferencia de valores o por transferencias. Le enviaremos las instrucciones para realizar dep\u00f3sitos en cheque, transferencia de valores, y transferencias, una vez que la cuenta ha sido establecida. <br \/> <strong><a href=\"#top\"><br \/>VOLVER<\/a><\/strong><\/p>\n<hr \/>\n<p><strong>Cargos Miscel\u00e1neos *:<a id=\"11\" name=\"11\"><\/a><\/strong> <\/p>\n<p>Cargo por Apertura de Cuenta: Gratuito por la compra de una entidad, de otro modo US$500 <br \/>Transferencia Entrante : US$15  <br \/>Transferencia Saliente: US$40 **  <br \/>Transferia Interna: Sin cargo***  <br \/>Extenci\u00f3n del Margen: US$50 por evento  <br \/>Cheques Devueltos: US$40 por evento <br \/>Suspensi\u00f3n de un Pago : US$20 por evento <br \/>Cargo de Confirmaci\u00f3n al Detal: US$7 por confirmaci\u00f3n  <br \/>Cargo por Custodio de Cuenta Inactiva: US$50 por cuenta por a\u00f1o  <br \/>Cuenta Inactiva de Solamente Fondos Mutuos: US$25  <br \/>Cuenta Personal Gold Pro-Plus: US$75  <br \/>Cuenta Corporativa Gold Pro-Plus: US$150  <br \/>Copia de Cheque Pagado o Comprobante de MC (Master Card) : US$2.50  <br \/>Acceso a Cajero Autom\u00e1tico: US$0.75 por transacci\u00f3n  <br \/>Chequera (200 cheques): US$10  <br \/>Dep\u00f3sito de Cheque Extranjero: US$25 ****  <\/p>\n<p>* Los cargos\/honorarios est\u00e1n sujetos a cambios sin previo aviso. Nosotros no garantizamos la exactitud de lo anteriormente expresado. <\/p>\n<p>** Transferencias de Terceros no es permitido. Transferencias salientes son permitidas s\u00f3lo a cuentas bajo el mismo nombre. Por ejemplo, \u00abJohn Smith\u00bb s\u00f3lo puede hacer transferencia de fondos a otra cuenta si el beneficiario es \u00abJohn Smith\u00bb. Para pagos a terceros, usted debe usar la chequera o la tarjeta de d<span lang=\"ES\">\u00e9<\/span>bito. Recomendamos que si usted necesita hacer pagos a terceros a trav<span lang=\"ES\">\u00e9<\/span>s de transferencias, usted deber\u00e9a crear una cuenta bancaria en vez de (o junto con) una cuenta de corretaje. <\/p>\n<p>*** Transferencias internas (diario) a cuentas dentro de la misma instituci\u00f3n, son permitidas. <\/p>\n<p>**** Son aceptados dep\u00f3sito en cheques en D\u00f3lares americanos (personal o cheque certificado o cheque de gerencia), transferencias o valores negociados p\u00fablicamente. No son aceptados dep\u00f3sitos en efectivo, giros postales, cheques de viajeros, cheques con doble endoso, partidas extranjeras\/\u00f3rdenes de retiros de ahorros, cheques devueltos, y cheques de terceros o cheques haciendo referencia a m\u00e1s de un n\u00famero de cuenta. <\/p>\n<p><strong><a href=\"#top\">VOLVER<\/a><\/strong><\/p>\n<hr \/>\n<p><strong>Procedimiento de Apertura:<a id=\"12\" name=\"12\"><\/a> <\/p>\n<p><\/strong><strong>A. Env\u00ed<\/strong><strong>e una Solicitud en L\u00ed<\/strong><strong>nea &#8211;<\/strong> Haga &#8216;click&#8217; en \u00abOrdene Ahora\u00bb, y complete una solicitud en l\u00ednea y luego presione &#8216;enviar&#8217;. <\/p>\n<p><strong>B. Enviar Pago &#8211;<\/strong> El pago puede ser hecho a trav<span lang=\"ES\">\u00e9<\/span>s de una Transferencia Bancaria, Transferencia Monetaria a trav<span lang=\"ES\">\u00e9<\/span>s de Western Union, E-Gold, Cheque en denominaci\u00f3n Estadounidense, o un Giro Postal Internacional en denominaci\u00f3n Estadounidense. <\/p>\n<p><strong>C. Documentos Recibidos &#8211;<\/strong> Una vez que recibamos el pago por la estructura, le enviaremos la solicitud para la cuenta de corretaje para su firma. Usted debe firmar la solicitud de la cuenta donde se le indique, y debe enviarlos de vuelta a nosotros junto con la documentaci\u00f3n requerida y el cheque de dep\u00f3sito inicial. <\/p>\n<p><strong>D. La Cuenta est\u00e1 establecida &#8211;<\/strong> Cuando recibimos la solicitud firmada para la cuenta, ser\u00e1 enviada a la firma de corretaje. El n\u00famero de la cuenta ser\u00e1 proporcionado usualmente, dentro de los pr\u00f3ximos 5 d\u00edas laborales, a partir de la fecha que los documentos fueron enviados a la firma de corretaje. <\/p>\n<p><strong>E. Comience a Utilizar su Cuenta &#8211;<\/strong> Usted recibir\u00e1 un protocolo completo de la cuenta, para realizar dep\u00f3sitos, ejecutar transferencias, informaci\u00f3n de contacto de la firma de corretaje, etc.  <\/p>\n<hr \/>\n","protected":false},"excerpt":{"rendered":"<p>Cuenta Personal de Corretaje en L\u00e9nea: Cargo de Apertura Acerca de la Firma de Corretaje Cargos Comerciales Caracter\u00edsticas de la Cuenta Tarjeta de D\u00e9bito Chequera en D\u00f3lares Acceso a Internet Moneda Documentaci\u00f3n Requerida Dep\u00f3sito M\u00ednimo Requerido Cargos Miscel\u00e1neos Procedimiento de Apertura Cargo de Apertura: El cargo de apertura es de US$500. VOLVER Acerca de la [&hellip;]<\/p>\n","protected":false},"author":10,"featured_media":0,"parent":0,"menu_order":0,"comment_status":"closed","ping_status":"closed","template":"","meta":{"_et_pb_use_builder":"","_et_pb_old_content":"","_et_gb_content_width":"","inline_featured_image":false},"yoast_head":"<!-- This site is optimized with the Yoast SEO plugin v18.5.1 - https:\/\/yoast.com\/wordpress\/plugins\/seo\/ -->\n<title>Cuenta Online de Discuento - International Relocation Firm<\/title>\n<meta name=\"robots\" content=\"index, follow, max-snippet:-1, max-image-preview:large, max-video-preview:-1\" \/>\n<link rel=\"canonical\" href=\"https:\/\/www.relofirm.com\/es\/cuenta-online-de-discuento\/\" \/>\n<meta property=\"og:locale\" content=\"es_ES\" \/>\n<meta property=\"og:type\" content=\"article\" \/>\n<meta property=\"og:title\" content=\"Cuenta Online de Discuento - International Relocation Firm\" \/>\n<meta property=\"og:description\" content=\"Cuenta Personal de Corretaje en L\u00e9nea: Cargo de Apertura Acerca de la Firma de Corretaje Cargos Comerciales Caracter\u00edsticas de la Cuenta Tarjeta de D\u00e9bito Chequera en D\u00f3lares Acceso a Internet Moneda Documentaci\u00f3n Requerida Dep\u00f3sito M\u00ednimo Requerido Cargos Miscel\u00e1neos Procedimiento de Apertura Cargo de Apertura: El cargo de apertura es de US$500. VOLVER Acerca de la [&hellip;]\" \/>\n<meta property=\"og:url\" content=\"https:\/\/www.relofirm.com\/es\/cuenta-online-de-discuento\/\" \/>\n<meta property=\"og:site_name\" content=\"International Relocation Firm\" \/>\n<meta property=\"article:publisher\" content=\"https:\/\/www.facebook.com\/ReloFirm\/\" \/>\n<meta property=\"article:modified_time\" content=\"2020-01-16T19:44:00+00:00\" \/>\n<meta name=\"twitter:label1\" content=\"Tiempo de lectura\" \/>\n\t<meta name=\"twitter:data1\" content=\"7 minutos\" \/>\n<!-- \/ Yoast SEO plugin. -->","yoast_head_json":{"title":"Cuenta Online de Discuento - International Relocation Firm","robots":{"index":"index","follow":"follow","max-snippet":"max-snippet:-1","max-image-preview":"max-image-preview:large","max-video-preview":"max-video-preview:-1"},"canonical":"https:\/\/www.relofirm.com\/es\/cuenta-online-de-discuento\/","og_locale":"es_ES","og_type":"article","og_title":"Cuenta Online de Discuento - International Relocation Firm","og_description":"Cuenta Personal de Corretaje en L\u00e9nea: Cargo de Apertura Acerca de la Firma de Corretaje Cargos Comerciales Caracter\u00edsticas de la Cuenta Tarjeta de D\u00e9bito Chequera en D\u00f3lares Acceso a Internet Moneda Documentaci\u00f3n Requerida Dep\u00f3sito M\u00ednimo Requerido Cargos Miscel\u00e1neos Procedimiento de Apertura Cargo de Apertura: El cargo de apertura es de US$500. VOLVER Acerca de la [&hellip;]","og_url":"https:\/\/www.relofirm.com\/es\/cuenta-online-de-discuento\/","og_site_name":"International Relocation Firm","article_publisher":"https:\/\/www.facebook.com\/ReloFirm\/","article_modified_time":"2020-01-16T19:44:00+00:00","twitter_misc":{"Tiempo de lectura":"7 minutos"},"schema":{"@context":"https:\/\/schema.org","@graph":[{"@type":"Organization","@id":"https:\/\/www.relofirm.com\/#organization","name":"International Relocation Firm","url":"https:\/\/www.relofirm.com\/","sameAs":["https:\/\/www.facebook.com\/ReloFirm\/","https:\/\/www.linkedin.com\/company\/relo-firm","https:\/\/twitter.com\/polslegal"],"logo":{"@type":"ImageObject","@id":"https:\/\/www.relofirm.com\/#logo","inLanguage":"es","url":"https:\/\/www.relofirm.com\/wp-content\/uploads\/2021\/11\/relofirm-logo.svg","contentUrl":"https:\/\/www.relofirm.com\/wp-content\/uploads\/2021\/11\/relofirm-logo.svg","width":1485,"height":516,"caption":"International Relocation Firm"},"image":{"@id":"https:\/\/www.relofirm.com\/#logo"}},{"@type":"WebSite","@id":"https:\/\/www.relofirm.com\/#website","url":"https:\/\/www.relofirm.com\/","name":"International Relocation Firm","description":"","publisher":{"@id":"https:\/\/www.relofirm.com\/#organization"},"potentialAction":[{"@type":"SearchAction","target":{"@type":"EntryPoint","urlTemplate":"https:\/\/www.relofirm.com\/?s={search_term_string}"},"query-input":"required name=search_term_string"}],"inLanguage":"es"},{"@type":"WebPage","@id":"https:\/\/www.relofirm.com\/es\/cuenta-online-de-discuento\/#webpage","url":"https:\/\/www.relofirm.com\/es\/cuenta-online-de-discuento\/","name":"Cuenta Online de Discuento - International Relocation Firm","isPartOf":{"@id":"https:\/\/www.relofirm.com\/#website"},"datePublished":"2010-10-07T05:00:00+00:00","dateModified":"2020-01-16T19:44:00+00:00","breadcrumb":{"@id":"https:\/\/www.relofirm.com\/es\/cuenta-online-de-discuento\/#breadcrumb"},"inLanguage":"es","potentialAction":[{"@type":"ReadAction","target":["https:\/\/www.relofirm.com\/es\/cuenta-online-de-discuento\/"]}]},{"@type":"BreadcrumbList","@id":"https:\/\/www.relofirm.com\/es\/cuenta-online-de-discuento\/#breadcrumb","itemListElement":[{"@type":"ListItem","position":1,"name":"Home","item":"https:\/\/www.relofirm.com\/es\/"},{"@type":"ListItem","position":2,"name":"Cuenta Online de Discuento"}]}]}},"_links":{"self":[{"href":"https:\/\/www.relofirm.com\/es\/wp-json\/wp\/v2\/pages\/7032"}],"collection":[{"href":"https:\/\/www.relofirm.com\/es\/wp-json\/wp\/v2\/pages"}],"about":[{"href":"https:\/\/www.relofirm.com\/es\/wp-json\/wp\/v2\/types\/page"}],"author":[{"embeddable":true,"href":"https:\/\/www.relofirm.com\/es\/wp-json\/wp\/v2\/users\/10"}],"replies":[{"embeddable":true,"href":"https:\/\/www.relofirm.com\/es\/wp-json\/wp\/v2\/comments?post=7032"}],"version-history":[{"count":1,"href":"https:\/\/www.relofirm.com\/es\/wp-json\/wp\/v2\/pages\/7032\/revisions"}],"predecessor-version":[{"id":7871,"href":"https:\/\/www.relofirm.com\/es\/wp-json\/wp\/v2\/pages\/7032\/revisions\/7871"}],"wp:attachment":[{"href":"https:\/\/www.relofirm.com\/es\/wp-json\/wp\/v2\/media?parent=7032"}],"curies":[{"name":"wp","href":"https:\/\/api.w.org\/{rel}","templated":true}]}}