{"id":7031,"date":"2010-10-06T00:00:00","date_gmt":"2010-10-06T05:00:00","guid":{"rendered":"https:\/\/relofirm.com\/personal_brokerage_account\/"},"modified":"2020-01-16T14:40:15","modified_gmt":"2020-01-16T19:40:15","slug":"cuenta-basica-de-corretaje","status":"publish","type":"page","link":"https:\/\/www.relofirm.com\/es\/cuenta-basica-de-corretaje\/","title":{"rendered":"Cuenta B\u00e1sica de Corretaje"},"content":{"rendered":"<p><strong>Cuenta B\u00e1sica de Corretaje<a name=\"top\"><\/a><\/strong><\/p>\n<ul>\n<li> <strong><a href=\"#1\">Cargo por Apertura<\/a><\/strong> <\/li>\n<li> <a href=\"#2\"><strong>Acerca de la Firma de Corretaje<\/strong><\/a> <\/li>\n<li> <strong><a href=\"#3\">Cargos comerciales<\/a><\/strong> <\/li>\n<li> <strong><a href=\"#4\">Caracter<\/a><\/strong><a href=\"#4\">\u00ed<\/a><strong><a href=\"#4\">sticas de la Cuenta<\/a><\/strong> <\/li>\n<li> <strong><a href=\"#5\">Tarjeta de D<\/a><\/strong><a href=\"#5\"><span lang=\"ES\">\u00e9<\/span><\/a><strong><a href=\"#5\">bito<\/a><\/strong> <\/li>\n<li> <strong><a href=\"#6\">Chequera en D\u00f3lares<\/a><\/strong> <\/li>\n<li> <strong><a href=\"#7\">Acceso a Internet<\/a><\/strong> <\/li>\n<li> <a href=\"#8\"><strong>Moneda<\/strong><\/a> <\/li>\n<li> <strong><a href=\"#9\">Documentaci\u00f3n Requerida<\/a><\/strong> <\/li>\n<li> <a href=\"#10\"><strong>Dep\u00f3sito M<\/strong>\u00ed<strong>nimo Requerido<\/strong><\/a> <\/li>\n<li> <strong><a href=\"#11\">Cargos Miscel\u00e1neos<\/a><\/strong> <\/li>\n<li> <strong><a href=\"#12\">Procedimiento de Apertura<\/a><\/strong> <\/li>\n<\/ul>\n<hr \/>\n<p><strong>Cargo de Apertura: <a name=\"1\"><\/a> <\/strong> <\/p>\n<p>El cargo de apertura por una cuenta personal de corretaje es de US$500.  <\/p>\n<p><strong><a href=\"#top\">VOLVER<\/a><\/strong><\/p>\n<hr \/>\n<p> <strong>Acerca de la Firma de Corretaje: <a id=\"2\" name=\"2\"><\/a><\/strong> <\/p>\n<p>Las cuentas de corretaje b\u00e1sicas personales, se establecen a trav<span lang=\"ES\">\u00e9<\/span>s de nuestras firmas de corretaje corresponsales en la Ciudad de Panam\u00e1, Rep\u00fablica de Panam\u00e1. La firma de corretaje est\u00e1 ubicada en Panam\u00e1, y es una firma registrada, autorizada y asegurada internacionalmente por la NASD. Todos los valores y los dep\u00f3sitos en efectivo est\u00e1n en custodia por una de las m\u00e1s grandes oficinas de compensaci\u00f3n del mundo. Cada cuenta est\u00e1 asegurada a trav<span lang=\"ES\">\u00e9<\/span>s del SIPC (Securities Investor Protection Corporation), hasta US$500,000 y lleva seguro adicional hasta US$99.5 millones a trav<span lang=\"ES\">\u00e9<\/span>s de una aseguradora mayor, a nivel internacional. <\/p>\n<p>Los corredores\/asesores financieros hablan ingl<span lang=\"ES\">\u00e9<\/span>s\/espa\u00f1ol, registrados en NASD, con licencia de corredores, quienes le pueden proporcionar consejos completos para hacer inversiones o fondos mutuos, valores, bonos, opciones, mercado de dinero, etc. Principalmente hacen cambios con las bolsas de cambio (NYSE, NASDAQ, AMEX, Toronto, etc.) de Estados Unidos de Am<span lang=\"ES\">\u00e9<\/span>rica y Canad\u00e1, de cualquier modo, pueden comprar o vender valores con las m\u00e1s grandes casas de cambio alrededor del globo. <\/p>\n<p><strong><a href=\"#top\">VOLVER<\/a><\/strong><\/p>\n<hr \/>\n<p> <strong>Cargos Comerciales: <a id=\"3\" name=\"3\"><\/a><\/strong> <\/p>\n<p>Los honorarios de negociaci\u00f3n var\u00edan dependiendo del monto a negociar, tipo de valor negociado, y la bolsa de valores de negociaci\u00f3n. No podemos proporcionarle una lista de cargos por honorarios de negociaci\u00f3n, ya que var\u00eda tanto de un mercado a otro, de cualquier modo, si podemos decir que los honorarios de negociaci\u00f3n, son aproximadamente lo mismo que el servicio integral de cualquier corredor. Los corredores de servicio integral, usualmente cobran un peque\u00f1o porcentaje (aproximadamente 1%) de lo negociado, en vez de un honorario fijo. Sin embargo, al adquirir un fondo mutuo sin carga, la compa\u00f1\u00eda del fondo normalmente cubrir\u00e1 el honorario de negociaci\u00f3n. <\/p>\n<p><strong><a href=\"#top\">VOLVER<\/a><\/strong><\/p>\n<hr \/>\n<p> <strong>Caracter\u00edsticas de la Cuenta:<a id=\"4\" name=\"4\"><\/a><\/strong> <\/p>\n<p>Cada cuenta incluir\u00e1 una Tarjeta de D<span lang=\"ES\">\u00e9<\/span>bito Visa, Chequera en d\u00f3lares americanos y acceso a Internet. <\/p>\n<p><strong><a href=\"#top\">VOLVER<\/a><\/strong><\/p>\n<hr \/>\n<p> <strong>Tarjeta de D<span lang=\"ES\">\u00e9<\/span><\/strong><strong>bito: <a id=\"5\" name=\"5\"><\/a><\/strong> <\/p>\n<p>El cargo anual por la Tarjeta de D<span lang=\"ES\">\u00e9<\/span>bito Visa es de US$75. No hay honorarios por transacciones de retiro efectuadas desde un cajero autom\u00e1tico. Usted debe mantener un balance m\u00ednimo de US$3,000, para calificar para una Tarjeta Corporativa de D<span lang=\"ES\">\u00e9<\/span>bito Visa, sin embargo, una vez que la tarjeta sea emitida, usted no necesita mantener US$3,000 en la cuenta durante el uso de la tarjeta de d<span lang=\"ES\">\u00e9<\/span>bito. <\/p>\n<p><strong><a href=\"#top\">VOLVER<\/a><\/strong><\/p>\n<hr \/>\n<p> <strong>Chequera en D\u00f3lares:<a id=\"6\" name=\"6\"><\/a><\/strong> <\/p>\n<p>La Chequera en D\u00f3lar Americano es usada para efectuar pagos a trav<span lang=\"ES\">\u00e9<\/span>s de cheques a cualquiera alrededor del mundo. La chequera ser\u00e1 proporcionada una vez que el m\u00ednimo de dep\u00f3sito de US$3,000 sea efectuado. <\/p>\n<p><strong><a href=\"#top\">VOLVER<\/a><\/strong><\/p>\n<hr \/>\n<p><strong>Acceso a Internet:<a id=\"7\" name=\"7\"><\/a><\/strong> <\/p>\n<p>El acceso a internet es proporcionado para que usted pueda accesar a la informaci\u00f3n de su cuenta en l\u00ednea, utilizando un c\u00f3digo y una identificaci\u00f3n de usuario seguros. <\/p>\n<p><strong><a href=\"#top\">VOLVER<\/a><\/strong><\/p>\n<hr \/>\n<p> <strong>Moneda: <a id=\"8\" name=\"8\"><\/a><\/strong> <\/p>\n<p>Los fondos solo pueden ser mantenidos en d\u00f3lares americanos. Cualquier transferencia en cualquier otra denominaci\u00f3n ser\u00e1 convertido en d\u00f3lares americanos antes de que sea depositado en la cuenta. <\/p>\n<p><strong><a href=\"#top\">VOLVER<\/a><\/strong><\/p>\n<hr \/>\n<p><strong> Documentaci\u00f3n Requerida: <a id=\"9\" name=\"9\"><\/a><\/strong> <\/p>\n<p>La siguiente documentaci\u00f3n es requerida: <\/p>\n<p>A. Fotocopia del pasaporte o de una licencia de conducir v\u00e1lida para cada signatario. La copia del pasaporte o de la licencia de conducir, debe incluir la foto de la persona, datos personales (nombre, fecha de nacimiento, n\u00famero de pasaporte, etc.), y la firma. La fotocopia debe ser clara y legible.  <\/p>\n<p>B. Una (1) Carta de Referencia Financiera. La carta de referencia financiera puede ser de cualquier banco, firma de corretaje, instituci\u00f3n de cr<span lang=\"ES\">\u00e9<\/span>dito, compa\u00f1\u00eda de serguro, compa\u00f1\u00eda fiduciaria o instituci\u00f3n financiera. La carta debe tener el membrete de la instituci\u00f3n financiera, debe incluir la firma de un oficial y su informaci\u00f3n de contacto (direcci\u00f3n, tel<span lang=\"ES\">\u00e9<\/span>fono, fax, direcci\u00f3n de correo electr\u00f3nico, etc.). No hay un formato espec\u00e9fico en que la carta de referencia debe estar escrita, sin embargo, hemos proporcionado un ejemplo para su referencia a continuaci\u00f3n. <\/p>\n<p><strong>Ejemplo de una Carta de Referencia Financiera<\/strong> <\/p>\n<p>* La documentaci\u00f3n requerida est\u00e1 sujeta a cambio sin previo aviso. <br \/>** Las firmas de corretaje distintas a nuestras firmas de corretaje corresponsales, pueden requerir otra documentaci\u00f3n. <\/p>\n<p>C. Solicitudes de Cuentas. Usted necesitar\u00e1 firmar todas las solicitudes para la cuenta donde se indique y luego devolverla a nosotros para procesarla. <\/p>\n<p><strong><a href=\"#top\">VOLVER<\/a><\/strong><\/p>\n<hr \/>\n<p><strong>Dep\u00f3sito <\/strong><strong>M\u00ed<\/strong><strong>nimo Requerido: <a id=\"10\" name=\"10\"><\/a><\/strong> <\/p>\n<p>El dep\u00f3sito m\u00ednimo para abrir una cuenta es US$3000, el cual debe ser hecho con un cheque en d\u00f3lares americanos, transferencia, o transferencias seguras a trav<span lang=\"ES\">\u00e9<\/span>s de ACAT (Cuenta de Transferencia Automatizada del Cliente)\/DTC (Compa\u00f1\u00eda de Dep\u00f3sito Fiduciaria). Despu<span lang=\"ES\">\u00e9<\/span>s que la cuenta est\u00ed establecida, dep\u00f3sitos adicionales podr\u00e1n ser hechos a trav<span lang=\"ES\">\u00e9<\/span>s de cheques en d\u00f3lares americanos, transferencias de valores, o por transferencias. La firma de corretaje le enviar\u00e1 las intrucciones para el dep\u00f3sito del cheque, transferencia de valores y transferencias, una vez que se establezca la cuenta. <br \/> <strong><a href=\"#top\"><br \/>VOLVER<\/a><\/strong><\/p>\n<hr \/>\n<p><strong>Cargos Miscel\u00e1neos*:<a id=\"11\" name=\"11\"><\/a><\/strong> <\/p>\n<p>Honorario por Apertura de Cuenta: Gratuito por la compra de una entidad, de otro modo US$500 <br \/>Transferencia Entrante : US$15  <br \/>Transferencia Saliente: US$40 **  <br \/>Transferia Interna (diario): Sin cargo***  <br \/>Extenci\u00f3n del Margen: US$50 por evento  <br \/>Cheques Devueltos: US$40 por evento <br \/>Suspensi\u00f3n de un Pago : US$20 por evento <br \/>Cargo de Confirmaci\u00f3n al Detal: US$7 por confirmaci\u00f3n  <br \/>Cargo por Custodio de Cuenta Inactiva: 1% por cuenta por a\u00f1o  <br \/>Cuenta Inactiva de Solamente Fondos Mutuos : US$25  <br \/>Cargo Anual de Chequera: US$75  <br \/>Cargo Anual por Tarjeta de D<span lang=\"ES\">\u00e9<\/span>bito: US$75  <br \/>Copia de Cheque Pagado o Comprobante de Visa : US$2.50  <br \/>Acceso a Cajero Autom\u00e1tico: no hay cargos si el retiro es de una cuenta de chequera  <br \/>Chequera (200 cheques): US$10  <br \/>Dep\u00f3sito de Cheque Extranjero (excepto E.E.U.U.): US$25 ****  <br \/>* Los cargos\/honorarios est\u00e1n sujetos a cambios sin previo aviso. Nosotros no garantizamos la exactitud de lo anteriormente expresado. <\/p>\n<p>** Transferencias de Terceros no es permitido. Transferencias salientes son permitidas s\u00f3lo a cuentas bajo el mismo nombre. Por ejemplo, \u00abJohn Smith\u00bb s\u00f3lo puede hacer transferencia de fondos a otra cuenta si el beneficiario es \u00abJohn Smith\u00bb. Para pagos a terceros, usted debe usar la chequera o la tarjeta de d\u00edbito. Recomendamos que si usted necesita hacer pagos a terceros a trav<span lang=\"ES\">\u00e9<\/span>s de transferencias, usted deber\u00e9a crear una cuenta bancaria en vez de (o junto con) una cuenta de corretaje. <\/p>\n<p>*** Transferencias internas (diario) a cuentas dentro de la misma instituci\u00f3n, son permitidas.  <\/p>\n<p>**** Son aceptados dep\u00f3sito en cheques en D\u00f3lares americanos (personal o cheque certificado o cheque de gerencia), transferencias o valores negociados p\u00fablicamente. No son aceptados dep\u00f3sitos en efectivo, giros postales, cheques de viajeros, cheques con doble endoso, partidas extranjeras\/\u00f3rdenes de retiros de ahorros, cheques devueltos, y cheques de terceros o cheques haciendo referencia a m\u00e1s de un n\u00famero de cuenta. <\/p>\n<p><strong><a href=\"#top\">VOLVER<\/a><\/strong><\/p>\n<hr \/>\n<p><strong>Procedimiento de Apertura:<\/strong><a id=\"12\" name=\"12\"><\/a> <\/p>\n<p><strong>A. Env\u00ed<\/strong><strong>e una Solicitud en L\u00ed<\/strong><strong>nea &#8211;<\/strong> Haga &#8216;click&#8217; en \u00abOrdene Ahora\u00bb, y complete una solicitud en l\u00ednea y luego presione &#8216;enviar&#8217;. <\/p>\n<p><strong>B. Enviar Pago &#8211;<\/strong> El pago puede ser hecho a trav<span lang=\"ES\">\u00e9<\/span>s de una Transferencia Bancaria, Transferencia Monetaria a trav<span lang=\"ES\">\u00e9<\/span>s de Western Union, E-Gold, Cheque en denominaci\u00f3n Estadounidense, o un Giro Postal Internacional en denominaci\u00f3n Estadounidense. <\/p>\n<p><strong>C. Documentos Recibidos &#8211;<\/strong> Una vez que recibamos el pago por la estructura, le enviaremos la solicitud para la cuenta de corretaje para su firma. Usted debe firmar la solicitud de la cuenta donde se le indique, y debe enviarlos de vuelta a nosotros junto con la documentaci\u00f3n requerida y el cheque de dep\u00f3sito inicial. <\/p>\n<p><strong>D. La Cuenta est\u00e1 establecida &#8211;<\/strong> Cuando recibimos la solicitud firmada para la cuenta, ser\u00e1 enviada a la firma de corretaje. El n\u00famero de la cuenta ser\u00e1 proporcionado usualmente, dentro de los pr\u00f3ximos 5 d\u00edas laborales, a partir de la fecha que los documentos fueron enviados a la firma de corretaje. <\/p>\n<p><strong>E. Comience a Utilizar su Cuenta &#8211;<\/strong> Usted recibir\u00e1 un protocolo completo de la cuenta, para realizar dep\u00f3sitos, ejecutar transferencias, informaci\u00f3n de contacto de la firma de corretaje, etc. <\/p>\n<hr \/>\n","protected":false},"excerpt":{"rendered":"<p>Cuenta B\u00e1sica de Corretaje Cargo por Apertura Acerca de la Firma de Corretaje Cargos comerciales Caracter\u00edsticas de la Cuenta Tarjeta de D\u00e9bito Chequera en D\u00f3lares Acceso a Internet Moneda Documentaci\u00f3n Requerida Dep\u00f3sito M\u00ednimo Requerido Cargos Miscel\u00e1neos Procedimiento de Apertura Cargo de Apertura: El cargo de apertura por una cuenta personal de corretaje es de US$500. [&hellip;]<\/p>\n","protected":false},"author":10,"featured_media":0,"parent":0,"menu_order":0,"comment_status":"closed","ping_status":"closed","template":"","meta":{"_et_pb_use_builder":"","_et_pb_old_content":"","_et_gb_content_width":"","inline_featured_image":false,"footnotes":""},"class_list":["post-7031","page","type-page","status-publish","hentry"],"yoast_head":"<!-- This site is optimized with the Yoast SEO plugin v27.5 - https:\/\/yoast.com\/product\/yoast-seo-wordpress\/ -->\n<title>Cuenta B\u00e1sica de Corretaje - International Relocation Firm<\/title>\n<meta name=\"robots\" content=\"index, follow, max-snippet:-1, max-image-preview:large, max-video-preview:-1\" \/>\n<link rel=\"canonical\" href=\"https:\/\/www.relofirm.com\/es\/cuenta-basica-de-corretaje\/\" \/>\n<meta name=\"twitter:label1\" content=\"Tiempo de lectura\" \/>\n\t<meta name=\"twitter:data1\" content=\"7 minutos\" \/>\n<!-- \/ Yoast SEO plugin. -->","yoast_head_json":{"title":"Cuenta B\u00e1sica de Corretaje - International Relocation Firm","robots":{"index":"index","follow":"follow","max-snippet":"max-snippet:-1","max-image-preview":"max-image-preview:large","max-video-preview":"max-video-preview:-1"},"canonical":"https:\/\/www.relofirm.com\/es\/cuenta-basica-de-corretaje\/","twitter_misc":{"Tiempo de lectura":"7 minutos"},"schema":{"@context":"https:\/\/schema.org","@graph":[{"@type":"WebPage","@id":"https:\/\/www.relofirm.com\/es\/cuenta-basica-de-corretaje\/","url":"https:\/\/www.relofirm.com\/es\/cuenta-basica-de-corretaje\/","name":"Cuenta B\u00e1sica de Corretaje - International Relocation Firm","isPartOf":{"@id":"https:\/\/www.relofirm.com\/#website"},"datePublished":"2010-10-06T05:00:00+00:00","dateModified":"2020-01-16T19:40:15+00:00","breadcrumb":{"@id":"https:\/\/www.relofirm.com\/es\/cuenta-basica-de-corretaje\/#breadcrumb"},"inLanguage":"es","potentialAction":[{"@type":"ReadAction","target":["https:\/\/www.relofirm.com\/es\/cuenta-basica-de-corretaje\/"]}]},{"@type":"BreadcrumbList","@id":"https:\/\/www.relofirm.com\/es\/cuenta-basica-de-corretaje\/#breadcrumb","itemListElement":[{"@type":"ListItem","position":1,"name":"Home","item":"https:\/\/www.relofirm.com\/es\/"},{"@type":"ListItem","position":2,"name":"Cuenta B\u00e1sica de Corretaje"}]},{"@type":"WebSite","@id":"https:\/\/www.relofirm.com\/#website","url":"https:\/\/www.relofirm.com\/","name":"International Relocation Firm","description":"","publisher":{"@id":"https:\/\/www.relofirm.com\/#organization"},"potentialAction":[{"@type":"SearchAction","target":{"@type":"EntryPoint","urlTemplate":"https:\/\/www.relofirm.com\/?s={search_term_string}"},"query-input":{"@type":"PropertyValueSpecification","valueRequired":true,"valueName":"search_term_string"}}],"inLanguage":"es"},{"@type":"Organization","@id":"https:\/\/www.relofirm.com\/#organization","name":"International Relocation Firm","url":"https:\/\/www.relofirm.com\/","logo":{"@type":"ImageObject","inLanguage":"es","@id":"https:\/\/www.relofirm.com\/#\/schema\/logo\/image\/","url":"https:\/\/www.relofirm.com\/wp-content\/uploads\/2021\/11\/relofirm-logo.svg","contentUrl":"https:\/\/www.relofirm.com\/wp-content\/uploads\/2021\/11\/relofirm-logo.svg","width":1485,"height":516,"caption":"International Relocation Firm"},"image":{"@id":"https:\/\/www.relofirm.com\/#\/schema\/logo\/image\/"},"sameAs":["https:\/\/www.facebook.com\/PanamaOffshoreLegalServices","https:\/\/x.com\/polslegal"]}]}},"_links":{"self":[{"href":"https:\/\/www.relofirm.com\/es\/wp-json\/wp\/v2\/pages\/7031","targetHints":{"allow":["GET"]}}],"collection":[{"href":"https:\/\/www.relofirm.com\/es\/wp-json\/wp\/v2\/pages"}],"about":[{"href":"https:\/\/www.relofirm.com\/es\/wp-json\/wp\/v2\/types\/page"}],"author":[{"embeddable":true,"href":"https:\/\/www.relofirm.com\/es\/wp-json\/wp\/v2\/users\/10"}],"replies":[{"embeddable":true,"href":"https:\/\/www.relofirm.com\/es\/wp-json\/wp\/v2\/comments?post=7031"}],"version-history":[{"count":1,"href":"https:\/\/www.relofirm.com\/es\/wp-json\/wp\/v2\/pages\/7031\/revisions"}],"predecessor-version":[{"id":7865,"href":"https:\/\/www.relofirm.com\/es\/wp-json\/wp\/v2\/pages\/7031\/revisions\/7865"}],"wp:attachment":[{"href":"https:\/\/www.relofirm.com\/es\/wp-json\/wp\/v2\/media?parent=7031"}],"curies":[{"name":"wp","href":"https:\/\/api.w.org\/{rel}","templated":true}]}}