{"id":7019,"date":"2010-10-05T00:00:00","date_gmt":"2010-10-05T05:00:00","guid":{"rendered":"https:\/\/relofirm.com\/foundation_panama_tax_information\/"},"modified":"2021-08-05T13:44:33","modified_gmt":"2021-08-05T18:44:33","slug":"informacion-sobre-impuestos-para-la-fundacion-en-panama","status":"publish","type":"page","link":"https:\/\/www.relofirm.com\/es\/informacion-sobre-impuestos-para-la-fundacion-en-panama\/","title":{"rendered":"Informaci\u00f3n sobre Impuestos para la Fundaci\u00f3n en Panam\u00e1"},"content":{"rendered":"<div class=\"menu-offshore-foundations-es-container\"><ul id=\"menu-offshore-foundations-es\" class=\"menu\"><li id=\"menu-item-7575\" class=\"menu-item menu-item-type-post_type menu-item-object-page menu-item-has-children menu-item-7575\"><a href=\"https:\/\/www.relofirm.com\/es\/fundaciones-en-panama\/\">Fundaciones de Inter\u00e9s Privado en Panam\u00e1<\/a>\n<ul class=\"sub-menu\">\n\t<li id=\"menu-item-7577\" class=\"menu-item menu-item-type-post_type menu-item-object-page menu-item-7577\"><a href=\"https:\/\/www.relofirm.com\/es\/elementos-para-crear-una-fundacion-en-panama\/\">Elementos de una Fundaci\u00f3n de Inter\u00e9s Privado en Panam\u00e1<\/a><\/li>\n\t<li id=\"menu-item-7578\" class=\"menu-item menu-item-type-post_type menu-item-object-page menu-item-7578\"><a href=\"https:\/\/www.relofirm.com\/es\/anualidades-de-fundaciones\/\">Anualidades de Fundaciones<\/a><\/li>\n\t<li id=\"menu-item-7579\" class=\"menu-item menu-item-type-post_type menu-item-object-page menu-item-7579\"><a href=\"https:\/\/www.relofirm.com\/es\/datos-importantes-de-las-fundaciones-panamenas\/\">Datos Importantes de las Fundaciones Paname\u00f1as<\/a><\/li>\n\t<li id=\"menu-item-7580\" class=\"menu-item menu-item-type-post_type menu-item-object-page menu-item-7580\"><a href=\"https:\/\/www.relofirm.com\/es\/informacion-sobre-impuestos-para-la-fundacion-en-panama\/\">Informaci\u00f3n sobre Impuestos para la Fundaci\u00f3n en Panam\u00e1<\/a><\/li>\n\t<li id=\"menu-item-7581\" class=\"menu-item menu-item-type-post_type menu-item-object-page menu-item-7581\"><a href=\"https:\/\/www.relofirm.com\/es\/ley-panamena-de-fundaciones\/\">Ley Paname\u00f1a de Fundaciones<\/a><\/li>\n\t<li id=\"menu-item-7582\" class=\"menu-item menu-item-type-post_type menu-item-object-page menu-item-7582\"><a href=\"https:\/\/www.relofirm.com\/es\/procedimientos-para-establecer-una-fundacion-panamena\/\">Procedimientos para establecer una Fundaci\u00f3n Paname\u00f1a<\/a><\/li>\n\t<li id=\"menu-item-7583\" class=\"menu-item menu-item-type-post_type menu-item-object-page menu-item-7583\"><a href=\"https:\/\/www.relofirm.com\/es\/paquete-de-oferta-exclusiva-de-fundacion-panamena\/\">Paquete de Oferta Exclusiva de Fundaci\u00f3n Paname\u00f1a<\/a><\/li>\n\t<li id=\"menu-item-7585\" class=\"menu-item menu-item-type-post_type menu-item-object-page menu-item-7585\"><a href=\"https:\/\/www.relofirm.com\/es\/anualidades-de-fundaciones-en-panama\/\">Anualidades de Corporaciones\u00a0y Fundaciones en\u00a0Panam\u00e1<\/a><\/li>\n<\/ul>\n<\/li>\n<\/ul><\/div>\n<hr \/>\n<p><strong><a href=\"https:\/\/www.relofirm.com\/important-notice-to-us-persons\/\">AVISO IMPORTANTE PARA LAS PERSONAS ESTADOUNIDENSES<\/a>: Las Personas Estadounidenses (ciudadanos o residentes de los Estados Unidos) est\u00e1n obligadas a reportar sus intereses en las Fundaciones de Inter\u00e9s Privado de Panam\u00e1. International Relocation Firm no ofrece Fundaciones de Inter\u00e9s Privado en Panam\u00e1 a personas estadounidenses.<\/strong><\/p>\n<p>Las <a href=\"https:\/\/www.relofirm.com\/es\/offshore_foundations\">Fundaciones en Panam\u00e1<\/a> le ofrecen las siguientes ventajas fiscales\u00a0 (para los ingresos obtenidos fuera del territorio de Panam\u00e1): No hay requisitos de declaraci\u00f3n de impuestos en Panam\u00e1.<\/p>\n<ul>\n<li>No hay impuesto sobre la renta en Panam\u00e1.<\/li>\n<li>No hay impuesto sobre las ganancias de capital en Panam\u00e1.<\/li>\n<li>No hay impuesto sobre los ingresos por intereses en Panam\u00e1.<\/li>\n<li>No hay impuesto sobre las ventas en Panam\u00e1.<\/li>\n<li>No hay impuesto en Panam\u00e1 para los beneficiarios.<\/li>\n<li>No hay impuesto de transferencia de beneficiarios en Panam\u00e1.<\/li>\n<li>No hay impuesto sobre el capital en Panam\u00e1.<\/li>\n<li>No hay impuesto sobre la propiedad (para la propiedad no paname\u00f1a).<\/li>\n<li>No hay impuesto sobre el patrimonio en Panam\u00e1.<\/li>\n<li>No hay impuesto sobre donaciones en Panam\u00e1.<\/li>\n<li>No hay impuesto de sucesi\u00f3n en Panam\u00e1.<\/li>\n<li>No hay impuesto de timbre en Panam\u00e1.<\/li>\n<li>No hay impuesto de sucesi\u00f3n en Panam\u00e1.<\/li>\n<li>No hay impuesto de inventario en Panam\u00e1.<\/li>\n<\/ul>\n<h3>Impuesto anual fijo de franquicia corporativa en Panam\u00e1<\/h3>\n<p>El \u00fanico impuesto que pagan las fundaciones paname\u00f1as es el impuesto de franquicia corporativa anual fijo de US$400 para las fundaciones.<\/p>\n<p>De acuerdo con la Ley, los plazos de pago del impuesto de franquicia corporativa de Panam\u00e1 son los siguientes:<\/p>\n<p>Fecha de constituci\u00f3n &#8230;&#8230;&#8230;&#8230;&#8230;&#8230;Fecha l\u00edmite de pago del impuesto<br \/>\nDel 1 de enero al 30 de junio: 15 de julio<br \/>\nDel 1 de julio al 31 de diciembre: 15 de enero: 15 de enero<\/p>\n<p><strong>Multa por retraso en el pago:<\/strong><\/p>\n<p>Si el impuesto anual de franquicia corporativa (\u00abtasa unica\u00bb) de Panam\u00e1 no es pagado en o antes de las fechas de vencimiento mencionadas anteriormente, la entidad ser\u00e1 cargada con una penalidad por retraso de US$50.00 por cada a\u00f1o que el impuesto no sea pagado.<\/p>\n<p><strong>Segunda penalidad por pago tard\u00edo:<\/strong><\/p>\n<p>Si el impuesto de franquicia corporativa anual (\u00abtasa unica\u00bb) no es pagado despu\u00e9s de 1 per\u00edodo de \u00abfecha l\u00edmite\u00bb, a la entidad se le cobrar\u00e1 una segunda multa por mora de US$300 por cada per\u00edodo adicional de \u00abfecha l\u00edmite\u00bb incumplido a partir de entonces, se incurrir\u00e1 en una multa por mora de US$300.<\/p>\n<hr \/>\n","protected":false},"excerpt":{"rendered":"<p>AVISO IMPORTANTE PARA LAS PERSONAS ESTADOUNIDENSES: Las Personas Estadounidenses (ciudadanos o residentes de los Estados Unidos) est\u00e1n obligadas a reportar sus intereses en las Fundaciones de Inter\u00e9s Privado de Panam\u00e1. International Relocation Firm no ofrece Fundaciones de Inter\u00e9s Privado en Panam\u00e1 a personas estadounidenses. Las Fundaciones en Panam\u00e1 le ofrecen las siguientes ventajas fiscales\u00a0 (para [&hellip;]<\/p>\n","protected":false},"author":10,"featured_media":0,"parent":0,"menu_order":0,"comment_status":"closed","ping_status":"closed","template":"","meta":{"_et_pb_use_builder":"","_et_pb_old_content":"","_et_gb_content_width":"","inline_featured_image":false},"yoast_head":"<!-- This site is optimized with the Yoast SEO plugin v18.5.1 - https:\/\/yoast.com\/wordpress\/plugins\/seo\/ -->\n<title>Informaci\u00f3n sobre Impuestos para la Fundaci\u00f3n en Panam\u00e1 - International Relocation Firm<\/title>\n<meta name=\"robots\" content=\"index, follow, max-snippet:-1, max-image-preview:large, max-video-preview:-1\" \/>\n<link rel=\"canonical\" href=\"https:\/\/www.relofirm.com\/es\/informacion-sobre-impuestos-para-la-fundacion-en-panama\/\" \/>\n<meta property=\"og:locale\" content=\"es_ES\" \/>\n<meta property=\"og:type\" content=\"article\" \/>\n<meta property=\"og:title\" content=\"Informaci\u00f3n sobre Impuestos para la Fundaci\u00f3n en Panam\u00e1 - International Relocation Firm\" \/>\n<meta property=\"og:description\" content=\"AVISO IMPORTANTE PARA LAS PERSONAS ESTADOUNIDENSES: Las Personas Estadounidenses (ciudadanos o residentes de los Estados Unidos) est\u00e1n obligadas a reportar sus intereses en las Fundaciones de Inter\u00e9s Privado de Panam\u00e1. International Relocation Firm no ofrece Fundaciones de Inter\u00e9s Privado en Panam\u00e1 a personas estadounidenses. Las Fundaciones en Panam\u00e1 le ofrecen las siguientes ventajas fiscales\u00a0 (para [&hellip;]\" \/>\n<meta property=\"og:url\" content=\"https:\/\/www.relofirm.com\/es\/informacion-sobre-impuestos-para-la-fundacion-en-panama\/\" \/>\n<meta property=\"og:site_name\" content=\"International Relocation Firm\" \/>\n<meta property=\"article:publisher\" content=\"https:\/\/www.facebook.com\/ReloFirm\/\" \/>\n<meta property=\"article:modified_time\" content=\"2021-08-05T18:44:33+00:00\" \/>\n<meta name=\"twitter:label1\" content=\"Tiempo de lectura\" \/>\n\t<meta name=\"twitter:data1\" content=\"2 minutos\" \/>\n<!-- \/ Yoast SEO plugin. -->","yoast_head_json":{"title":"Informaci\u00f3n sobre Impuestos para la Fundaci\u00f3n en Panam\u00e1 - International Relocation Firm","robots":{"index":"index","follow":"follow","max-snippet":"max-snippet:-1","max-image-preview":"max-image-preview:large","max-video-preview":"max-video-preview:-1"},"canonical":"https:\/\/www.relofirm.com\/es\/informacion-sobre-impuestos-para-la-fundacion-en-panama\/","og_locale":"es_ES","og_type":"article","og_title":"Informaci\u00f3n sobre Impuestos para la Fundaci\u00f3n en Panam\u00e1 - International Relocation Firm","og_description":"AVISO IMPORTANTE PARA LAS PERSONAS ESTADOUNIDENSES: Las Personas Estadounidenses (ciudadanos o residentes de los Estados Unidos) est\u00e1n obligadas a reportar sus intereses en las Fundaciones de Inter\u00e9s Privado de Panam\u00e1. International Relocation Firm no ofrece Fundaciones de Inter\u00e9s Privado en Panam\u00e1 a personas estadounidenses. Las Fundaciones en Panam\u00e1 le ofrecen las siguientes ventajas fiscales\u00a0 (para [&hellip;]","og_url":"https:\/\/www.relofirm.com\/es\/informacion-sobre-impuestos-para-la-fundacion-en-panama\/","og_site_name":"International Relocation Firm","article_publisher":"https:\/\/www.facebook.com\/ReloFirm\/","article_modified_time":"2021-08-05T18:44:33+00:00","twitter_misc":{"Tiempo de lectura":"2 minutos"},"schema":{"@context":"https:\/\/schema.org","@graph":[{"@type":"Organization","@id":"https:\/\/www.relofirm.com\/#organization","name":"International Relocation Firm","url":"https:\/\/www.relofirm.com\/","sameAs":["https:\/\/www.facebook.com\/ReloFirm\/","https:\/\/www.linkedin.com\/company\/relo-firm","https:\/\/twitter.com\/polslegal"],"logo":{"@type":"ImageObject","@id":"https:\/\/www.relofirm.com\/#logo","inLanguage":"es","url":"https:\/\/www.relofirm.com\/wp-content\/uploads\/2021\/11\/relofirm-logo.svg","contentUrl":"https:\/\/www.relofirm.com\/wp-content\/uploads\/2021\/11\/relofirm-logo.svg","width":1485,"height":516,"caption":"International Relocation Firm"},"image":{"@id":"https:\/\/www.relofirm.com\/#logo"}},{"@type":"WebSite","@id":"https:\/\/www.relofirm.com\/#website","url":"https:\/\/www.relofirm.com\/","name":"International Relocation Firm","description":"","publisher":{"@id":"https:\/\/www.relofirm.com\/#organization"},"potentialAction":[{"@type":"SearchAction","target":{"@type":"EntryPoint","urlTemplate":"https:\/\/www.relofirm.com\/?s={search_term_string}"},"query-input":"required name=search_term_string"}],"inLanguage":"es"},{"@type":"WebPage","@id":"https:\/\/www.relofirm.com\/es\/informacion-sobre-impuestos-para-la-fundacion-en-panama\/#webpage","url":"https:\/\/www.relofirm.com\/es\/informacion-sobre-impuestos-para-la-fundacion-en-panama\/","name":"Informaci\u00f3n sobre Impuestos para la Fundaci\u00f3n en Panam\u00e1 - International Relocation Firm","isPartOf":{"@id":"https:\/\/www.relofirm.com\/#website"},"datePublished":"2010-10-05T05:00:00+00:00","dateModified":"2021-08-05T18:44:33+00:00","breadcrumb":{"@id":"https:\/\/www.relofirm.com\/es\/informacion-sobre-impuestos-para-la-fundacion-en-panama\/#breadcrumb"},"inLanguage":"es","potentialAction":[{"@type":"ReadAction","target":["https:\/\/www.relofirm.com\/es\/informacion-sobre-impuestos-para-la-fundacion-en-panama\/"]}]},{"@type":"BreadcrumbList","@id":"https:\/\/www.relofirm.com\/es\/informacion-sobre-impuestos-para-la-fundacion-en-panama\/#breadcrumb","itemListElement":[{"@type":"ListItem","position":1,"name":"Home","item":"https:\/\/www.relofirm.com\/es\/"},{"@type":"ListItem","position":2,"name":"Informaci\u00f3n sobre Impuestos para la Fundaci\u00f3n en Panam\u00e1"}]}]}},"_links":{"self":[{"href":"https:\/\/www.relofirm.com\/es\/wp-json\/wp\/v2\/pages\/7019"}],"collection":[{"href":"https:\/\/www.relofirm.com\/es\/wp-json\/wp\/v2\/pages"}],"about":[{"href":"https:\/\/www.relofirm.com\/es\/wp-json\/wp\/v2\/types\/page"}],"author":[{"embeddable":true,"href":"https:\/\/www.relofirm.com\/es\/wp-json\/wp\/v2\/users\/10"}],"replies":[{"embeddable":true,"href":"https:\/\/www.relofirm.com\/es\/wp-json\/wp\/v2\/comments?post=7019"}],"version-history":[{"count":3,"href":"https:\/\/www.relofirm.com\/es\/wp-json\/wp\/v2\/pages\/7019\/revisions"}],"predecessor-version":[{"id":11628,"href":"https:\/\/www.relofirm.com\/es\/wp-json\/wp\/v2\/pages\/7019\/revisions\/11628"}],"wp:attachment":[{"href":"https:\/\/www.relofirm.com\/es\/wp-json\/wp\/v2\/media?parent=7019"}],"curies":[{"name":"wp","href":"https:\/\/api.w.org\/{rel}","templated":true}]}}