{"id":7013,"date":"2010-10-04T00:00:00","date_gmt":"2010-10-04T05:00:00","guid":{"rendered":"https:\/\/relofirm.com\/corporation_vehicle_registration\/"},"modified":"2020-01-22T10:35:39","modified_gmt":"2020-01-22T15:35:39","slug":"procedimiento-para-el-registro-de-vehiculos","status":"publish","type":"page","link":"https:\/\/www.relofirm.com\/es\/procedimiento-para-el-registro-de-vehiculos\/","title":{"rendered":"Procedimiento para el Registro de Veh\u00edculos"},"content":{"rendered":"<div class=\"menu-relocation-es-container\"><ul id=\"menu-relocation-es\" class=\"menu\"><li id=\"menu-item-7618\" class=\"menu-item menu-item-type-post_type menu-item-object-page menu-item-has-children menu-item-7618\"><a href=\"https:\/\/www.relofirm.com\/es\/mudarse-a-panama\/\">Mudarse a Panam\u00e1<\/a>\n<ul class=\"sub-menu\">\n\t<li id=\"menu-item-7619\" class=\"menu-item menu-item-type-post_type menu-item-object-page menu-item-7619\"><a href=\"https:\/\/www.relofirm.com\/es\/como-obtener-un-permiso-de-trabajo-panameno\/\">Como Obtener un Permiso de Trabajo Paname\u00f1o<\/a><\/li>\n\t<li id=\"menu-item-239338\" class=\"menu-item menu-item-type-post_type menu-item-object-page menu-item-239338\"><a href=\"https:\/\/www.relofirm.com\/es\/ciudadania-panamena\/\">Como Obtener Ciudadan\u00eda Paname\u00f1a<\/a><\/li>\n\t<li id=\"menu-item-7620\" class=\"menu-item menu-item-type-post_type menu-item-object-page menu-item-7620\"><a href=\"https:\/\/www.relofirm.com\/es\/lista-de-las-mejores-escuelas-en-panama\/\">Lista de las Mejores Escuelas en Panam\u00e1<\/a><\/li>\n\t<li id=\"menu-item-7621\" class=\"menu-item menu-item-type-post_type menu-item-object-page menu-item-7621\"><a href=\"https:\/\/www.relofirm.com\/es\/hospitales-en-panama\/\">Hospitales en Panama<\/a><\/li>\n\t<li id=\"menu-item-7622\" class=\"menu-item menu-item-type-post_type menu-item-object-page menu-item-7622\"><a href=\"https:\/\/www.relofirm.com\/es\/como-comprar-un-arma-en-panama\/\">Como Comprar un Arma en Panama<\/a><\/li>\n\t<li id=\"menu-item-7623\" class=\"menu-item menu-item-type-post_type menu-item-object-page menu-item-7623\"><a href=\"https:\/\/www.relofirm.com\/es\/como-importar-armas-a-panama\/\">Como Importar Armas a Panama<\/a><\/li>\n\t<li id=\"menu-item-7624\" class=\"menu-item menu-item-type-post_type menu-item-object-page menu-item-7624\"><a href=\"https:\/\/www.relofirm.com\/es\/como-obtener-una-licencia-de-conducir-en-panama\/\">Como Obtener una Licencia de Conducir en Panama<\/a><\/li>\n\t<li id=\"menu-item-7625\" class=\"menu-item menu-item-type-post_type menu-item-object-page menu-item-7625\"><a href=\"https:\/\/www.relofirm.com\/es\/procedimiento-para-el-registro-de-vehiculos\/\">Procedimiento para el Registro de Veh\u00edculos<\/a><\/li>\n\t<li id=\"menu-item-7626\" class=\"menu-item menu-item-type-post_type menu-item-object-page menu-item-7626\"><a href=\"https:\/\/www.relofirm.com\/es\/conduciendo-en-panama\/\">Conduciendo en Panama<\/a><\/li>\n\t<li id=\"menu-item-7627\" class=\"menu-item menu-item-type-post_type menu-item-object-page menu-item-7627\"><a href=\"https:\/\/www.relofirm.com\/es\/cajas-de-seguridad-en-panama\/\">Cajas de Seguridad en Panam\u00e1<\/a><\/li>\n\t<li id=\"menu-item-7628\" class=\"menu-item menu-item-type-post_type menu-item-object-page menu-item-7628\"><a href=\"https:\/\/www.relofirm.com\/es\/contractacion-de-personal-domestico-en-panama\/\">Contractacion de Personal Domestico en Panama<\/a><\/li>\n\t<li id=\"menu-item-7629\" class=\"menu-item menu-item-type-post_type menu-item-object-page menu-item-7629\"><a href=\"https:\/\/www.relofirm.com\/es\/casarse-en-panama\/\">Casarse en Panam\u00e1<\/a><\/li>\n\t<li id=\"menu-item-7630\" class=\"menu-item menu-item-type-post_type menu-item-object-page menu-item-7630\"><a href=\"https:\/\/www.relofirm.com\/es\/divorciarse-en-panama\/\">Divorciarse en Panama<\/a><\/li>\n\t<li id=\"menu-item-7631\" class=\"menu-item menu-item-type-post_type menu-item-object-page menu-item-7631\"><a href=\"https:\/\/www.relofirm.com\/es\/como-contratar-los-servicios-de-electricidad-gas-y-agua-en-panama\/\">Como Contratar los Servicios de Electricidad, Gas y Agua en Panama<\/a><\/li>\n\t<li id=\"menu-item-7632\" class=\"menu-item menu-item-type-post_type menu-item-object-page menu-item-7632\"><a href=\"https:\/\/www.relofirm.com\/es\/obtenga-en-telefono-celular-en-panama\/\">Obtenga en Telefono Celular en Panama<\/a><\/li>\n\t<li id=\"menu-item-7633\" class=\"menu-item menu-item-type-post_type menu-item-object-page menu-item-7633\"><a href=\"https:\/\/www.relofirm.com\/es\/como-recibir-correspondencia-en-panama\/\">Como Recibir Correspondencia en Panama<\/a><\/li>\n\t<li id=\"menu-item-7634\" class=\"menu-item menu-item-type-post_type menu-item-object-page menu-item-7634\"><a href=\"https:\/\/www.relofirm.com\/es\/como-importar-su-carro-y-articulos-del-hogar-a-panama\/\">Como Importar su Carro y Articulos del Hogar a Panama Libre de Impuesto, en Calidad de Pensionado<\/a><\/li>\n\t<li id=\"menu-item-7635\" class=\"menu-item menu-item-type-post_type menu-item-object-page menu-item-7635\"><a href=\"https:\/\/www.relofirm.com\/es\/como-obtener-una-placa-para-un-vehiculo-nuevo-en-panama\/\">Como Obtener una Placa para un Vehiculo Nuevo en Panama<\/a><\/li>\n\t<li id=\"menu-item-7636\" class=\"menu-item menu-item-type-post_type menu-item-object-page menu-item-7636\"><a href=\"https:\/\/www.relofirm.com\/es\/como-obtener-un-seguro-para-vehiculos-en-panama\/\">Como Obtener un Seguro para Vehiculos en Panama<\/a><\/li>\n\t<li id=\"menu-item-7637\" class=\"menu-item menu-item-type-post_type menu-item-object-page menu-item-7637\"><a href=\"https:\/\/www.relofirm.com\/es\/tener-un-bebe-en-panama\/\">Tener un Bebe en Panama<\/a><\/li>\n\t<li id=\"menu-item-7638\" class=\"menu-item menu-item-type-post_type menu-item-object-page menu-item-7638\"><a href=\"https:\/\/www.relofirm.com\/es\/conducir-un-vehiculo-con-placa-de-panama-hacia-otro-pais\/\">Conducir un Vehiculo con Placa de Panama Hacia Otro Pais<\/a><\/li>\n<\/ul>\n<\/li>\n<\/ul><\/div>\n<hr \/>\n<p>Si Usted decide realizar el registro de un veh\u00edculo en Panam\u00e1, podr\u00e1 hacerlo a t\u00edtulo personal (lo cual no es recomendable por razones de anonimato, seguridad, responsabilidad, etc.) o podr\u00e1 hacerlo a nombre de una entidad (Corporaci\u00f3n en Panam\u00e1 \/ Fundaci\u00f3n en Panam\u00e1).<\/p>\n<p>El Registro de la entidad (Sociedad o Fundaci\u00f3n) en el Municipio (el cual es el Instituto de Gobierno Municipal que realiza el registro de los veh\u00edculos en Panam\u00e1) no es autom\u00e1tico. Eso significa que la entidad deber ser registrada primero en el Municipio y luego Usted podr\u00e1 registrar el veh\u00edculo a nombre de la entidad.<\/p>\n<h2>PROCEDIMIENTO PARA EL REGISTRO DE UNA ENTIDAD<\/h2>\n<p>Una vez que su entidad (Bien sea Sociedad o Fundaci\u00f3n) se encuentre inscrita en el Registro P\u00fablico, deber\u00e1 realizar el siguiente procedimiento para la inscripci\u00f3n en el Municipio de Panama:<\/p>\n<ol>\n<li>Procesar en el Ministerio de Comercio una licencia de comercio (Si la sociedad est\u00e1 haciendo negocios) o procesar en \u00e9ste organismo gubernamental una Certificaci\u00f3n que establezca que su entidad, por el contrario, no se encuentra haciendo negocios y por ende no requiere de una licencia de comercio. Estos documentos pueden tomar varios d\u00edas en procesarse.<\/li>\n<li>Procesar el Paz y Salvo ante el Ministerio de Econom\u00eda y Finanzas.<\/li>\n<li>Procesar el Registro de la entidad ante el Municipio.<\/li>\n<\/ol>\n<p>Una vez que la entidad se ha registrado en el Municipio, entonces podr\u00e1 registrar el veh\u00edculo a nombre de la entidad (Sociedad o Fundaci\u00f3n)<\/p>\n<p>El proceso de registro de una entidad en el Municipio tiene un costo de Cien (100) D\u00f3lares.<\/p>\n<p>Si Usted est\u00e1 importando un veh\u00edculo y desea registrar ese veh\u00edculo a nombre de la entidad, usted deber\u00e1 informarnos con antelaci\u00f3n para procesar el registro de la entidad en el municipio y usted deber\u00e1 contactar un agente aduanal para realizar el proceso de importaci\u00f3n del veh\u00edculo, sus deberes y la liquidaci\u00f3n de aduana.<\/p>\n<p>Si desea obtener asistencia en el tr\u00e1mite de registro de un veh\u00edculo en Panam\u00e1 y en el proceso de reubicaci\u00f3n, por favor p\u00f3ngase en contacto con nuestra firma de abogados International Relocation Firm y gustosamente le atenderemos.<\/p>\n","protected":false},"excerpt":{"rendered":"<p>Si Usted decide realizar el registro de un veh\u00edculo en Panam\u00e1, podr\u00e1 hacerlo a t\u00edtulo personal (lo cual no es recomendable por razones de anonimato, seguridad, responsabilidad, etc.) o podr\u00e1 hacerlo a nombre de una entidad (Corporaci\u00f3n en Panam\u00e1 \/ Fundaci\u00f3n en Panam\u00e1). El Registro de la entidad (Sociedad o Fundaci\u00f3n) en el Municipio (el [&hellip;]<\/p>\n","protected":false},"author":10,"featured_media":0,"parent":0,"menu_order":0,"comment_status":"closed","ping_status":"closed","template":"","meta":{"_et_pb_use_builder":"","_et_pb_old_content":"","_et_gb_content_width":"","inline_featured_image":false},"yoast_head":"<!-- This site is optimized with the Yoast SEO plugin v18.5.1 - https:\/\/yoast.com\/wordpress\/plugins\/seo\/ -->\n<title>Procedimiento para el Registro de Veh\u00edculos - International Relocation Firm<\/title>\n<meta name=\"robots\" content=\"index, follow, max-snippet:-1, max-image-preview:large, max-video-preview:-1\" \/>\n<link rel=\"canonical\" href=\"https:\/\/www.relofirm.com\/es\/procedimiento-para-el-registro-de-vehiculos\/\" \/>\n<meta property=\"og:locale\" content=\"es_ES\" \/>\n<meta property=\"og:type\" content=\"article\" \/>\n<meta property=\"og:title\" content=\"Procedimiento para el Registro de Veh\u00edculos - International Relocation Firm\" \/>\n<meta property=\"og:description\" content=\"Si Usted decide realizar el registro de un veh\u00edculo en Panam\u00e1, podr\u00e1 hacerlo a t\u00edtulo personal (lo cual no es recomendable por razones de anonimato, seguridad, responsabilidad, etc.) o podr\u00e1 hacerlo a nombre de una entidad (Corporaci\u00f3n en Panam\u00e1 \/ Fundaci\u00f3n en Panam\u00e1). El Registro de la entidad (Sociedad o Fundaci\u00f3n) en el Municipio (el [&hellip;]\" \/>\n<meta property=\"og:url\" content=\"https:\/\/www.relofirm.com\/es\/procedimiento-para-el-registro-de-vehiculos\/\" \/>\n<meta property=\"og:site_name\" content=\"International Relocation Firm\" \/>\n<meta property=\"article:publisher\" content=\"https:\/\/www.facebook.com\/ReloFirm\/\" \/>\n<meta property=\"article:modified_time\" content=\"2020-01-22T15:35:39+00:00\" \/>\n<meta name=\"twitter:label1\" content=\"Tiempo de lectura\" \/>\n\t<meta name=\"twitter:data1\" content=\"2 minutos\" \/>\n<!-- \/ Yoast SEO plugin. -->","yoast_head_json":{"title":"Procedimiento para el Registro de Veh\u00edculos - International Relocation Firm","robots":{"index":"index","follow":"follow","max-snippet":"max-snippet:-1","max-image-preview":"max-image-preview:large","max-video-preview":"max-video-preview:-1"},"canonical":"https:\/\/www.relofirm.com\/es\/procedimiento-para-el-registro-de-vehiculos\/","og_locale":"es_ES","og_type":"article","og_title":"Procedimiento para el Registro de Veh\u00edculos - International Relocation Firm","og_description":"Si Usted decide realizar el registro de un veh\u00edculo en Panam\u00e1, podr\u00e1 hacerlo a t\u00edtulo personal (lo cual no es recomendable por razones de anonimato, seguridad, responsabilidad, etc.) o podr\u00e1 hacerlo a nombre de una entidad (Corporaci\u00f3n en Panam\u00e1 \/ Fundaci\u00f3n en Panam\u00e1). El Registro de la entidad (Sociedad o Fundaci\u00f3n) en el Municipio (el [&hellip;]","og_url":"https:\/\/www.relofirm.com\/es\/procedimiento-para-el-registro-de-vehiculos\/","og_site_name":"International Relocation Firm","article_publisher":"https:\/\/www.facebook.com\/ReloFirm\/","article_modified_time":"2020-01-22T15:35:39+00:00","twitter_misc":{"Tiempo de lectura":"2 minutos"},"schema":{"@context":"https:\/\/schema.org","@graph":[{"@type":"Organization","@id":"https:\/\/www.relofirm.com\/#organization","name":"International Relocation Firm","url":"https:\/\/www.relofirm.com\/","sameAs":["https:\/\/www.facebook.com\/ReloFirm\/","https:\/\/www.linkedin.com\/company\/relo-firm","https:\/\/twitter.com\/polslegal"],"logo":{"@type":"ImageObject","@id":"https:\/\/www.relofirm.com\/#logo","inLanguage":"es","url":"https:\/\/www.relofirm.com\/wp-content\/uploads\/2021\/11\/relofirm-logo.svg","contentUrl":"https:\/\/www.relofirm.com\/wp-content\/uploads\/2021\/11\/relofirm-logo.svg","width":1485,"height":516,"caption":"International Relocation Firm"},"image":{"@id":"https:\/\/www.relofirm.com\/#logo"}},{"@type":"WebSite","@id":"https:\/\/www.relofirm.com\/#website","url":"https:\/\/www.relofirm.com\/","name":"International Relocation Firm","description":"","publisher":{"@id":"https:\/\/www.relofirm.com\/#organization"},"potentialAction":[{"@type":"SearchAction","target":{"@type":"EntryPoint","urlTemplate":"https:\/\/www.relofirm.com\/?s={search_term_string}"},"query-input":"required name=search_term_string"}],"inLanguage":"es"},{"@type":"WebPage","@id":"https:\/\/www.relofirm.com\/es\/procedimiento-para-el-registro-de-vehiculos\/#webpage","url":"https:\/\/www.relofirm.com\/es\/procedimiento-para-el-registro-de-vehiculos\/","name":"Procedimiento para el Registro de Veh\u00edculos - International Relocation Firm","isPartOf":{"@id":"https:\/\/www.relofirm.com\/#website"},"datePublished":"2010-10-04T05:00:00+00:00","dateModified":"2020-01-22T15:35:39+00:00","breadcrumb":{"@id":"https:\/\/www.relofirm.com\/es\/procedimiento-para-el-registro-de-vehiculos\/#breadcrumb"},"inLanguage":"es","potentialAction":[{"@type":"ReadAction","target":["https:\/\/www.relofirm.com\/es\/procedimiento-para-el-registro-de-vehiculos\/"]}]},{"@type":"BreadcrumbList","@id":"https:\/\/www.relofirm.com\/es\/procedimiento-para-el-registro-de-vehiculos\/#breadcrumb","itemListElement":[{"@type":"ListItem","position":1,"name":"Home","item":"https:\/\/www.relofirm.com\/es\/"},{"@type":"ListItem","position":2,"name":"Procedimiento para el Registro de Veh\u00edculos"}]}]}},"_links":{"self":[{"href":"https:\/\/www.relofirm.com\/es\/wp-json\/wp\/v2\/pages\/7013"}],"collection":[{"href":"https:\/\/www.relofirm.com\/es\/wp-json\/wp\/v2\/pages"}],"about":[{"href":"https:\/\/www.relofirm.com\/es\/wp-json\/wp\/v2\/types\/page"}],"author":[{"embeddable":true,"href":"https:\/\/www.relofirm.com\/es\/wp-json\/wp\/v2\/users\/10"}],"replies":[{"embeddable":true,"href":"https:\/\/www.relofirm.com\/es\/wp-json\/wp\/v2\/comments?post=7013"}],"version-history":[{"count":1,"href":"https:\/\/www.relofirm.com\/es\/wp-json\/wp\/v2\/pages\/7013\/revisions"}],"predecessor-version":[{"id":7997,"href":"https:\/\/www.relofirm.com\/es\/wp-json\/wp\/v2\/pages\/7013\/revisions\/7997"}],"wp:attachment":[{"href":"https:\/\/www.relofirm.com\/es\/wp-json\/wp\/v2\/media?parent=7013"}],"curies":[{"name":"wp","href":"https:\/\/api.w.org\/{rel}","templated":true}]}}