{"id":7005,"date":"2010-10-03T00:00:00","date_gmt":"2010-10-03T05:00:00","guid":{"rendered":"https:\/\/relofirm.com\/offshore_corporations_panama\/"},"modified":"2021-08-13T08:44:39","modified_gmt":"2021-08-13T13:44:39","slug":"sociedades-offshore-en-panama","status":"publish","type":"page","link":"https:\/\/www.relofirm.com\/es\/sociedades-offshore-en-panama\/","title":{"rendered":"Sociedades en Panam\u00e1"},"content":{"rendered":"<div class=\"menu-offshore-corporations-es-container\"><ul id=\"menu-offshore-corporations-es\" class=\"menu\"><li id=\"menu-item-7547\" class=\"menu-item menu-item-type-post_type menu-item-object-page menu-item-has-children menu-item-7547\"><a href=\"https:\/\/www.relofirm.com\/es\/sociedades-offshore-en-panama\/\">Sociedades en Panam\u00e1<\/a>\n<ul class=\"sub-menu\">\n\t<li id=\"menu-item-7548\" class=\"menu-item menu-item-type-post_type menu-item-object-page menu-item-7548\"><a href=\"https:\/\/www.relofirm.com\/es\/realidades-de-las-sociedades-en-panama\/\">Datos y ventajas de la sociedad an\u00f3nima paname\u00f1a<\/a><\/li>\n\t<li id=\"menu-item-7549\" class=\"menu-item menu-item-type-post_type menu-item-object-page menu-item-7549\"><a href=\"https:\/\/www.relofirm.com\/es\/ventajas-de-formar-sociedades-en-panama\/\">Ventajas de Formar Sociedades en Panam\u00e1<\/a><\/li>\n\t<li id=\"menu-item-7550\" class=\"menu-item menu-item-type-post_type menu-item-object-page menu-item-7550\"><a href=\"https:\/\/www.relofirm.com\/es\/ley-de-sociedades-en-panama\/\">Ley de Sociedades en Panam\u00e1<\/a><\/li>\n\t<li id=\"menu-item-7557\" class=\"menu-item menu-item-type-post_type menu-item-object-page menu-item-7557\"><a href=\"https:\/\/www.relofirm.com\/es\/procedimiento-para-establecer-una-sociedad-en-panama\/\">Procedimientos para constituir una sociedad an\u00f3nima en Panam\u00e1<\/a><\/li>\n\t<li id=\"menu-item-7562\" class=\"menu-item menu-item-type-post_type menu-item-object-page menu-item-7562\"><a href=\"https:\/\/www.relofirm.com\/es\/anualidades-de-corporaciones-y-fundaciones-en-panama\/\">Anualidades de Corporaciones y Fundaciones en Panam\u00e1<\/a><\/li>\n<\/ul>\n<\/li>\n<\/ul><\/div>\n<hr \/>\n<p>Constituir una sociedad an\u00f3nima en Panam\u00e1 ofrece muchos beneficios. Una sociedad an\u00f3nima paname\u00f1a puede ser utilizada por individuos que est\u00e1n interesados en hacer cualquier tipo de negocio legal en Panam\u00e1. El uso de una sociedad an\u00f3nima paname\u00f1a tambi\u00e9n proporciona asequibilidad y conveniencia para lograr sus objetivos comerciales. La formaci\u00f3n de una sociedad an\u00f3nima paname\u00f1a es f\u00e1cil, r\u00e1pida y rentable. Por lo general, la constituci\u00f3n de una sociedad an\u00f3nima en Panam\u00e1 toma 5 d\u00edas h\u00e1biles.<\/p>\n<p><a href=\"https:\/\/www.relofirm.com\/es\/aviso-importante-para-nosotros-personas\/\">AVISO IMPORTANTE PARA LAS PERSONAS ESTADOUNIDENSES<\/a>: Las personas estadounidenses (ciudadanos o residentes de los Estados Unidos) est\u00e1n sujetas a impuestos sobre sus ingresos en todo el mundo y est\u00e1n obligadas a informar sobre cualquier propiedad o control de sociedades extranjeras, incluidas las sociedades paname\u00f1as.<\/p>\n<h3>\u00bfQu\u00e9 es una sociedad an\u00f3nima en Panam\u00e1?<\/h3>\n<p>Una sociedad an\u00f3nima paname\u00f1a es una entidad jur\u00eddica o persona jur\u00eddica, formada por ley, generalmente por 2 o m\u00e1s personas, que tiene derechos y obligaciones similares a los que tendr\u00eda una persona. Una sociedad an\u00f3nima paname\u00f1a tiene un Pacto Social, que establece las normas y reglamentos de qui\u00e9n y c\u00f3mo operar\u00e1 la empresa. Una sociedad an\u00f3nima paname\u00f1a debe contar con 2 individuos llamados suscriptores que se presentan ante el Notario P\u00fablico en Panam\u00e1 para firmar la escritura de constituci\u00f3n del Pacto Social, que luego se inscribe en el Registro P\u00fablico de Panam\u00e1 para formar la entidad jur\u00eddica. Las sociedades an\u00f3nimas paname\u00f1as requieren que aparezcan 3 directores individuales en la sociedad, y 3 oficiales (Presidente, Secretario y Tesorero), que puede ser una persona ocupando los 3 puestos de oficial. Los oficiales son los representantes legales que est\u00e1n autorizados a firmar por la corporaci\u00f3n. Los accionistas de la sociedad son designados en un certificado de acciones f\u00edsico que se emite una vez que la sociedad es \u00abcreada\u00bb (una vez que la sociedad es inscrita en el Registro P\u00fablico).<\/p>\n<p>Panam\u00e1 ofrece varios tipos de sociedades an\u00f3nimas, pero el tipo m\u00e1s com\u00fan es lo que se llama una \u00abSociedad An\u00f3nima\u00bb, que es la sociedad est\u00e1ndar formada en Panam\u00e1 para el uso comercial local e internacional. A diferencia de otras jurisdicciones, Panam\u00e1 no ofrece un tipo de sociedad separado espec\u00edficamente para su uso fuera de Panam\u00e1. Las sociedades an\u00f3nimas paname\u00f1as son para uso comercial local, (en cuyo caso se requiere un permiso de operaciones comerciales locales), o para uso comercial internacional, (en cuyo caso no se requiere un permiso de operaciones comerciales locales en Panam\u00e1), o ambos. Una sociedad an\u00f3nima paname\u00f1a tambi\u00e9n se conoce como una \u00absociedad comercial internacional\u00bb, o \u00abibc\u00bb.<\/p>\n<h3>\u00bfPor qu\u00e9 formar una sociedad an\u00f3nima en Panam\u00e1?<\/h3>\n<p>Las sociedades an\u00f3nimas paname\u00f1as se utilizan generalmente para operaciones comerciales locales en Panam\u00e1, o para el comercio internacional, para establecer fideicomisos o fundaciones, para mantener la propiedad de bienes ra\u00edces (generalmente en Panam\u00e1), para mantener los derechos de propiedad intelectual, o para mantener cualquier otro tipo de activos. En algunos casos, las personas establecen sociedades an\u00f3nimas paname\u00f1as para necesidades comerciales muy espec\u00edficas. Los individuos tambi\u00e9n pueden crear varias sociedades an\u00f3nimas paname\u00f1as que trabajen juntas como un grupo para mantener varios activos, lo que puede proporcionar una mejor organizaci\u00f3n de los negocios o del patrimonio familiar.<\/p>\n<h3>Ley 47 y acciones al portador<\/h3>\n<p>Panam\u00e1 es uno de los pocos pa\u00edses del mundo que a\u00fan ofrece \u00abacciones al portador\u00bb, que son certificados de acciones de una sociedad an\u00f3nima que se emiten a nombre de \u00abEl Portador\u00bb, lo que significa que el propietario es el \u00abportador\u00bb o tenedor de las acciones. Sin embargo, en agosto de 2013, se aprob\u00f3 la <a href=\"https:\/\/www.relofirm.com\/blog\/law_47_passed_panama_corporation_bearer_shares_to_be_restricted\">Ley 47<\/a> que exige que las sociedades an\u00f3nimas paname\u00f1as que emitan acciones al portador y todos los que est\u00e9n en posesi\u00f3n de esas acciones al portador deben designar un custodio autorizado para tomar posesi\u00f3n de las acciones al portador. Un custodio autorizado puede ser un banco autorizado, un abogado paname\u00f1o (o una firma de abogados), fiduciarias paname\u00f1as o casas de bolsa reguladas por la Superintendencia del Mercado de Valores de Panam\u00e1. Adicionalmente, aquellos custodios en posesi\u00f3n de acciones al portador deben presentar una declaraci\u00f3n jurada que proporcione informaci\u00f3n b\u00e1sica de identidad sobre el verdadero propietario y la sociedad que emiti\u00f3 las acciones, as\u00ed como su agente residente.<\/p>\n<p>Tenga en cuenta que esta ley no obliga a las sociedades an\u00f3nimas paname\u00f1as a inscribir los nombres de los accionistas en el Registro P\u00fablico. S\u00f3lo se inscriben en el Registro P\u00fablico los nombres de los funcionarios de la sociedad, los directores y el agente registrado.<\/p>\n<p>Debido al riesgo asociado con las acciones al portador, International Relocation Firm actualmente NO ofrece la formaci\u00f3n de sociedades an\u00f3nimas paname\u00f1as utilizando certificados de acciones al portador, s\u00f3lo ofrecemos la formaci\u00f3n de sociedades an\u00f3nimas paname\u00f1as con certificados de acciones nominativos, lo que significa que las acciones son emitidas a nombre de personas espec\u00edficas, o a nombre de una sociedad, fundaci\u00f3n o fideicomiso.<\/p>\n<p>Tenga en cuenta que la Ley 129 del 17 de marzo de 2020 fue aprobada por el gobierno de Panam\u00e1, para crear un registro de beneficiarios finales de las personas jur\u00eddicas en Panam\u00e1. La ley establece que la Superintendencia de Asuntos No Financieros administrar\u00e1 el sistema tecnol\u00f3gico de registro de beneficiarios finales de personas jur\u00eddicas, y los funcionarios designados por dicha autoridad tendr\u00e1n acceso exclusivo a la informaci\u00f3n, con la obligaci\u00f3n de mantener la estricta confidencialidad y privacidad de dicha informaci\u00f3n. Una vez implementado el sistema, todos los abogados y firmas de abogados en Panam\u00e1 que funjan como agentes residentes, tendr\u00e1n un plazo de 6 meses para registrar en el sistema a los beneficiarios finales de cada una de las personas jur\u00eddicas de sus clientes (incluso aquellas entidades creadas con anterioridad a la implementaci\u00f3n de esta ley), y mantener el sistema actualizado peri\u00f3dicamente. Si bien el agente residente ser\u00e1 responsable de mantener la informaci\u00f3n actualizada, el agente residente no ser\u00e1 responsable de la veracidad o exactitud de la informaci\u00f3n proporcionada por su cliente. Cualquier entidad que no proporcione la informaci\u00f3n del beneficiario final en el sistema de registro central ser\u00e1 suspendida por un per\u00edodo de 2 a\u00f1os, y si no se reactiva antes del plazo de 2 a\u00f1os, entonces la empresa ser\u00e1 disuelta en el Registro P\u00fablico.<\/p>\n<p>Seg\u00fan la ley 23 del 27 de abril de 2015, International Relocation Firm est\u00e1 obligada por ley a realizar una extensa diligencia debida a todos los clientes que deseen constituir entidades en Panam\u00e1. Los requisitos de debida diligencia incluyen una serie de documentos e informaci\u00f3n que el cliente debe proporcionar a la firma de abogados, para cumplir con las leyes de \u00abConozca a su cliente\u00bb de Panam\u00e1, y es nuestro deber tomar esto muy en serio.<\/p>\n<p>Si usted desea formar una sociedad en Panam\u00e1, por favor no dude en ponerse en contacto con nuestras oficinas de abogados para obtener m\u00e1s detalles.<\/p>\n<hr \/>\n","protected":false},"excerpt":{"rendered":"<p>Constituir una sociedad an\u00f3nima en Panam\u00e1 ofrece muchos beneficios. Una sociedad an\u00f3nima paname\u00f1a puede ser utilizada por individuos que est\u00e1n interesados en hacer cualquier tipo de negocio legal en Panam\u00e1. El uso de una sociedad an\u00f3nima paname\u00f1a tambi\u00e9n proporciona asequibilidad y conveniencia para lograr sus objetivos comerciales. La formaci\u00f3n de una sociedad an\u00f3nima paname\u00f1a es [&hellip;]<\/p>\n","protected":false},"author":10,"featured_media":0,"parent":0,"menu_order":0,"comment_status":"closed","ping_status":"closed","template":"","meta":{"_et_pb_use_builder":"","_et_pb_old_content":"","_et_gb_content_width":"","inline_featured_image":false,"footnotes":""},"class_list":["post-7005","page","type-page","status-publish","hentry"],"yoast_head":"<!-- This site is optimized with the Yoast SEO plugin v27.5 - https:\/\/yoast.com\/product\/yoast-seo-wordpress\/ -->\n<title>Sociedades Offshore en Panama: Formaci\u00f3n y Leys<\/title>\n<meta name=\"description\" content=\"Panam\u00e1 ofrece la m\u00e1s accesible y m\u00e1s flexible ley del mundo para constituir sociedades. Nosotros especializa en la formaci\u00f3n y manejo de sociedades.\" \/>\n<meta name=\"robots\" content=\"index, follow, max-snippet:-1, max-image-preview:large, max-video-preview:-1\" \/>\n<link rel=\"canonical\" href=\"https:\/\/www.relofirm.com\/es\/sociedades-offshore-en-panama\/\" \/>\n<meta name=\"twitter:label1\" content=\"Tiempo de lectura\" \/>\n\t<meta name=\"twitter:data1\" content=\"5 minutos\" \/>\n<!-- \/ Yoast SEO plugin. -->","yoast_head_json":{"title":"Sociedades Offshore en Panama: Formaci\u00f3n y Leys","description":"Panam\u00e1 ofrece la m\u00e1s accesible y m\u00e1s flexible ley del mundo para constituir sociedades. Nosotros especializa en la formaci\u00f3n y manejo de sociedades.","robots":{"index":"index","follow":"follow","max-snippet":"max-snippet:-1","max-image-preview":"max-image-preview:large","max-video-preview":"max-video-preview:-1"},"canonical":"https:\/\/www.relofirm.com\/es\/sociedades-offshore-en-panama\/","twitter_misc":{"Tiempo de lectura":"5 minutos"},"schema":{"@context":"https:\/\/schema.org","@graph":[{"@type":"WebPage","@id":"https:\/\/www.relofirm.com\/es\/sociedades-offshore-en-panama\/","url":"https:\/\/www.relofirm.com\/es\/sociedades-offshore-en-panama\/","name":"Sociedades Offshore en Panama: Formaci\u00f3n y Leys","isPartOf":{"@id":"https:\/\/www.relofirm.com\/#website"},"datePublished":"2010-10-03T05:00:00+00:00","dateModified":"2021-08-13T13:44:39+00:00","description":"Panam\u00e1 ofrece la m\u00e1s accesible y m\u00e1s flexible ley del mundo para constituir sociedades. Nosotros especializa en la formaci\u00f3n y manejo de sociedades.","breadcrumb":{"@id":"https:\/\/www.relofirm.com\/es\/sociedades-offshore-en-panama\/#breadcrumb"},"inLanguage":"es","potentialAction":[{"@type":"ReadAction","target":["https:\/\/www.relofirm.com\/es\/sociedades-offshore-en-panama\/"]}]},{"@type":"BreadcrumbList","@id":"https:\/\/www.relofirm.com\/es\/sociedades-offshore-en-panama\/#breadcrumb","itemListElement":[{"@type":"ListItem","position":1,"name":"Home","item":"https:\/\/www.relofirm.com\/es\/"},{"@type":"ListItem","position":2,"name":"Sociedades en Panam\u00e1"}]},{"@type":"WebSite","@id":"https:\/\/www.relofirm.com\/#website","url":"https:\/\/www.relofirm.com\/","name":"International Relocation Firm","description":"","publisher":{"@id":"https:\/\/www.relofirm.com\/#organization"},"potentialAction":[{"@type":"SearchAction","target":{"@type":"EntryPoint","urlTemplate":"https:\/\/www.relofirm.com\/?s={search_term_string}"},"query-input":{"@type":"PropertyValueSpecification","valueRequired":true,"valueName":"search_term_string"}}],"inLanguage":"es"},{"@type":"Organization","@id":"https:\/\/www.relofirm.com\/#organization","name":"International Relocation Firm","url":"https:\/\/www.relofirm.com\/","logo":{"@type":"ImageObject","inLanguage":"es","@id":"https:\/\/www.relofirm.com\/#\/schema\/logo\/image\/","url":"https:\/\/www.relofirm.com\/wp-content\/uploads\/2021\/11\/relofirm-logo.svg","contentUrl":"https:\/\/www.relofirm.com\/wp-content\/uploads\/2021\/11\/relofirm-logo.svg","width":1485,"height":516,"caption":"International Relocation Firm"},"image":{"@id":"https:\/\/www.relofirm.com\/#\/schema\/logo\/image\/"},"sameAs":["https:\/\/www.facebook.com\/PanamaOffshoreLegalServices","https:\/\/x.com\/polslegal"]}]}},"_links":{"self":[{"href":"https:\/\/www.relofirm.com\/es\/wp-json\/wp\/v2\/pages\/7005","targetHints":{"allow":["GET"]}}],"collection":[{"href":"https:\/\/www.relofirm.com\/es\/wp-json\/wp\/v2\/pages"}],"about":[{"href":"https:\/\/www.relofirm.com\/es\/wp-json\/wp\/v2\/types\/page"}],"author":[{"embeddable":true,"href":"https:\/\/www.relofirm.com\/es\/wp-json\/wp\/v2\/users\/10"}],"replies":[{"embeddable":true,"href":"https:\/\/www.relofirm.com\/es\/wp-json\/wp\/v2\/comments?post=7005"}],"version-history":[{"count":5,"href":"https:\/\/www.relofirm.com\/es\/wp-json\/wp\/v2\/pages\/7005\/revisions"}],"predecessor-version":[{"id":11680,"href":"https:\/\/www.relofirm.com\/es\/wp-json\/wp\/v2\/pages\/7005\/revisions\/11680"}],"wp:attachment":[{"href":"https:\/\/www.relofirm.com\/es\/wp-json\/wp\/v2\/media?parent=7005"}],"curies":[{"name":"wp","href":"https:\/\/api.w.org\/{rel}","templated":true}]}}