{"id":6998,"date":"2010-10-01T00:00:00","date_gmt":"2010-10-01T05:00:00","guid":{"rendered":"https:\/\/relofirm.com\/panama_offshore_tax_haven\/"},"modified":"2021-08-19T11:09:29","modified_gmt":"2021-08-19T16:09:29","slug":"por-que-panama","status":"publish","type":"page","link":"https:\/\/www.relofirm.com\/es\/por-que-panama\/","title":{"rendered":"\u00bfPor Qu\u00e9 Panam\u00e1?"},"content":{"rendered":"<p><span lang=\"ES\">Seleccionar el lugar para realizar su vida o establecer sus negocios es claves para su felicidad y \u00e9xitos empresariales. Panam\u00e1 tiene los siguientes beneficios<\/span>:<\/p>\n<p><strong>1. <\/strong><strong>Seguridad- <\/strong>Panam\u00e1 se encuentra entre los pa\u00edses m\u00e1s seguros de Suram\u00e9rica y Centro Am\u00e9rica, regularmente es visitado por muchas personas alrededor del mundo.<\/p>\n<p><strong>2. <\/strong><span lang=\"ES\"><strong>Sin desastres naturales- <\/strong>Panam\u00e1 no tiene huracanes, tornados, maremotos, incendios forestales, grandes terremotos (tenemos peque\u00f1os temblores de vez en cuando), ni ning\u00fan desastre natural peligroso.<\/span><\/p>\n<p><strong>3. <\/strong><strong>Clima tropical c\u00e1lido-<\/strong> Panam\u00e1 ofrece un clima tropical c\u00e1lido durante todo el a\u00f1o.<\/p>\n<p><strong>4. <\/strong><strong>Moneda estable sin regulaciones de restricci\u00f3n de moneda<\/strong>&#8211; la moneda en circulaci\u00f3n de Panam\u00e1 es el d\u00f3lar estadounidense y Panam\u00e1 no tiene controles de cambio de moneda ni restricciones de moneda, por lo que los fondos pueden entrar y salir del pa\u00eds libremente.<\/p>\n<ul>\n<li>Panam\u00e1 utiliza el d\u00f3lar estadounidense como moneda de curso legal (moneda), lo que inculca una tremenda disciplina fiscal y monetaria al tiempo que mantiene la inflaci\u00f3n muy baja, por debajo del dos por ciento durante los \u00faltimos 40 a\u00f1os.<\/li>\n<li>Una econom\u00eda en d\u00f3lares a\u00edsla a Panam\u00e1 de los shocks econ\u00f3micos globales. Durante la crisis monetaria asi\u00e1tica de 1998, Panam\u00e1 se convirti\u00f3 en una de las econom\u00edas m\u00e1s saludables de Am\u00e9rica Latina.<\/li>\n<li>Sin controles de cambio de divisas. Panam\u00e1 no tiene restricciones sobre las remesas monetarias al exterior, incluidos dividendos, intereses, ganancias de sucursales y regal\u00edas.<\/li>\n<li>No hay restricciones sobre los fondos que ingresan o salen del pa\u00eds en cualquier moneda.<\/li>\n<\/ul>\n<p><strong>5. Leyes favorables para las empresas- <\/strong>Panam\u00e1 tiene una serie de leyes favorables a los negocios que promueven la inversi\u00f3n extranjera, adem\u00e1s de que el pa\u00eds ofrece un sistema fiscal territorial ventajoso. <u>Tenga en cuenta que las personas estadounidenses est\u00e1n sujetas a impuestos a nivel mundial y deben informar sus ingresos mundiales a los EE. UU<\/u><\/p>\n<ul>\n<li>Los impuestos sobre la renta de las empresas en Panam\u00e1 solo son gravables sobre los ingresos de las empresas locales dentro del territorio de Panam\u00e1.<\/li>\n<li>No hay impuesto sobre la renta comercial sobre los ingresos de fuentes fuera de Panam\u00e1.<\/li>\n<li>El impuesto sobre la renta de las empresas locales es solo el 25% de los ingresos netos despu\u00e9s de los gastos deducibles.<\/li>\n<li>Los dividendos de los ingresos locales de Panam\u00e1 son solo del 10%.<\/li>\n<li>Los ingresos por dividendos de fuente extranjera (fuera de Panam\u00e1) son solo del 5%.<\/li>\n<\/ul>\n<p><strong>6. <\/strong><strong>Gobierno y econom\u00eda estable \u2013<\/strong>Los analistas gubernamentales, consideran que Panam\u00e1 tiene uno de los gobiernos y econom\u00edas m\u00e1s estables de toda Am\u00e9rica Central o del Sur.<\/p>\n<ul>\n<li>Gobierno democr\u00e1tico desde 1990. El Gobierno de Panam\u00e1 est\u00e1 encabezado por el Poder Ejecutivo, que est\u00e1 integrado por un presidente y dos vicepresidentes, elegidos democr\u00e1ticamente por un per\u00edodo de cinco a\u00f1os mediante voto directo.<\/li>\n<li>Mireya Moscoso fue la primera mujer presidenta de Panam\u00e1 y lider\u00f3 el pa\u00eds en un momento de gran importancia hist\u00f3rica cuando el Canal de Panam\u00e1 inici\u00f3 una nueva era bajo la administraci\u00f3n paname\u00f1a. En el momento de escribir este art\u00edculo (agosto de 2021), el presidente es el empresario Nito Cortizo, y es un defensor de la derecha a favor de los negocios.<\/li>\n<li>El ej\u00e9rcito paname\u00f1o fue abolido por una enmienda constitucional en 1994, y el gobierno todav\u00eda tiene un acuerdo de seguridad \u00fanico con los Estados Unidos debido al Tratado de Neutralidad del Canal de Panam\u00e1. Como resultado, los riesgos de volver al r\u00e9gimen militar anterior son pr\u00e1cticamente inexistentes (Fuente: Informe Euromoney \/ Lehman Brothers, 26 de febrero de 1999).<\/li>\n<li>Gobierno estable con excelente infraestructura gubernamental<\/li>\n<li>Actitud y pol\u00edtica de gobierno a favor de las empresas.<\/li>\n<li>Sistema de derecho civil<\/li>\n<li>Calificaci\u00f3n de deuda p\u00fablica con grado de inversi\u00f3n.<\/li>\n<li>Panam\u00e1 es un pa\u00eds pac\u00edfico sin militares. A diferencia de muchos pa\u00edses vecinos, las preocupaciones por la seguridad personal son limitadas. Panam\u00e1 tiene una de las tasas de criminalidad m\u00e1s bajas de toda Am\u00e9rica Central y del Sur.<\/li>\n<li>Panam\u00e1 ofrece una econom\u00eda estable y bien diversificada que incluye industrias importantes como el transporte mar\u00edtimo, transporte y log\u00edstica, puertos, banca, zonas francas para negocios de importaci\u00f3n y exportaci\u00f3n, agricultura, turismo, entre otras industrias.<\/li>\n<\/ul>\n<p><strong>7. <\/strong><strong>Excelente servicio bancario &#8211;<\/strong> El sistema bancario de Panam\u00e1 est\u00e1 muy avanzado en \u00e1reas de regulaciones bancarias internacionales, infraestructura, auditor\u00eda gubernamental y tecnolog\u00eda.<\/p>\n<p><strong>8. <\/strong><strong>Excelente sistema de comunicaci\u00f3n\u2013<\/strong> Los sistemas de comunicaciones de Panam\u00e1 son de los mejores del mundo, con internet de alta velocidad y servicios de telecomunicaciones de alta tecnolog\u00eda.<\/p>\n<p><strong>9. <\/strong><strong>Compatibilidad del lenguaje \u2013<\/strong> el idioma de Panam\u00e1 es el espa\u00f1ol y el segundo idioma m\u00e1s com\u00fanmente hablado es el ingl\u00e9s.<\/p>\n<p><strong>10. <\/strong><strong>Compatibilidad de zona horaria y ubicaci\u00f3n cercana-<\/strong> Panam\u00e1 se encuentra en la zona horaria est\u00e1ndar del este, lo que la hace ideal para hacer negocios en el continente americano o europeo. Panam\u00e1 tiene vuelos directos desde m\u00e1s de 100 ciudades internacionales importantes, por lo que es f\u00e1cil volar desde y hacia Panam\u00e1 desde casi cualquier ciudad importante.<\/p>\n<p>Despu\u00e9s de una cuidadosa investigaci\u00f3n, encontrar\u00e1 que Panam\u00e1 es la jurisdicci\u00f3n ideal para vivir y hacer negocios.<\/p>\n<hr \/>\n","protected":false},"excerpt":{"rendered":"<p>Seleccionar el lugar para realizar su vida o establecer sus negocios es claves para su felicidad y \u00e9xitos empresariales. Panam\u00e1 tiene los siguientes beneficios: 1. Seguridad- Panam\u00e1 se encuentra entre los pa\u00edses m\u00e1s seguros de Suram\u00e9rica y Centro Am\u00e9rica, regularmente es visitado por muchas personas alrededor del mundo. 2. Sin desastres naturales- Panam\u00e1 no tiene [&hellip;]<\/p>\n","protected":false},"author":10,"featured_media":0,"parent":0,"menu_order":0,"comment_status":"closed","ping_status":"closed","template":"","meta":{"_et_pb_use_builder":"","_et_pb_old_content":"","_et_gb_content_width":"","inline_featured_image":false},"yoast_head":"<!-- This site is optimized with the Yoast SEO plugin v18.5.1 - https:\/\/yoast.com\/wordpress\/plugins\/seo\/ -->\n<title>\u00bfPor Qu\u00e9 Panam\u00e1? - International Relocation Firm<\/title>\n<meta name=\"robots\" content=\"index, follow, max-snippet:-1, max-image-preview:large, max-video-preview:-1\" \/>\n<link rel=\"canonical\" href=\"https:\/\/www.relofirm.com\/es\/por-que-panama\/\" \/>\n<meta property=\"og:locale\" content=\"es_ES\" \/>\n<meta property=\"og:type\" content=\"article\" \/>\n<meta property=\"og:title\" content=\"\u00bfPor Qu\u00e9 Panam\u00e1? - International Relocation Firm\" \/>\n<meta property=\"og:description\" content=\"Seleccionar el lugar para realizar su vida o establecer sus negocios es claves para su felicidad y \u00e9xitos empresariales. Panam\u00e1 tiene los siguientes beneficios: 1. Seguridad- Panam\u00e1 se encuentra entre los pa\u00edses m\u00e1s seguros de Suram\u00e9rica y Centro Am\u00e9rica, regularmente es visitado por muchas personas alrededor del mundo. 2. Sin desastres naturales- Panam\u00e1 no tiene [&hellip;]\" \/>\n<meta property=\"og:url\" content=\"https:\/\/www.relofirm.com\/es\/por-que-panama\/\" \/>\n<meta property=\"og:site_name\" content=\"International Relocation Firm\" \/>\n<meta property=\"article:publisher\" content=\"https:\/\/www.facebook.com\/ReloFirm\/\" \/>\n<meta property=\"article:modified_time\" content=\"2021-08-19T16:09:29+00:00\" \/>\n<meta name=\"twitter:label1\" content=\"Tiempo de lectura\" \/>\n\t<meta name=\"twitter:data1\" content=\"4 minutos\" \/>\n<!-- \/ Yoast SEO plugin. -->","yoast_head_json":{"title":"\u00bfPor Qu\u00e9 Panam\u00e1? - International Relocation Firm","robots":{"index":"index","follow":"follow","max-snippet":"max-snippet:-1","max-image-preview":"max-image-preview:large","max-video-preview":"max-video-preview:-1"},"canonical":"https:\/\/www.relofirm.com\/es\/por-que-panama\/","og_locale":"es_ES","og_type":"article","og_title":"\u00bfPor Qu\u00e9 Panam\u00e1? - International Relocation Firm","og_description":"Seleccionar el lugar para realizar su vida o establecer sus negocios es claves para su felicidad y \u00e9xitos empresariales. Panam\u00e1 tiene los siguientes beneficios: 1. Seguridad- Panam\u00e1 se encuentra entre los pa\u00edses m\u00e1s seguros de Suram\u00e9rica y Centro Am\u00e9rica, regularmente es visitado por muchas personas alrededor del mundo. 2. Sin desastres naturales- Panam\u00e1 no tiene [&hellip;]","og_url":"https:\/\/www.relofirm.com\/es\/por-que-panama\/","og_site_name":"International Relocation Firm","article_publisher":"https:\/\/www.facebook.com\/ReloFirm\/","article_modified_time":"2021-08-19T16:09:29+00:00","twitter_misc":{"Tiempo de lectura":"4 minutos"},"schema":{"@context":"https:\/\/schema.org","@graph":[{"@type":"Organization","@id":"https:\/\/www.relofirm.com\/#organization","name":"International Relocation Firm","url":"https:\/\/www.relofirm.com\/","sameAs":["https:\/\/www.facebook.com\/ReloFirm\/","https:\/\/www.linkedin.com\/company\/relo-firm","https:\/\/twitter.com\/polslegal"],"logo":{"@type":"ImageObject","@id":"https:\/\/www.relofirm.com\/#logo","inLanguage":"es","url":"https:\/\/www.relofirm.com\/wp-content\/uploads\/2021\/11\/relofirm-logo.svg","contentUrl":"https:\/\/www.relofirm.com\/wp-content\/uploads\/2021\/11\/relofirm-logo.svg","width":1485,"height":516,"caption":"International Relocation Firm"},"image":{"@id":"https:\/\/www.relofirm.com\/#logo"}},{"@type":"WebSite","@id":"https:\/\/www.relofirm.com\/#website","url":"https:\/\/www.relofirm.com\/","name":"International Relocation Firm","description":"","publisher":{"@id":"https:\/\/www.relofirm.com\/#organization"},"potentialAction":[{"@type":"SearchAction","target":{"@type":"EntryPoint","urlTemplate":"https:\/\/www.relofirm.com\/?s={search_term_string}"},"query-input":"required name=search_term_string"}],"inLanguage":"es"},{"@type":"WebPage","@id":"https:\/\/www.relofirm.com\/es\/por-que-panama\/#webpage","url":"https:\/\/www.relofirm.com\/es\/por-que-panama\/","name":"\u00bfPor Qu\u00e9 Panam\u00e1? - International Relocation Firm","isPartOf":{"@id":"https:\/\/www.relofirm.com\/#website"},"datePublished":"2010-10-01T05:00:00+00:00","dateModified":"2021-08-19T16:09:29+00:00","breadcrumb":{"@id":"https:\/\/www.relofirm.com\/es\/por-que-panama\/#breadcrumb"},"inLanguage":"es","potentialAction":[{"@type":"ReadAction","target":["https:\/\/www.relofirm.com\/es\/por-que-panama\/"]}]},{"@type":"BreadcrumbList","@id":"https:\/\/www.relofirm.com\/es\/por-que-panama\/#breadcrumb","itemListElement":[{"@type":"ListItem","position":1,"name":"Home","item":"https:\/\/www.relofirm.com\/es\/"},{"@type":"ListItem","position":2,"name":"\u00bfPor Qu\u00e9 Panam\u00e1?"}]}]}},"_links":{"self":[{"href":"https:\/\/www.relofirm.com\/es\/wp-json\/wp\/v2\/pages\/6998"}],"collection":[{"href":"https:\/\/www.relofirm.com\/es\/wp-json\/wp\/v2\/pages"}],"about":[{"href":"https:\/\/www.relofirm.com\/es\/wp-json\/wp\/v2\/types\/page"}],"author":[{"embeddable":true,"href":"https:\/\/www.relofirm.com\/es\/wp-json\/wp\/v2\/users\/10"}],"replies":[{"embeddable":true,"href":"https:\/\/www.relofirm.com\/es\/wp-json\/wp\/v2\/comments?post=6998"}],"version-history":[{"count":3,"href":"https:\/\/www.relofirm.com\/es\/wp-json\/wp\/v2\/pages\/6998\/revisions"}],"predecessor-version":[{"id":11682,"href":"https:\/\/www.relofirm.com\/es\/wp-json\/wp\/v2\/pages\/6998\/revisions\/11682"}],"wp:attachment":[{"href":"https:\/\/www.relofirm.com\/es\/wp-json\/wp\/v2\/media?parent=6998"}],"curies":[{"name":"wp","href":"https:\/\/api.w.org\/{rel}","templated":true}]}}