{"id":6994,"date":"2010-09-29T00:00:00","date_gmt":"2010-09-29T05:00:00","guid":{"rendered":"https:\/\/relofirm.com\/document_authentication_by_apostille\/"},"modified":"2020-01-16T14:30:29","modified_gmt":"2020-01-16T19:30:29","slug":"autenticacion-de-documentos-mediante-apostilla","status":"publish","type":"page","link":"https:\/\/www.relofirm.com\/es\/autenticacion-de-documentos-mediante-apostilla\/","title":{"rendered":"Autenticaci\u00f3n de documentos mediante Apostilla"},"content":{"rendered":"<p>Una \u00abApostilla\u00bb es un certificado autenticando el origen de un documento p\u00fablico (por ejemplo, certificado de nacimiento, de matrimonio o de defunci\u00f3n, un informe polic\u00edaco, una resoluci\u00f3n judicial, un extracto de un registro p\u00fablico, o una certificaci\u00f3n notarial). Las apostillas son emitidas en un pa\u00eds para ser utilizadas por otro pa\u00eds donde ambos son partes del Convenio de La Haya de 1961, tambi\u00e9n conocida como la Convenci\u00f3n de la Apostilla.<\/p>\n<p>La Apostilla consiste en certificar que la firma y el sello de un documento p\u00fablico ha sido puesto por una autoridad competente. Este proceso, al igual que la autenticaci\u00f3n (legalizaci\u00f3n), \u00fanicamente certifica la firma o el sello que muestra el documento fue emitido por un funcionario p\u00fablico en ejercicio de sus funciones, pero no certifica la validez del contenido del mismo. Esto permite que un documento nacional sea reconocido en un pa\u00eds extranjero.<\/p>\n<p>La mayor\u00eda de los pa\u00edses forman parte de la Convenci\u00f3n de la Apostilla de 1961. Actualmente hay 92 miembros. Sin embargo, si tiene dudas sobre si su pa\u00eds o el pa\u00eds que desea proporcionar los documentos apostillados son miembros, vaya a la p\u00e1gina web (www.hcch.net), para ver cu\u00e1les son los pa\u00edses pertenecientes a este convenio.<\/p>\n<p>La Apostilla s\u00f3lo puede ser expedida por una autoridad competente designada por el Estado, en cuyo territorio el documento p\u00fablico se haya ejecutado.<\/p>\n<p>Los Estados Unidos de Am\u00e9rica tiene tres niveles de autoridades competentes para expedir el certificado de apostilla. La Oficina de Autenticaci\u00f3n del Departamento de Estado pone las apostillas a los documentos emitidos por las agencias federales de los Estados Unidos.<\/p>\n<p>El Departamento de Estado de EE.UU., Oficina de Asuntos Consulares, Servicios de Pasaportes, Secci\u00f3n de Registros Civil fijan las apostillas a los \u00a0Reportes Consulares de Nacimiento, Defunci\u00f3n y Matrimonio de los ciudadanos de los EE.UU. en el extranjero y certificados de nacimiento y defunci\u00f3n expedidos originalmente por el Gobierno de la Zona del Canal de Panam\u00e1 entre 1904 y 1979.<\/p>\n<p>Los Secretarios y los Secretarios Adjuntos de los Tribunales Federales de los Estados Unidos est\u00e1n autorizados a emitir apostillas en documentos expedidos por esos tribunales. Como una alternativa, el Departamento de Justicia de EE.UU., puede autenticar el sello de la corte federal y la Oficina de Autenticaciones del Departamento de Estado entonces colocar\u00e1 una apostilla en ese sello.<\/p>\n<p>Los documentos p\u00fablicos expedidos por los estados de los EE.UU., el Distrito de Columbia y otras jurisdicciones de EE.UU. pueden ser legalizados con una apostilla por las autoridades designadas en cada jurisdicci\u00f3n, por lo general la Oficina del Secretario de Estado.<\/p>\n<p>Canad\u00e1 no firm\u00f3 el Convenio de la Apostilla de 1961, as\u00ed que no es posible obtener una apostilla en Canad\u00e1. Por lo tanto, usted debe dirigirse a la Embajada o el consulado de Panam\u00e1 m\u00e1s cercano para obtener los documentos autenticados.<\/p>\n<p>El Ministerio de Relaciones Exteriores de Panam\u00e1 es la autoridad competente para apostillar documentos p\u00fablicos paname\u00f1os y documentos notariados al autenticar el notario p\u00fablico como leg\u00edtimo. El Ministerio de Relaciones Exteriores est\u00e1 ubicado en Plaza Edison en la ciudad de Panam\u00e1.<\/p>\n<hr \/>\n","protected":false},"excerpt":{"rendered":"<p>Una \u00abApostilla\u00bb es un certificado autenticando el origen de un documento p\u00fablico (por ejemplo, certificado de nacimiento, de matrimonio o de defunci\u00f3n, un informe polic\u00edaco, una resoluci\u00f3n judicial, un extracto de un registro p\u00fablico, o una certificaci\u00f3n notarial). Las apostillas son emitidas en un pa\u00eds para ser utilizadas por otro pa\u00eds donde ambos son partes [&hellip;]<\/p>\n","protected":false},"author":10,"featured_media":0,"parent":0,"menu_order":0,"comment_status":"closed","ping_status":"closed","template":"","meta":{"_et_pb_use_builder":"","_et_pb_old_content":"","_et_gb_content_width":"","inline_featured_image":false},"yoast_head":"<!-- This site is optimized with the Yoast SEO plugin v18.5.1 - https:\/\/yoast.com\/wordpress\/plugins\/seo\/ -->\n<title>Autenticaci\u00f3n de documentos mediante Apostilla - International Relocation Firm<\/title>\n<meta name=\"robots\" content=\"index, follow, max-snippet:-1, max-image-preview:large, max-video-preview:-1\" \/>\n<link rel=\"canonical\" href=\"https:\/\/www.relofirm.com\/es\/autenticacion-de-documentos-mediante-apostilla\/\" \/>\n<meta property=\"og:locale\" content=\"es_ES\" \/>\n<meta property=\"og:type\" content=\"article\" \/>\n<meta property=\"og:title\" content=\"Autenticaci\u00f3n de documentos mediante Apostilla - International Relocation Firm\" \/>\n<meta property=\"og:description\" content=\"Una \u00abApostilla\u00bb es un certificado autenticando el origen de un documento p\u00fablico (por ejemplo, certificado de nacimiento, de matrimonio o de defunci\u00f3n, un informe polic\u00edaco, una resoluci\u00f3n judicial, un extracto de un registro p\u00fablico, o una certificaci\u00f3n notarial). Las apostillas son emitidas en un pa\u00eds para ser utilizadas por otro pa\u00eds donde ambos son partes [&hellip;]\" \/>\n<meta property=\"og:url\" content=\"https:\/\/www.relofirm.com\/es\/autenticacion-de-documentos-mediante-apostilla\/\" \/>\n<meta property=\"og:site_name\" content=\"International Relocation Firm\" \/>\n<meta property=\"article:publisher\" content=\"https:\/\/www.facebook.com\/ReloFirm\/\" \/>\n<meta property=\"article:modified_time\" content=\"2020-01-16T19:30:29+00:00\" \/>\n<meta name=\"twitter:label1\" content=\"Tiempo de lectura\" \/>\n\t<meta name=\"twitter:data1\" content=\"3 minutos\" \/>\n<!-- \/ Yoast SEO plugin. -->","yoast_head_json":{"title":"Autenticaci\u00f3n de documentos mediante Apostilla - International Relocation Firm","robots":{"index":"index","follow":"follow","max-snippet":"max-snippet:-1","max-image-preview":"max-image-preview:large","max-video-preview":"max-video-preview:-1"},"canonical":"https:\/\/www.relofirm.com\/es\/autenticacion-de-documentos-mediante-apostilla\/","og_locale":"es_ES","og_type":"article","og_title":"Autenticaci\u00f3n de documentos mediante Apostilla - International Relocation Firm","og_description":"Una \u00abApostilla\u00bb es un certificado autenticando el origen de un documento p\u00fablico (por ejemplo, certificado de nacimiento, de matrimonio o de defunci\u00f3n, un informe polic\u00edaco, una resoluci\u00f3n judicial, un extracto de un registro p\u00fablico, o una certificaci\u00f3n notarial). Las apostillas son emitidas en un pa\u00eds para ser utilizadas por otro pa\u00eds donde ambos son partes [&hellip;]","og_url":"https:\/\/www.relofirm.com\/es\/autenticacion-de-documentos-mediante-apostilla\/","og_site_name":"International Relocation Firm","article_publisher":"https:\/\/www.facebook.com\/ReloFirm\/","article_modified_time":"2020-01-16T19:30:29+00:00","twitter_misc":{"Tiempo de lectura":"3 minutos"},"schema":{"@context":"https:\/\/schema.org","@graph":[{"@type":"Organization","@id":"https:\/\/www.relofirm.com\/#organization","name":"International Relocation Firm","url":"https:\/\/www.relofirm.com\/","sameAs":["https:\/\/www.facebook.com\/ReloFirm\/","https:\/\/www.linkedin.com\/company\/relo-firm","https:\/\/twitter.com\/polslegal"],"logo":{"@type":"ImageObject","@id":"https:\/\/www.relofirm.com\/#logo","inLanguage":"es","url":"https:\/\/www.relofirm.com\/wp-content\/uploads\/2021\/11\/relofirm-logo.svg","contentUrl":"https:\/\/www.relofirm.com\/wp-content\/uploads\/2021\/11\/relofirm-logo.svg","width":1485,"height":516,"caption":"International Relocation Firm"},"image":{"@id":"https:\/\/www.relofirm.com\/#logo"}},{"@type":"WebSite","@id":"https:\/\/www.relofirm.com\/#website","url":"https:\/\/www.relofirm.com\/","name":"International Relocation Firm","description":"","publisher":{"@id":"https:\/\/www.relofirm.com\/#organization"},"potentialAction":[{"@type":"SearchAction","target":{"@type":"EntryPoint","urlTemplate":"https:\/\/www.relofirm.com\/?s={search_term_string}"},"query-input":"required name=search_term_string"}],"inLanguage":"es"},{"@type":"WebPage","@id":"https:\/\/www.relofirm.com\/es\/autenticacion-de-documentos-mediante-apostilla\/#webpage","url":"https:\/\/www.relofirm.com\/es\/autenticacion-de-documentos-mediante-apostilla\/","name":"Autenticaci\u00f3n de documentos mediante Apostilla - International Relocation Firm","isPartOf":{"@id":"https:\/\/www.relofirm.com\/#website"},"datePublished":"2010-09-29T05:00:00+00:00","dateModified":"2020-01-16T19:30:29+00:00","breadcrumb":{"@id":"https:\/\/www.relofirm.com\/es\/autenticacion-de-documentos-mediante-apostilla\/#breadcrumb"},"inLanguage":"es","potentialAction":[{"@type":"ReadAction","target":["https:\/\/www.relofirm.com\/es\/autenticacion-de-documentos-mediante-apostilla\/"]}]},{"@type":"BreadcrumbList","@id":"https:\/\/www.relofirm.com\/es\/autenticacion-de-documentos-mediante-apostilla\/#breadcrumb","itemListElement":[{"@type":"ListItem","position":1,"name":"Home","item":"https:\/\/www.relofirm.com\/es\/"},{"@type":"ListItem","position":2,"name":"Autenticaci\u00f3n de documentos mediante Apostilla"}]}]}},"_links":{"self":[{"href":"https:\/\/www.relofirm.com\/es\/wp-json\/wp\/v2\/pages\/6994"}],"collection":[{"href":"https:\/\/www.relofirm.com\/es\/wp-json\/wp\/v2\/pages"}],"about":[{"href":"https:\/\/www.relofirm.com\/es\/wp-json\/wp\/v2\/types\/page"}],"author":[{"embeddable":true,"href":"https:\/\/www.relofirm.com\/es\/wp-json\/wp\/v2\/users\/10"}],"replies":[{"embeddable":true,"href":"https:\/\/www.relofirm.com\/es\/wp-json\/wp\/v2\/comments?post=6994"}],"version-history":[{"count":1,"href":"https:\/\/www.relofirm.com\/es\/wp-json\/wp\/v2\/pages\/6994\/revisions"}],"predecessor-version":[{"id":7321,"href":"https:\/\/www.relofirm.com\/es\/wp-json\/wp\/v2\/pages\/6994\/revisions\/7321"}],"wp:attachment":[{"href":"https:\/\/www.relofirm.com\/es\/wp-json\/wp\/v2\/media?parent=6994"}],"curies":[{"name":"wp","href":"https:\/\/api.w.org\/{rel}","templated":true}]}}