{"id":237534,"date":"2022-09-06T10:30:52","date_gmt":"2022-09-06T15:30:52","guid":{"rendered":"https:\/\/www.relofirm.com\/?page_id=237534"},"modified":"2022-09-06T10:34:09","modified_gmt":"2022-09-06T15:34:09","slug":"naturalizacion","status":"publish","type":"page","link":"https:\/\/www.relofirm.com\/es\/visas-para-panama-panama-inmigracion\/naturalizacion\/","title":{"rendered":"Naturalizaci\u00f3n en Panam\u00e1"},"content":{"rendered":"<div class=\"menu-immigration-en-container\"><ul id=\"menu-immigration-en\" class=\"menu\"><li id=\"menu-item-7642\" class=\"menu-item menu-item-type-post_type menu-item-object-page menu-item-has-children menu-item-7642\"><a href=\"https:\/\/www.relofirm.com\/es\/visas-para-panama-panama-inmigracion\/\">Visas para Panam\u00e1: Panam\u00e1 Inmigraci\u00f3n<\/a>\n<ul class=\"sub-menu\">\n\t<li id=\"menu-item-7643\" class=\"menu-item menu-item-type-post_type menu-item-object-page menu-item-7643\"><a href=\"https:\/\/www.relofirm.com\/es\/como-obtener-residencia-permanente-en-panama\/\">Como Obtener Residencia Permanente en Panam\u00e1<\/a><\/li>\n\t<li id=\"menu-item-237536\" class=\"menu-item menu-item-type-post_type menu-item-object-page menu-item-237536\"><a href=\"https:\/\/www.relofirm.com\/es\/visas-para-panama-panama-inmigracion\/naturalizacion\/\">Naturalizaci\u00f3n en Panam\u00e1<\/a><\/li>\n\t<li id=\"menu-item-7644\" class=\"menu-item menu-item-type-post_type menu-item-object-page menu-item-7644\"><a href=\"https:\/\/www.relofirm.com\/es\/visas-de-paises-amigos-de-panama\/\">Visas de Paises Amigos de Panama<\/a><\/li>\n\t<li id=\"menu-item-7645\" class=\"menu-item menu-item-type-post_type menu-item-object-page menu-item-7645\"><a href=\"https:\/\/www.relofirm.com\/es\/visas-de-pensionado-en-panama-visa-jubilados\/\">Visa de Pensionado en Panam\u00e1 (Visa Jubilados)<\/a><\/li>\n\t<li id=\"menu-item-10943\" class=\"menu-item menu-item-type-post_type menu-item-object-page menu-item-10943\"><a href=\"https:\/\/www.relofirm.com\/es\/residente-permanente-en-calidad-de-inversionista-calificado\/\">Residente Permanente en Calidad de Inversionista Calificado<\/a><\/li>\n\t<li id=\"menu-item-7646\" class=\"menu-item menu-item-type-post_type menu-item-object-page menu-item-7646\"><a href=\"https:\/\/www.relofirm.com\/es\/visa-de-auto-solvencia-economica-en-panama\/\">Visa de Auto Solvencia Econ\u00f3mica en Panama<\/a><\/li>\n\t<li id=\"menu-item-7647\" class=\"menu-item menu-item-type-post_type menu-item-object-page menu-item-7647\"><a href=\"https:\/\/www.relofirm.com\/es\/visa-de-reforestacion\/\">Visa de Reforestaci\u00f3n<\/a><\/li>\n\t<li id=\"menu-item-7648\" class=\"menu-item menu-item-type-post_type menu-item-object-page menu-item-7648\"><a href=\"https:\/\/www.relofirm.com\/es\/programa-de-inversionista-agricola\/\">Programa de Inversionista Agr\u00edcola<\/a><\/li>\n\t<li id=\"menu-item-7649\" class=\"menu-item menu-item-type-post_type menu-item-object-page menu-item-7649\"><a href=\"https:\/\/www.relofirm.com\/es\/programa-de-inversionista-en-zona-procesadora-libre-de-impuestos\/\">Programa de Inversionista en Zona Procesadora Libre de Impuestos<\/a><\/li>\n\t<li id=\"menu-item-7650\" class=\"menu-item menu-item-type-post_type menu-item-object-page menu-item-7650\"><a href=\"https:\/\/www.relofirm.com\/es\/visa-de-trabajo-para-la-ciudad-del-saber\/\">Visa de Trabajo para la Ciudad del Saber<\/a><\/li>\n\t<li id=\"menu-item-7651\" class=\"menu-item menu-item-type-post_type menu-item-object-page menu-item-7651\"><a href=\"https:\/\/www.relofirm.com\/es\/visa-de-misionero\/\">Visa de Misionero<\/a><\/li>\n\t<li id=\"menu-item-7652\" class=\"menu-item menu-item-type-post_type menu-item-object-page menu-item-7652\"><a href=\"https:\/\/www.relofirm.com\/es\/visa-de-estudiante-panama\/\">Visa de Estudiante Panama<\/a><\/li>\n\t<li id=\"menu-item-7653\" class=\"menu-item menu-item-type-post_type menu-item-object-page menu-item-7653\"><a href=\"https:\/\/www.relofirm.com\/es\/inmigracion-panamena-visa-de-multiples-entradas-y-salidas\/\">Inmigracion Panamena Visa de M\u00faltiples Entradas y Salidas<\/a><\/li>\n\t<li id=\"menu-item-7654\" class=\"menu-item menu-item-type-post_type menu-item-object-page menu-item-7654\"><a href=\"https:\/\/www.relofirm.com\/es\/visa-de-turista-en-panama\/\">Visa de Turista en Panam\u00e1<\/a><\/li>\n\t<li id=\"menu-item-7655\" class=\"menu-item menu-item-type-post_type menu-item-object-page menu-item-7655\"><a href=\"https:\/\/www.relofirm.com\/es\/autorizacion-de-visa-de-turista-en-panama\/\">Autorizacion de visa de Turista en Panama<\/a><\/li>\n\t<li id=\"menu-item-7656\" class=\"menu-item menu-item-type-post_type menu-item-object-page menu-item-7656\"><a href=\"https:\/\/www.relofirm.com\/es\/visa-de-marino-en-panama\/\">Visa de Marino en Panama<\/a><\/li>\n\t<li id=\"menu-item-7657\" class=\"menu-item menu-item-type-post_type menu-item-object-page menu-item-7657\"><a href=\"https:\/\/www.relofirm.com\/es\/visa-de-trabajadores-especialistas-en-panama\/\">Visa de Trabajadores Especialistas en Panama<\/a><\/li>\n\t<li id=\"menu-item-7658\" class=\"menu-item menu-item-type-post_type menu-item-object-page menu-item-7658\"><a href=\"https:\/\/www.relofirm.com\/es\/visa-de-residencia-en-panama-para-ciudadanos-italianos\/\">Visa de Residencia en Panama para Ciudadanos Italianos<\/a><\/li>\n\t<li id=\"menu-item-7659\" class=\"menu-item menu-item-type-post_type menu-item-object-page menu-item-7659\"><a href=\"https:\/\/www.relofirm.com\/es\/visa-para-trabajadores-eventuales-en-la-cultura-deporte-o-educacion\/\">Visa para Trabajadores Eventuales en la Cultura, Deporte o Educacion<\/a><\/li>\n\t<li id=\"menu-item-7660\" class=\"menu-item menu-item-type-post_type menu-item-object-page menu-item-7660\"><a href=\"https:\/\/www.relofirm.com\/es\/visa-de-trabajadores-domesticos-en-panama\/\">Visa de Trabajadores Dom\u00e9sticos en Panam\u00e1<\/a><\/li>\n\t<li id=\"menu-item-7661\" class=\"menu-item menu-item-type-post_type menu-item-object-page menu-item-7661\"><a href=\"https:\/\/www.relofirm.com\/es\/visas-de-corta-estancia-en-panama\/\">Visas de Corta Estancia en Panama<\/a><\/li>\n\t<li id=\"menu-item-7662\" class=\"menu-item menu-item-type-post_type menu-item-object-page menu-item-7662\"><a href=\"https:\/\/www.relofirm.com\/es\/visa-de-pasajeros-y-tripulantes-de-naves-con-fines-de-recreo-o-turismo-en-panama\/\">Visa de Pasajeros y Tripulantes de Naves con Fines de Recreo o Turismo en Panam\u00e1<\/a><\/li>\n\t<li id=\"menu-item-7663\" class=\"menu-item menu-item-type-post_type menu-item-object-page menu-item-7663\"><a href=\"https:\/\/www.relofirm.com\/es\/visa-de-trabajo-en-panama-para-residencia-temporal\/\">Visa de Trabajo en Panama para Residencia Temporal<\/a><\/li>\n\t<li id=\"menu-item-7664\" class=\"menu-item menu-item-type-post_type menu-item-object-page menu-item-7664\"><a href=\"https:\/\/www.relofirm.com\/es\/visas-de-residencia-temporal-en-panama-por-razones-especiales\/\">Visas de Residencia Temporal en Panama por Razones Especiales<\/a><\/li>\n\t<li id=\"menu-item-7665\" class=\"menu-item menu-item-type-post_type menu-item-object-page menu-item-7665\"><a href=\"https:\/\/www.relofirm.com\/es\/permisos-temporales-por-razones-humanitarias-en-panama\/\">Permisos Temporales por Razones Humanitarias en Panam\u00e1<\/a><\/li>\n\t<li id=\"menu-item-7666\" class=\"menu-item menu-item-type-post_type menu-item-object-page menu-item-7666\"><a href=\"https:\/\/www.relofirm.com\/es\/visas-por-politicas-especiales-en-panama\/\">Visas por Pol\u00edticas Especiales en Panam\u00e1<\/a><\/li>\n\t<li id=\"menu-item-7667\" class=\"menu-item menu-item-type-post_type menu-item-object-page menu-item-7667\"><a href=\"https:\/\/www.relofirm.com\/es\/visas-de-residencia-permanente-de-reagrupacion-familiar-en-panama\/\">Visas de Residencia Permanente de Reagrupaci\u00f3n Familiar en Panam\u00e1<\/a><\/li>\n\t<li id=\"menu-item-7668\" class=\"menu-item menu-item-type-post_type menu-item-object-page menu-item-7668\"><a href=\"https:\/\/www.relofirm.com\/es\/visas-para-extranjeros-bajo-proteccion-del-estado-refugiados\/\">Visas para Extranjeros Bajo Protecci\u00f3n del Estado (Refugiados)<\/a><\/li>\n\t<li id=\"menu-item-7669\" class=\"menu-item menu-item-type-post_type menu-item-object-page menu-item-7669\"><a href=\"https:\/\/www.relofirm.com\/es\/cambio-del-estatus-migratorio-de-panama\/\">Cambio del Estatus Migratorio de Panama<\/a><\/li>\n\t<li id=\"menu-item-7670\" class=\"menu-item menu-item-type-post_type menu-item-object-page menu-item-7670\"><a href=\"https:\/\/www.relofirm.com\/es\/control-migratorio-de-panama\/\">Control Migratorio de Panam\u00e1<\/a><\/li>\n\t<li id=\"menu-item-7672\" class=\"menu-item menu-item-type-post_type menu-item-object-page menu-item-7672\"><a href=\"https:\/\/www.relofirm.com\/es\/introduccion-de-mascotas-a-panama\/\">Introducci\u00f3n de Mascotas a Panam\u00e1<\/a><\/li>\n\t<li id=\"menu-item-7673\" class=\"menu-item menu-item-type-post_type menu-item-object-page menu-item-7673\"><a href=\"https:\/\/www.relofirm.com\/es\/verificacion-de-antecedentes-penales-en-panama\/\">Verificacion de Antecedentes Penales en Panama<\/a><\/li>\n\t<li id=\"menu-item-7674\" class=\"menu-item menu-item-type-post_type menu-item-object-page menu-item-7674\"><a href=\"https:\/\/www.relofirm.com\/es\/los-padres-de-ninos-nacidos-en-panama-podran-convertirse-en-residentes-permanentes\/\">Los Padres de Ninos Nacidos en Panama Podran Convertirse en Residentes Permanentes<\/a><\/li>\n\t<li id=\"menu-item-7675\" class=\"menu-item menu-item-type-post_type menu-item-object-page menu-item-7675\"><a href=\"https:\/\/www.relofirm.com\/es\/como-obetener-un-certificado-de-nacimiento-defuncion\/\">Certificado de Nacimiento o de Defuncion de Personas Nacidas en el Area del Canal<\/a><\/li>\n<\/ul>\n<\/li>\n<\/ul><\/div>\n<p>De acuerdo con lo que se establece en la Constituci\u00f3n Pol\u00edtica de la Rep\u00fablica de Panam\u00e1 la nacionalidad paname\u00f1a se adquiere mediante tres formas la primera por nacimiento, la segunda por naturalizaci\u00f3n y la tercera por disposici\u00f3n constitucional.<\/p>\n<p>Por nacimiento (Art. 9 CN) son los nacidos en el territorio nacional, los hijos de padre o madre paname\u00f1os por nacimiento, si establecen su domicilio en territorio nacional y por \u00faltimo los hijos de padre o madre paname\u00f1os por naturalizaci\u00f3n nacidos fuera del territorio nacional si establecen su domicilio en Panam\u00e1 y manifiestan su voluntad de acogerse a la nacionalidad paname\u00f1a hasta un a\u00f1o despu\u00e9s de la mayor\u00eda de edad (en este punto los hijos deben haber nacido luego que su padre o madre paname\u00f1o hubiese obtenido su carta de naturaleza).<\/p>\n<p>Por naturalizaci\u00f3n (Art. 10 CN) puede darse por alguna de las siguientes formas luego de haber cumplido la mayor\u00eda de edad.<\/p>\n<ol>\n<li>Extranjeros con 5 a\u00f1os consecutivos de residencia (la residencia es continua e ininterrumpida) en el territorio nacional despu\u00e9s de obtener la residencia permanente.<\/li>\n<li>Extranjeros con 3 a\u00f1os de residencia consecutiva si est\u00e1n casados con paname\u00f1o(a) o tienen hijo(s) paname\u00f1os (as).<\/li>\n<li>Por reciprocidad a los nacionales de Espa\u00f1a o un Estado latinoamericano, si cumplen con los requisitos que en su pa\u00eds exigen a los paname\u00f1os para naturalizarse.<\/li>\n<\/ol>\n<p>Estas disposiciones constitucionales son el marco legal que se encuentran establecidos en el T\u00edtulo II, art\u00edculos del 8 al 16 de la Constituci\u00f3n Pol\u00edtica de Panam\u00e1 y reglamentado mediante el Decreto Ley 3 de 22 de febrero de 20008, en su T\u00edtulo XIII, art\u00edculos 118 al 130.<\/p>\n<h2>Los requisitos para solicitar la nacionalidad por naturalizaci\u00f3n son:<\/h2>\n<p><strong>Generales<\/strong><\/p>\n<ol>\n<li>Tener 5 a\u00f1os de residencia continua e ininterrumpida en el territorio paname\u00f1o (demostrar que ha permanecido dentro del pa\u00eds por un m\u00ednimo de 180 d\u00edas, por a\u00f1o)<\/li>\n<li>Tener 3 a\u00f1os de residencia continua si es casado con paname\u00f1o(a) o tiene hijos nacionales.<\/li>\n<li>Por reciprocidad con pa\u00edses Latinoamericanos y Espa\u00f1a (Seg\u00fan los requisitos y tiempo que estos les soliciten a los ciudadanos paname\u00f1os).<\/li>\n<\/ol>\n<p><strong>Espec\u00edficos<\/strong><\/p>\n<ol>\n<li>Poder y Solicitud dirigido al Presidente de la Rep\u00fablica.<\/li>\n<li>Declaraci\u00f3n Jurada ante Notario P\u00fablico autorizado donde renuncia de manera irrevocable a la nacionalidad de origen y su intenci\u00f3n de hacerse ciudadano paname\u00f1o.<\/li>\n<li>Acreditar la ausencia de antecedentes penales u \u00f3rdenes de captura o aprehensiones vigentes, mediante las certificaciones expedidas por las autoridades competentes, en el pa\u00eds de residencia en los \u00faltimos cinco a\u00f1os o de su pa\u00eds de origen, seg\u00fan sea el caso.<\/li>\n<li>Certificado de antecedentes penales expedido por las autoridades paname\u00f1as.<\/li>\n<li>Copia autenticada del documento de identidad personal del residente permanente, otorgado por la autoridad competente.<\/li>\n<li>Acreditar solvencia econ\u00f3mica.<\/li>\n<li>Acreditar que cumple con sus obligaciones fiscales, mediante la presentaci\u00f3n de paz y salvo nacional.<\/li>\n<li>Copia autenticada del pasaporte, por el c\u00f3nsul o embajada del pa\u00eds correspondiente. En los casos que los extranjeros no tengan representaci\u00f3n de su pa\u00eds en Panam\u00e1, lo har\u00e1 el de una naci\u00f3n amiga.<\/li>\n<li>Certificado m\u00e9dico de buena salud.<\/li>\n<li>Certificaci\u00f3n de estatus migratorio del Servicio Nacional de Migraci\u00f3n.<\/li>\n<li>Dos fotograf\u00edas con vestimenta formal, tama\u00f1o carn\u00e9.<\/li>\n<\/ol>\n<p><u>SI ES EL CASO<\/u><\/p>\n<ol start=\"12\">\n<li>Certificado de matrimonio o de nacimiento de los hijos paname\u00f1os, en el caso de que la solicitud se fundamente en el numeral 2 del art\u00edculo 10 de la Constituci\u00f3n Pol\u00edtica de la Rep\u00fablica.<\/li>\n<li>Certificaci\u00f3n de existencia y vigencia de la ley de reciprocidad.<\/li>\n<\/ol>\n<h2>El proceso para seguir para la naturalizaci\u00f3n ser\u00eda el siguiente:<\/h2>\n<ol>\n<li>Entrega de Documentaci\u00f3n en la Secci\u00f3n de Naturalizaci\u00f3n del Servicio Nacional de Migraci\u00f3n<\/li>\n<li>Entrevista al solicitante mediante cita previa.<\/li>\n<li>Env\u00edo del Expediente al Tribunal Electoral: Para el examen de conocimientos de geograf\u00eda, historia o c\u00edvica.<\/li>\n<li>Devoluci\u00f3n del expediente del Tribunal Electoral a la Secci\u00f3n de Naturalizaci\u00f3n<\/li>\n<li>Solicitud de visto bueno<\/li>\n<li>Expediente Completo. Se entrega a un analista para su an\u00e1lisis, tr\u00e1mite y env\u00edo a la firma del ministro de Seguridad<\/li>\n<li>En el Ministerio de Seguridad P\u00fablica: Se analiza el expediente para la firma del ministro y posteriormente se env\u00eda a la presidencia para la firma del Presidente de la Rep\u00fablica.<\/li>\n<li>En la Presidencia: Se analiza el expediente para la firma del Se\u00f1or Presidente y posterior devoluci\u00f3n al Servicio Nacional de Migraci\u00f3n.<\/li>\n<li>En el Servicio Nacional de Migraci\u00f3n: Se confeccionan las notas para la Gobernaci\u00f3n y el Tribunal Electoral<\/li>\n<li>En la Gobernaci\u00f3n: se realiza el acto formal de juramentaci\u00f3n y se entrega de Carta de Naturaleza.<\/li>\n<li>Corresponde por \u00faltimo llevar los documentos al Registro Civil en el Tribunal Electoral, para que la persona sea inscrita como paname\u00f1o(a) y se le otorgue su c\u00e9dula de identidad personal como nacional.<\/li>\n<\/ol>\n<p><strong><u>Nota:\u00a0 Este procedimiento puede tomar de 2 a 5 a\u00f1os aproximadamente en completarse<\/u><\/strong><\/p>\n<h2>Beneficios de la Naturalizaci\u00f3n<\/h2>\n<p>Ser ciudadano paname\u00f1o es un orgullo, contamos con innumerables maravillas como el canal de Panam\u00e1, el volc\u00e1n Bar\u00fa, hermosas playas y otros lugares espectaculares.<\/p>\n<p>En cuanto a beneficios m\u00e1s t\u00e9cnicos tenemos los siguientes:<\/p>\n<ol>\n<li>Pasaporte Paname\u00f1o, el cual no tiene restricciones especiales para nuestros ciudadanos.<\/li>\n<li>Cedula de identidad, la cual le permite votar y tambi\u00e9n aspirar a un cargo pol\u00edtico con excepciones.<\/li>\n<li>Ejercer profesiones que solo pueden ejecutar paname\u00f1os.<\/li>\n<li>Aspirar a becas destinadas a los paname\u00f1os.<\/li>\n<li>Impuestos que en comparaci\u00f3n con otros pa\u00edses del mundo podr\u00edan considerarse de menor cuant\u00eda.<\/li>\n<\/ol>\n<h2><strong>Costos<\/strong><\/h2>\n<p>El costo del proceso de naturalizaci\u00f3n total incluyendo honorarios legales, costas y gastos del proceso es aproximadamente de $7,840.00, <u>esto no incluye los gastos de juramentaci\u00f3n en la Gobernaci\u00f3n, ni gastos de Registro Civil (C\u00e9dula) y pasaporte<\/u>.<\/p>\n<p>Los pagos se har\u00e1n en tres partes a saber:<\/p>\n<ul>\n<li>1er pago al momento de iniciar el procedimiento que ser\u00eda de $2,000.00 en honorarios legales mas 595.00 en gastos gubernamentales (NO REEMBOLSABLES).<\/li>\n<li>2do pago una vez que el expediente llegue al Tribunal Electoral antes de hacer el examen de nacionalidad ser\u00eda de $2,000.00 en honorarios legales m\u00e1s 595.00 en gastos gubernamentales (NO REEMBOLSABLES).<\/li>\n<li>3er pago antes de notificarnos de la Resoluci\u00f3n que otorga la ciudadan\u00eda paname\u00f1a de $2,000.00 en honorarios legales m\u00e1s 650.00 en gastos gubernamentales (NO REEMBOLSABLES).<\/li>\n<\/ul>\n","protected":false},"excerpt":{"rendered":"<p>De acuerdo con lo que se establece en la Constituci\u00f3n Pol\u00edtica de la Rep\u00fablica de Panam\u00e1 la nacionalidad paname\u00f1a se adquiere mediante tres formas la primera por nacimiento, la segunda por naturalizaci\u00f3n y la tercera por disposici\u00f3n constitucional. Por nacimiento (Art. 9 CN) son los nacidos en el territorio nacional, los hijos de padre o [&hellip;]<\/p>\n","protected":false},"author":7,"featured_media":0,"parent":7036,"menu_order":0,"comment_status":"closed","ping_status":"closed","template":"","meta":{"_et_pb_use_builder":"","_et_pb_old_content":"","_et_gb_content_width":"","inline_featured_image":false},"yoast_head":"<!-- This site is optimized with the Yoast SEO plugin v18.5.1 - https:\/\/yoast.com\/wordpress\/plugins\/seo\/ -->\n<title>Naturalizaci\u00f3n en Panam\u00e1: Requisitos, Proceso y Costos<\/title>\n<meta name=\"robots\" content=\"index, follow, max-snippet:-1, max-image-preview:large, max-video-preview:-1\" \/>\n<link rel=\"canonical\" href=\"https:\/\/www.relofirm.com\/es\/visas-para-panama-panama-inmigracion\/naturalizacion\/\" \/>\n<meta property=\"og:locale\" content=\"es_ES\" \/>\n<meta property=\"og:type\" content=\"article\" \/>\n<meta property=\"og:title\" content=\"Naturalizaci\u00f3n en Panam\u00e1: Requisitos, Proceso y Costos\" \/>\n<meta property=\"og:description\" content=\"De acuerdo con lo que se establece en la Constituci\u00f3n Pol\u00edtica de la Rep\u00fablica de Panam\u00e1 la nacionalidad paname\u00f1a se adquiere mediante tres formas la primera por nacimiento, la segunda por naturalizaci\u00f3n y la tercera por disposici\u00f3n constitucional. Por nacimiento (Art. 9 CN) son los nacidos en el territorio nacional, los hijos de padre o [&hellip;]\" \/>\n<meta property=\"og:url\" content=\"https:\/\/www.relofirm.com\/es\/visas-para-panama-panama-inmigracion\/naturalizacion\/\" \/>\n<meta property=\"og:site_name\" content=\"International Relocation Firm\" \/>\n<meta property=\"article:publisher\" content=\"https:\/\/www.facebook.com\/ReloFirm\/\" \/>\n<meta property=\"article:modified_time\" content=\"2022-09-06T15:34:09+00:00\" \/>\n<meta name=\"twitter:label1\" content=\"Tiempo de lectura\" \/>\n\t<meta name=\"twitter:data1\" content=\"5 minutos\" \/>\n<!-- \/ Yoast SEO plugin. -->","yoast_head_json":{"title":"Naturalizaci\u00f3n en Panam\u00e1: Requisitos, Proceso y Costos","robots":{"index":"index","follow":"follow","max-snippet":"max-snippet:-1","max-image-preview":"max-image-preview:large","max-video-preview":"max-video-preview:-1"},"canonical":"https:\/\/www.relofirm.com\/es\/visas-para-panama-panama-inmigracion\/naturalizacion\/","og_locale":"es_ES","og_type":"article","og_title":"Naturalizaci\u00f3n en Panam\u00e1: Requisitos, Proceso y Costos","og_description":"De acuerdo con lo que se establece en la Constituci\u00f3n Pol\u00edtica de la Rep\u00fablica de Panam\u00e1 la nacionalidad paname\u00f1a se adquiere mediante tres formas la primera por nacimiento, la segunda por naturalizaci\u00f3n y la tercera por disposici\u00f3n constitucional. Por nacimiento (Art. 9 CN) son los nacidos en el territorio nacional, los hijos de padre o [&hellip;]","og_url":"https:\/\/www.relofirm.com\/es\/visas-para-panama-panama-inmigracion\/naturalizacion\/","og_site_name":"International Relocation Firm","article_publisher":"https:\/\/www.facebook.com\/ReloFirm\/","article_modified_time":"2022-09-06T15:34:09+00:00","twitter_misc":{"Tiempo de lectura":"5 minutos"},"schema":{"@context":"https:\/\/schema.org","@graph":[{"@type":"Organization","@id":"https:\/\/www.relofirm.com\/#organization","name":"International Relocation Firm","url":"https:\/\/www.relofirm.com\/","sameAs":["https:\/\/www.facebook.com\/ReloFirm\/","https:\/\/www.linkedin.com\/company\/relo-firm","https:\/\/twitter.com\/polslegal"],"logo":{"@type":"ImageObject","@id":"https:\/\/www.relofirm.com\/#logo","inLanguage":"es","url":"https:\/\/www.relofirm.com\/wp-content\/uploads\/2021\/11\/relofirm-logo.svg","contentUrl":"https:\/\/www.relofirm.com\/wp-content\/uploads\/2021\/11\/relofirm-logo.svg","width":1485,"height":516,"caption":"International Relocation Firm"},"image":{"@id":"https:\/\/www.relofirm.com\/#logo"}},{"@type":"WebSite","@id":"https:\/\/www.relofirm.com\/#website","url":"https:\/\/www.relofirm.com\/","name":"International Relocation Firm","description":"","publisher":{"@id":"https:\/\/www.relofirm.com\/#organization"},"potentialAction":[{"@type":"SearchAction","target":{"@type":"EntryPoint","urlTemplate":"https:\/\/www.relofirm.com\/?s={search_term_string}"},"query-input":"required name=search_term_string"}],"inLanguage":"es"},{"@type":"WebPage","@id":"https:\/\/www.relofirm.com\/es\/visas-para-panama-panama-inmigracion\/naturalizacion\/#webpage","url":"https:\/\/www.relofirm.com\/es\/visas-para-panama-panama-inmigracion\/naturalizacion\/","name":"Naturalizaci\u00f3n en Panam\u00e1: Requisitos, Proceso y Costos","isPartOf":{"@id":"https:\/\/www.relofirm.com\/#website"},"datePublished":"2022-09-06T15:30:52+00:00","dateModified":"2022-09-06T15:34:09+00:00","breadcrumb":{"@id":"https:\/\/www.relofirm.com\/es\/visas-para-panama-panama-inmigracion\/naturalizacion\/#breadcrumb"},"inLanguage":"es","potentialAction":[{"@type":"ReadAction","target":["https:\/\/www.relofirm.com\/es\/visas-para-panama-panama-inmigracion\/naturalizacion\/"]}]},{"@type":"BreadcrumbList","@id":"https:\/\/www.relofirm.com\/es\/visas-para-panama-panama-inmigracion\/naturalizacion\/#breadcrumb","itemListElement":[{"@type":"ListItem","position":1,"name":"Home","item":"https:\/\/www.relofirm.com\/es\/"},{"@type":"ListItem","position":2,"name":"Visas para Panam\u00e1: Panam\u00e1 Inmigraci\u00f3n","item":"https:\/\/www.relofirm.com\/es\/visas-para-panama-panama-inmigracion\/"},{"@type":"ListItem","position":3,"name":"Naturalizaci\u00f3n en Panam\u00e1"}]}]}},"_links":{"self":[{"href":"https:\/\/www.relofirm.com\/es\/wp-json\/wp\/v2\/pages\/237534"}],"collection":[{"href":"https:\/\/www.relofirm.com\/es\/wp-json\/wp\/v2\/pages"}],"about":[{"href":"https:\/\/www.relofirm.com\/es\/wp-json\/wp\/v2\/types\/page"}],"author":[{"embeddable":true,"href":"https:\/\/www.relofirm.com\/es\/wp-json\/wp\/v2\/users\/7"}],"replies":[{"embeddable":true,"href":"https:\/\/www.relofirm.com\/es\/wp-json\/wp\/v2\/comments?post=237534"}],"version-history":[{"count":2,"href":"https:\/\/www.relofirm.com\/es\/wp-json\/wp\/v2\/pages\/237534\/revisions"}],"predecessor-version":[{"id":237537,"href":"https:\/\/www.relofirm.com\/es\/wp-json\/wp\/v2\/pages\/237534\/revisions\/237537"}],"up":[{"embeddable":true,"href":"https:\/\/www.relofirm.com\/es\/wp-json\/wp\/v2\/pages\/7036"}],"wp:attachment":[{"href":"https:\/\/www.relofirm.com\/es\/wp-json\/wp\/v2\/media?parent=237534"}],"curies":[{"name":"wp","href":"https:\/\/api.w.org\/{rel}","templated":true}]}}