{"id":10654,"date":"2020-06-01T14:17:14","date_gmt":"2020-06-01T19:17:14","guid":{"rendered":"https:\/\/relofirm.com\/ciudadania-por-inversion\/turkey\/"},"modified":"2020-06-01T15:53:59","modified_gmt":"2020-06-01T20:53:59","slug":"turkey","status":"publish","type":"page","link":"https:\/\/www.relofirm.com\/es\/ciudadania-por-inversion\/turkey\/","title":{"rendered":"Ciudadan\u00eda de Turqu\u00eda por Inversi\u00f3n"},"content":{"rendered":"<p><div class=\"menu-ciudadania-por-inversion-container\"><ul id=\"menu-ciudadania-por-inversion\" class=\"menu\"><li id=\"menu-item-10449\" class=\"menu-item menu-item-type-post_type menu-item-object-page menu-item-has-children menu-item-10449\"><a href=\"https:\/\/www.relofirm.com\/es\/ciudadania-por-inversion\/\">Ciudadan\u00eda por inversi\u00f3n<\/a>\n<ul class=\"sub-menu\">\n\t<li id=\"menu-item-10671\" class=\"menu-item menu-item-type-post_type menu-item-object-page menu-item-10671\"><a href=\"https:\/\/www.relofirm.com\/es\/ciudadania-por-inversion\/antigua-barbuda\/\">Ciudadan\u00eda de Antigua y Barbuda por Inversi\u00f3n<\/a><\/li>\n\t<li id=\"menu-item-10670\" class=\"menu-item menu-item-type-post_type menu-item-object-page menu-item-10670\"><a href=\"https:\/\/www.relofirm.com\/es\/ciudadania-por-inversion\/cyprus\/\">Ciudadan\u00eda de Chipre por Inversi\u00f3n<\/a><\/li>\n\t<li id=\"menu-item-10669\" class=\"menu-item menu-item-type-post_type menu-item-object-page menu-item-10669\"><a href=\"https:\/\/www.relofirm.com\/es\/ciudadania-por-inversion\/dominica\/\">Ciudadan\u00eda de Dominica por Inversi\u00f3n<\/a><\/li>\n\t<li id=\"menu-item-10668\" class=\"menu-item menu-item-type-post_type menu-item-object-page menu-item-10668\"><a href=\"https:\/\/www.relofirm.com\/es\/ciudadania-por-inversion\/granada\/\">Ciudadan\u00eda de Granada por Inversi\u00f3n<\/a><\/li>\n\t<li id=\"menu-item-10667\" class=\"menu-item menu-item-type-post_type menu-item-object-page menu-item-10667\"><a href=\"https:\/\/www.relofirm.com\/es\/ciudadania-por-inversion\/montenegro\/\">Ciudadan\u00eda de Montenegro por inversi\u00f3n<\/a><\/li>\n\t<li id=\"menu-item-10664\" class=\"menu-item menu-item-type-post_type menu-item-object-page menu-item-10664\"><a href=\"https:\/\/www.relofirm.com\/es\/ciudadania-por-inversion\/turkey\/\">Ciudadan\u00eda de Turqu\u00eda por Inversi\u00f3n<\/a><\/li>\n\t<li id=\"menu-item-10666\" class=\"menu-item menu-item-type-post_type menu-item-object-page menu-item-10666\"><a href=\"https:\/\/www.relofirm.com\/es\/ciudadania-por-inversion\/saint-lucia\/\">Ciudadan\u00eda de Santa Luc\u00eda por inversi\u00f3n<\/a><\/li>\n\t<li id=\"menu-item-10665\" class=\"menu-item menu-item-type-post_type menu-item-object-page menu-item-10665\"><a href=\"https:\/\/www.relofirm.com\/es\/ciudadania-por-inversion\/st-kitts-nevis\/\">Ciudadan\u00eda de St. Kitts y Nieves por Inversi\u00f3n<\/a><\/li>\n<\/ul>\n<\/li>\n<\/ul><\/div><br \/>\nTurqu\u00eda es un pa\u00eds con una historia sin igual en lo que respecta a la configuraci\u00f3n del comercio y la cultura mundial entre Europa, Oriente Medio y Asia. Turqu\u00eda es un pa\u00eds moderno con la resoluci\u00f3n y el conocimiento de una civilizaci\u00f3n antigua, y esa combinaci\u00f3n lo hace perfecto para la inversi\u00f3n, as\u00ed como opciones de ciudadan\u00eda que brindan oportunidades de crecimiento de activos a largo plazo. La econom\u00eda actual de Turqu\u00eda est\u00e1 creciendo r\u00e1pidamente, y el gobierno est\u00e1 haciendo un gran esfuerzo para incluir las inversiones extranjeras en sus estrategias de crecimiento.<\/p>\n<h2> He aqu\u00ed por qu\u00e9 creemos que deber\u00eda elegir Turqu\u00eda para su ciudadan\u00eda por necesidades de inversi\u00f3n <\/h2>\n<p>Como mercado internacional, hay pocos pa\u00edses tan diversos como Turqu\u00eda. Tiene una poblaci\u00f3n de alrededor de 80 millones de personas y abarca dos continentes, incluidos puertos clave en el mar Mediterr\u00e1neo. Es geogr\u00e1ficamente \u00fanico y permite una serie de posibilidades comerciales que incluso las naciones m\u00e1s avanzadas no son capaces de reproducir. Para el programa de ciudadan\u00eda por inversi\u00f3n, Turqu\u00eda tiene un plazo de 3 semanas para la residencia, con la aprobaci\u00f3n completa dentro de los seis meses.<\/p>\n<p>No necesita renunciar a su ciudadan\u00eda actual (se acepta la doble ciudadan\u00eda), ni existen requisitos de idioma u obligaciones para tener la residencia f\u00edsica en el pa\u00eds. Turqu\u00eda figura entre las 10 econom\u00edas m\u00e1s grandes del mundo, con industria pesada, turismo y finanzas como opciones viables probadas para la inversi\u00f3n. Con la ciudadan\u00eda turca, puede viajar a 116 pa\u00edses sin visa y construir un centro de negocios alrededor de Estambul, considerado por muchos como la \u00abencrucijada del mundo\u00bb para los negocios y el comercio. El principal solicitante de ciudadan\u00eda por visa tambi\u00e9n puede incluir un c\u00f3nyuge o hijos dependientes menores de 18 a\u00f1os.<\/p>\n<h2> C\u00f3mo calificar para la ciudadan\u00eda por inversi\u00f3n en Turqu\u00eda <\/h2>\n<p>Para calificar para la ciudadan\u00eda por inversi\u00f3n en Turqu\u00eda, debe cumplir con los siguientes criterios:<\/p>\n<ul>\n\u00a0<\/p>\n<li> Tener un pasaporte v\u00e1lido u otro documento de viaje extranjero autorizado. <\/li>\n<p>\u00a0<\/p>\n<li> Demuestra que no tienes antecedentes penales. <\/li>\n<p>\u00a0<\/p>\n<li> Env\u00ede sus documentos y otros requisitos a las autoridades para una verificaci\u00f3n de diligencia debida y verificaci\u00f3n de antecedentes. Esto incluye transparencia sobre la fuente de fondos que se utilizar\u00e1n para realizar la inversi\u00f3n que califique. <\/li>\n<\/ul>\n<h2> Tipos de inversi\u00f3n que lo califican en Turqu\u00eda <\/h2>\n<p>El foco principal de la ciudadan\u00eda de Turqu\u00eda por tipo de inversi\u00f3n es el sector inmobiliario. Los solicitantes deben invertir en un proyecto inmobiliario certificado (por el gobierno) por un monto m\u00ednimo de $ 250,000. Esta inversi\u00f3n debe permanecer en manos del solicitante durante al menos 3 a\u00f1os a partir de entonces.<\/p>\n<p>Cualquier inversi\u00f3n inmobiliaria se asociar\u00e1 con tarifas de procesamiento que cubran la representaci\u00f3n legal local, el asesoramiento y el procesamiento administrativo. El desglose de tarifas para esto es el siguiente:<\/p>\n<ul>\n\u00a0<\/p>\n<li> $ 7,400 para el solicitante principal. <\/li>\n<p>\u00a0<\/p>\n<li> $ 500 para el c\u00f3nyuge del solicitante principal. <\/li>\n<p>\u00a0<\/p>\n<li> $ 500 por cada depend\u00eda hasta los 18 a\u00f1os de edad. <\/li>\n<\/ul>\n","protected":false},"excerpt":{"rendered":"<p>Turqu\u00eda es un pa\u00eds con una historia sin igual en lo que respecta a la configuraci\u00f3n del comercio y la cultura mundial entre Europa, Oriente Medio y Asia. Turqu\u00eda es un pa\u00eds moderno con la resoluci\u00f3n y el conocimiento de una civilizaci\u00f3n antigua, y esa combinaci\u00f3n lo hace perfecto para la inversi\u00f3n, as\u00ed como opciones [&hellip;]<\/p>\n","protected":false},"author":7,"featured_media":0,"parent":10434,"menu_order":0,"comment_status":"closed","ping_status":"closed","template":"","meta":{"_et_pb_use_builder":"","_et_pb_old_content":"","_et_gb_content_width":"","inline_featured_image":false},"yoast_head":"<!-- This site is optimized with the Yoast SEO plugin v18.5.1 - https:\/\/yoast.com\/wordpress\/plugins\/seo\/ -->\n<title>Ciudadan\u00eda de Turqu\u00eda por Inversi\u00f3n - International Relocation Firm<\/title>\n<meta name=\"robots\" content=\"index, follow, max-snippet:-1, max-image-preview:large, max-video-preview:-1\" \/>\n<link rel=\"canonical\" href=\"https:\/\/www.relofirm.com\/es\/ciudadania-por-inversion\/turkey\/\" \/>\n<meta property=\"og:locale\" content=\"es_ES\" \/>\n<meta property=\"og:type\" content=\"article\" \/>\n<meta property=\"og:title\" content=\"Ciudadan\u00eda de Turqu\u00eda por Inversi\u00f3n - International Relocation Firm\" \/>\n<meta property=\"og:description\" content=\"Turqu\u00eda es un pa\u00eds con una historia sin igual en lo que respecta a la configuraci\u00f3n del comercio y la cultura mundial entre Europa, Oriente Medio y Asia. Turqu\u00eda es un pa\u00eds moderno con la resoluci\u00f3n y el conocimiento de una civilizaci\u00f3n antigua, y esa combinaci\u00f3n lo hace perfecto para la inversi\u00f3n, as\u00ed como opciones [&hellip;]\" \/>\n<meta property=\"og:url\" content=\"https:\/\/www.relofirm.com\/es\/ciudadania-por-inversion\/turkey\/\" \/>\n<meta property=\"og:site_name\" content=\"International Relocation Firm\" \/>\n<meta property=\"article:publisher\" content=\"https:\/\/www.facebook.com\/ReloFirm\/\" \/>\n<meta property=\"article:modified_time\" content=\"2020-06-01T20:53:59+00:00\" \/>\n<meta name=\"twitter:label1\" content=\"Tiempo de lectura\" \/>\n\t<meta name=\"twitter:data1\" content=\"3 minutos\" \/>\n<!-- \/ Yoast SEO plugin. -->","yoast_head_json":{"title":"Ciudadan\u00eda de Turqu\u00eda por Inversi\u00f3n - International Relocation Firm","robots":{"index":"index","follow":"follow","max-snippet":"max-snippet:-1","max-image-preview":"max-image-preview:large","max-video-preview":"max-video-preview:-1"},"canonical":"https:\/\/www.relofirm.com\/es\/ciudadania-por-inversion\/turkey\/","og_locale":"es_ES","og_type":"article","og_title":"Ciudadan\u00eda de Turqu\u00eda por Inversi\u00f3n - International Relocation Firm","og_description":"Turqu\u00eda es un pa\u00eds con una historia sin igual en lo que respecta a la configuraci\u00f3n del comercio y la cultura mundial entre Europa, Oriente Medio y Asia. Turqu\u00eda es un pa\u00eds moderno con la resoluci\u00f3n y el conocimiento de una civilizaci\u00f3n antigua, y esa combinaci\u00f3n lo hace perfecto para la inversi\u00f3n, as\u00ed como opciones [&hellip;]","og_url":"https:\/\/www.relofirm.com\/es\/ciudadania-por-inversion\/turkey\/","og_site_name":"International Relocation Firm","article_publisher":"https:\/\/www.facebook.com\/ReloFirm\/","article_modified_time":"2020-06-01T20:53:59+00:00","twitter_misc":{"Tiempo de lectura":"3 minutos"},"schema":{"@context":"https:\/\/schema.org","@graph":[{"@type":"Organization","@id":"https:\/\/www.relofirm.com\/#organization","name":"International Relocation Firm","url":"https:\/\/www.relofirm.com\/","sameAs":["https:\/\/www.facebook.com\/ReloFirm\/","https:\/\/www.linkedin.com\/company\/relo-firm","https:\/\/twitter.com\/polslegal"],"logo":{"@type":"ImageObject","@id":"https:\/\/www.relofirm.com\/#logo","inLanguage":"es","url":"https:\/\/www.relofirm.com\/wp-content\/uploads\/2021\/11\/relofirm-logo.svg","contentUrl":"https:\/\/www.relofirm.com\/wp-content\/uploads\/2021\/11\/relofirm-logo.svg","width":1485,"height":516,"caption":"International Relocation Firm"},"image":{"@id":"https:\/\/www.relofirm.com\/#logo"}},{"@type":"WebSite","@id":"https:\/\/www.relofirm.com\/#website","url":"https:\/\/www.relofirm.com\/","name":"International Relocation Firm","description":"","publisher":{"@id":"https:\/\/www.relofirm.com\/#organization"},"potentialAction":[{"@type":"SearchAction","target":{"@type":"EntryPoint","urlTemplate":"https:\/\/www.relofirm.com\/?s={search_term_string}"},"query-input":"required name=search_term_string"}],"inLanguage":"es"},{"@type":"WebPage","@id":"https:\/\/www.relofirm.com\/es\/ciudadania-por-inversion\/turkey\/#webpage","url":"https:\/\/www.relofirm.com\/es\/ciudadania-por-inversion\/turkey\/","name":"Ciudadan\u00eda de Turqu\u00eda por Inversi\u00f3n - International Relocation Firm","isPartOf":{"@id":"https:\/\/www.relofirm.com\/#website"},"datePublished":"2020-06-01T19:17:14+00:00","dateModified":"2020-06-01T20:53:59+00:00","breadcrumb":{"@id":"https:\/\/www.relofirm.com\/es\/ciudadania-por-inversion\/turkey\/#breadcrumb"},"inLanguage":"es","potentialAction":[{"@type":"ReadAction","target":["https:\/\/www.relofirm.com\/es\/ciudadania-por-inversion\/turkey\/"]}]},{"@type":"BreadcrumbList","@id":"https:\/\/www.relofirm.com\/es\/ciudadania-por-inversion\/turkey\/#breadcrumb","itemListElement":[{"@type":"ListItem","position":1,"name":"Home","item":"https:\/\/www.relofirm.com\/es\/"},{"@type":"ListItem","position":2,"name":"Ciudadan\u00eda por inversi\u00f3n","item":"https:\/\/www.relofirm.com\/es\/ciudadania-por-inversion\/"},{"@type":"ListItem","position":3,"name":"Ciudadan\u00eda de Turqu\u00eda por Inversi\u00f3n"}]}]}},"_links":{"self":[{"href":"https:\/\/www.relofirm.com\/es\/wp-json\/wp\/v2\/pages\/10654"}],"collection":[{"href":"https:\/\/www.relofirm.com\/es\/wp-json\/wp\/v2\/pages"}],"about":[{"href":"https:\/\/www.relofirm.com\/es\/wp-json\/wp\/v2\/types\/page"}],"author":[{"embeddable":true,"href":"https:\/\/www.relofirm.com\/es\/wp-json\/wp\/v2\/users\/7"}],"replies":[{"embeddable":true,"href":"https:\/\/www.relofirm.com\/es\/wp-json\/wp\/v2\/comments?post=10654"}],"version-history":[{"count":2,"href":"https:\/\/www.relofirm.com\/es\/wp-json\/wp\/v2\/pages\/10654\/revisions"}],"predecessor-version":[{"id":10726,"href":"https:\/\/www.relofirm.com\/es\/wp-json\/wp\/v2\/pages\/10654\/revisions\/10726"}],"up":[{"embeddable":true,"href":"https:\/\/www.relofirm.com\/es\/wp-json\/wp\/v2\/pages\/10434"}],"wp:attachment":[{"href":"https:\/\/www.relofirm.com\/es\/wp-json\/wp\/v2\/media?parent=10654"}],"curies":[{"name":"wp","href":"https:\/\/api.w.org\/{rel}","templated":true}]}}