{"id":10641,"date":"2020-06-01T14:08:28","date_gmt":"2020-06-01T19:08:28","guid":{"rendered":"https:\/\/relofirm.com\/ciudadania-por-inversion\/montenegro-citizenship-by-investment\/"},"modified":"2020-06-01T15:47:24","modified_gmt":"2020-06-01T20:47:24","slug":"montenegro","status":"publish","type":"page","link":"https:\/\/www.relofirm.com\/es\/ciudadania-por-inversion\/montenegro\/","title":{"rendered":"Ciudadan\u00eda de Montenegro por inversi\u00f3n"},"content":{"rendered":"<p><div class=\"menu-ciudadania-por-inversion-container\"><ul id=\"menu-ciudadania-por-inversion\" class=\"menu\"><li id=\"menu-item-10449\" class=\"menu-item menu-item-type-post_type menu-item-object-page menu-item-has-children menu-item-10449\"><a href=\"https:\/\/www.relofirm.com\/es\/ciudadania-por-inversion\/\">Ciudadan\u00eda por inversi\u00f3n<\/a>\n<ul class=\"sub-menu\">\n\t<li id=\"menu-item-10671\" class=\"menu-item menu-item-type-post_type menu-item-object-page menu-item-10671\"><a href=\"https:\/\/www.relofirm.com\/es\/ciudadania-por-inversion\/antigua-barbuda\/\">Ciudadan\u00eda de Antigua y Barbuda por Inversi\u00f3n<\/a><\/li>\n\t<li id=\"menu-item-10670\" class=\"menu-item menu-item-type-post_type menu-item-object-page menu-item-10670\"><a href=\"https:\/\/www.relofirm.com\/es\/ciudadania-por-inversion\/cyprus\/\">Ciudadan\u00eda de Chipre por Inversi\u00f3n<\/a><\/li>\n\t<li id=\"menu-item-10669\" class=\"menu-item menu-item-type-post_type menu-item-object-page menu-item-10669\"><a href=\"https:\/\/www.relofirm.com\/es\/ciudadania-por-inversion\/dominica\/\">Ciudadan\u00eda de Dominica por Inversi\u00f3n<\/a><\/li>\n\t<li id=\"menu-item-10668\" class=\"menu-item menu-item-type-post_type menu-item-object-page menu-item-10668\"><a href=\"https:\/\/www.relofirm.com\/es\/ciudadania-por-inversion\/granada\/\">Ciudadan\u00eda de Granada por Inversi\u00f3n<\/a><\/li>\n\t<li id=\"menu-item-10667\" class=\"menu-item menu-item-type-post_type menu-item-object-page menu-item-10667\"><a href=\"https:\/\/www.relofirm.com\/es\/ciudadania-por-inversion\/montenegro\/\">Ciudadan\u00eda de Montenegro por inversi\u00f3n<\/a><\/li>\n\t<li id=\"menu-item-10664\" class=\"menu-item menu-item-type-post_type menu-item-object-page menu-item-10664\"><a href=\"https:\/\/www.relofirm.com\/es\/ciudadania-por-inversion\/turkey\/\">Ciudadan\u00eda de Turqu\u00eda por Inversi\u00f3n<\/a><\/li>\n\t<li id=\"menu-item-10666\" class=\"menu-item menu-item-type-post_type menu-item-object-page menu-item-10666\"><a href=\"https:\/\/www.relofirm.com\/es\/ciudadania-por-inversion\/saint-lucia\/\">Ciudadan\u00eda de Santa Luc\u00eda por inversi\u00f3n<\/a><\/li>\n\t<li id=\"menu-item-10665\" class=\"menu-item menu-item-type-post_type menu-item-object-page menu-item-10665\"><a href=\"https:\/\/www.relofirm.com\/es\/ciudadania-por-inversion\/st-kitts-nevis\/\">Ciudadan\u00eda de St. Kitts y Nieves por Inversi\u00f3n<\/a><\/li>\n<\/ul>\n<\/li>\n<\/ul><\/div><br \/>\nTucked away along the coast of the Adriatic Sea, jEscondido a lo largo de la costa del mar Adri\u00e1tico, a tiro de piedra de Italia y Grecia, se encuentra Montenegro. Es un pa\u00eds balc\u00e1nico peque\u00f1o pero poderoso que es conocido por sus hermosas costas, la conexi\u00f3n entre el este y el oeste, y ahora, una econom\u00eda floreciente. Montenegro est\u00e1 lleno de belleza natural, lo que atrae a las personas a invertir y vivir all\u00ed de todo el mundo. Tiene una excelente calidad de vida y es seguro y financieramente seguro.<\/p>\n<h2> Por qu\u00e9 deber\u00edas invertir en Montenegro <\/h2>\n<p>Dos de las principales razones para invertir en Montenegro son su ubicaci\u00f3n estrat\u00e9gica en Europa y su favorable clima de regulaci\u00f3n empresarial. No hay requisitos de idioma para la ciudadan\u00eda por inversi\u00f3n en Montenegro. Tampoco hay obligaci\u00f3n para los extranjeros de renunciar a su nacionalidad actual para calificar. Montenegro procesa las solicitudes en tres meses a la velocidad de la luz y otorga a los dependientes menores de 18 a\u00f1os la ciudadan\u00eda si est\u00e1 vinculada al solicitante principal.<\/p>\n<p>Montenegro es miembro de la OTAN y tiene un Programa del Tratado E-2 firmado con los Estados Unidos que permite permisos especiales entre los dos pa\u00edses para trabajo e inversi\u00f3n. Un segundo pasaporte de Montenegro le otorga acceso de viaje sin visa a 116 pa\u00edses en todo el mundo, y se espera que se una a la UE para el a\u00f1o 2025.<\/p>\n<h2> C\u00f3mo calificar para la ciudadan\u00eda por inversi\u00f3n <\/h2>\n<p>Para calificar para la residencia o ciudadan\u00eda por inversi\u00f3n en Montenegro, debe:<\/p>\n<ul>\n\u00a0<\/p>\n<li> Proporcione un pasaporte v\u00e1lido o documento de viaje extranjero en el momento de la solicitud. <\/li>\n<p>\u00a0<\/p>\n<li> Demuestra que no tienes antecedentes penales. <\/li>\n<p>\u00a0<\/p>\n<li> Proporcione documentos que muestren la fuente y los or\u00edgenes de sus fondos invertidos. <\/li>\n<p>\u00a0<\/p>\n<li> Atestiguar el acuerdo de inversi\u00f3n y poderes notariales. <\/li>\n<\/ul>\n<h2> Aqu\u00ed est\u00e1n sus opciones de inversi\u00f3n <\/h2>\n<p><strong> 1. Donaci\u00f3n al Fondo del Gobierno <\/strong><\/p>\n<p>Para calificar para esto, debe hacer una contribuci\u00f3n de al menos \u20ac 100,000 espec\u00edficamente al Fondo del Gobierno.<\/p>\n<p><strong> 2. Invierta en bienes ra\u00edces <\/strong><\/p>\n<p>Para calificar para esto, los solicitantes deben invertir en proyectos inmobiliarios aprobados por el gobierno. Estos proyectos se seleccionan teniendo en cuenta las necesidades regionales espec\u00edficas y se separan como tales:<\/p>\n<p>Inversi\u00f3n de \u20ac 250,000 en un \u00e1rea no desarrollada en el norte del pa\u00eds.<\/p>\n<p>O<\/p>\n<p>Inversi\u00f3n de \u20ac 450,000 en un \u00e1rea ya desarrollada del pa\u00eds en el sur.<\/p>\n","protected":false},"excerpt":{"rendered":"<p>Tucked away along the coast of the Adriatic Sea, jEscondido a lo largo de la costa del mar Adri\u00e1tico, a tiro de piedra de Italia y Grecia, se encuentra Montenegro. Es un pa\u00eds balc\u00e1nico peque\u00f1o pero poderoso que es conocido por sus hermosas costas, la conexi\u00f3n entre el este y el oeste, y ahora, una [&hellip;]<\/p>\n","protected":false},"author":7,"featured_media":0,"parent":10434,"menu_order":0,"comment_status":"closed","ping_status":"closed","template":"","meta":{"_et_pb_use_builder":"","_et_pb_old_content":"","_et_gb_content_width":"","inline_featured_image":false},"yoast_head":"<!-- This site is optimized with the Yoast SEO plugin v18.5.1 - https:\/\/yoast.com\/wordpress\/plugins\/seo\/ -->\n<title>Ciudadan\u00eda de Montenegro por inversi\u00f3n - International Relocation Firm<\/title>\n<meta name=\"robots\" content=\"index, follow, max-snippet:-1, max-image-preview:large, max-video-preview:-1\" \/>\n<link rel=\"canonical\" href=\"https:\/\/www.relofirm.com\/es\/ciudadania-por-inversion\/montenegro\/\" \/>\n<meta property=\"og:locale\" content=\"es_ES\" \/>\n<meta property=\"og:type\" content=\"article\" \/>\n<meta property=\"og:title\" content=\"Ciudadan\u00eda de Montenegro por inversi\u00f3n - International Relocation Firm\" \/>\n<meta property=\"og:description\" content=\"Tucked away along the coast of the Adriatic Sea, jEscondido a lo largo de la costa del mar Adri\u00e1tico, a tiro de piedra de Italia y Grecia, se encuentra Montenegro. Es un pa\u00eds balc\u00e1nico peque\u00f1o pero poderoso que es conocido por sus hermosas costas, la conexi\u00f3n entre el este y el oeste, y ahora, una [&hellip;]\" \/>\n<meta property=\"og:url\" content=\"https:\/\/www.relofirm.com\/es\/ciudadania-por-inversion\/montenegro\/\" \/>\n<meta property=\"og:site_name\" content=\"International Relocation Firm\" \/>\n<meta property=\"article:publisher\" content=\"https:\/\/www.facebook.com\/ReloFirm\/\" \/>\n<meta property=\"article:modified_time\" content=\"2020-06-01T20:47:24+00:00\" \/>\n<meta name=\"twitter:label1\" content=\"Tiempo de lectura\" \/>\n\t<meta name=\"twitter:data1\" content=\"2 minutos\" \/>\n<!-- \/ Yoast SEO plugin. -->","yoast_head_json":{"title":"Ciudadan\u00eda de Montenegro por inversi\u00f3n - International Relocation Firm","robots":{"index":"index","follow":"follow","max-snippet":"max-snippet:-1","max-image-preview":"max-image-preview:large","max-video-preview":"max-video-preview:-1"},"canonical":"https:\/\/www.relofirm.com\/es\/ciudadania-por-inversion\/montenegro\/","og_locale":"es_ES","og_type":"article","og_title":"Ciudadan\u00eda de Montenegro por inversi\u00f3n - International Relocation Firm","og_description":"Tucked away along the coast of the Adriatic Sea, jEscondido a lo largo de la costa del mar Adri\u00e1tico, a tiro de piedra de Italia y Grecia, se encuentra Montenegro. Es un pa\u00eds balc\u00e1nico peque\u00f1o pero poderoso que es conocido por sus hermosas costas, la conexi\u00f3n entre el este y el oeste, y ahora, una [&hellip;]","og_url":"https:\/\/www.relofirm.com\/es\/ciudadania-por-inversion\/montenegro\/","og_site_name":"International Relocation Firm","article_publisher":"https:\/\/www.facebook.com\/ReloFirm\/","article_modified_time":"2020-06-01T20:47:24+00:00","twitter_misc":{"Tiempo de lectura":"2 minutos"},"schema":{"@context":"https:\/\/schema.org","@graph":[{"@type":"Organization","@id":"https:\/\/www.relofirm.com\/#organization","name":"International Relocation Firm","url":"https:\/\/www.relofirm.com\/","sameAs":["https:\/\/www.facebook.com\/ReloFirm\/","https:\/\/www.linkedin.com\/company\/relo-firm","https:\/\/twitter.com\/polslegal"],"logo":{"@type":"ImageObject","@id":"https:\/\/www.relofirm.com\/#logo","inLanguage":"es","url":"https:\/\/www.relofirm.com\/wp-content\/uploads\/2021\/11\/relofirm-logo.svg","contentUrl":"https:\/\/www.relofirm.com\/wp-content\/uploads\/2021\/11\/relofirm-logo.svg","width":1485,"height":516,"caption":"International Relocation Firm"},"image":{"@id":"https:\/\/www.relofirm.com\/#logo"}},{"@type":"WebSite","@id":"https:\/\/www.relofirm.com\/#website","url":"https:\/\/www.relofirm.com\/","name":"International Relocation Firm","description":"","publisher":{"@id":"https:\/\/www.relofirm.com\/#organization"},"potentialAction":[{"@type":"SearchAction","target":{"@type":"EntryPoint","urlTemplate":"https:\/\/www.relofirm.com\/?s={search_term_string}"},"query-input":"required name=search_term_string"}],"inLanguage":"es"},{"@type":"WebPage","@id":"https:\/\/www.relofirm.com\/es\/ciudadania-por-inversion\/montenegro\/#webpage","url":"https:\/\/www.relofirm.com\/es\/ciudadania-por-inversion\/montenegro\/","name":"Ciudadan\u00eda de Montenegro por inversi\u00f3n - International Relocation Firm","isPartOf":{"@id":"https:\/\/www.relofirm.com\/#website"},"datePublished":"2020-06-01T19:08:28+00:00","dateModified":"2020-06-01T20:47:24+00:00","breadcrumb":{"@id":"https:\/\/www.relofirm.com\/es\/ciudadania-por-inversion\/montenegro\/#breadcrumb"},"inLanguage":"es","potentialAction":[{"@type":"ReadAction","target":["https:\/\/www.relofirm.com\/es\/ciudadania-por-inversion\/montenegro\/"]}]},{"@type":"BreadcrumbList","@id":"https:\/\/www.relofirm.com\/es\/ciudadania-por-inversion\/montenegro\/#breadcrumb","itemListElement":[{"@type":"ListItem","position":1,"name":"Home","item":"https:\/\/www.relofirm.com\/es\/"},{"@type":"ListItem","position":2,"name":"Ciudadan\u00eda por inversi\u00f3n","item":"https:\/\/www.relofirm.com\/es\/ciudadania-por-inversion\/"},{"@type":"ListItem","position":3,"name":"Ciudadan\u00eda de Montenegro por inversi\u00f3n"}]}]}},"_links":{"self":[{"href":"https:\/\/www.relofirm.com\/es\/wp-json\/wp\/v2\/pages\/10641"}],"collection":[{"href":"https:\/\/www.relofirm.com\/es\/wp-json\/wp\/v2\/pages"}],"about":[{"href":"https:\/\/www.relofirm.com\/es\/wp-json\/wp\/v2\/types\/page"}],"author":[{"embeddable":true,"href":"https:\/\/www.relofirm.com\/es\/wp-json\/wp\/v2\/users\/7"}],"replies":[{"embeddable":true,"href":"https:\/\/www.relofirm.com\/es\/wp-json\/wp\/v2\/comments?post=10641"}],"version-history":[{"count":2,"href":"https:\/\/www.relofirm.com\/es\/wp-json\/wp\/v2\/pages\/10641\/revisions"}],"predecessor-version":[{"id":10719,"href":"https:\/\/www.relofirm.com\/es\/wp-json\/wp\/v2\/pages\/10641\/revisions\/10719"}],"up":[{"embeddable":true,"href":"https:\/\/www.relofirm.com\/es\/wp-json\/wp\/v2\/pages\/10434"}],"wp:attachment":[{"href":"https:\/\/www.relofirm.com\/es\/wp-json\/wp\/v2\/media?parent=10641"}],"curies":[{"name":"wp","href":"https:\/\/api.w.org\/{rel}","templated":true}]}}