{"id":10629,"date":"2020-06-01T14:02:56","date_gmt":"2020-06-01T19:02:56","guid":{"rendered":"https:\/\/relofirm.com\/ciudadania-por-inversion\/granada-citizenship-by-investment\/"},"modified":"2020-06-01T15:45:55","modified_gmt":"2020-06-01T20:45:55","slug":"granada","status":"publish","type":"page","link":"https:\/\/www.relofirm.com\/es\/ciudadania-por-inversion\/granada\/","title":{"rendered":"Ciudadan\u00eda de Granada por Inversi\u00f3n"},"content":{"rendered":"<p><div class=\"menu-ciudadania-por-inversion-container\"><ul id=\"menu-ciudadania-por-inversion\" class=\"menu\"><li id=\"menu-item-10449\" class=\"menu-item menu-item-type-post_type menu-item-object-page menu-item-has-children menu-item-10449\"><a href=\"https:\/\/www.relofirm.com\/es\/ciudadania-por-inversion\/\">Ciudadan\u00eda por inversi\u00f3n<\/a>\n<ul class=\"sub-menu\">\n\t<li id=\"menu-item-10671\" class=\"menu-item menu-item-type-post_type menu-item-object-page menu-item-10671\"><a href=\"https:\/\/www.relofirm.com\/es\/ciudadania-por-inversion\/antigua-barbuda\/\">Ciudadan\u00eda de Antigua y Barbuda por Inversi\u00f3n<\/a><\/li>\n\t<li id=\"menu-item-10670\" class=\"menu-item menu-item-type-post_type menu-item-object-page menu-item-10670\"><a href=\"https:\/\/www.relofirm.com\/es\/ciudadania-por-inversion\/cyprus\/\">Ciudadan\u00eda de Chipre por Inversi\u00f3n<\/a><\/li>\n\t<li id=\"menu-item-10669\" class=\"menu-item menu-item-type-post_type menu-item-object-page menu-item-10669\"><a href=\"https:\/\/www.relofirm.com\/es\/ciudadania-por-inversion\/dominica\/\">Ciudadan\u00eda de Dominica por Inversi\u00f3n<\/a><\/li>\n\t<li id=\"menu-item-10668\" class=\"menu-item menu-item-type-post_type menu-item-object-page menu-item-10668\"><a href=\"https:\/\/www.relofirm.com\/es\/ciudadania-por-inversion\/granada\/\">Ciudadan\u00eda de Granada por Inversi\u00f3n<\/a><\/li>\n\t<li id=\"menu-item-10667\" class=\"menu-item menu-item-type-post_type menu-item-object-page menu-item-10667\"><a href=\"https:\/\/www.relofirm.com\/es\/ciudadania-por-inversion\/montenegro\/\">Ciudadan\u00eda de Montenegro por inversi\u00f3n<\/a><\/li>\n\t<li id=\"menu-item-10664\" class=\"menu-item menu-item-type-post_type menu-item-object-page menu-item-10664\"><a href=\"https:\/\/www.relofirm.com\/es\/ciudadania-por-inversion\/turkey\/\">Ciudadan\u00eda de Turqu\u00eda por Inversi\u00f3n<\/a><\/li>\n\t<li id=\"menu-item-10666\" class=\"menu-item menu-item-type-post_type menu-item-object-page menu-item-10666\"><a href=\"https:\/\/www.relofirm.com\/es\/ciudadania-por-inversion\/saint-lucia\/\">Ciudadan\u00eda de Santa Luc\u00eda por inversi\u00f3n<\/a><\/li>\n\t<li id=\"menu-item-10665\" class=\"menu-item menu-item-type-post_type menu-item-object-page menu-item-10665\"><a href=\"https:\/\/www.relofirm.com\/es\/ciudadania-por-inversion\/st-kitts-nevis\/\">Ciudadan\u00eda de St. Kitts y Nieves por Inversi\u00f3n<\/a><\/li>\n<\/ul>\n<\/li>\n<\/ul><\/div><br \/>\nComo una de las islas m\u00e1s famosas del comercio colonial de especias, Granada se hizo un nombre como la \u00abisla de las especias\u00bb. Cuenta con magn\u00edficos recursos naturales y pintorescas playas caribe\u00f1as, as\u00ed como una profunda llamarada cultural que combina la antigua cultura espa\u00f1ola con el encanto moderno del Caribe. Granada ha sido durante mucho tiempo un punto caliente para el turismo de lujo, y ahora (gracias a la ciudadan\u00eda por inversi\u00f3n) tambi\u00e9n se ha convertido en un punto caliente para los inversores de alto patrimonio.<\/p>\n<h2> Por qu\u00e9 deber\u00edas invertir en Granada <\/h2>\n<p>El programa de ciudadan\u00eda de Granada por inversi\u00f3n ofrece el beneficio de reconocer la doble ciudadan\u00eda. Esto significa que los inversores pueden aprovechar los beneficios simult\u00e1neos de sus pa\u00edses de origen y de la isla sin sacrificar uno u otro. Granada procesa las solicitudes de segunda ciudadan\u00eda en solo cuatro meses, lo cual es extremadamente r\u00e1pido y eficiente en comparaci\u00f3n con otros lugares. No hay un requisito de residencia f\u00edsica, y tampoco un requisito para viajar f\u00edsicamente a Granada durante el proceso de solicitud.<\/p>\n<p>Si planea incluir a su familia, puede incluir a ni\u00f1os dependientes menores de 30 a\u00f1os, as\u00ed como a padres dependientes si es necesario. Sin embargo, es importante tener en cuenta que si alguno de estos dependientes tiene una enfermedad mental o f\u00edsica grave, podr\u00eda descalificarlos. Tambi\u00e9n se le permite incluir a los padres dependientes y un hermano, si tienen al menos 18 a\u00f1os de edad y no tienen hijos. Una vez que se le otorga la ciudadan\u00eda por inversi\u00f3n en Granada, puede viajar a m\u00e1s de 125 pa\u00edses, incluida la zona Schengen de la UE. Tambi\u00e9n puede viajar o hacer negocios en los Estados Unidos con una disposici\u00f3n especial del programa de visa E-2. No hay impuesto sobre la renta mundial en Granada.<\/p>\n<h2> C\u00f3mo calificar <\/h2>\n<p>Para calificar para la ciudadan\u00eda de Granada por programa de inversi\u00f3n, deber\u00e1 mostrar lo siguiente:<\/p>\n<ul>\n\u00a0<\/p>\n<li> Prueba de buen car\u00e1cter. <\/li>\n<p>\u00a0<\/p>\n<li> Una factura limpia y actual de buena salud. <\/li>\n<p>\u00a0<\/p>\n<li> Sin antecedentes penales. <\/li>\n<p>\u00a0<\/p>\n<li> Un alto patrimonio neto. <\/li>\n<\/ul>\n<p>Debido a un aumento en el turismo, el gobierno de Granada est\u00e1 tratando de obtener la mayor parte de sus inversiones extranjeras en el sector tur\u00edstico y hotelero del pa\u00eds. Est\u00e1n haciendo lo mismo activamente para la agricultura y la manufactura, por lo que estas \u00e1reas tender\u00e1n a tener oportunidades de inversi\u00f3n m\u00e1s calificadas que otras. La mayor parte de este capital de inversi\u00f3n extranjera se realiza a trav\u00e9s de participaciones financieras en proyectos inmobiliarios que se ajustan a los sectores y criterios anteriores.<\/p>\n<h2> Opciones de inversi\u00f3n <\/h2>\n<p><strong> 1. Inversi\u00f3n inmobiliaria <\/strong><\/p>\n<p>Dado que la econom\u00eda de Granada se ha desplazado en gran medida hacia las industrias dominantes de servicios, los bienes ra\u00edces son ahora el \u00e1rea de inversi\u00f3n n\u00famero 1 para el capital extranjero. Cualquier inversi\u00f3n inmobiliaria debe hacerse con un proyecto gubernamental previamente aprobado, como Mount Cinnamon.<\/p>\n<p><strong> Mount Cinnamon <\/strong><\/p>\n<p>Este hermoso complejo est\u00e1 situado a unas dos millas de la exuberante playa de Grand Anse. Grand Anse es un \u00e1rea de tierra muy codiciada, y se extiende desde el mar hasta la ladera, ofreciendo incre\u00edbles vistas y diversas opciones de propiedad, todo en uno. Este es un verdadero escondite de playa de lujo que permite a los residentes acceder a lo mejor de Granada, con la serenidad y la privacidad que uno esperar\u00eda para un desarrollo o inversi\u00f3n de alto nivel.<\/p>\n<p>Para calificar para Mount Cinnamon, debe invertir un m\u00ednimo de $ 350,000 y mantener la propiedad por un m\u00ednimo de cuatro a\u00f1os. Esta es una inversi\u00f3n m\u00ednima muy razonable para un proyecto inmobiliario de esta escala, y tiene un gran valor y un riesgo m\u00ednimo para el inversor. Para poseer acciones de Mount Cinnamon que excedan al solicitante principal, c\u00f3nyuge y dos dependientes, debe pagar $ 25,000 adicionales por cada dependiente en exceso. Las solicitudes para padres menores de 50 a\u00f1os son una contribuci\u00f3n adicional de $ 50,000 y $ 75,000 adicionales para un hermano.<\/p>\n<p><strong> 2. Donaci\u00f3n al Fondo Nacional de Transformaci\u00f3n <\/strong><\/p>\n<p>Otra forma de obtener su ciudadan\u00eda por inversi\u00f3n es donar un m\u00ednimo de $ 150,000 al Fondo Nacional de Transformaci\u00f3n de Granada. Esta cantidad cubre solo la aplicaci\u00f3n principal. El requisito asciende a $ 200,000 para una familia de cuatro, con una tarifa adicional de $ 25,000 para cualquier dependiente por encima de eso. Adem\u00e1s, las solicitudes para padres menores de 50 a\u00f1os son una contribuci\u00f3n adicional de $ 50,000 y $ 75,000 adicionales para un hermano.<\/p>\n<p>Nota: Granada ha eliminado por completo el estado de residencia permanente del ciudadano por el proceso de inversi\u00f3n en este momento. Esto significa que no se emitir\u00e1n tarjetas o certificados de residencia permanente, ni ser\u00e1n v\u00e1lidos para los mismos beneficios de <a href=\"\/es\/ciudadania-por-inversion\/\"> ciudadan\u00eda por inversi\u00f3n <\/a>.<\/p>\n","protected":false},"excerpt":{"rendered":"<p>Como una de las islas m\u00e1s famosas del comercio colonial de especias, Granada se hizo un nombre como la \u00abisla de las especias\u00bb. Cuenta con magn\u00edficos recursos naturales y pintorescas playas caribe\u00f1as, as\u00ed como una profunda llamarada cultural que combina la antigua cultura espa\u00f1ola con el encanto moderno del Caribe. Granada ha sido durante mucho [&hellip;]<\/p>\n","protected":false},"author":7,"featured_media":0,"parent":10434,"menu_order":0,"comment_status":"closed","ping_status":"closed","template":"","meta":{"_et_pb_use_builder":"","_et_pb_old_content":"","_et_gb_content_width":"","inline_featured_image":false,"footnotes":""},"class_list":["post-10629","page","type-page","status-publish","hentry"],"yoast_head":"<!-- This site is optimized with the Yoast SEO plugin v27.5 - https:\/\/yoast.com\/product\/yoast-seo-wordpress\/ -->\n<title>Ciudadan\u00eda de Granada por Inversi\u00f3n - International Relocation Firm<\/title>\n<meta name=\"robots\" content=\"index, follow, max-snippet:-1, max-image-preview:large, max-video-preview:-1\" \/>\n<link rel=\"canonical\" href=\"https:\/\/www.relofirm.com\/es\/ciudadania-por-inversion\/granada\/\" \/>\n<meta name=\"twitter:label1\" content=\"Tiempo de lectura\" \/>\n\t<meta name=\"twitter:data1\" content=\"4 minutos\" \/>\n<!-- \/ Yoast SEO plugin. -->","yoast_head_json":{"title":"Ciudadan\u00eda de Granada por Inversi\u00f3n - International Relocation Firm","robots":{"index":"index","follow":"follow","max-snippet":"max-snippet:-1","max-image-preview":"max-image-preview:large","max-video-preview":"max-video-preview:-1"},"canonical":"https:\/\/www.relofirm.com\/es\/ciudadania-por-inversion\/granada\/","twitter_misc":{"Tiempo de lectura":"4 minutos"},"schema":{"@context":"https:\/\/schema.org","@graph":[{"@type":"WebPage","@id":"https:\/\/www.relofirm.com\/es\/ciudadania-por-inversion\/granada\/","url":"https:\/\/www.relofirm.com\/es\/ciudadania-por-inversion\/granada\/","name":"Ciudadan\u00eda de Granada por Inversi\u00f3n - International Relocation Firm","isPartOf":{"@id":"https:\/\/www.relofirm.com\/#website"},"datePublished":"2020-06-01T19:02:56+00:00","dateModified":"2020-06-01T20:45:55+00:00","breadcrumb":{"@id":"https:\/\/www.relofirm.com\/es\/ciudadania-por-inversion\/granada\/#breadcrumb"},"inLanguage":"es","potentialAction":[{"@type":"ReadAction","target":["https:\/\/www.relofirm.com\/es\/ciudadania-por-inversion\/granada\/"]}]},{"@type":"BreadcrumbList","@id":"https:\/\/www.relofirm.com\/es\/ciudadania-por-inversion\/granada\/#breadcrumb","itemListElement":[{"@type":"ListItem","position":1,"name":"Home","item":"https:\/\/www.relofirm.com\/es\/"},{"@type":"ListItem","position":2,"name":"Ciudadan\u00eda por inversi\u00f3n","item":"https:\/\/www.relofirm.com\/es\/ciudadania-por-inversion\/"},{"@type":"ListItem","position":3,"name":"Ciudadan\u00eda de Granada por Inversi\u00f3n"}]},{"@type":"WebSite","@id":"https:\/\/www.relofirm.com\/#website","url":"https:\/\/www.relofirm.com\/","name":"International Relocation Firm","description":"","publisher":{"@id":"https:\/\/www.relofirm.com\/#organization"},"potentialAction":[{"@type":"SearchAction","target":{"@type":"EntryPoint","urlTemplate":"https:\/\/www.relofirm.com\/?s={search_term_string}"},"query-input":{"@type":"PropertyValueSpecification","valueRequired":true,"valueName":"search_term_string"}}],"inLanguage":"es"},{"@type":"Organization","@id":"https:\/\/www.relofirm.com\/#organization","name":"International Relocation Firm","url":"https:\/\/www.relofirm.com\/","logo":{"@type":"ImageObject","inLanguage":"es","@id":"https:\/\/www.relofirm.com\/#\/schema\/logo\/image\/","url":"https:\/\/www.relofirm.com\/wp-content\/uploads\/2021\/11\/relofirm-logo.svg","contentUrl":"https:\/\/www.relofirm.com\/wp-content\/uploads\/2021\/11\/relofirm-logo.svg","width":1485,"height":516,"caption":"International Relocation Firm"},"image":{"@id":"https:\/\/www.relofirm.com\/#\/schema\/logo\/image\/"},"sameAs":["https:\/\/www.facebook.com\/PanamaOffshoreLegalServices","https:\/\/x.com\/polslegal"]}]}},"_links":{"self":[{"href":"https:\/\/www.relofirm.com\/es\/wp-json\/wp\/v2\/pages\/10629","targetHints":{"allow":["GET"]}}],"collection":[{"href":"https:\/\/www.relofirm.com\/es\/wp-json\/wp\/v2\/pages"}],"about":[{"href":"https:\/\/www.relofirm.com\/es\/wp-json\/wp\/v2\/types\/page"}],"author":[{"embeddable":true,"href":"https:\/\/www.relofirm.com\/es\/wp-json\/wp\/v2\/users\/7"}],"replies":[{"embeddable":true,"href":"https:\/\/www.relofirm.com\/es\/wp-json\/wp\/v2\/comments?post=10629"}],"version-history":[{"count":5,"href":"https:\/\/www.relofirm.com\/es\/wp-json\/wp\/v2\/pages\/10629\/revisions"}],"predecessor-version":[{"id":10718,"href":"https:\/\/www.relofirm.com\/es\/wp-json\/wp\/v2\/pages\/10629\/revisions\/10718"}],"up":[{"embeddable":true,"href":"https:\/\/www.relofirm.com\/es\/wp-json\/wp\/v2\/pages\/10434"}],"wp:attachment":[{"href":"https:\/\/www.relofirm.com\/es\/wp-json\/wp\/v2\/media?parent=10629"}],"curies":[{"name":"wp","href":"https:\/\/api.w.org\/{rel}","templated":true}]}}