{"id":10626,"date":"2020-06-01T13:57:05","date_gmt":"2020-06-01T18:57:05","guid":{"rendered":"https:\/\/relofirm.com\/ciudadania-por-inversion\/dominica\/"},"modified":"2020-06-01T15:43:13","modified_gmt":"2020-06-01T20:43:13","slug":"dominica","status":"publish","type":"page","link":"https:\/\/www.relofirm.com\/es\/ciudadania-por-inversion\/dominica\/","title":{"rendered":"Ciudadan\u00eda de Dominica por Inversi\u00f3n"},"content":{"rendered":"<p><div class=\"menu-ciudadania-por-inversion-container\"><ul id=\"menu-ciudadania-por-inversion\" class=\"menu\"><li id=\"menu-item-10449\" class=\"menu-item menu-item-type-post_type menu-item-object-page menu-item-has-children menu-item-10449\"><a href=\"https:\/\/www.relofirm.com\/es\/ciudadania-por-inversion\/\">Ciudadan\u00eda por inversi\u00f3n<\/a>\n<ul class=\"sub-menu\">\n\t<li id=\"menu-item-10671\" class=\"menu-item menu-item-type-post_type menu-item-object-page menu-item-10671\"><a href=\"https:\/\/www.relofirm.com\/es\/ciudadania-por-inversion\/antigua-barbuda\/\">Ciudadan\u00eda de Antigua y Barbuda por Inversi\u00f3n<\/a><\/li>\n\t<li id=\"menu-item-10670\" class=\"menu-item menu-item-type-post_type menu-item-object-page menu-item-10670\"><a href=\"https:\/\/www.relofirm.com\/es\/ciudadania-por-inversion\/cyprus\/\">Ciudadan\u00eda de Chipre por Inversi\u00f3n<\/a><\/li>\n\t<li id=\"menu-item-10669\" class=\"menu-item menu-item-type-post_type menu-item-object-page menu-item-10669\"><a href=\"https:\/\/www.relofirm.com\/es\/ciudadania-por-inversion\/dominica\/\">Ciudadan\u00eda de Dominica por Inversi\u00f3n<\/a><\/li>\n\t<li id=\"menu-item-10668\" class=\"menu-item menu-item-type-post_type menu-item-object-page menu-item-10668\"><a href=\"https:\/\/www.relofirm.com\/es\/ciudadania-por-inversion\/granada\/\">Ciudadan\u00eda de Granada por Inversi\u00f3n<\/a><\/li>\n\t<li id=\"menu-item-10667\" class=\"menu-item menu-item-type-post_type menu-item-object-page menu-item-10667\"><a href=\"https:\/\/www.relofirm.com\/es\/ciudadania-por-inversion\/montenegro\/\">Ciudadan\u00eda de Montenegro por inversi\u00f3n<\/a><\/li>\n\t<li id=\"menu-item-10664\" class=\"menu-item menu-item-type-post_type menu-item-object-page menu-item-10664\"><a href=\"https:\/\/www.relofirm.com\/es\/ciudadania-por-inversion\/turkey\/\">Ciudadan\u00eda de Turqu\u00eda por Inversi\u00f3n<\/a><\/li>\n\t<li id=\"menu-item-10666\" class=\"menu-item menu-item-type-post_type menu-item-object-page menu-item-10666\"><a href=\"https:\/\/www.relofirm.com\/es\/ciudadania-por-inversion\/saint-lucia\/\">Ciudadan\u00eda de Santa Luc\u00eda por inversi\u00f3n<\/a><\/li>\n\t<li id=\"menu-item-10665\" class=\"menu-item menu-item-type-post_type menu-item-object-page menu-item-10665\"><a href=\"https:\/\/www.relofirm.com\/es\/ciudadania-por-inversion\/st-kitts-nevis\/\">Ciudadan\u00eda de St. Kitts y Nieves por Inversi\u00f3n<\/a><\/li>\n<\/ul>\n<\/li>\n<\/ul><\/div><br \/>\nDominica es una de las islas m\u00e1s exuberantes, naturales y hermosas de todo el Caribe, y tambi\u00e9n una de las m\u00e1s visitadas. Tiene un alto nivel de vida, f\u00e1cil acceso a los EE. UU. En avi\u00f3n y una cultura diversa que tiene sus ra\u00edces en el colonialismo franc\u00e9s y brit\u00e1nico, as\u00ed como en los pueblos nativos y afrocaribe\u00f1os. Dominica es oficialmente una Mancomunidad francesa y es famosa por tener el crimen m\u00e1s bajo de la regi\u00f3n. El gobierno y la econom\u00eda son estables, por lo que es un objetivo ideal para la ciudadan\u00eda por inversi\u00f3n.<\/p>\n<h2> He aqu\u00ed por qu\u00e9 deber\u00eda elegir Dominica para su ciudadan\u00eda por inversiones <\/h2>\n<p>Dominica no tiene requisitos de residencia f\u00edsica para calificar. Dentro de su solicitud, puede incluir a cualquier hijo dependiente menor de 30 a\u00f1os. Tambi\u00e9n puede incluir a cualquier padre o abuelo dependiente, siempre que tengan m\u00e1s de 55 a\u00f1os. No se requiere experiencia gerencial ni t\u00edtulo educativo para recibir su ciudadan\u00eda. Una vez que haya recibido su ciudadan\u00eda por inversi\u00f3n de Dominica, puede viajar sin visa a m\u00e1s de 125 pa\u00edses, incluida la zona Schengen de la UE y el Reino Unido. Como ciudadano, incluso si no es residente, no pagar\u00e1 impuestos adicionales.<\/p>\n<h2> C\u00f3mo calificar para la ciudadan\u00eda mediante la inversi\u00f3n en Dominica <\/h2>\n<p>Para calificar, deber\u00e1 cumplir con todos los criterios siguientes:<\/p>\n<ul>\n\u00a0<\/p>\n<li> Demuestra que eres una persona de car\u00e1cter sobresaliente <\/li>\n<p>\u00a0<\/p>\n<li> Demuestra que no tienes antecedentes penales. <\/li>\n<p>\u00a0<\/p>\n<li> Proporcione un certificado de excelente salud. <\/li>\n<p>\u00a0<\/p>\n<li> Demuestra que tienes un conocimiento b\u00e1sico del idioma ingl\u00e9s. <\/li>\n<\/ul>\n<h2> Sus opciones de inversi\u00f3n en Dominica <\/h2>\n<p><strong> 1. Donaci\u00f3n al Fondo del Gobierno <\/strong><\/p>\n<ul>\n\u00a0<\/p>\n<li> <strong> Solicitante individual: <\/strong> un solicitante individual debe hacer una donaci\u00f3n no reembolsable de al menos $ 100,000 al Fondo oficial del gobierno del pa\u00eds. <\/li>\n<p>\u00a0<\/p>\n<li> <strong> Solicitante familiar n. \u00b0 1: <\/strong> Esto se aplica a un solicitante y su c\u00f3nyuge que hacen una contribuci\u00f3n conjunta. Esta donaci\u00f3n debe ser de al menos $ 175,000 cuando se presenta conjuntamente, y califica a ambas partes. <\/li>\n<p>\u00a0<\/p>\n<li> <strong> Solicitante familiar n\u00ba 2: <\/strong> Esto se aplica a un solicitante y hasta tres dependientes calificados. La contribuci\u00f3n debe ser de $ 200,000 para que esto califique, con una donaci\u00f3n adicional de $ 25,000 para cada dependiente durante los primeros tres. <\/li>\n<\/ul>\n<p><strong> 2. Invertir en bienes ra\u00edces <\/strong><br \/>\nCualquier persona que compre una propiedad valorada en un m\u00ednimo de $ 200,000 puede calificar para la ciudadan\u00eda mediante la inversi\u00f3n en Dominica. Esta propiedad (o estas propiedades) debe estar en sitios de desarrollo aprobados por el gobierno y debe mantenerse por un m\u00ednimo de tres a\u00f1os. Si en cinco a\u00f1os, la propiedad se mantiene y se revende, tambi\u00e9n puede contar para el pr\u00f3ximo solicitante.<\/p>\n<p>Puede ser descalificado de este proceso si es ciudadano de alguno de los siguientes pa\u00edses: Yemen, Iraq, Chechenia, Corea del Norte, Uzbekist\u00e1n, Pakist\u00e1n, Arabia Saudita, Santo Tom\u00e9 Pr\u00edncipe, Sud\u00e1n, Somalia o Turkmenist\u00e1n. Estas descalificaciones se pueden eliminar si demuestra que ha sido residente legal fuera de estos pa\u00edses durante al menos 10 a\u00f1os y que sus fondos de inversi\u00f3n no se originan a partir de ah\u00ed.<\/p>\n","protected":false},"excerpt":{"rendered":"<p>Dominica es una de las islas m\u00e1s exuberantes, naturales y hermosas de todo el Caribe, y tambi\u00e9n una de las m\u00e1s visitadas. Tiene un alto nivel de vida, f\u00e1cil acceso a los EE. UU. En avi\u00f3n y una cultura diversa que tiene sus ra\u00edces en el colonialismo franc\u00e9s y brit\u00e1nico, as\u00ed como en los pueblos [&hellip;]<\/p>\n","protected":false},"author":7,"featured_media":0,"parent":10434,"menu_order":0,"comment_status":"closed","ping_status":"closed","template":"","meta":{"_et_pb_use_builder":"","_et_pb_old_content":"","_et_gb_content_width":"","inline_featured_image":false},"yoast_head":"<!-- This site is optimized with the Yoast SEO plugin v18.5.1 - https:\/\/yoast.com\/wordpress\/plugins\/seo\/ -->\n<title>Ciudadan\u00eda de Dominica por Inversi\u00f3n - International Relocation Firm<\/title>\n<meta name=\"robots\" content=\"index, follow, max-snippet:-1, max-image-preview:large, max-video-preview:-1\" \/>\n<link rel=\"canonical\" href=\"https:\/\/www.relofirm.com\/es\/ciudadania-por-inversion\/dominica\/\" \/>\n<meta property=\"og:locale\" content=\"es_ES\" \/>\n<meta property=\"og:type\" content=\"article\" \/>\n<meta property=\"og:title\" content=\"Ciudadan\u00eda de Dominica por Inversi\u00f3n - International Relocation Firm\" \/>\n<meta property=\"og:description\" content=\"Dominica es una de las islas m\u00e1s exuberantes, naturales y hermosas de todo el Caribe, y tambi\u00e9n una de las m\u00e1s visitadas. Tiene un alto nivel de vida, f\u00e1cil acceso a los EE. UU. En avi\u00f3n y una cultura diversa que tiene sus ra\u00edces en el colonialismo franc\u00e9s y brit\u00e1nico, as\u00ed como en los pueblos [&hellip;]\" \/>\n<meta property=\"og:url\" content=\"https:\/\/www.relofirm.com\/es\/ciudadania-por-inversion\/dominica\/\" \/>\n<meta property=\"og:site_name\" content=\"International Relocation Firm\" \/>\n<meta property=\"article:publisher\" content=\"https:\/\/www.facebook.com\/ReloFirm\/\" \/>\n<meta property=\"article:modified_time\" content=\"2020-06-01T20:43:13+00:00\" \/>\n<meta name=\"twitter:label1\" content=\"Tiempo de lectura\" \/>\n\t<meta name=\"twitter:data1\" content=\"3 minutos\" \/>\n<!-- \/ Yoast SEO plugin. -->","yoast_head_json":{"title":"Ciudadan\u00eda de Dominica por Inversi\u00f3n - International Relocation Firm","robots":{"index":"index","follow":"follow","max-snippet":"max-snippet:-1","max-image-preview":"max-image-preview:large","max-video-preview":"max-video-preview:-1"},"canonical":"https:\/\/www.relofirm.com\/es\/ciudadania-por-inversion\/dominica\/","og_locale":"es_ES","og_type":"article","og_title":"Ciudadan\u00eda de Dominica por Inversi\u00f3n - International Relocation Firm","og_description":"Dominica es una de las islas m\u00e1s exuberantes, naturales y hermosas de todo el Caribe, y tambi\u00e9n una de las m\u00e1s visitadas. Tiene un alto nivel de vida, f\u00e1cil acceso a los EE. UU. En avi\u00f3n y una cultura diversa que tiene sus ra\u00edces en el colonialismo franc\u00e9s y brit\u00e1nico, as\u00ed como en los pueblos [&hellip;]","og_url":"https:\/\/www.relofirm.com\/es\/ciudadania-por-inversion\/dominica\/","og_site_name":"International Relocation Firm","article_publisher":"https:\/\/www.facebook.com\/ReloFirm\/","article_modified_time":"2020-06-01T20:43:13+00:00","twitter_misc":{"Tiempo de lectura":"3 minutos"},"schema":{"@context":"https:\/\/schema.org","@graph":[{"@type":"Organization","@id":"https:\/\/www.relofirm.com\/#organization","name":"International Relocation Firm","url":"https:\/\/www.relofirm.com\/","sameAs":["https:\/\/www.facebook.com\/ReloFirm\/","https:\/\/www.linkedin.com\/company\/relo-firm","https:\/\/twitter.com\/polslegal"],"logo":{"@type":"ImageObject","@id":"https:\/\/www.relofirm.com\/#logo","inLanguage":"es","url":"https:\/\/www.relofirm.com\/wp-content\/uploads\/2021\/11\/relofirm-logo.svg","contentUrl":"https:\/\/www.relofirm.com\/wp-content\/uploads\/2021\/11\/relofirm-logo.svg","width":1485,"height":516,"caption":"International Relocation Firm"},"image":{"@id":"https:\/\/www.relofirm.com\/#logo"}},{"@type":"WebSite","@id":"https:\/\/www.relofirm.com\/#website","url":"https:\/\/www.relofirm.com\/","name":"International Relocation Firm","description":"","publisher":{"@id":"https:\/\/www.relofirm.com\/#organization"},"potentialAction":[{"@type":"SearchAction","target":{"@type":"EntryPoint","urlTemplate":"https:\/\/www.relofirm.com\/?s={search_term_string}"},"query-input":"required name=search_term_string"}],"inLanguage":"es"},{"@type":"WebPage","@id":"https:\/\/www.relofirm.com\/es\/ciudadania-por-inversion\/dominica\/#webpage","url":"https:\/\/www.relofirm.com\/es\/ciudadania-por-inversion\/dominica\/","name":"Ciudadan\u00eda de Dominica por Inversi\u00f3n - International Relocation Firm","isPartOf":{"@id":"https:\/\/www.relofirm.com\/#website"},"datePublished":"2020-06-01T18:57:05+00:00","dateModified":"2020-06-01T20:43:13+00:00","breadcrumb":{"@id":"https:\/\/www.relofirm.com\/es\/ciudadania-por-inversion\/dominica\/#breadcrumb"},"inLanguage":"es","potentialAction":[{"@type":"ReadAction","target":["https:\/\/www.relofirm.com\/es\/ciudadania-por-inversion\/dominica\/"]}]},{"@type":"BreadcrumbList","@id":"https:\/\/www.relofirm.com\/es\/ciudadania-por-inversion\/dominica\/#breadcrumb","itemListElement":[{"@type":"ListItem","position":1,"name":"Home","item":"https:\/\/www.relofirm.com\/es\/"},{"@type":"ListItem","position":2,"name":"Ciudadan\u00eda por inversi\u00f3n","item":"https:\/\/www.relofirm.com\/es\/ciudadania-por-inversion\/"},{"@type":"ListItem","position":3,"name":"Ciudadan\u00eda de Dominica por Inversi\u00f3n"}]}]}},"_links":{"self":[{"href":"https:\/\/www.relofirm.com\/es\/wp-json\/wp\/v2\/pages\/10626"}],"collection":[{"href":"https:\/\/www.relofirm.com\/es\/wp-json\/wp\/v2\/pages"}],"about":[{"href":"https:\/\/www.relofirm.com\/es\/wp-json\/wp\/v2\/types\/page"}],"author":[{"embeddable":true,"href":"https:\/\/www.relofirm.com\/es\/wp-json\/wp\/v2\/users\/7"}],"replies":[{"embeddable":true,"href":"https:\/\/www.relofirm.com\/es\/wp-json\/wp\/v2\/comments?post=10626"}],"version-history":[{"count":4,"href":"https:\/\/www.relofirm.com\/es\/wp-json\/wp\/v2\/pages\/10626\/revisions"}],"predecessor-version":[{"id":10715,"href":"https:\/\/www.relofirm.com\/es\/wp-json\/wp\/v2\/pages\/10626\/revisions\/10715"}],"up":[{"embeddable":true,"href":"https:\/\/www.relofirm.com\/es\/wp-json\/wp\/v2\/pages\/10434"}],"wp:attachment":[{"href":"https:\/\/www.relofirm.com\/es\/wp-json\/wp\/v2\/media?parent=10626"}],"curies":[{"name":"wp","href":"https:\/\/api.w.org\/{rel}","templated":true}]}}