{"id":10622,"date":"2020-06-01T13:54:42","date_gmt":"2020-06-01T18:54:42","guid":{"rendered":"https:\/\/relofirm.com\/ciudadania-por-inversion\/cyprus\/"},"modified":"2020-06-01T15:39:27","modified_gmt":"2020-06-01T20:39:27","slug":"cyprus","status":"publish","type":"page","link":"https:\/\/www.relofirm.com\/es\/ciudadania-por-inversion\/cyprus\/","title":{"rendered":"Ciudadan\u00eda de Chipre por Inversi\u00f3n"},"content":{"rendered":"<p><div class=\"menu-ciudadania-por-inversion-container\"><ul id=\"menu-ciudadania-por-inversion\" class=\"menu\"><li id=\"menu-item-10449\" class=\"menu-item menu-item-type-post_type menu-item-object-page menu-item-has-children menu-item-10449\"><a href=\"https:\/\/www.relofirm.com\/es\/ciudadania-por-inversion\/\">Ciudadan\u00eda por inversi\u00f3n<\/a>\n<ul class=\"sub-menu\">\n\t<li id=\"menu-item-10671\" class=\"menu-item menu-item-type-post_type menu-item-object-page menu-item-10671\"><a href=\"https:\/\/www.relofirm.com\/es\/ciudadania-por-inversion\/antigua-barbuda\/\">Ciudadan\u00eda de Antigua y Barbuda por Inversi\u00f3n<\/a><\/li>\n\t<li id=\"menu-item-10670\" class=\"menu-item menu-item-type-post_type menu-item-object-page menu-item-10670\"><a href=\"https:\/\/www.relofirm.com\/es\/ciudadania-por-inversion\/cyprus\/\">Ciudadan\u00eda de Chipre por Inversi\u00f3n<\/a><\/li>\n\t<li id=\"menu-item-10669\" class=\"menu-item menu-item-type-post_type menu-item-object-page menu-item-10669\"><a href=\"https:\/\/www.relofirm.com\/es\/ciudadania-por-inversion\/dominica\/\">Ciudadan\u00eda de Dominica por Inversi\u00f3n<\/a><\/li>\n\t<li id=\"menu-item-10668\" class=\"menu-item menu-item-type-post_type menu-item-object-page menu-item-10668\"><a href=\"https:\/\/www.relofirm.com\/es\/ciudadania-por-inversion\/granada\/\">Ciudadan\u00eda de Granada por Inversi\u00f3n<\/a><\/li>\n\t<li id=\"menu-item-10667\" class=\"menu-item menu-item-type-post_type menu-item-object-page menu-item-10667\"><a href=\"https:\/\/www.relofirm.com\/es\/ciudadania-por-inversion\/montenegro\/\">Ciudadan\u00eda de Montenegro por inversi\u00f3n<\/a><\/li>\n\t<li id=\"menu-item-10664\" class=\"menu-item menu-item-type-post_type menu-item-object-page menu-item-10664\"><a href=\"https:\/\/www.relofirm.com\/es\/ciudadania-por-inversion\/turkey\/\">Ciudadan\u00eda de Turqu\u00eda por Inversi\u00f3n<\/a><\/li>\n\t<li id=\"menu-item-10666\" class=\"menu-item menu-item-type-post_type menu-item-object-page menu-item-10666\"><a href=\"https:\/\/www.relofirm.com\/es\/ciudadania-por-inversion\/saint-lucia\/\">Ciudadan\u00eda de Santa Luc\u00eda por inversi\u00f3n<\/a><\/li>\n\t<li id=\"menu-item-10665\" class=\"menu-item menu-item-type-post_type menu-item-object-page menu-item-10665\"><a href=\"https:\/\/www.relofirm.com\/es\/ciudadania-por-inversion\/st-kitts-nevis\/\">Ciudadan\u00eda de St. Kitts y Nieves por Inversi\u00f3n<\/a><\/li>\n<\/ul>\n<\/li>\n<\/ul><\/div><br \/>\nLa isla mediterr\u00e1nea de Chipre ha sido una de las maravillas y aventuras m\u00edticas que se remontan a los tiempos de los antiguos griegos. Hoy, es un centro fuerte e importante que conecta Europa con \u00c1frica y Asia, donde crecen los negocios y el turismo. La ubicaci\u00f3n estrat\u00e9gica de Chipre, cerca de la costa de Grecia, es uno de sus mayores atractivos ya que atrae nuevos negocios de env\u00edo, turistas y el sector legal y financiero. La ciudadan\u00eda por inversi\u00f3n ahora tambi\u00e9n est\u00e1 disponible en Chipre, y es una excelente opci\u00f3n para aquellos que buscan ingresar a la UE por negocios o simplemente residencia.<\/p>\n<h2> \u00bfPor qu\u00e9 Chipre? <\/h2>\n<p>Hay muchas razones para elegir Chipre como destino de inversi\u00f3n. El pa\u00eds tiene profundas ra\u00edces culturales que son diversas, abiertas e ideales para criar una familia o simplemente disfrutar de la calidad de la vida cotidiana. Chipre tambi\u00e9n tiene un clima mediterr\u00e1neo templado, con un clima m\u00e1s c\u00e1lido casi todo el a\u00f1o. El clima de inversi\u00f3n en Chipre tambi\u00e9n es atractivo para los extranjeros, ya que los impuestos y las regulaciones son bajos, y el potencial de ROI es alto. Aqu\u00ed hay algunas ventajas m\u00e1s.<\/p>\n<p>No hay requisitos de idioma para calificar para la ciudadan\u00eda de Chipre por programa de inversi\u00f3n. Tiene la opci\u00f3n de presentar simult\u00e1neamente una solicitud de residencia y ciudadan\u00eda al mismo tiempo, y el procesamiento para la aprobaci\u00f3n solo lleva seis meses. Los padres del solicitante pueden calificar para la ciudadan\u00eda (\u00a1excelente para la jubilaci\u00f3n!) Si poseen una propiedad residencial valorada en \u20ac 500,000 o m\u00e1s, O poseen una parte de la propiedad del solicitante principal a ese valor. No hay obligaci\u00f3n de renunciar a su nacionalidad actual, y tendr\u00e1 derechos ilimitados para vivir, trabajar y estudiar en cualquier pa\u00eds de la UE una vez que se procese su segundo pasaporte de Chipre.<\/p>\n<p>Cypress reconoce las uniones civiles y permite a las parejas solicitar su ciudadan\u00eda de esta manera si es necesario. Hay un excelente sistema educativo en Chipre al que todos los ciudadanos tienen acceso, \u00a1y es considerado uno de los pa\u00edses m\u00e1s seguros del mundo!<\/p>\n<h2> C\u00f3mo calificar para la ciudadan\u00eda chipriota por inversiones <\/h2>\n<p>Para calificar para la ciudadan\u00eda de Chipre por programa de inversi\u00f3n, debe cumplir con las Leyes del Registro Civil del pa\u00eds (secci\u00f3n 111A). Los solicitantes deben cumplir con los siguientes criterios:<\/p>\n<ul>\n\u00a0<\/p>\n<li> No posee antecedentes penales. <\/li>\n<p>\u00a0<\/p>\n<li> Tener un pasaporte v\u00e1lido. <\/li>\n<p>\u00a0<\/p>\n<li> Nunca ha sido rechazado por ning\u00fan otro estado miembro de la UE. <\/li>\n<p>\u00a0<\/p>\n<li> Actualmente posee una visa Schengen v\u00e1lida. <\/li>\n<p>\u00a0<\/p>\n<li> Probar que sus principales propiedades no est\u00e1n congeladas dentro de los l\u00edmites de la UE. <\/li>\n<p>\u00a0<\/p>\n<li> Tener un permiso de residencia en Chipre que sea v\u00e1lido por un m\u00ednimo de 6 meses al momento de la solicitud. <\/li>\n<p>\u00a0<\/p>\n<li> Demuestre la propiedad de una residencia privada permanente, con un valor (al precio de compra) de al menos \u20ac 500,000. <\/li>\n<p>\u00a0<\/p>\n<li> Si la inversi\u00f3n en propiedades residenciales es la \u00fanica inversi\u00f3n prevista planificada, el solicitante deber\u00e1 mostrar hasta \u20ac 2 millones en inversiones planificadas totales. <\/li>\n<\/ul>\n<h2> Opciones para invertir en Chipre <\/h2>\n<p><strong> 1. Done a la Fundaci\u00f3n de Investigaci\u00f3n e Innovaci\u00f3n de Chipre, as\u00ed como a la Corporaci\u00f3n de Desarrollo de Tierras de Chipre. <\/strong><\/p>\n<p>El solicitante debe donar un m\u00ednimo de \u20ac 75,000 a la Fundaci\u00f3n de Investigaci\u00f3n e Innovaci\u00f3n, y la misma cantidad a la Corporaci\u00f3n de Desarrollo de Tierras de Chipre, que ayuda a los locales con una infraestructura de vivienda asequible administrada por el gobierno.<\/p>\n<p><strong> 2. Bienes ra\u00edces, desarrollo de terrenos o inversi\u00f3n en infraestructura. <\/strong><\/p>\n<p>Los solicitantes deben invertir como m\u00ednimo \u20ac 2.0 millones para la compra de propiedades, edificios o terrenos para futuros desarrollos \/ construcciones. Esto incluy\u00f3 proyectos residenciales, proyectos comerciales \/ industriales, proyectos tur\u00edsticos a gran escala e iniciativas generales de infraestructura.<\/p>\n<p><strong> 3. El establecimiento o la participaci\u00f3n en empresas chipriotas. <\/strong><\/p>\n<p>Si est\u00e1 buscando iniciar un negocio o participar en uno existente, debe invertir al menos \u20ac 2 millones en \u00e9l para calificar para la ciudadan\u00eda por inversi\u00f3n. Debe emplear un m\u00ednimo de 5 ciudadanos chipriotas (u otros ciudadanos de la UE) y demostrar su presencia f\u00edsica en el pa\u00eds para calificar tambi\u00e9n.<\/p>\n<p><strong> 4. Un fondo de inversi\u00f3n alternativo o inversi\u00f3n en los activos financieros de una empresa u organizaci\u00f3n chipriota. <\/strong><\/p>\n<p>En Chipre, puede invertir en lo que se conoce como un \u00abfondo de inversi\u00f3n alternativo\u00bb o en los activos financieros de empresas y organizaciones locales que tienen licencia de la comisi\u00f3n local de valores e intercambio con una inversi\u00f3n total m\u00ednima de al menos 2 millones de euros. Esto incluye valores de acciones del mercado secundario, que se cotizan en la bolsa de valores de Chipre.<\/p>\n<p><strong> 5. Combinaci\u00f3n de inversi\u00f3n. <\/strong><\/p>\n<p>Calificar\u00e1 invirtiendo en cualquier combinaci\u00f3n de lo anterior, siempre que el monto total de la inversi\u00f3n alcance al menos \u20ac 2 millones.<\/p>\n","protected":false},"excerpt":{"rendered":"<p>La isla mediterr\u00e1nea de Chipre ha sido una de las maravillas y aventuras m\u00edticas que se remontan a los tiempos de los antiguos griegos. Hoy, es un centro fuerte e importante que conecta Europa con \u00c1frica y Asia, donde crecen los negocios y el turismo. La ubicaci\u00f3n estrat\u00e9gica de Chipre, cerca de la costa de [&hellip;]<\/p>\n","protected":false},"author":7,"featured_media":0,"parent":10434,"menu_order":0,"comment_status":"closed","ping_status":"closed","template":"","meta":{"_et_pb_use_builder":"","_et_pb_old_content":"","_et_gb_content_width":"","inline_featured_image":false},"yoast_head":"<!-- This site is optimized with the Yoast SEO plugin v18.5.1 - https:\/\/yoast.com\/wordpress\/plugins\/seo\/ -->\n<title>Ciudadan\u00eda de Chipre por Inversi\u00f3n - International Relocation Firm<\/title>\n<meta name=\"robots\" content=\"index, follow, max-snippet:-1, max-image-preview:large, max-video-preview:-1\" \/>\n<link rel=\"canonical\" href=\"https:\/\/www.relofirm.com\/es\/ciudadania-por-inversion\/cyprus\/\" \/>\n<meta property=\"og:locale\" content=\"es_ES\" \/>\n<meta property=\"og:type\" content=\"article\" \/>\n<meta property=\"og:title\" content=\"Ciudadan\u00eda de Chipre por Inversi\u00f3n - International Relocation Firm\" \/>\n<meta property=\"og:description\" content=\"La isla mediterr\u00e1nea de Chipre ha sido una de las maravillas y aventuras m\u00edticas que se remontan a los tiempos de los antiguos griegos. Hoy, es un centro fuerte e importante que conecta Europa con \u00c1frica y Asia, donde crecen los negocios y el turismo. La ubicaci\u00f3n estrat\u00e9gica de Chipre, cerca de la costa de [&hellip;]\" \/>\n<meta property=\"og:url\" content=\"https:\/\/www.relofirm.com\/es\/ciudadania-por-inversion\/cyprus\/\" \/>\n<meta property=\"og:site_name\" content=\"International Relocation Firm\" \/>\n<meta property=\"article:publisher\" content=\"https:\/\/www.facebook.com\/ReloFirm\/\" \/>\n<meta property=\"article:modified_time\" content=\"2020-06-01T20:39:27+00:00\" \/>\n<meta name=\"twitter:label1\" content=\"Tiempo de lectura\" \/>\n\t<meta name=\"twitter:data1\" content=\"4 minutos\" \/>\n<!-- \/ Yoast SEO plugin. -->","yoast_head_json":{"title":"Ciudadan\u00eda de Chipre por Inversi\u00f3n - International Relocation Firm","robots":{"index":"index","follow":"follow","max-snippet":"max-snippet:-1","max-image-preview":"max-image-preview:large","max-video-preview":"max-video-preview:-1"},"canonical":"https:\/\/www.relofirm.com\/es\/ciudadania-por-inversion\/cyprus\/","og_locale":"es_ES","og_type":"article","og_title":"Ciudadan\u00eda de Chipre por Inversi\u00f3n - International Relocation Firm","og_description":"La isla mediterr\u00e1nea de Chipre ha sido una de las maravillas y aventuras m\u00edticas que se remontan a los tiempos de los antiguos griegos. Hoy, es un centro fuerte e importante que conecta Europa con \u00c1frica y Asia, donde crecen los negocios y el turismo. La ubicaci\u00f3n estrat\u00e9gica de Chipre, cerca de la costa de [&hellip;]","og_url":"https:\/\/www.relofirm.com\/es\/ciudadania-por-inversion\/cyprus\/","og_site_name":"International Relocation Firm","article_publisher":"https:\/\/www.facebook.com\/ReloFirm\/","article_modified_time":"2020-06-01T20:39:27+00:00","twitter_misc":{"Tiempo de lectura":"4 minutos"},"schema":{"@context":"https:\/\/schema.org","@graph":[{"@type":"Organization","@id":"https:\/\/www.relofirm.com\/#organization","name":"International Relocation Firm","url":"https:\/\/www.relofirm.com\/","sameAs":["https:\/\/www.facebook.com\/ReloFirm\/","https:\/\/www.linkedin.com\/company\/relo-firm","https:\/\/twitter.com\/polslegal"],"logo":{"@type":"ImageObject","@id":"https:\/\/www.relofirm.com\/#logo","inLanguage":"es","url":"https:\/\/www.relofirm.com\/wp-content\/uploads\/2021\/11\/relofirm-logo.svg","contentUrl":"https:\/\/www.relofirm.com\/wp-content\/uploads\/2021\/11\/relofirm-logo.svg","width":1485,"height":516,"caption":"International Relocation Firm"},"image":{"@id":"https:\/\/www.relofirm.com\/#logo"}},{"@type":"WebSite","@id":"https:\/\/www.relofirm.com\/#website","url":"https:\/\/www.relofirm.com\/","name":"International Relocation Firm","description":"","publisher":{"@id":"https:\/\/www.relofirm.com\/#organization"},"potentialAction":[{"@type":"SearchAction","target":{"@type":"EntryPoint","urlTemplate":"https:\/\/www.relofirm.com\/?s={search_term_string}"},"query-input":"required name=search_term_string"}],"inLanguage":"es"},{"@type":"WebPage","@id":"https:\/\/www.relofirm.com\/es\/ciudadania-por-inversion\/cyprus\/#webpage","url":"https:\/\/www.relofirm.com\/es\/ciudadania-por-inversion\/cyprus\/","name":"Ciudadan\u00eda de Chipre por Inversi\u00f3n - International Relocation Firm","isPartOf":{"@id":"https:\/\/www.relofirm.com\/#website"},"datePublished":"2020-06-01T18:54:42+00:00","dateModified":"2020-06-01T20:39:27+00:00","breadcrumb":{"@id":"https:\/\/www.relofirm.com\/es\/ciudadania-por-inversion\/cyprus\/#breadcrumb"},"inLanguage":"es","potentialAction":[{"@type":"ReadAction","target":["https:\/\/www.relofirm.com\/es\/ciudadania-por-inversion\/cyprus\/"]}]},{"@type":"BreadcrumbList","@id":"https:\/\/www.relofirm.com\/es\/ciudadania-por-inversion\/cyprus\/#breadcrumb","itemListElement":[{"@type":"ListItem","position":1,"name":"Home","item":"https:\/\/www.relofirm.com\/es\/"},{"@type":"ListItem","position":2,"name":"Ciudadan\u00eda por inversi\u00f3n","item":"https:\/\/www.relofirm.com\/es\/ciudadania-por-inversion\/"},{"@type":"ListItem","position":3,"name":"Ciudadan\u00eda de Chipre por Inversi\u00f3n"}]}]}},"_links":{"self":[{"href":"https:\/\/www.relofirm.com\/es\/wp-json\/wp\/v2\/pages\/10622"}],"collection":[{"href":"https:\/\/www.relofirm.com\/es\/wp-json\/wp\/v2\/pages"}],"about":[{"href":"https:\/\/www.relofirm.com\/es\/wp-json\/wp\/v2\/types\/page"}],"author":[{"embeddable":true,"href":"https:\/\/www.relofirm.com\/es\/wp-json\/wp\/v2\/users\/7"}],"replies":[{"embeddable":true,"href":"https:\/\/www.relofirm.com\/es\/wp-json\/wp\/v2\/comments?post=10622"}],"version-history":[{"count":5,"href":"https:\/\/www.relofirm.com\/es\/wp-json\/wp\/v2\/pages\/10622\/revisions"}],"predecessor-version":[{"id":10711,"href":"https:\/\/www.relofirm.com\/es\/wp-json\/wp\/v2\/pages\/10622\/revisions\/10711"}],"up":[{"embeddable":true,"href":"https:\/\/www.relofirm.com\/es\/wp-json\/wp\/v2\/pages\/10434"}],"wp:attachment":[{"href":"https:\/\/www.relofirm.com\/es\/wp-json\/wp\/v2\/media?parent=10622"}],"curies":[{"name":"wp","href":"https:\/\/api.w.org\/{rel}","templated":true}]}}