{"id":10619,"date":"2020-06-01T13:49:04","date_gmt":"2020-06-01T18:49:04","guid":{"rendered":"https:\/\/relofirm.com\/ciudadania-por-inversion\/antigua-barbuda\/"},"modified":"2020-06-01T15:40:07","modified_gmt":"2020-06-01T20:40:07","slug":"antigua-barbuda","status":"publish","type":"page","link":"https:\/\/www.relofirm.com\/es\/ciudadania-por-inversion\/antigua-barbuda\/","title":{"rendered":"Ciudadan\u00eda de Antigua y Barbuda por Inversi\u00f3n"},"content":{"rendered":"<p><div class=\"menu-ciudadania-por-inversion-container\"><ul id=\"menu-ciudadania-por-inversion\" class=\"menu\"><li id=\"menu-item-10449\" class=\"menu-item menu-item-type-post_type menu-item-object-page menu-item-has-children menu-item-10449\"><a href=\"https:\/\/www.relofirm.com\/es\/ciudadania-por-inversion\/\">Ciudadan\u00eda por inversi\u00f3n<\/a>\n<ul class=\"sub-menu\">\n\t<li id=\"menu-item-10671\" class=\"menu-item menu-item-type-post_type menu-item-object-page menu-item-10671\"><a href=\"https:\/\/www.relofirm.com\/es\/ciudadania-por-inversion\/antigua-barbuda\/\">Ciudadan\u00eda de Antigua y Barbuda por Inversi\u00f3n<\/a><\/li>\n\t<li id=\"menu-item-10670\" class=\"menu-item menu-item-type-post_type menu-item-object-page menu-item-10670\"><a href=\"https:\/\/www.relofirm.com\/es\/ciudadania-por-inversion\/cyprus\/\">Ciudadan\u00eda de Chipre por Inversi\u00f3n<\/a><\/li>\n\t<li id=\"menu-item-10669\" class=\"menu-item menu-item-type-post_type menu-item-object-page menu-item-10669\"><a href=\"https:\/\/www.relofirm.com\/es\/ciudadania-por-inversion\/dominica\/\">Ciudadan\u00eda de Dominica por Inversi\u00f3n<\/a><\/li>\n\t<li id=\"menu-item-10668\" class=\"menu-item menu-item-type-post_type menu-item-object-page menu-item-10668\"><a href=\"https:\/\/www.relofirm.com\/es\/ciudadania-por-inversion\/granada\/\">Ciudadan\u00eda de Granada por Inversi\u00f3n<\/a><\/li>\n\t<li id=\"menu-item-10667\" class=\"menu-item menu-item-type-post_type menu-item-object-page menu-item-10667\"><a href=\"https:\/\/www.relofirm.com\/es\/ciudadania-por-inversion\/montenegro\/\">Ciudadan\u00eda de Montenegro por inversi\u00f3n<\/a><\/li>\n\t<li id=\"menu-item-10664\" class=\"menu-item menu-item-type-post_type menu-item-object-page menu-item-10664\"><a href=\"https:\/\/www.relofirm.com\/es\/ciudadania-por-inversion\/turkey\/\">Ciudadan\u00eda de Turqu\u00eda por Inversi\u00f3n<\/a><\/li>\n\t<li id=\"menu-item-10666\" class=\"menu-item menu-item-type-post_type menu-item-object-page menu-item-10666\"><a href=\"https:\/\/www.relofirm.com\/es\/ciudadania-por-inversion\/saint-lucia\/\">Ciudadan\u00eda de Santa Luc\u00eda por inversi\u00f3n<\/a><\/li>\n\t<li id=\"menu-item-10665\" class=\"menu-item menu-item-type-post_type menu-item-object-page menu-item-10665\"><a href=\"https:\/\/www.relofirm.com\/es\/ciudadania-por-inversion\/st-kitts-nevis\/\">Ciudadan\u00eda de St. Kitts y Nieves por Inversi\u00f3n<\/a><\/li>\n<\/ul>\n<\/li>\n<\/ul><\/div><br \/>\nAntigua y Barbuda es una famosa isla de Sotavento en el Caribe, conocida por sus playas v\u00edrgenes, aguas cristalinas y turistas famosos. Tambi\u00e9n ha sido, hist\u00f3ricamente, un gran lugar para la inversi\u00f3n en el extranjero, un segundo pasaporte y la ciudadan\u00eda por beneficios de inversi\u00f3n.<\/p>\n<h2> He aqu\u00ed por qu\u00e9 deber\u00eda elegir Antigua y Barbuda para sus inversiones <\/h2>\n<p>Para empezar, Antigua y Barbuda es una de las islas m\u00e1s grandes del Caribe y la isla de habla inglesa m\u00e1s grande de las Islas de Sotavento. Tiene una poblaci\u00f3n de m\u00e1s de 80,000 residentes, lo que le da una econom\u00eda vibrante y muchas oportunidades potenciales de inversi\u00f3n. Tambi\u00e9n tienen un breve proceso de solicitud que puede completarse dentro de tres a cuatro meses, y le permitir\u00e1 agregar hijos dependientes (menores de 28 a\u00f1os) y padres (mayores de 58).<\/p>\n<p>No hay requisitos de viaje a Antigua y Barbuda durante el per\u00edodo de solicitud, y no tendr\u00e1 que hacer una entrevista, ni tener educaci\u00f3n o experiencia gerencial para obtener la aprobaci\u00f3n. Con un segundo pasaporte de Antigua y Barbuda, se le permite viajar sin visa a m\u00e1s de 100 pa\u00edses, incluida la Zona Shengen de la UE y el Reino Unido. Tampoco hay impuestos sobre los ingresos mundiales en Antigua y Barbuda.<\/p>\n<h2> Requisitos para calificar para la ciudadan\u00eda por inversi\u00f3n en Antigua y Barbuda <\/h2>\n<p>Antigua y Barbuda estableci\u00f3 su programa de ciudadan\u00eda por inversi\u00f3n en 2012, y desde entonces ha sido muy popular entre los inversores. Para calificar, deber\u00e1:<\/p>\n<ul>\n\u00a0<\/p>\n<li> Tener una declaraci\u00f3n de salud limpia. <\/li>\n<p>\u00a0<\/p>\n<li> No tener antecedentes penales previos. <\/li>\n<p>\u00a0<\/p>\n<li> Demuestre un alto patrimonio neto personal. <\/li>\n<p>\u00a0<\/p>\n<li> Resida con cualquier miembro de la familia que elija agregar a su solicitud durante un m\u00ednimo de 5 d\u00edas en un per\u00edodo de 5 a\u00f1os antes de presentar la solicitud. <\/li>\n<\/ul>\n<p>Hay ciudadan\u00eda por restricciones de inversi\u00f3n impuestas a cualquiera que haya nacido en Irak, Ir\u00e1n, Afganist\u00e1n, Somalia, Yemen y Corea del Norte. Sin embargo, estas restricciones no se aplican si ha residido durante un per\u00edodo de diez a\u00f1os o m\u00e1s en los EE. UU., El Reino Unido, los Emiratos \u00c1rabes Unidos, Nueva Zelanda, Australia o Arabia Saudita.<\/p>\n<h2> Formas de invertir en Antigua y Barbuda <\/h2>\n<p>El gobierno de Antigua y Barbuda es muy favorable a los negocios, y considera al ciudadano por programa de inversi\u00f3n como una forma de promover el crecimiento econ\u00f3mico a trav\u00e9s del capital extranjero, as\u00ed como promover el desarrollo de infraestructura para el pa\u00eds y crear empleos. Estas son las tres inversiones principales con las que podemos ayudarlo:<\/p>\n<h3> 1. La contribuci\u00f3n del Fondo Nacional de Desarrollo (Donaci\u00f3n de caridad) <\/h3>\n<p>Para esta opci\u00f3n, las personas con un alto valor neto personal pueden hacer una donaci\u00f3n caritativa \u00fanica al fondo por un monto de $ 100,000. Esto le otorga su ciudadan\u00eda secundaria y pasaporte sin una inversi\u00f3n comercial activa en Antigua y Barbuda.<\/p>\n<h3> 2. Invertir en bienes ra\u00edces <\/h3>\n<p>Esta es una inversi\u00f3n com\u00fan para las personas que buscan obtener una segunda ciudadan\u00eda y requiere la compra de cualquier desarrollo de propiedad preaprobado (por el gobierno) con un valor m\u00ednimo de $ 400,000. Este monto no incluye tarifas de procesamiento e impuestos, por lo que es importante tenerlo en cuenta en cualquier precio de su posible inversi\u00f3n inmobiliaria.<\/p>\n<p>Aqu\u00ed hay dos inversiones inmobiliarias que han sido examinadas y aprobadas para inversi\u00f3n extranjera. Tenga en cuenta que hasta el 31 de octubre de 2020, dos solicitantes pueden hacer una inversi\u00f3n conjunta de $ 200,000 cada uno, siempre que sean de partes relacionadas.<\/p>\n<p><strong> Half Moon Bay (Palisandro) <\/strong><\/p>\n<p>Half Moon Bay es un complejo residencial y complejo verdaderamente hermoso y \u00fanico, lo que lo convierte en la inversi\u00f3n perfecta en la isla de Antigua. Es una gran propiedad de resort de lujo que se utiliza principalmente para casas de vacaciones y como una comunidad de retiro de lujo. Se encuentra en 132 acres de tierra y se compone de 10 parcelas de bienes de lujo, adyacentes a las residencias Rosewood existentes y al Hotel Rosewood en Half Moon Bay.<\/p>\n<p>El proyecto es una empresa conjunta entre la firma de dise\u00f1o holandesa Studio Piet Boon y OBMI, uno de los principales conjuntos de arquitectura en el Caribe. Half Moon Bay combina el encanto tradicional caribe\u00f1o con comodidades modernas y de lujo, y tiene mucho potencial tanto para la residencia como como una inversi\u00f3n de producci\u00f3n de activos para el futuro.<\/p>\n<p><strong> Cayo Callaloo <\/strong><\/p>\n<p>El complejo de lujo, Callaloo Cay, es una propiedad administrada por el grupo de clase mundial Waldorf Astoria Hotels &#038; Resorts, como parte de la familia de marcas Hilton. Este complejo cuenta con 95 habitaciones y 25 villas de marca \u00fanica. Estos incluyen suites frente al mar, as\u00ed como una vivienda en la cima de la colina que cuenta con incomparables vistas del mar, la bah\u00eda y los exuberantes alrededores tropicales. Las porciones de inversi\u00f3n de la propiedad se pueden alquilar como alojamiento de vacaciones de lujo, o se pueden usar como su hogar a tiempo completo o parcial. Esta es una propiedad de 36 acres ubicada en primera l\u00ednea de playa en Antigua, y una muy buena inversi\u00f3n para cualquiera que busque obtener una ciudadan\u00eda secundaria.<\/p>\n<h3> 3. Establecimiento de una empresa <\/h3>\n<p>Si desea recibir su ciudadan\u00eda por inversi\u00f3n mediante la posesi\u00f3n de un negocio en Antigua y Barbuda, debe invertir un m\u00ednimo de $ 1.5 millones. Al igual que en el sector inmobiliario, dos o m\u00e1s solicitantes tambi\u00e9n pueden realizar una inversi\u00f3n conjunta, pero el m\u00ednimo por persona es una inversi\u00f3n de $ 400,000, y el total tiene que ascender a un m\u00ednimo de $ 5 millones.<\/p>\n","protected":false},"excerpt":{"rendered":"<p>Antigua y Barbuda es una famosa isla de Sotavento en el Caribe, conocida por sus playas v\u00edrgenes, aguas cristalinas y turistas famosos. Tambi\u00e9n ha sido, hist\u00f3ricamente, un gran lugar para la inversi\u00f3n en el extranjero, un segundo pasaporte y la ciudadan\u00eda por beneficios de inversi\u00f3n. He aqu\u00ed por qu\u00e9 deber\u00eda elegir Antigua y Barbuda para [&hellip;]<\/p>\n","protected":false},"author":7,"featured_media":0,"parent":10434,"menu_order":0,"comment_status":"closed","ping_status":"closed","template":"","meta":{"_et_pb_use_builder":"","_et_pb_old_content":"","_et_gb_content_width":"","inline_featured_image":false},"yoast_head":"<!-- This site is optimized with the Yoast SEO plugin v18.5.1 - https:\/\/yoast.com\/wordpress\/plugins\/seo\/ -->\n<title>Ciudadan\u00eda de Antigua y Barbuda por Inversi\u00f3n &amp; 2nd Passport - International Relocation Firm<\/title>\n<meta name=\"description\" content=\"Antigua &amp; Barbuda established their citizenship by investment program in 2012, and it has been highly popular with investors every since\" \/>\n<meta name=\"robots\" content=\"index, follow, max-snippet:-1, max-image-preview:large, max-video-preview:-1\" \/>\n<link rel=\"canonical\" href=\"https:\/\/www.relofirm.com\/es\/ciudadania-por-inversion\/antigua-barbuda\/\" \/>\n<meta property=\"og:locale\" content=\"es_ES\" \/>\n<meta property=\"og:type\" content=\"article\" \/>\n<meta property=\"og:title\" content=\"Ciudadan\u00eda de Antigua y Barbuda por Inversi\u00f3n &amp; 2nd Passport - International Relocation Firm\" \/>\n<meta property=\"og:description\" content=\"Antigua &amp; Barbuda established their citizenship by investment program in 2012, and it has been highly popular with investors every since\" \/>\n<meta property=\"og:url\" content=\"https:\/\/www.relofirm.com\/es\/ciudadania-por-inversion\/antigua-barbuda\/\" \/>\n<meta property=\"og:site_name\" content=\"International Relocation Firm\" \/>\n<meta property=\"article:publisher\" content=\"https:\/\/www.facebook.com\/ReloFirm\/\" \/>\n<meta property=\"article:modified_time\" content=\"2020-06-01T20:40:07+00:00\" \/>\n<meta name=\"twitter:label1\" content=\"Tiempo de lectura\" \/>\n\t<meta name=\"twitter:data1\" content=\"5 minutos\" \/>\n<!-- \/ Yoast SEO plugin. -->","yoast_head_json":{"title":"Ciudadan\u00eda de Antigua y Barbuda por Inversi\u00f3n & 2nd Passport - International Relocation Firm","description":"Antigua & Barbuda established their citizenship by investment program in 2012, and it has been highly popular with investors every since","robots":{"index":"index","follow":"follow","max-snippet":"max-snippet:-1","max-image-preview":"max-image-preview:large","max-video-preview":"max-video-preview:-1"},"canonical":"https:\/\/www.relofirm.com\/es\/ciudadania-por-inversion\/antigua-barbuda\/","og_locale":"es_ES","og_type":"article","og_title":"Ciudadan\u00eda de Antigua y Barbuda por Inversi\u00f3n & 2nd Passport - International Relocation Firm","og_description":"Antigua & Barbuda established their citizenship by investment program in 2012, and it has been highly popular with investors every since","og_url":"https:\/\/www.relofirm.com\/es\/ciudadania-por-inversion\/antigua-barbuda\/","og_site_name":"International Relocation Firm","article_publisher":"https:\/\/www.facebook.com\/ReloFirm\/","article_modified_time":"2020-06-01T20:40:07+00:00","twitter_misc":{"Tiempo de lectura":"5 minutos"},"schema":{"@context":"https:\/\/schema.org","@graph":[{"@type":"Organization","@id":"https:\/\/www.relofirm.com\/#organization","name":"International Relocation Firm","url":"https:\/\/www.relofirm.com\/","sameAs":["https:\/\/www.facebook.com\/ReloFirm\/","https:\/\/www.linkedin.com\/company\/relo-firm","https:\/\/twitter.com\/polslegal"],"logo":{"@type":"ImageObject","@id":"https:\/\/www.relofirm.com\/#logo","inLanguage":"es","url":"https:\/\/www.relofirm.com\/wp-content\/uploads\/2021\/11\/relofirm-logo.svg","contentUrl":"https:\/\/www.relofirm.com\/wp-content\/uploads\/2021\/11\/relofirm-logo.svg","width":1485,"height":516,"caption":"International Relocation Firm"},"image":{"@id":"https:\/\/www.relofirm.com\/#logo"}},{"@type":"WebSite","@id":"https:\/\/www.relofirm.com\/#website","url":"https:\/\/www.relofirm.com\/","name":"International Relocation Firm","description":"","publisher":{"@id":"https:\/\/www.relofirm.com\/#organization"},"potentialAction":[{"@type":"SearchAction","target":{"@type":"EntryPoint","urlTemplate":"https:\/\/www.relofirm.com\/?s={search_term_string}"},"query-input":"required name=search_term_string"}],"inLanguage":"es"},{"@type":"WebPage","@id":"https:\/\/www.relofirm.com\/es\/ciudadania-por-inversion\/antigua-barbuda\/#webpage","url":"https:\/\/www.relofirm.com\/es\/ciudadania-por-inversion\/antigua-barbuda\/","name":"Ciudadan\u00eda de Antigua y Barbuda por Inversi\u00f3n & 2nd Passport - International Relocation Firm","isPartOf":{"@id":"https:\/\/www.relofirm.com\/#website"},"datePublished":"2020-06-01T18:49:04+00:00","dateModified":"2020-06-01T20:40:07+00:00","description":"Antigua & Barbuda established their citizenship by investment program in 2012, and it has been highly popular with investors every since","breadcrumb":{"@id":"https:\/\/www.relofirm.com\/es\/ciudadania-por-inversion\/antigua-barbuda\/#breadcrumb"},"inLanguage":"es","potentialAction":[{"@type":"ReadAction","target":["https:\/\/www.relofirm.com\/es\/ciudadania-por-inversion\/antigua-barbuda\/"]}]},{"@type":"BreadcrumbList","@id":"https:\/\/www.relofirm.com\/es\/ciudadania-por-inversion\/antigua-barbuda\/#breadcrumb","itemListElement":[{"@type":"ListItem","position":1,"name":"Home","item":"https:\/\/www.relofirm.com\/es\/"},{"@type":"ListItem","position":2,"name":"Ciudadan\u00eda por inversi\u00f3n","item":"https:\/\/www.relofirm.com\/es\/ciudadania-por-inversion\/"},{"@type":"ListItem","position":3,"name":"Ciudadan\u00eda de Antigua y Barbuda por Inversi\u00f3n"}]}]}},"_links":{"self":[{"href":"https:\/\/www.relofirm.com\/es\/wp-json\/wp\/v2\/pages\/10619"}],"collection":[{"href":"https:\/\/www.relofirm.com\/es\/wp-json\/wp\/v2\/pages"}],"about":[{"href":"https:\/\/www.relofirm.com\/es\/wp-json\/wp\/v2\/types\/page"}],"author":[{"embeddable":true,"href":"https:\/\/www.relofirm.com\/es\/wp-json\/wp\/v2\/users\/7"}],"replies":[{"embeddable":true,"href":"https:\/\/www.relofirm.com\/es\/wp-json\/wp\/v2\/comments?post=10619"}],"version-history":[{"count":3,"href":"https:\/\/www.relofirm.com\/es\/wp-json\/wp\/v2\/pages\/10619\/revisions"}],"predecessor-version":[{"id":10712,"href":"https:\/\/www.relofirm.com\/es\/wp-json\/wp\/v2\/pages\/10619\/revisions\/10712"}],"up":[{"embeddable":true,"href":"https:\/\/www.relofirm.com\/es\/wp-json\/wp\/v2\/pages\/10434"}],"wp:attachment":[{"href":"https:\/\/www.relofirm.com\/es\/wp-json\/wp\/v2\/media?parent=10619"}],"curies":[{"name":"wp","href":"https:\/\/api.w.org\/{rel}","templated":true}]}}